{"id":5974,"date":"2026-03-11T10:48:31","date_gmt":"2026-03-11T02:48:31","guid":{"rendered":"https:\/\/minghanggroup.com\/?post_type=product&#038;p=5974"},"modified":"2026-04-14T09:49:43","modified_gmt":"2026-04-14T01:49:43","slug":"clear-cylindrical-glass-pump-bottles-bulk","status":"publish","type":"product","link":"https:\/\/minghanggroup.com\/tr\/urun\/clear-cylindrical-glass-pump-bottles-bulk\/","title":{"rendered":"40 ml, 60 ml, 80 ml \u015eeffaf Silindir Cam Pompal\u0131 \u015ei\u015feler (Toptan)"},"content":{"rendered":"<p>Silindirik \u015fekilli cam pompal\u0131 \u015fi\u015feler, kristal berrakl\u0131\u011f\u0131nda camdan, beyaz bir pompa ba\u015fl\u0131\u011f\u0131ndan ve \u015feffaf bir kapaktan \u00fcretilmi\u015ftir. \u00dc\u00e7 farkl\u0131 boyutta mevcuttur.<\/p>\n<h2>\u00dcr\u00fcn \u00d6zellikleri<\/h2>\n<ul>\n<li><strong>Basit Silindirik Tasar\u0131m:<\/strong> Silindirik form d\u00fcz duvarl\u0131, hafif, uyarlanabilir ve basit bir tasar\u0131ma sahiptir.<\/li>\n<li><strong>Y\u00fcksek \u015eeffafl\u0131kta Cam:<\/strong> \u015eeffaf cam dokunmas\u0131 kolay, p\u00fcr\u00fczs\u00fcz ve kusursuzdur, bu da \u00fcr\u00fcne \u00fcst\u00fcn bir his verir.<\/li>\n<li><strong>Entegre Pompa Sistemi:<\/strong> Beyaz pompa ba\u015fl\u0131\u011f\u0131 kapa\u011f\u0131 \u015feffaf camdan yap\u0131lm\u0131\u015ft\u0131r ve do\u011fru ve temiz bir \u015fekilde s\u0131v\u0131 da\u011f\u0131t\u0131m\u0131n\u0131 garanti eder.<\/li>\n<\/ul>\n<h2 style=\"text-align: left;\">Temel \u00d6zellikler<\/h2>\n<table class=\"aligncenter\" style=\"border-collapse: collapse; width: 373.52pt;\" border=\"0\" width=\"498\" cellspacing=\"0\" cellpadding=\"0\">\n<tbody>\n<tr style=\"height: 13.50pt;\">\n<td style=\"height: 13.50pt; width: 120.00pt;\" width=\"160\" height=\"18\">\u015eartname<\/td>\n<td style=\"width: 253.50pt;\" width=\"338\">Detaylar<\/td>\n<\/tr>\n<tr style=\"height: 13.50pt;\">\n<td style=\"height: 13.50pt;\" height=\"18\">Kapasite<\/td>\n<td>40 ml, 60 ml, 80 ml<\/td>\n<\/tr>\n<tr style=\"height: 13.50pt;\">\n<td style=\"height: 13.50pt;\" height=\"18\">Malzeme<\/td>\n<td>\u015eeffaf Cam, Beyaz Plastik Pompa<\/td>\n<\/tr>\n<tr style=\"height: 13.50pt;\">\n<td style=\"height: 13.50pt;\" height=\"18\">\u015ei\u015fe \u015eekli<\/td>\n<td>Silindir<\/td>\n<\/tr>\n<tr style=\"height: 13.50pt;\">\n<td style=\"height: 13.50pt;\" height=\"18\">\u00d6zelle\u015ftirme Kapsam\u0131<\/td>\n<td>Renk, Boyut, \u015eekil, Kubbe Malzemesi<\/td>\n<\/tr>\n<tr style=\"height: 13.50pt;\">\n<td style=\"height: 13.50pt;\" height=\"18\">\u0130\u015f\u00e7ilik<\/td>\n<td>D\u00fcz Duvarlar \u0130\u00e7in Hassas Cam \u015eekillendirme<\/td>\n<\/tr>\n<tr style=\"height: 13.50pt;\">\n<td style=\"height: 13.50pt;\" height=\"18\">\u00dcr\u00fcn Amac\u0131<\/td>\n<td>Losyon \u015ei\u015feleri, Cam Pompal\u0131 \u015ei\u015feler<\/td>\n<\/tr>\n<tr style=\"height: 13.50pt;\">\n<td style=\"height: 13.50pt;\" height=\"18\">Uygun Sekt\u00f6rler<\/td>\n<td>Cilt Bak\u0131m Markalar\u0131, Kozmetik \u015eirketleri<\/td>\n<\/tr>\n<\/tbody>\n<\/table>\n<h2>Ba\u015far\u0131 \u00d6yk\u00fcs\u00fc: Koreli Cilt Bak\u0131m Markas\u0131 Serumunu Tan\u0131tt\u0131<\/h2>\n<p>Koreli cilt bak\u0131m markalar\u0131ndan biri, 60 ml&#039;lik cam pompal\u0131 \u015fi\u015fe da\u011f\u0131t\u0131c\u0131m\u0131z\u0131 tercih etti ve buzlu \u015fi\u015feyi ve siyah pompa ba\u015fl\u0131\u011f\u0131n\u0131 ki\u015fiselle\u015ftirdi. Bu hijyenik pompa sistemi, damlal\u0131kl\u0131 sistemlere k\u0131yasla \u00fcr\u00fcn israf\u0131n\u0131 oran\u0131nda azaltt\u0131 ve \u015f\u0131k, g\u00f6ze ho\u015f gelen \u015fi\u015fe tasar\u0131m\u0131, \u00e7evrimi\u00e7i do\u011frudan sat\u0131\u015flar\u0131 art\u0131rd\u0131. Zaten b\u00fcy\u00fck bir ba\u015far\u0131 yakalayan marka, d\u00fcnya \u00e7ap\u0131nda da\u011f\u0131t\u0131m\u0131n\u0131 sa\u011flamak \u00fczere temel serum serisinin tamam\u0131n\u0131 doldurmak i\u00e7in 2 milyon \u015fi\u015felik ek bir sipari\u015f daha verdi.<\/p>\n<h2>Cam Pompal\u0131 \u015ei\u015felerin Ki\u015fiselle\u015ftirilmesi<\/h2>\n<ul>\n<li>Pompa Ba\u015fl\u0131\u011f\u0131 Renkleri ve Stilleri: Pompa ba\u015fl\u0131\u011f\u0131 siyah, alt\u0131n, g\u00fcm\u00fc\u015f veya \u00f6zel renklerde ve \u00e7e\u015fitli \u015fekillerde mevcuttur.<\/li>\n<li>\u00d6zel Kapaklar: Cam kapaklar\u0131n yan\u0131 s\u0131ra \u00e7elik, ah\u015fap veya seramik kapaklar da mevcuttur ve bu da \u015f\u0131k bir g\u00f6r\u00fcn\u00fcm sa\u011flar.<\/li>\n<li>Hacim Geni\u015fletme: Yeni 30 ml seyahat boyu, 100 ml veya 120 ml aile boyu se\u00e7enekleri mevcuttur.<\/li>\n<\/ul>","protected":false},"excerpt":{"rendered":"<p>Minimalist silindirik cam pompa \u015fi\u015feleri, p\u00fcr\u00fczs\u00fcz silindir tasar\u0131m\u0131 ve koruyucu kapa\u011f\u0131yla kozmetik ambalajlar\u0131 i\u00e7in g\u00fcvenilir pompa \u015fi\u015fesi da\u011f\u0131t\u0131c\u0131s\u0131d\u0131r. H\u0131zl\u0131 kargo.<\/p>","protected":false},"featured_media":5980,"template":"","meta":{"postBodyCss":"","postBodyMargin":[],"postBodyPadding":[],"postBodyBackground":{"backgroundType":"classic","gradient":""}},"product_brand":[],"product_cat":[105,15,16],"product_tag":[110],"class_list":{"0":"post-5974","1":"product","2":"type-product","3":"status-publish","4":"has-post-thumbnail","6":"product_cat-glass-lotion-bottles","7":"product_cat-glass-containers","8":"product_cat-glass-bottles","9":"product_tag-glass-foundation-bottles","11":"first","12":"instock","13":"shipping-taxable","14":"product-type-simple"},"jetpack_sharing_enabled":true,"_links":{"self":[{"href":"https:\/\/minghanggroup.com\/tr\/wp-json\/wp\/v2\/product\/5974","targetHints":{"allow":["GET"]}}],"collection":[{"href":"https:\/\/minghanggroup.com\/tr\/wp-json\/wp\/v2\/product"}],"about":[{"href":"https:\/\/minghanggroup.com\/tr\/wp-json\/wp\/v2\/types\/product"}],"wp:featuredmedia":[{"embeddable":true,"href":"https:\/\/minghanggroup.com\/tr\/wp-json\/wp\/v2\/media\/5980"}],"wp:attachment":[{"href":"https:\/\/minghanggroup.com\/tr\/wp-json\/wp\/v2\/media?parent=5974"}],"wp:term":[{"taxonomy":"product_brand","embeddable":true,"href":"https:\/\/minghanggroup.com\/tr\/wp-json\/wp\/v2\/product_brand?post=5974"},{"taxonomy":"product_cat","embeddable":true,"href":"https:\/\/minghanggroup.com\/tr\/wp-json\/wp\/v2\/product_cat?post=5974"},{"taxonomy":"product_tag","embeddable":true,"href":"https:\/\/minghanggroup.com\/tr\/wp-json\/wp\/v2\/product_tag?post=5974"}],"curies":[{"name":"wp","href":"https:\/\/api.w.org\/{rel}","templated":true}]}}