{"id":5963,"date":"2026-03-10T11:36:19","date_gmt":"2026-03-10T03:36:19","guid":{"rendered":"https:\/\/minghanggroup.com\/?post_type=product&#038;p=5963"},"modified":"2026-03-10T11:36:21","modified_gmt":"2026-03-10T03:36:21","slug":"curved-glass-roller-ball-bottles-with-dome-caps-bulk","status":"publish","type":"product","link":"https:\/\/minghanggroup.com\/tr\/urun\/curved-glass-roller-ball-bottles-with-dome-caps-bulk\/","title":{"rendered":"30 ml ve 50 ml Kavisli Cam Rulo \u015ei\u015feler, Kubbeli Kapakl\u0131, Toplu Sat\u0131\u015f"},"content":{"rendered":"<p>Bunlar, kavisli, kompakt ve k\u00fc\u00e7\u00fck kapasiteli cam roll-on \u015fi\u015feleridir. \u015ei\u015fe uzun ve incedir ve daha fazla denge sa\u011flamak i\u00e7in yanlar\u0131 hafif\u00e7e dokuludur. \u015eeffaf ve k\u0131rm\u0131z\u0131 gradyanl\u0131 camdan \u00fcretilmi\u015ftir ve \u00e7e\u015fitli g\u00f6rsel efektler sa\u011flamak i\u00e7in buzlu cam versiyonu da mevcuttur. Genellikle alt\u0131n veya siyah renkte y\u00fcksek parlakl\u0131kta elektrokaplama ile kaplanm\u0131\u015f, sade g\u00f6r\u00fcn\u00fcml\u00fc ancak dekoratif bir kubbe kapa\u011f\u0131na sahiptir. U\u00e7ucu ya\u011flar, parf\u00fcm ya\u011flar\u0131 ve aromaterapi ya\u011flar\u0131 da dahil olmak \u00fczere s\u0131v\u0131 \u00fcr\u00fcnlerin ta\u015f\u0131nmas\u0131 ve noktasal uygulamalar i\u00e7in uygundur.<\/p>\n<h2>\u00dcr\u00fcn \u00d6zellikleri<\/h2>\n<ul>\n<li><strong>Kavisli \u015ei\u015felerin Tasar\u0131m\u0131:<\/strong> Cam g\u00f6vde, dekoratif bir g\u00f6r\u00fcn\u00fcm kazand\u0131ran hafif oluklarla zarif k\u0131vr\u0131mlar \u015feklinde tasarlanm\u0131\u015ft\u0131r.<\/li>\n<li><strong>Elektrokaplama Kubbeli Kapak:<\/strong> Metalik kaplamal\u0131, parlak kubbe \u015feklindeki kapaklar, \u015fi\u015feye \u00fcst d\u00fczey bir g\u00f6r\u00fcn\u00fcm kat\u0131yor.<\/li>\n<li><strong>\u00c7e\u015fitli Cam Y\u00fczey Kaplamalar\u0131:<\/strong> \u00c7e\u015fitli cam y\u00fczey se\u00e7enekleri mevcuttur; marka stiline ba\u011fl\u0131 olarak \u015feffaf, renkli veya buzlu cam olabilir.<\/li>\n<\/ul>\n<h2>Temel \u00d6zellikler<\/h2>\n<table style=\"border-collapse: collapse; width: 80%; margin-left: auto; margin-right: auto;\" border=\"0\" width=\"360\" cellspacing=\"0\" cellpadding=\"0\">\n<tbody>\n<tr style=\"height: 13.50pt;\">\n<td style=\"height: 13.5pt; width: 54pt; text-align: center;\" width=\"72\" height=\"18\">Kapasite(ml)<\/td>\n<td style=\"width: 54pt; text-align: center;\" width=\"72\">Boyun \u00c7ap\u0131 (cm)<\/td>\n<td style=\"width: 54pt; text-align: center;\" width=\"72\">Sona ermek<\/td>\n<td style=\"width: 54pt; text-align: center;\" width=\"72\">Silindir Malzemesi<\/td>\n<td style=\"width: 54pt; text-align: center;\" width=\"72\">\u015eapka Rengi<\/td>\n<\/tr>\n<tr style=\"height: 13.50pt;\">\n<td style=\"height: 13.5pt; text-align: center;\" align=\"right\" height=\"18\">30<\/td>\n<td style=\"text-align: center;\" align=\"right\">4<\/td>\n<td class=\"et2\" style=\"text-align: center;\" rowspan=\"2\">Buzlu\/\u015eeffaf\/Gradyan<\/td>\n<td class=\"et2\" style=\"text-align: center;\" rowspan=\"2\">Cam\/Paslanmaz \u00c7elik\/Plastik<\/td>\n<td class=\"et2\" style=\"text-align: center;\" rowspan=\"2\">Siyah\/Alt\u0131n<\/td>\n<\/tr>\n<tr style=\"height: 13.50pt;\">\n<td style=\"height: 13.5pt; text-align: center;\" align=\"right\" height=\"18\">50<\/td>\n<td style=\"text-align: center;\" align=\"right\">4.5<\/td>\n<\/tr>\n<\/tbody>\n<\/table>\n<h2>Ba\u015far\u0131 \u00d6rne\u011fi<\/h2>\n<p>Orta Do\u011fu&#039;da parf\u00fcm ve u\u00e7ucu ya\u011f \u00fcr\u00fcnleri satan bir distrib\u00fct\u00f6r, kavisli camdan \u00fcretilmi\u015f 30 ml&#039;lik roll-on \u015fi\u015felerimizden birini kulland\u0131; \u00e7\u00fcnk\u00fc \u015fi\u015fe, talep ettikleri \u00fcst d\u00fczey marka imaj\u0131yla ideal bir uyum sa\u011fl\u0131yordu. \u00c7e\u015fitli koku t\u00fcrlerini ay\u0131rt etmek i\u00e7in, \u015feffaf ve koyu k\u0131rm\u0131z\u0131 gradyan olmak \u00fczere iki farkl\u0131 cam t\u00fcr\u00fc sipari\u015f ettiler. Ayr\u0131ca, \u015fi\u015fenin kapa\u011f\u0131 da alt\u0131n kaplama kubbe \u015feklinde bir kapakla de\u011fi\u015ftirilerek daha da l\u00fcks bir g\u00f6r\u00fcn\u00fcm kazand\u0131r\u0131ld\u0131. \u015ei\u015fenin y\u00fczeyinde marka logosunun m\u00fckemmel alt\u0131n yald\u0131z bask\u0131s\u0131 yer almaktad\u0131r.<\/p>\n<p>Yeni ambalaj\u0131 piyasaya s\u00fcrd\u00fckten sonra, da\u011f\u0131t\u0131mc\u0131 ilk \u00e7eyrekte sat\u0131\u015flarda &#039;lik bir b\u00fcy\u00fcme kaydetti. Pazara verdikleri tepki o kadar co\u015fkulu oldu ki, bir y\u0131l i\u00e7inde be\u015f b\u00fcy\u00fck sipari\u015fi tekrarlad\u0131lar ve \u00fcr\u00fcn yelpazelerine daha fazla koku eklediler.<\/p>\n<h2>\u00d6zelle\u015ftirme Se\u00e7enekleri<\/h2>\n<ol>\n<li><strong>Kubbe kaplama y\u00fczeylerinin kalitesini en \u00fcst d\u00fczeye \u00e7\u0131kar\u0131n:<\/strong> Piyasadaki konumunu belirlemek i\u00e7in kubbe kapa\u011f\u0131n\u0131 alt\u0131n, g\u00fcm\u00fc\u015f, rose gold, mat siyah veya parlak elektrokaplama gibi kaplama se\u00e7enekleriyle belirtin.<\/li>\n<li><strong>Logo S\u00fcsleme Teknikleri:<\/strong> Marka logolar\u0131n\u0131 ve \u00fcr\u00fcn isimlerini g\u00f6stermek i\u00e7in serigrafi bask\u0131, s\u0131cak damgalama, lazer grav\u00fcr veya UV bask\u0131 y\u00f6ntemlerini kullan\u0131n.<\/li>\n<li><strong>\u0130\u00e7 Silindir Bile\u015fen Se\u00e7enekleri:<\/strong> \u00dcr\u00fcn t\u00fcr\u00fcne ve marka tercihine ba\u011fl\u0131 olarak paslanmaz \u00e7elik, cam veya de\u011ferli ta\u015fl\u0131 roll-on toplar\u0131 sunuyoruz.<\/li>\n<\/ol>","protected":false},"excerpt":{"rendered":"<p>Kavisli tasar\u0131ml\u0131 ve kubbeli kapakl\u0131 cam roll-on \u015fi\u015feler. Ya\u011flar veya parf\u00fcmler i\u00e7in roll-on \u015fi\u015feler. Fabrikadan do\u011frudan tedarik, toplu sipari\u015flerde \u00f6zelle\u015ftirme imkan\u0131 mevcuttur.<\/p>","protected":false},"featured_media":5970,"template":"","meta":{"postBodyCss":"","postBodyMargin":[],"postBodyPadding":[],"postBodyBackground":{"backgroundType":"classic","gradient":""}},"product_brand":[],"product_cat":[15,104,16],"product_tag":[],"class_list":{"0":"post-5963","1":"product","2":"type-product","3":"status-publish","4":"has-post-thumbnail","6":"product_cat-glass-containers","7":"product_cat-roller-ball-bottles","8":"product_cat-glass-bottles","10":"first","11":"instock","12":"shipping-taxable","13":"product-type-simple"},"jetpack_sharing_enabled":true,"_links":{"self":[{"href":"https:\/\/minghanggroup.com\/tr\/wp-json\/wp\/v2\/product\/5963","targetHints":{"allow":["GET"]}}],"collection":[{"href":"https:\/\/minghanggroup.com\/tr\/wp-json\/wp\/v2\/product"}],"about":[{"href":"https:\/\/minghanggroup.com\/tr\/wp-json\/wp\/v2\/types\/product"}],"wp:featuredmedia":[{"embeddable":true,"href":"https:\/\/minghanggroup.com\/tr\/wp-json\/wp\/v2\/media\/5970"}],"wp:attachment":[{"href":"https:\/\/minghanggroup.com\/tr\/wp-json\/wp\/v2\/media?parent=5963"}],"wp:term":[{"taxonomy":"product_brand","embeddable":true,"href":"https:\/\/minghanggroup.com\/tr\/wp-json\/wp\/v2\/product_brand?post=5963"},{"taxonomy":"product_cat","embeddable":true,"href":"https:\/\/minghanggroup.com\/tr\/wp-json\/wp\/v2\/product_cat?post=5963"},{"taxonomy":"product_tag","embeddable":true,"href":"https:\/\/minghanggroup.com\/tr\/wp-json\/wp\/v2\/product_tag?post=5963"}],"curies":[{"name":"wp","href":"https:\/\/api.w.org\/{rel}","templated":true}]}}