{"id":5946,"date":"2026-03-09T11:15:22","date_gmt":"2026-03-09T03:15:22","guid":{"rendered":"https:\/\/minghanggroup.com\/?post_type=product&#038;p=5946"},"modified":"2026-03-09T16:30:57","modified_gmt":"2026-03-09T08:30:57","slug":"frosted-oil-roller-ball-bottles-with-wood-style-caps-bulk","status":"publish","type":"product","link":"https:\/\/minghanggroup.com\/tr\/urun\/frosted-oil-roller-ball-bottles-with-wood-style-caps-bulk\/","title":{"rendered":"5 ml ve 10 ml Buzlu Cam Ya\u011fl\u0131 Rulo \u015ei\u015feler, Ah\u015fap G\u00f6r\u00fcn\u00fcml\u00fc Kapakl\u0131, Toplu Paket"},"content":{"rendered":"<p>\u0130nce silindirik \u015fekilli, buzlu g\u00f6r\u00fcn\u00fcml\u00fc ya\u011fl\u0131 roll-on \u015fi\u015feler, i\u00e7indeki s\u0131v\u0131n\u0131n renginin nazik\u00e7e ortaya \u00e7\u0131kmas\u0131n\u0131 sa\u011flar. \u015ei\u015fe boynundaki vidal\u0131 kapak tertibat\u0131nda bulunan roll-on da\u011f\u0131t\u0131m mekanizmas\u0131 sayesinde s\u0131v\u0131 e\u015fit \u015fekilde uygulan\u0131r. Kapak a\u00e7\u0131k renkli ah\u015fap desenlidir. Bu t\u00fcr bo\u015f roll-on \u015fi\u015feler, u\u00e7ucu ya\u011flar, aromaterapi ya\u011flar\u0131, parf\u00fcm ya\u011flar\u0131 veya di\u011fer s\u0131v\u0131 koku \u00fcr\u00fcnlerinin uygulanmas\u0131nda ve ta\u015f\u0131nmas\u0131nda kullan\u0131labilir.<\/p>\n<h2>\u00dcr\u00fcn \u00d6zellikleri<\/h2>\n<ul>\n<li><strong>Buzlu Cam Kaplama:<\/strong> Mat y\u00fczey, p\u00fcr\u00fczs\u00fcz bir dokunma hissi ve sade, minimalist bir g\u00f6r\u00fcn\u00fcm sunar.<\/li>\n<li><strong>Do\u011fal Ah\u015fap G\u00f6r\u00fcn\u00fcml\u00fc Kapak:<\/strong> Ah\u015fap desenli kapak, do\u011fal ve \u00e7evre dostu stile katk\u0131da bulunuyor.<\/li>\n<li><strong>S\u0131zd\u0131rmaz Vidal\u0131 Boyun:<\/strong> \u00dcr\u00fcn\u00fcn depolanmas\u0131 ve ta\u015f\u0131nmas\u0131 s\u0131ras\u0131nda s\u0131zmas\u0131n\u0131 \u00f6nlemek i\u00e7in vidal\u0131 kapak kullan\u0131labilir.<\/li>\n<\/ul>\n<h2>Temel \u00d6zellikler<\/h2>\n<table style=\"border-collapse: collapse; width: 80%; margin-left: auto; margin-right: auto;\" border=\"0\" width=\"288\" cellspacing=\"0\" cellpadding=\"0\">\n<tbody>\n<tr style=\"height: 13.50pt;\">\n<td style=\"height: 13.5pt; width: 54pt; text-align: center;\" width=\"72\" height=\"18\">Kapasite(ml)<\/td>\n<td style=\"width: 54pt; text-align: center;\" width=\"72\">Boyun \u00c7ap\u0131<\/td>\n<td style=\"width: 54pt; text-align: center;\" width=\"72\">Sona ermek<\/td>\n<td style=\"width: 54pt; text-align: center;\" width=\"72\">\u015eapka Tipi<\/td>\n<\/tr>\n<tr style=\"height: 13.50pt;\">\n<td style=\"height: 13.5pt; text-align: center;\" align=\"right\" height=\"18\">5<\/td>\n<td class=\"et2\" style=\"text-align: center;\" rowspan=\"2\">2,0 cm<\/td>\n<td class=\"et2\" style=\"text-align: center;\" rowspan=\"2\">Buzlu<\/td>\n<td class=\"et2\" style=\"text-align: center;\" rowspan=\"2\">Ah\u015fap<\/td>\n<\/tr>\n<tr style=\"height: 13.50pt;\">\n<td style=\"height: 13.5pt; text-align: center;\" align=\"right\" height=\"18\">10<\/td>\n<\/tr>\n<\/tbody>\n<\/table>\n<h2>Ba\u015far\u0131 \u00d6rne\u011fi<\/h2>\n<p>Kanadal\u0131 do\u011fal aromaterapi markalar\u0131ndan biri, yeni bir seyahat boyu u\u00e7ucu ya\u011f serisi \u00e7\u0131kar\u0131yordu ve ah\u015fap desenli kapa\u011fa sahip 10 ml&#039;lik buzlu cam roll-on \u015fi\u015femizi tercih ettiler. Daha p\u00fcr\u00fczs\u00fcz bir uygulama sa\u011flamak ve daha yo\u011fun u\u00e7ucu ya\u011f kar\u0131\u015f\u0131mlar\u0131yla daha uyumlu olmak i\u00e7in paslanmaz \u00e7elik roll-on ba\u015fl\u0131\u011f\u0131 se\u00e7tiler. Ayr\u0131ca, marka logolar\u0131n\u0131 koyu ye\u015fil m\u00fcrekkeple serigrafi bask\u0131 y\u00f6ntemiyle basma hizmeti de sunduk. Yeni ambalaj\u0131n piyasaya s\u00fcr\u00fclmesinden d\u00f6rt ay sonra, marka \u00e7evrimi\u00e7i sat\u0131\u015flar\u0131nda &#039;lik bir art\u0131\u015f kaydetti. M\u00fc\u015fterinin ambalaj tasar\u0131m\u0131 ve kullan\u0131m kolayl\u0131\u011f\u0131 hakk\u0131ndaki m\u00fckemmel geri bildirimlerine dayanarak, bir y\u0131l i\u00e7inde d\u00f6rt b\u00fcy\u00fck sipari\u015f daha verdiler ve toplam sat\u0131n al\u0131mlar\u0131nda yakla\u015f\u0131k &#039;lik bir art\u0131\u015f g\u00f6r\u00fcld\u00fc.<\/p>\n<h2>\u00d6zelle\u015ftirme Se\u00e7enekleri<\/h2>\n<ol>\n<li><strong>Buzlu Y\u00fczeye Bask\u0131:<\/strong> Logo Bask\u0131s\u0131: Mat cam\u0131n arka y\u00fcz\u00fcne serigrafi bask\u0131, UV bask\u0131 veya s\u0131cak damgalama y\u00f6ntemleri uygulanarak marka olarak kolayca g\u00f6r\u00fclebilir.<\/li>\n<li><strong>\u015ei\u015fe Duvar Kal\u0131nl\u0131\u011f\u0131 \u0130yile\u015ftirme:<\/strong> Cam\u0131n kal\u0131nl\u0131\u011f\u0131n\u0131 art\u0131rarak \u015fi\u015feye ek a\u011f\u0131rl\u0131k kazand\u0131r\u0131r, b\u00f6ylece daha dayan\u0131kl\u0131 ve kaliteli bir g\u00f6r\u00fcn\u00fcm sa\u011flar.<\/li>\n<li><strong>Mat Mat Sprey Boya Kaplama:<\/strong> \u015eeffaf buzlu g\u00f6r\u00fcn\u00fcm\u00fc, bej, ada\u00e7ay\u0131 ye\u015fili veya mat siyah gibi mat y\u00fczeyli renklerle de\u011fi\u015ftirin.<\/li>\n<\/ol>","protected":false},"excerpt":{"rendered":"<p>Minimalist tasar\u0131ml\u0131, buzlu camdan \u00fcretilmi\u015f, ah\u015fap g\u00f6r\u00fcn\u00fcml\u00fc kapakl\u0131 roll-on ya\u011f \u015fi\u015feleri. Esansiyel ya\u011flar i\u00e7in birinci s\u0131n\u0131f bo\u015f roll-on \u015fi\u015feler. Fabrikadan do\u011frudan tedarik, toplu sipari\u015f se\u00e7enekleriyle.<\/p>","protected":false},"featured_media":5957,"template":"","meta":{"postBodyCss":"","postBodyMargin":[],"postBodyPadding":[],"postBodyBackground":{"backgroundType":"classic","gradient":""}},"product_brand":[],"product_cat":[15,104,16],"product_tag":[],"class_list":{"0":"post-5946","1":"product","2":"type-product","3":"status-publish","4":"has-post-thumbnail","6":"product_cat-glass-containers","7":"product_cat-roller-ball-bottles","8":"product_cat-glass-bottles","10":"first","11":"instock","12":"shipping-taxable","13":"product-type-simple"},"jetpack_sharing_enabled":true,"_links":{"self":[{"href":"https:\/\/minghanggroup.com\/tr\/wp-json\/wp\/v2\/product\/5946","targetHints":{"allow":["GET"]}}],"collection":[{"href":"https:\/\/minghanggroup.com\/tr\/wp-json\/wp\/v2\/product"}],"about":[{"href":"https:\/\/minghanggroup.com\/tr\/wp-json\/wp\/v2\/types\/product"}],"wp:featuredmedia":[{"embeddable":true,"href":"https:\/\/minghanggroup.com\/tr\/wp-json\/wp\/v2\/media\/5957"}],"wp:attachment":[{"href":"https:\/\/minghanggroup.com\/tr\/wp-json\/wp\/v2\/media?parent=5946"}],"wp:term":[{"taxonomy":"product_brand","embeddable":true,"href":"https:\/\/minghanggroup.com\/tr\/wp-json\/wp\/v2\/product_brand?post=5946"},{"taxonomy":"product_cat","embeddable":true,"href":"https:\/\/minghanggroup.com\/tr\/wp-json\/wp\/v2\/product_cat?post=5946"},{"taxonomy":"product_tag","embeddable":true,"href":"https:\/\/minghanggroup.com\/tr\/wp-json\/wp\/v2\/product_tag?post=5946"}],"curies":[{"name":"wp","href":"https:\/\/api.w.org\/{rel}","templated":true}]}}