{"id":5945,"date":"2026-03-09T09:25:53","date_gmt":"2026-03-09T01:25:53","guid":{"rendered":"https:\/\/minghanggroup.com\/?post_type=product&#038;p=5945"},"modified":"2026-03-09T11:06:12","modified_gmt":"2026-03-09T03:06:12","slug":"gold-plated-essential-oils-roller-bottles-bulk","status":"publish","type":"product","link":"https:\/\/minghanggroup.com\/tr\/urun\/gold-plated-essential-oils-roller-bottles-bulk\/","title":{"rendered":"10 ml Alt\u0131n Kaplama Esansiyel Ya\u011flar Roll-on \u015ei\u015feler (Toptan)"},"content":{"rendered":"<p>Bu u\u00e7ucu ya\u011f roll-on \u015fi\u015feleri muhte\u015fem bir tasar\u0131ma sahip; \u015feffaf cam, l\u00fcks alt\u0131n kaplama ve zarif s\u00fcslemelerle m\u00fckemmel bir \u015fekilde bir araya getirilmi\u015f. Y\u0131ld\u0131z, kare ve k\u00fcre \u015feklinde olup, silindirik ve kubbe \u015feklinde kapaklarla birlikte sunulmaktad\u0131r.<\/p>\n<h2>\u00dcr\u00fcn \u00d6zellikleri<\/h2>\n<ul>\n<li><strong>L\u00fcks Alt\u0131n Kaplama:<\/strong> Alt\u0131n kaplama metal \u00e7er\u00e7eve ve kapak parlak bir g\u00f6r\u00fcn\u00fcme sahip olup, bu da parf\u00fcm \u00fcr\u00fcnlerinin \u00fcst d\u00fczey konumland\u0131rmas\u0131yla m\u00fckemmel bir uyum sa\u011flamaktad\u0131r.<\/li>\n<li><strong>\u00c7e\u015fitli \u015ei\u015fe Tasar\u0131mlar\u0131:<\/strong> \u015ei\u015feler k\u00fcresel, k\u00fcp veya y\u0131ld\u0131z \u015feklinde gibi farkl\u0131 bi\u00e7imlerde sunuluyor ve her biri kendine \u00f6zg\u00fc ve \u00e7ekici.<\/li>\n<li><strong>Y\u00fcksek \u015eeffafl\u0131kta Cam:<\/strong> \u015ei\u015feler y\u00fcksek \u015feffafl\u0131kta camdan yap\u0131lm\u0131\u015ft\u0131r ve alt\u0131n s\u00fcslemelerin g\u00f6z al\u0131c\u0131 \u00f6zelliklerini sergilemenin yan\u0131 s\u0131ra, parf\u00fcm s\u0131v\u0131s\u0131n\u0131n rengini de net bir \u015fekilde g\u00f6stermektedir.<\/li>\n<\/ul>\n<h2 style=\"text-align: left;\">Temel \u00d6zellikler<\/h2>\n<table class=\"aligncenter\" style=\"border-collapse: collapse; width: 447.77pt;\" border=\"0\" width=\"597\" cellspacing=\"0\" cellpadding=\"0\">\n<tbody>\n<tr style=\"height: 13.50pt;\">\n<td style=\"height: 13.50pt; width: 115.50pt;\" width=\"154\" height=\"18\">\u015eartname<\/td>\n<td style=\"width: 332.25pt;\" width=\"443\">Detaylar<\/td>\n<\/tr>\n<tr style=\"height: 13.50pt;\">\n<td style=\"height: 13.50pt;\" height=\"18\">Kapasite<\/td>\n<td>10 ml (T\u00fcm \u015eekiller)<\/td>\n<\/tr>\n<tr style=\"height: 13.50pt;\">\n<td style=\"height: 13.50pt;\" height=\"18\">Boyutlar<\/td>\n<td>4,1\u00d76,7 cm (Y\u0131ld\u0131z), 3\u00d76 cm (Kare), 3,9\u00d76,5 cm (K\u00fcre)<\/td>\n<\/tr>\n<tr style=\"height: 13.50pt;\">\n<td style=\"height: 13.50pt;\" height=\"18\">Malzeme<\/td>\n<td>\u015eeffaf Cam, Alt\u0131n Kaplama Metal \u00c7er\u00e7eve ve Kapak<\/td>\n<\/tr>\n<tr style=\"height: 13.50pt;\">\n<td style=\"height: 13.50pt;\" height=\"18\">\u015ei\u015fe \u015eekli<\/td>\n<td>Entegre bilyal\u0131 mekanizmal\u0131 Y\u0131ld\u0131z, K\u00fcp, K\u00fcre<\/td>\n<\/tr>\n<tr style=\"height: 13.50pt;\">\n<td style=\"height: 13.50pt;\" height=\"18\">\u00d6zelle\u015ftirme Kapsam\u0131<\/td>\n<td>Boyut, Renk, Y\u00fczey, Kapaklar, \u015eekil<\/td>\n<\/tr>\n<tr style=\"height: 13.50pt;\">\n<td style=\"height: 13.50pt;\" height=\"18\">\u0130\u015f\u00e7ilik<\/td>\n<td>Hassas Cam Kal\u0131plama, Metal \u0130malat\u0131 ve Kaplama<\/td>\n<\/tr>\n<tr style=\"height: 13.50pt;\">\n<td style=\"height: 13.50pt;\" height=\"18\">\u00dcr\u00fcn Amac\u0131<\/td>\n<td>L\u00fcks Parf\u00fcm Ya\u011flar\u0131 \u015ei\u015feleri, Esansiyel Ya\u011flar Roll-on \u015ei\u015feleri<\/td>\n<\/tr>\n<tr style=\"height: 13.50pt;\">\n<td style=\"height: 13.50pt;\" height=\"18\">Uygun Sekt\u00f6rler<\/td>\n<td>Ni\u015f Parf\u00fcm \u00dcreticileri, L\u00fcks Hediyelik E\u015fya \u00dcreticileri<\/td>\n<\/tr>\n<\/tbody>\n<\/table>\n<h2>Ba\u015far\u0131 \u00d6yk\u00fcs\u00fc: Avrupa L\u00fcks Parf\u00fcm Markas\u0131 Koleksiyon Serisi<\/h2>\n<p>Sayg\u0131n Avrupa parf\u00fcm \u015firketlerinden biri, y\u0131ld\u0131z ve k\u00fcp \u015feklinde, ayr\u0131ca k\u00fcre \u015feklinde tasarlanm\u0131\u015f ve g\u00fcl alt\u0131n kaplama olan parf\u00fcm roll-on \u015fi\u015felerimizi se\u00e7ti ve bu \u015fi\u015felerin \u015fekillerini \u00e7e\u015fitli ajur tasar\u0131mlar\u0131yla i\u015fledi. Geometrik \u015fekilli parf\u00fcm \u015fi\u015feleri 72 saat i\u00e7inde t\u00fckendi ve al\u0131c\u0131lar\u0131n &#039;i seti koleksiyon seti olarak sat\u0131n ald\u0131. Parf\u00fcm markas\u0131 b\u00fcy\u00fck bir ba\u015far\u0131 elde etti ve 300.000 \u015fi\u015fe daha sipari\u015f verdi ve \u00f6n\u00fcm\u00fczdeki be\u015f y\u0131l i\u00e7inde her y\u0131l koleksiyoncu bask\u0131s\u0131 \u00e7\u0131karmay\u0131 planlad\u0131.<\/p>\n<h2>Parf\u00fcm Roll-on \u015ei\u015feleri Tasar\u0131m Karar\u0131<\/h2>\n<ul>\n<li>Ek Y\u00fczey \u0130\u015flemleri Metal Y\u00fczey \u0130\u015flemleri: Metal, pembe alt\u0131n, antik g\u00fcm\u00fc\u015f, siyah krom veya bak\u0131r kaplama ile i\u015flenebilir.<\/li>\n<li>\u00d6zel Tel \u0130\u015fleme ve Grav\u00fcr: Kendi markan\u0131za ait deseni kullanabilir veya markan\u0131z\u0131n ba\u015f harflerini\/logosunu metal i\u015f\u00e7ili\u011fine i\u015fletebilirsiniz.<\/li>\n<li>Silindir Malzemesi: En l\u00fcks deneyimi ya\u015famak i\u00e7in saf g\u00fcm\u00fc\u015f veya alt\u0131n kaplama silindirler tercih edilir.<\/li>\n<li>\u015eekil De\u011fi\u015fiklikleri: \u00dcr\u00fcn serisini farkl\u0131la\u015ft\u0131rmak i\u00e7in geometrik \u015fekillerin say\u0131s\u0131n\u0131 art\u0131r\u0131n.<\/li>\n<\/ul>","protected":false},"excerpt":{"rendered":"<p>Y\u0131ld\u0131z, kare ve k\u00fcre \u015fekillerinde premium parf\u00fcm roll-on \u015fi\u015feleri. Metal detayl\u0131 benzersiz u\u00e7ucu ya\u011f roll-on \u015fi\u015feleri. \u00dccretsiz numuneler mevcuttur.<\/p>","protected":false},"featured_media":5950,"template":"","meta":{"postBodyCss":"","postBodyMargin":[],"postBodyPadding":[],"postBodyBackground":{"backgroundType":"classic","gradient":""}},"product_brand":[],"product_cat":[15,104,16],"product_tag":[],"class_list":{"0":"post-5945","1":"product","2":"type-product","3":"status-publish","4":"has-post-thumbnail","6":"product_cat-glass-containers","7":"product_cat-roller-ball-bottles","8":"product_cat-glass-bottles","10":"first","11":"instock","12":"shipping-taxable","13":"product-type-simple"},"jetpack_sharing_enabled":true,"_links":{"self":[{"href":"https:\/\/minghanggroup.com\/tr\/wp-json\/wp\/v2\/product\/5945","targetHints":{"allow":["GET"]}}],"collection":[{"href":"https:\/\/minghanggroup.com\/tr\/wp-json\/wp\/v2\/product"}],"about":[{"href":"https:\/\/minghanggroup.com\/tr\/wp-json\/wp\/v2\/types\/product"}],"wp:featuredmedia":[{"embeddable":true,"href":"https:\/\/minghanggroup.com\/tr\/wp-json\/wp\/v2\/media\/5950"}],"wp:attachment":[{"href":"https:\/\/minghanggroup.com\/tr\/wp-json\/wp\/v2\/media?parent=5945"}],"wp:term":[{"taxonomy":"product_brand","embeddable":true,"href":"https:\/\/minghanggroup.com\/tr\/wp-json\/wp\/v2\/product_brand?post=5945"},{"taxonomy":"product_cat","embeddable":true,"href":"https:\/\/minghanggroup.com\/tr\/wp-json\/wp\/v2\/product_cat?post=5945"},{"taxonomy":"product_tag","embeddable":true,"href":"https:\/\/minghanggroup.com\/tr\/wp-json\/wp\/v2\/product_tag?post=5945"}],"curies":[{"name":"wp","href":"https:\/\/api.w.org\/{rel}","templated":true}]}}