{"id":5940,"date":"2026-03-06T13:46:54","date_gmt":"2026-03-06T05:46:54","guid":{"rendered":"https:\/\/minghanggroup.com\/?post_type=product&#038;p=5940"},"modified":"2026-03-06T13:46:56","modified_gmt":"2026-03-06T05:46:56","slug":"colorful-glass-roller-essential-oil-bottles-with-caps-bulk","status":"publish","type":"product","link":"https:\/\/minghanggroup.com\/tr\/urun\/colorful-glass-roller-essential-oil-bottles-with-caps-bulk\/","title":{"rendered":"3 ml \u2013 12 ml Renkli Cam Rulo U\u00e7ucu Ya\u011f \u015ei\u015feleri (Kapakl\u0131) (Toptan)"},"content":{"rendered":"<p>Bu roll-on \u015fi\u015fe serisi, a\u00e7\u0131k kehribar, dumanl\u0131 gri, pembe ve su mavisi gibi farkl\u0131 renklerde \u015fi\u015feler i\u00e7ererek t\u00fcm \u00fcr\u00fcn serisine canl\u0131 ve g\u00f6z al\u0131c\u0131 bir g\u00f6r\u00fcn\u00fcm kazand\u0131r\u0131yor. \u015ei\u015felerin tamam\u0131nda, s\u0131v\u0131 ya\u011flar\u0131 cilde p\u00fcr\u00fczs\u00fcz ve hassas bir \u015fekilde uygulamak i\u00e7in boyun k\u0131sm\u0131nda roll-on aplikat\u00f6rler bulunur. Seri, 3 ml ile 12 ml aras\u0131nda de\u011fi\u015fen k\u00fc\u00e7\u00fck boyutlarda olup, u\u00e7ucu ya\u011f kar\u0131\u015f\u0131mlar\u0131, parf\u00fcmler, aromaterapi sol\u00fcsyonlar\u0131, serumlar ve ki\u015fisel kokular saklamak i\u00e7in uygundur.<\/p>\n<h2>\u00dcr\u00fcn \u00d6zellikleri<\/h2>\n<ul>\n<li><strong>Alt k\u0131sm\u0131n sekizgen \u015fekli:<\/strong> \u015ei\u015fe, devrilmemesi ve dengede durmas\u0131 i\u00e7in kal\u0131nla\u015ft\u0131r\u0131lm\u0131\u015f bir tabana sahip sekizgen \u015feklinde \u00fcretilmi\u015ftir.<\/li>\n<li><strong>\u00c7ok renkli \u015feffaf cam \u015fi\u015feler:<\/strong> \u015eeffaf camdan \u00fcretilen \u015fi\u015feler, kehribar, f\u00fcme gri, pembe ve mavi gibi bir\u00e7ok farkl\u0131 renkte sunulmakta ve i\u00e7lerindeki \u00fcr\u00fcn\u00fc sergileyerek \u00e7e\u015fitli \u00fcr\u00fcn serileri olu\u015fturmaktad\u0131r.<\/li>\n<li><strong>\u00c7\u0131kar\u0131labilir bilyal\u0131 rulman yap\u0131s\u0131:<\/strong> Bu bilyal\u0131 rulo yap\u0131s\u0131 genellikle \u00e7\u0131kar\u0131labilir oldu\u011fundan, u\u00e7ucu ya\u011flar\u0131 veya parf\u00fcm ya\u011flar\u0131n\u0131 yerle\u015ftirmek, temizlemek ve tekrar kullanmak kolayd\u0131r.<\/li>\n<\/ul>\n<h2>Temel \u00d6zellikler<\/h2>\n<table style=\"border-collapse: collapse; width: 80%; margin-left: AUTO; margin-right: auto;\" border=\"0\" width=\"288\" cellspacing=\"0\" cellpadding=\"0\">\n<tbody>\n<tr style=\"height: 13.50pt;\">\n<td style=\"height: 13.5pt; width: 54pt; text-align: center;\" width=\"72\" height=\"18\">Kapasite(ml)<\/td>\n<td style=\"width: 54pt; text-align: center;\" width=\"72\">\u00d6l\u00e7\u00fcler (cm)<\/td>\n<td style=\"width: 54pt; text-align: center;\" width=\"72\">Renk Se\u00e7enekleri<\/td>\n<td style=\"width: 54pt; text-align: center;\" width=\"72\">Silindir Malzemesi<\/td>\n<\/tr>\n<tr style=\"height: 13.50pt;\">\n<td style=\"height: 13.5pt; text-align: center;\" align=\"right\" height=\"18\">3<\/td>\n<td style=\"text-align: center;\">1,8 \u00d7 5,4<\/td>\n<td class=\"et2\" style=\"text-align: center;\" rowspan=\"4\">Pembe, Siyah, Sar\u0131, Turuncu, Mavi, Ye\u015fil<\/td>\n<td class=\"et2\" style=\"text-align: center;\" rowspan=\"4\">Cam\/Paslanmaz \u00c7elik<\/td>\n<\/tr>\n<tr style=\"height: 13.50pt;\">\n<td style=\"height: 13.5pt; text-align: center;\" align=\"right\" height=\"18\">6<\/td>\n<td style=\"text-align: center;\">2,2 \u00d7 6,0<\/td>\n<\/tr>\n<tr style=\"height: 13.50pt;\">\n<td style=\"height: 13.5pt; text-align: center;\" align=\"right\" height=\"18\">10<\/td>\n<td style=\"text-align: center;\">2,5 \u00d7 6,6<\/td>\n<\/tr>\n<tr style=\"height: 13.50pt;\">\n<td style=\"height: 13.5pt; text-align: center;\" align=\"right\" height=\"18\">12<\/td>\n<td style=\"text-align: center;\">1,8 \u00d7 5,4<\/td>\n<\/tr>\n<\/tbody>\n<\/table>\n<h2>Ba\u015far\u0131 \u00d6rne\u011fi<\/h2>\n<p>Aromaterapi u\u00e7ucu ya\u011flar\u0131 satan butik bir marka taraf\u0131ndan temel ambalaj olarak se\u00e7ilen 10 ml&#039;lik sekizgen cam roll-on \u015fi\u015femiz, a\u00e7\u0131k pembe ve akuamarin renklerinde \u00fcretildi ve elektrolizle kaplanm\u0131\u015f alt\u0131n kapa\u011fa k\u00fc\u00e7\u00fck bir de\u011ferli ta\u015f benzeri s\u00fcsleme eklendi. Ayr\u0131ca, uygulamay\u0131 daha keyifli ve dayan\u0131kl\u0131 hale getirmek i\u00e7in roll-on malzemesini paslanmaz \u00e7elikle de\u011fi\u015ftirdik.<\/p>\n<p>Ki\u015fiselle\u015ftirilmi\u015f ambalaj\u0131n sunulmas\u0131n\u0131n ard\u0131ndan, i\u015f birli\u011fi yap\u0131lan butiklerdeki \u00fcr\u00fcnlerin raf \u00f6mr\u00fc anormal bir \u015fekilde yakla\u015f\u0131k y\u00fczde 30 oran\u0131nda iyile\u015fti. S\u0131n\u0131rl\u0131 say\u0131da \u00fcretilen koleksiyon iki ay i\u00e7inde t\u00fckendi.<\/p>\n<h2>\u00d6zelle\u015ftirme Se\u00e7enekleri<\/h2>\n<ol>\n<li><strong>Kapak Stili ve Kaplama:<\/strong> \u015eapkan\u0131n g\u00f6r\u00fcn\u00fcm\u00fcn\u00fc kaliteli hale getirmek i\u00e7in alt\u0131n, g\u00fcm\u00fc\u015f, mat siyah, rose gold veya elektroliz kaplama gibi farkl\u0131 renk veya kaplamalara sahip farkl\u0131 stillerle \u015fapkay\u0131 de\u011fi\u015ftirebilirsiniz.<\/li>\n<li><strong>Makaral\u0131 Bilye Malzemesi:<\/strong> Silindir bilyeler, \u00e7e\u015fitli \u00fcr\u00fcn konumlar\u0131na uyacak \u015fekilde paslanmaz \u00e7elik, cam veya de\u011ferli ta\u015flardan (\u00f6rne\u011fin ye\u015fim veya pembe kuvars) yap\u0131labilir.<\/li>\n<li><strong>Logo Bask\u0131s\u0131: <\/strong>Bu, serigrafi bask\u0131, s\u0131cak bask\u0131 veya UV bask\u0131 y\u00f6ntemlerinin kullan\u0131lmas\u0131n\u0131 destekleyerek marka logolar\u0131n\u0131n, desenlerin veya \u00fcr\u00fcn adlar\u0131n\u0131n \u015fi\u015felerin y\u00fczeyine bas\u0131lmas\u0131n\u0131 m\u00fcmk\u00fcn k\u0131lar.<\/li>\n<\/ol>","protected":false},"excerpt":{"rendered":"<p>Dayan\u0131kl\u0131 camdan yap\u0131lm\u0131\u015f roll-on esansiyel ya\u011f \u015fi\u015feleri ve sekizgen \u015fekilli renkli cam roll-on \u015fi\u015feler. Toplu sipari\u015flerde \u00f6zel se\u00e7enekler mevcuttur. \u00dccretsiz numuneler.<\/p>","protected":false},"featured_media":5944,"template":"","meta":{"postBodyCss":"","postBodyMargin":[],"postBodyPadding":[],"postBodyBackground":{"backgroundType":"classic","gradient":""}},"product_brand":[],"product_cat":[15,104,16],"product_tag":[],"class_list":{"0":"post-5940","1":"product","2":"type-product","3":"status-publish","4":"has-post-thumbnail","6":"product_cat-glass-containers","7":"product_cat-roller-ball-bottles","8":"product_cat-glass-bottles","10":"first","11":"instock","12":"shipping-taxable","13":"product-type-simple"},"jetpack_sharing_enabled":true,"_links":{"self":[{"href":"https:\/\/minghanggroup.com\/tr\/wp-json\/wp\/v2\/product\/5940","targetHints":{"allow":["GET"]}}],"collection":[{"href":"https:\/\/minghanggroup.com\/tr\/wp-json\/wp\/v2\/product"}],"about":[{"href":"https:\/\/minghanggroup.com\/tr\/wp-json\/wp\/v2\/types\/product"}],"wp:featuredmedia":[{"embeddable":true,"href":"https:\/\/minghanggroup.com\/tr\/wp-json\/wp\/v2\/media\/5944"}],"wp:attachment":[{"href":"https:\/\/minghanggroup.com\/tr\/wp-json\/wp\/v2\/media?parent=5940"}],"wp:term":[{"taxonomy":"product_brand","embeddable":true,"href":"https:\/\/minghanggroup.com\/tr\/wp-json\/wp\/v2\/product_brand?post=5940"},{"taxonomy":"product_cat","embeddable":true,"href":"https:\/\/minghanggroup.com\/tr\/wp-json\/wp\/v2\/product_cat?post=5940"},{"taxonomy":"product_tag","embeddable":true,"href":"https:\/\/minghanggroup.com\/tr\/wp-json\/wp\/v2\/product_tag?post=5940"}],"curies":[{"name":"wp","href":"https:\/\/api.w.org\/{rel}","templated":true}]}}