{"id":5930,"date":"2026-03-06T11:30:43","date_gmt":"2026-03-06T03:30:43","guid":{"rendered":"https:\/\/minghanggroup.com\/?post_type=product&#038;p=5930"},"modified":"2026-03-05T13:37:17","modified_gmt":"2026-03-05T05:37:17","slug":"gourd-design-amber-glass-roller-bottles-bulk","status":"publish","type":"product","link":"https:\/\/minghanggroup.com\/tr\/urun\/gourd-design-amber-glass-roller-bottles-bulk\/","title":{"rendered":"10 ml \u2013 100 ml Kabak Desenli Amber Cam Roll-On \u015ei\u015feler (Toptan)"},"content":{"rendered":"<p>Bu cam roll-on \u015fi\u015feler, zengin kehribar rengi camdan yap\u0131lm\u0131\u015f, \u00e7ift top \u015feklinde kabak bi\u00e7imli \u00f6zel bir tiptir. Be\u015f farkl\u0131 boyutta mevcuttur ve her yerde, her zaman kullan\u0131labilen p\u00fcr\u00fczs\u00fcz metal bir roll-on ba\u015fl\u0131\u011f\u0131na sahiptir.<\/p>\n<h2>\u00dcr\u00fcn \u00d6zellikleri<\/h2>\n<ul>\n<li><strong>Kabak \u015eeklinde Tasar\u0131m:<\/strong> Kabak \u015feklindeki tasar\u0131m, geleneksel tasar\u0131m\u0131 rahat bir tutu\u015fla birle\u015ftiren, p\u00fcr\u00fczs\u00fcz ve yuvarlak hatlara sahip, iki katmanl\u0131 ve yuvarlak bir yap\u0131ya sahiptir.<\/li>\n<li><strong>I\u015f\u0131k Ge\u00e7irmeyen Cam (kehribar rengi):<\/strong> Bu cam t\u00fcr\u00fc, kehribar rengi ve koyu kahverengi camdan olu\u015fur ve esas olarak u\u00e7ucu ya\u011flar gibi kolayca oksitlenen aktif bile\u015fenler i\u00e7eren s\u0131v\u0131lardaki UV \u0131\u015f\u0131nlar\u0131n\u0131 engelleme i\u015fleminde kullan\u0131l\u0131r.<\/li>\n<li><strong>Pratik Rollerball Uygulamas\u0131:<\/strong> Kar\u0131\u015f\u0131k metalden yap\u0131lm\u0131\u015f bilyal\u0131 aplikat\u00f6r, da\u011f\u0131n\u0131kl\u0131k yaratmadan, hedefli ve kontroll\u00fc topikal uygulama sa\u011flar.<\/li>\n<\/ul>\n<h2 style=\"text-align: left;\">Temel \u00d6zellikler<\/h2>\n<table class=\"aligncenter\" style=\"border-collapse: collapse; width: 450.77pt;\" border=\"0\" width=\"601\" cellspacing=\"0\" cellpadding=\"0\">\n<tbody>\n<tr style=\"height: 13.50pt;\">\n<td style=\"height: 13.50pt; width: 115.50pt;\" width=\"154\" height=\"18\">\u015eartname<\/td>\n<td style=\"width: 335.25pt;\" width=\"447\">Detaylar<\/td>\n<\/tr>\n<tr style=\"height: 13.50pt;\">\n<td style=\"height: 13.50pt;\" height=\"18\">Kapasite<\/td>\n<td>10 ml, 20 ml, 30 ml, 50 ml, 100 ml<\/td>\n<\/tr>\n<tr style=\"height: 13.50pt;\">\n<td style=\"height: 13.50pt;\" height=\"18\">Boyutlar<\/td>\n<td>3,2\u00d75,5 cm ila 6\u00d711,4 cm (\u00c7ap \u00d7 Y\u00fckseklik)<\/td>\n<\/tr>\n<tr style=\"height: 13.50pt;\">\n<td style=\"height: 13.50pt;\" height=\"18\">Malzeme<\/td>\n<td>Gradyan Kehribar Cam<\/td>\n<\/tr>\n<tr style=\"height: 13.50pt;\">\n<td style=\"height: 13.50pt;\" height=\"18\">\u015ei\u015fe \u015eekli<\/td>\n<td>Geleneksel \u00c7ift K\u00fcre Kabak \u015eekli<\/td>\n<\/tr>\n<tr style=\"height: 13.50pt;\">\n<td style=\"height: 13.50pt;\" height=\"18\">\u00d6zelle\u015ftirme Kapsam\u0131<\/td>\n<td>\u015eekil, Renk, Rollerball Malzemesi, Boyut<\/td>\n<\/tr>\n<tr style=\"height: 13.50pt;\">\n<td style=\"height: 13.50pt;\" height=\"18\">\u0130\u015f\u00e7ilik<\/td>\n<td>Kabak \u015eeklinde ve Ge\u00e7i\u015fli Renklendirme \u0130\u00e7in Karma\u015f\u0131k Cam \u00dcfleme Tekni\u011fi<\/td>\n<\/tr>\n<tr style=\"height: 13.50pt;\">\n<td style=\"height: 13.50pt;\" height=\"18\">\u00dcr\u00fcn Amac\u0131<\/td>\n<td>Esansiyel Ya\u011f \u015ei\u015feleri, Roll-on \u015ei\u015feler<\/td>\n<\/tr>\n<tr style=\"height: 13.50pt;\">\n<td style=\"height: 13.50pt;\" height=\"18\">Uygun Sekt\u00f6rler<\/td>\n<td>Sa\u011fl\u0131kl\u0131 Ya\u015fam Markalar\u0131, Aromaterapi \u015eirketleri<\/td>\n<\/tr>\n<\/tbody>\n<\/table>\n<h2>Ba\u015far\u0131 \u00d6yk\u00fcs\u00fc: Kaliforniya Sa\u011fl\u0131k Markas\u0131n\u0131n Topikal \u00dcr\u00fcn Serisi<\/h2>\n<p>30 ml&#039;lik kehribar renkli cam roll-on \u015fi\u015femiz ve serigraf bask\u0131l\u0131 talimatlar\u0131m\u0131z, bitkisel topikal yat\u0131\u015ft\u0131r\u0131c\u0131 \u00fcr\u00fcnler satan bir Kaliforniya Sa\u011fl\u0131k markas\u0131 taraf\u0131ndan se\u00e7ildi. UV korumal\u0131 bu cam \u015fi\u015fe, \u0131\u015f\u0131\u011fa duyarl\u0131 bitki i\u00e7eriklerinin raf \u00f6mr\u00fcn\u00fc oran\u0131nda uzatmay\u0131 ba\u015fard\u0131. Kabak \u015fekli, marka tescili olarak benimsendi ve \u00e7evrimi\u00e7i do\u011frudan sat\u0131\u015flarda &#039;lik bir b\u00fcy\u00fcme sa\u011flad\u0131. Marka b\u00fcy\u00fck bir ba\u015far\u0131 elde etti ve daha sonra \u00fclke genelindeki \u00f6nemli eczane perakendecilerine da\u011f\u0131tmak \u00fczere 2 milyon \u015fi\u015fe daha sipari\u015f etti.<\/p>\n<h2>Roll-on \u015ei\u015felerin Ki\u015fiselle\u015ftirilmesine \u0130li\u015fkin Teklifler<\/h2>\n<ul>\n<li>Bilye malzemesi: Bilyeler, kullan\u0131c\u0131lar\u0131n \u00e7e\u015fitli ihtiya\u00e7lar\u0131n\u0131 kar\u015f\u0131lamak \u00fczere paslanmaz \u00e7elik, titanyum ve cam bilyelerden \u00fcretilmektedir.<\/li>\n<li>Kapak ve halka rengi: Plastik halkalar ve dekoratif kapaklar istenilen renkte \u00f6zelle\u015ftirilebilir.<\/li>\n<li>Serigrafi bask\u0131: \u00dczerine g\u00fczel semboller, k\u00fclt\u00fcrel simgeler veya cam \u015fi\u015fenin nas\u0131l kullan\u0131laca\u011f\u0131na dair ayr\u0131nt\u0131l\u0131 talimatlar bas\u0131labilir.<\/li>\n<\/ul>","protected":false},"excerpt":{"rendered":"<p>E\u015fsiz kabak \u015feklinde, zarif kehribar renkli cam roll-on \u015fi\u015fe. UV \u0131\u015f\u0131nlar\u0131na dayan\u0131kl\u0131 roll-on \u015fi\u015feler, u\u00e7ucu ya\u011flar i\u00e7in idealdir. Toptan al\u0131c\u0131lar i\u00e7in fabrika do\u011frudan fiyatland\u0131rmas\u0131.<\/p>","protected":false},"featured_media":5936,"template":"","meta":{"postBodyCss":"","postBodyMargin":[],"postBodyPadding":[],"postBodyBackground":{"backgroundType":"classic","gradient":""}},"product_brand":[],"product_cat":[15,104,16],"product_tag":[],"class_list":{"0":"post-5930","1":"product","2":"type-product","3":"status-publish","4":"has-post-thumbnail","6":"product_cat-glass-containers","7":"product_cat-roller-ball-bottles","8":"product_cat-glass-bottles","10":"first","11":"instock","12":"shipping-taxable","13":"product-type-simple"},"jetpack_sharing_enabled":true,"_links":{"self":[{"href":"https:\/\/minghanggroup.com\/tr\/wp-json\/wp\/v2\/product\/5930","targetHints":{"allow":["GET"]}}],"collection":[{"href":"https:\/\/minghanggroup.com\/tr\/wp-json\/wp\/v2\/product"}],"about":[{"href":"https:\/\/minghanggroup.com\/tr\/wp-json\/wp\/v2\/types\/product"}],"wp:featuredmedia":[{"embeddable":true,"href":"https:\/\/minghanggroup.com\/tr\/wp-json\/wp\/v2\/media\/5936"}],"wp:attachment":[{"href":"https:\/\/minghanggroup.com\/tr\/wp-json\/wp\/v2\/media?parent=5930"}],"wp:term":[{"taxonomy":"product_brand","embeddable":true,"href":"https:\/\/minghanggroup.com\/tr\/wp-json\/wp\/v2\/product_brand?post=5930"},{"taxonomy":"product_cat","embeddable":true,"href":"https:\/\/minghanggroup.com\/tr\/wp-json\/wp\/v2\/product_cat?post=5930"},{"taxonomy":"product_tag","embeddable":true,"href":"https:\/\/minghanggroup.com\/tr\/wp-json\/wp\/v2\/product_tag?post=5930"}],"curies":[{"name":"wp","href":"https:\/\/api.w.org\/{rel}","templated":true}]}}