{"id":5929,"date":"2026-03-05T13:23:30","date_gmt":"2026-03-05T05:23:30","guid":{"rendered":"https:\/\/minghanggroup.com\/?post_type=product&#038;p=5929"},"modified":"2026-03-05T16:57:21","modified_gmt":"2026-03-05T08:57:21","slug":"gold-rectangular-empty-roll-on-bottles-bulk","status":"publish","type":"product","link":"https:\/\/minghanggroup.com\/tr\/urun\/gold-rectangular-empty-roll-on-bottles-bulk\/","title":{"rendered":"15 ml Alt\u0131n Dikd\u00f6rtgen Bo\u015f Roll-on \u015ei\u015feler (Toptan)"},"content":{"rendered":"<p>Esansiyel ya\u011f roll-on \u015fi\u015fesi, dikd\u00f6rtgen \u015feklinde ve d\u00fcz tasar\u0131ml\u0131 bir \u00fcr\u00fcnd\u00fcr. Alt\u0131n kaplama a\u011f\u0131r camdan \u00fcretilmi\u015ftir ve bu nedenle metalik bir parlakl\u0131\u011fa sahiptir. \u015ei\u015fenin dengesi, geni\u015f ve sa\u011flam taban\u0131 ve d\u00fcz kenarlar\u0131 sayesinde sa\u011flan\u0131r ve bu da onu sergilemek i\u00e7in m\u00fckemmel k\u0131lar. Bu t\u00fcr cam roll-on \u015fi\u015feler parf\u00fcmler, esansiyel ya\u011flar veya s\u0131v\u0131 kozmetik \u00fcr\u00fcnleri ile kullan\u0131lmak \u00fczere tasarlanm\u0131\u015ft\u0131r ve hem pratik hem de g\u00fczeldir.<\/p>\n<h2>\u00dcr\u00fcn \u00d6zellikleri<\/h2>\n<ul>\n<li><strong>Dikd\u00f6rtgen kal\u0131nl\u0131kta cam g\u00f6vde:<\/strong> D\u00fcz kenarl\u0131, kare \u015feklinde ve sa\u011flam tabanl\u0131 olup, dik konumda ve \u00fcst d\u00fczey perakende ambalajlar\u0131nda kullan\u0131labilir.<\/li>\n<li><strong>D\u0131\u015f Y\u00fczeyde Alt\u0131n Kaplama:<\/strong> Metalik alt\u0131n kaplama daha l\u00fcks ve raf \u00fczerinde daha etkili bir etki yarat\u0131yor.<\/li>\n<li><strong>\u00c7e\u015fitli \u015eapka Modelleri:<\/strong> Marka gereksinimlerine g\u00f6re kullan\u0131labilecek silindirik kapaklar, bilyal\u0131 kilitler ve dekoratif ta\u00e7 tarz\u0131 kapaklar mevcuttur.<\/li>\n<\/ul>\n<h2>Temel \u00d6zellikler<\/h2>\n<table style=\"border-collapse: collapse; width: 80%; margin-left: auto; margin-right: auto;\" border=\"0\" width=\"288\" cellspacing=\"0\" cellpadding=\"0\">\n<tbody>\n<tr style=\"height: 13.50pt;\">\n<td style=\"height: 13.5pt; width: 54pt; text-align: center;\" width=\"72\" height=\"18\">Kapasite<\/td>\n<td style=\"width: 54pt; text-align: center;\" width=\"72\">\u00c7ap<\/td>\n<td style=\"width: 54pt; text-align: center;\" width=\"72\">Silindir Malzemesi<\/td>\n<td style=\"width: 54pt; text-align: center;\" width=\"72\">Sona ermek<\/td>\n<\/tr>\n<tr style=\"height: 13.50pt;\">\n<td style=\"height: 13.5pt; text-align: center;\" height=\"18\">15 ml<\/td>\n<td style=\"text-align: center;\">3,7 cm<\/td>\n<td style=\"text-align: center;\">Cam\/Paslanmaz \u00c7elik<\/td>\n<td style=\"text-align: center;\">Alt\u0131n kaplama<\/td>\n<\/tr>\n<\/tbody>\n<\/table>\n<h2>Ba\u015far\u0131 \u00d6rne\u011fi<\/h2>\n<p>Moda d\u00fcnyas\u0131n\u0131n \u00f6nde gelen parf\u00fcm evlerinden biri, benzersiz \u00f6zellikler istedikleri i\u00e7in dikd\u00f6rtgen, alt\u0131n kaplama caml\u0131 silindir \u015fi\u015femizi tercih etti. Ayr\u0131ca, geleneksel Arap tarz\u0131 desenlerini yans\u0131tacak \u015fekilde yeniden tasarlanan serigrafi bask\u0131lar\u0131 da dayan\u0131kl\u0131 ve zamanla solmayan bir tasar\u0131ma sahipti. Y\u00fcksek s\u0131cakl\u0131kl\u0131 uluslararas\u0131 nakliye s\u0131ras\u0131nda s\u0131z\u0131nt\u0131y\u0131 \u00f6nlemek i\u00e7in daha s\u0131k\u0131 boyun toleranslar\u0131na sahip paslanmaz \u00e7elik silindir yataklar\u0131 se\u00e7tiler. Ayr\u0131ca \u00f6zel olarak tasarlanm\u0131\u015f bir ta\u00e7 kapak da vard\u0131 ve \u00fcst\u00fcne marka logosu i\u015flendi.<\/p>\n<p>\u00d6zel ambalajlama y\u00f6nteminin uygulanmas\u0131n\u0131n ard\u0131ndan, ortalama sipari\u015f de\u011feri y\u00fczde 36 artarken, s\u0131z\u0131nt\u0131dan kaynaklanan iade oran\u0131 y\u00fczde 31 azald\u0131. Bu durum, \u00fc\u00e7 \u00e7eyrekte de art arda y\u00fcksek bir stok yenileme seviyesi sa\u011flad\u0131.<\/p>\n<h2>Bo\u015f Roll-On \u015ei\u015fe Se\u00e7eneklerini \u00d6zelle\u015ftirme<\/h2>\n<ol>\n<li><strong>\u00d6n Panel G\u00f6rseli \u00d6zelle\u015ftirme:<\/strong> Mevcut s\u00fcsleme desenini m\u00fc\u015fteriye \u00f6zel tasar\u0131mlarla de\u011fi\u015ftirin ve uzun \u00f6m\u00fcrl\u00fc olmas\u0131 i\u00e7in s\u0131cak bask\u0131 veya y\u00fcksek s\u0131cakl\u0131kta serigrafi bask\u0131 y\u00f6ntemini kullan\u0131n.<\/li>\n<li><strong>Bilyal\u0131 Makaral\u0131 Malzeme Y\u00fckseltmesi:<\/strong> Ya\u011f viskozite seviyesine ve \u00fcst d\u00fczey marka ihtiya\u00e7lar\u0131na ba\u011fl\u0131 olarak paslanmaz \u00e7elik, de\u011ferli ta\u015f veya cam bilyal\u0131 ba\u015fl\u0131klar sunuyoruz.<\/li>\n<li><strong>Cam Kal\u0131nl\u0131\u011f\u0131 Ayar\u0131:<\/strong> Taban\u0131n kal\u0131nl\u0131\u011f\u0131n\u0131 art\u0131rarak a\u011f\u0131rl\u0131k ve denge ekleyin, daha ciddi ve l\u00fcks bir dokunu\u015f hissi yarat\u0131n.<\/li>\n<\/ol>","protected":false},"excerpt":{"rendered":"<p>Alt\u0131n kaplama ve i\u015flemeli panelli bo\u015f roll-on \u015fi\u015feler. Dayan\u0131kl\u0131 u\u00e7ucu ya\u011f roll-on \u015fi\u015feleri, fabrika do\u011frudan tedarik, \u00fccretsiz numuneler ve toplu \u00f6zel sipari\u015f hizmeti.<\/p>","protected":false},"featured_media":5934,"template":"","meta":{"postBodyCss":"","postBodyMargin":[],"postBodyPadding":[],"postBodyBackground":{"backgroundType":"classic","gradient":""}},"product_brand":[],"product_cat":[15,104,16],"product_tag":[],"class_list":{"0":"post-5929","1":"product","2":"type-product","3":"status-publish","4":"has-post-thumbnail","6":"product_cat-glass-containers","7":"product_cat-roller-ball-bottles","8":"product_cat-glass-bottles","10":"first","11":"instock","12":"shipping-taxable","13":"product-type-simple"},"jetpack_sharing_enabled":true,"_links":{"self":[{"href":"https:\/\/minghanggroup.com\/tr\/wp-json\/wp\/v2\/product\/5929","targetHints":{"allow":["GET"]}}],"collection":[{"href":"https:\/\/minghanggroup.com\/tr\/wp-json\/wp\/v2\/product"}],"about":[{"href":"https:\/\/minghanggroup.com\/tr\/wp-json\/wp\/v2\/types\/product"}],"wp:featuredmedia":[{"embeddable":true,"href":"https:\/\/minghanggroup.com\/tr\/wp-json\/wp\/v2\/media\/5934"}],"wp:attachment":[{"href":"https:\/\/minghanggroup.com\/tr\/wp-json\/wp\/v2\/media?parent=5929"}],"wp:term":[{"taxonomy":"product_brand","embeddable":true,"href":"https:\/\/minghanggroup.com\/tr\/wp-json\/wp\/v2\/product_brand?post=5929"},{"taxonomy":"product_cat","embeddable":true,"href":"https:\/\/minghanggroup.com\/tr\/wp-json\/wp\/v2\/product_cat?post=5929"},{"taxonomy":"product_tag","embeddable":true,"href":"https:\/\/minghanggroup.com\/tr\/wp-json\/wp\/v2\/product_tag?post=5929"}],"curies":[{"name":"wp","href":"https:\/\/api.w.org\/{rel}","templated":true}]}}