{"id":5924,"date":"2026-03-05T09:26:09","date_gmt":"2026-03-05T01:26:09","guid":{"rendered":"https:\/\/minghanggroup.com\/?post_type=product&#038;p=5924"},"modified":"2026-03-05T11:30:23","modified_gmt":"2026-03-05T03:30:23","slug":"gold-decorated-essential-oil-bottles-with-rollers-bulk","status":"publish","type":"product","link":"https:\/\/minghanggroup.com\/tr\/urun\/gold-decorated-essential-oil-bottles-with-rollers-bulk\/","title":{"rendered":"7ml 8ml Alt\u0131n S\u00fcslemeli Roll-on Ba\u015fl\u0131kl\u0131 U\u00e7ucu Ya\u011f \u015ei\u015feleri (Toptan Sat\u0131\u015f)"},"content":{"rendered":"<p>Bu roll-on ba\u015fl\u0131kl\u0131 u\u00e7ucu ya\u011f \u015fi\u015feleri, ince alt\u0131n tasar\u0131ml\u0131 \u015feffaf cam g\u00f6vdeye ve y\u00fcksek kaliteli alt\u0131n kaplama kapa\u011fa sahiptir. \u0130ki farkl\u0131 \u015fekle sahiptirler; geometrik \u00e7ok y\u00fczl\u00fc ve ince silindirik.<\/p>\n<h2>\u00dcr\u00fcn \u00d6zellikleri<\/h2>\n<ul>\n<li><strong>L\u00fcks Dekorasyon:<\/strong> Dekorasyonda, g\u00f6steri\u015fli bir hava katmak i\u00e7in alt\u0131n tel desenleri, \u00e7ok y\u00f6nl\u00fc veya d\u00fczensiz \u015fekilli camlar kullan\u0131larak \u00f6zenle yap\u0131lm\u0131\u015f detayl\u0131 s\u00fcslemeler bulunmaktad\u0131r.<\/li>\n<li><strong>\u0130ki \u00d6zel \u015eekil:<\/strong> \u015eekli se\u00e7in: geometrik \u00e7ok y\u00fczl\u00fc bir \u015fekil veya uzun ince silindirik bir \u015fekil.<\/li>\n<li><strong>Y\u00fcksek \u015eeffafl\u0131kta Cam:<\/strong> Y\u00fcksek \u015feffafl\u0131kta camdan \u00fcretilen bu \u015fi\u015feler, i\u00e7indeki parf\u00fcmlerin i\u00e7eri\u011fini ve alt\u0131n s\u00fcslemelerin muhte\u015fem detaylar\u0131n\u0131 a\u00e7\u0131k\u00e7a ortaya koyuyor.<\/li>\n<\/ul>\n<h2 style=\"text-align: left;\">Temel \u00d6zellikler<\/h2>\n<table class=\"aligncenter\" style=\"border-collapse: collapse; width: 490.52pt;\" border=\"0\" width=\"654\" cellspacing=\"0\" cellpadding=\"0\">\n<tbody>\n<tr style=\"height: 13.50pt;\">\n<td style=\"height: 13.50pt; width: 115.50pt;\" width=\"154\" height=\"18\">\u015eartname<\/td>\n<td style=\"width: 375.00pt;\" width=\"500\">Detaylar<\/td>\n<\/tr>\n<tr style=\"height: 13.50pt;\">\n<td style=\"height: 13.50pt;\" height=\"18\">Kapasite<\/td>\n<td>8 ml (\u00c7ok Y\u00fczl\u00fc), 7 ml (Belden Daralt\u0131lm\u0131\u015f)<\/td>\n<\/tr>\n<tr style=\"height: 13.50pt;\">\n<td style=\"height: 13.50pt;\" height=\"18\">Boyutlar<\/td>\n<td>2,5\u00d76 cm (Y\u00fczey kesimli), 2,8\u00d76,6 cm (Belden kesimli)<\/td>\n<\/tr>\n<tr style=\"height: 13.50pt;\">\n<td style=\"height: 13.50pt;\" height=\"18\">Malzeme<\/td>\n<td>\u015eeffaf Kesim Cam, Alt\u0131n Kaplama Metal<\/td>\n<\/tr>\n<tr style=\"height: 13.50pt;\">\n<td style=\"height: 13.50pt;\" height=\"18\">\u015ei\u015fe \u015eekli<\/td>\n<td>\u00c7ok Y\u00fczl\u00fc Geometrik veya Belden Daralt\u0131lm\u0131\u015f \u00c7ok Y\u00fczl\u00fc S\u00fctun<\/td>\n<\/tr>\n<tr style=\"height: 13.50pt;\">\n<td style=\"height: 13.50pt;\" height=\"18\">\u00d6zelle\u015ftirme Kapsam\u0131<\/td>\n<td>Renk, Kaplama Bitirme, Telkari Desen, Kapak Tasar\u0131m\u0131<\/td>\n<\/tr>\n<tr style=\"height: 13.50pt;\">\n<td style=\"height: 13.50pt;\" height=\"18\">\u0130\u015f\u00e7ilik<\/td>\n<td>Karma\u015f\u0131k Cam Kesimi ve Y\u00fczey \u0130\u015fleme<\/td>\n<\/tr>\n<tr style=\"height: 13.50pt;\">\n<td style=\"height: 13.50pt;\" height=\"18\">\u00dcr\u00fcn Amac\u0131<\/td>\n<td>L\u00fcks Parf\u00fcm Ya\u011flar\u0131 \u015ei\u015feleri, Roll-on&#039;lu Esansiyel Ya\u011f \u015ei\u015feleri<\/td>\n<\/tr>\n<tr style=\"height: 13.50pt;\">\n<td style=\"height: 13.50pt;\" height=\"18\">Uygun Sekt\u00f6rler<\/td>\n<td>Ni\u015f Parf\u00fcmc\u00fcler, L\u00fcks Aromaterapi<\/td>\n<\/tr>\n<\/tbody>\n<\/table>\n<h2>Ba\u015far\u0131 \u00d6yk\u00fcs\u00fc: Dubai&#039;li Bir Parf\u00fcm Markas\u0131n\u0131n \u00d6zel Esansiyel Ya\u011f\u0131<\/h2>\n<p>Dubai merkezli u\u00e7ucu ya\u011f markalar\u0131ndan biri, \u00e7ok fonksiyonlu, alt\u0131n b\u00fck\u00fcml\u00fc, roll-on \u00f6zellikli u\u00e7ucu ya\u011f \u015fi\u015felerimizi kullanarak koyu mavi cam \u015fi\u015fe ve benzersiz bir a\u00e7\u0131k i\u015fleme tasar\u0131m\u0131 yaratt\u0131. Bu g\u00f6z al\u0131c\u0131 tasar\u0131m, m\u00fc\u015fterilerinin beklentilerini kar\u015f\u0131lad\u0131\u011f\u0131 i\u00e7in normal \u015fi\u015felere g\u00f6re 0 daha y\u00fcksek fiyat talep etti. 7 ml&#039;lik boyut da l\u00fcks koku form\u00fcllerine ideal uyum sa\u011flad\u0131. Parf\u00fcm ya\u011f\u0131 serisinin sat\u0131\u015f\u0131 b\u00fcy\u00fck bir ba\u015far\u0131 elde etti ve marka, en \u00fcst d\u00fczey \u00fc\u00e7 parf\u00fcm serisinin tek paketleyicisi olarak 500.000 \u015fi\u015felik bir sipari\u015f daha verdi.<\/p>\n<h2>Roll-on \u015ei\u015feler \u0130\u00e7in \u00d6zelle\u015ftirme Se\u00e7enekleri<\/h2>\n<ul>\n<li>Kaplama Se\u00e7enekleri: Normal alt\u0131n kaplaman\u0131n yan\u0131 s\u0131ra pembe alt\u0131n, bronz veya g\u00fcm\u00fc\u015f kaplama se\u00e7enekleri de mevcuttur.<\/li>\n<li>Uygulama Malzemesi: \u0130stedi\u011finiz hissi elde etmek i\u00e7in alt\u0131n kaplama, saf g\u00fcm\u00fc\u015f veya seramik rulolar aras\u0131ndan se\u00e7im yapabilirsiniz.<\/li>\n<li>Levha Boyutu ve Oran\u0131: Silindirik bir \u015feklin kesit boyutunu veya a\u00e7\u0131s\u0131n\u0131 de\u011fi\u015ftirerek \u00f6zg\u00fcn bir \u015fekil elde etmek.<\/li>\n<\/ul>","protected":false},"excerpt":{"rendered":"<p>Alt\u0131n kaplama ve s\u00fcsl\u00fc desenlere sahip l\u00fcks roll-on u\u00e7ucu ya\u011f \u015fi\u015feleri. Parf\u00fcm ve ya\u011flar i\u00e7in ideal, zarif roll-on \u015fi\u015feler. Stokta mevcuttur.<\/p>","protected":false},"featured_media":5925,"template":"","meta":{"postBodyCss":"","postBodyMargin":[],"postBodyPadding":[],"postBodyBackground":{"backgroundType":"classic","gradient":""}},"product_brand":[],"product_cat":[15,104,16],"product_tag":[],"class_list":{"0":"post-5924","1":"product","2":"type-product","3":"status-publish","4":"has-post-thumbnail","6":"product_cat-glass-containers","7":"product_cat-roller-ball-bottles","8":"product_cat-glass-bottles","10":"first","11":"instock","12":"shipping-taxable","13":"product-type-simple"},"jetpack_sharing_enabled":true,"_links":{"self":[{"href":"https:\/\/minghanggroup.com\/tr\/wp-json\/wp\/v2\/product\/5924","targetHints":{"allow":["GET"]}}],"collection":[{"href":"https:\/\/minghanggroup.com\/tr\/wp-json\/wp\/v2\/product"}],"about":[{"href":"https:\/\/minghanggroup.com\/tr\/wp-json\/wp\/v2\/types\/product"}],"wp:featuredmedia":[{"embeddable":true,"href":"https:\/\/minghanggroup.com\/tr\/wp-json\/wp\/v2\/media\/5925"}],"wp:attachment":[{"href":"https:\/\/minghanggroup.com\/tr\/wp-json\/wp\/v2\/media?parent=5924"}],"wp:term":[{"taxonomy":"product_brand","embeddable":true,"href":"https:\/\/minghanggroup.com\/tr\/wp-json\/wp\/v2\/product_brand?post=5924"},{"taxonomy":"product_cat","embeddable":true,"href":"https:\/\/minghanggroup.com\/tr\/wp-json\/wp\/v2\/product_cat?post=5924"},{"taxonomy":"product_tag","embeddable":true,"href":"https:\/\/minghanggroup.com\/tr\/wp-json\/wp\/v2\/product_tag?post=5924"}],"curies":[{"name":"wp","href":"https:\/\/api.w.org\/{rel}","templated":true}]}}