{"id":5918,"date":"2026-03-04T14:00:19","date_gmt":"2026-03-04T06:00:19","guid":{"rendered":"https:\/\/minghanggroup.com\/?post_type=product&#038;p=5918"},"modified":"2026-03-04T14:34:30","modified_gmt":"2026-03-04T06:34:30","slug":"colored-10ml-essential-oil-roller-bottles-bulk","status":"publish","type":"product","link":"https:\/\/minghanggroup.com\/tr\/urun\/colored-10ml-essential-oil-roller-bottles-bulk\/","title":{"rendered":"10 ml Renkli Esansiyel Ya\u011f Roll-on \u015ei\u015feleri (Toptan)"},"content":{"rendered":"<p>Bunlar, ince silindirik formda ve \u00e7e\u015fitli doku ve renklerde 10 ml&#039;lik u\u00e7ucu ya\u011f roll-on \u015fi\u015feleridir. \u015ei\u015felerin metal bir kapa\u011f\u0131 (g\u00fcm\u00fc\u015f, alt\u0131n, mavi vb.) vard\u0131r ve bu kapakta, ya\u011f\u0131 kolayca uygulamak i\u00e7in kullan\u0131labilen metal veya cam bir roll-on bilye bulunur.<\/p>\n<h2>\u00dcr\u00fcn \u00d6zellikleri<\/h2>\n<ul>\n<li><strong>Ta\u015f\u0131nabilir Silindirik Tasar\u0131m:<\/strong> Silindirik tasar\u0131m, ince ve uzun g\u00fcm\u00fc\u015ften yap\u0131lm\u0131\u015ft\u0131r ve bu nedenle c\u00fczdana, cebe veya seyahat \u00e7antas\u0131na en kolay \u015fekilde s\u0131\u011far.<\/li>\n<li><strong>P\u00fcr\u00fczs\u00fcz Bilyal\u0131 R\u00f6lye:<\/strong> Roll-on ba\u015fl\u0131\u011f\u0131 metal veya camdan yap\u0131lm\u0131\u015ft\u0131r, iyi uygulama, kontrol sa\u011flar ve bula\u015fmaz.<\/li>\n<li><strong>\u00c7e\u015fitli \u015fi\u015fe se\u00e7enekleri:<\/strong> \u015ei\u015fe se\u00e7enekleri aras\u0131nda kabartmal\u0131, parlak ve \u00e7ok renkli cam \u015fi\u015feler yer alarak, \u00fcr\u00fcnlerin konumland\u0131r\u0131lmas\u0131na ve imajlar\u0131na esnek bir \u015fekilde uyum sa\u011flama imkan\u0131 sunmaktad\u0131r.<\/li>\n<\/ul>\n<h2 style=\"text-align: left;\">Temel \u00d6zellikler<\/h2>\n<table class=\"aligncenter\" style=\"border-collapse: collapse; width: 482.27pt;\" border=\"0\" width=\"643\" cellspacing=\"0\" cellpadding=\"0\">\n<tbody>\n<tr style=\"height: 13.50pt;\">\n<td style=\"height: 13.50pt; width: 72.00pt;\" width=\"96\" height=\"18\">\u015eartname<\/td>\n<td style=\"width: 410.25pt;\" width=\"547\">Detaylar<\/td>\n<\/tr>\n<tr style=\"height: 13.50pt;\">\n<td style=\"height: 13.50pt;\" height=\"18\">Kapasite<\/td>\n<td>10 ml<\/td>\n<\/tr>\n<tr style=\"height: 13.50pt;\">\n<td style=\"height: 13.50pt;\" height=\"18\">Boyutlar<\/td>\n<td>18\u00d784 mm (\u00c7ap \u00d7 Y\u00fckseklik)<\/td>\n<\/tr>\n<tr style=\"height: 13.50pt;\">\n<td style=\"height: 13.50pt;\" height=\"18\">Malzeme<\/td>\n<td>\u015eeffaf\/Renkli Cam, Rollerball, Metal Kapak<\/td>\n<\/tr>\n<tr style=\"height: 13.50pt;\">\n<td style=\"height: 13.50pt;\" height=\"18\">\u015ei\u015fe \u015eekli<\/td>\n<td>\u0130nce, Silindir ve Bilyal\u0131 Makaral\u0131 Montaj<\/td>\n<\/tr>\n<tr style=\"height: 13.50pt;\">\n<td style=\"height: 13.50pt;\" height=\"18\">\u00d6zelle\u015ftirme Kapsam\u0131<\/td>\n<td>Renk, Y\u00fczey, T\u00fckenmez Kalem Malzemesi, Kapaklar<\/td>\n<\/tr>\n<tr style=\"height: 13.50pt;\">\n<td style=\"height: 13.50pt;\" height=\"18\">\u0130\u015f\u00e7ilik<\/td>\n<td>Hassas Cam \u015eekillendirme, Dokuland\u0131rma, Rollerball Mekanizmas\u0131n\u0131n Montaj\u0131<\/td>\n<\/tr>\n<tr style=\"height: 13.50pt;\">\n<td style=\"height: 13.50pt;\" height=\"18\">\u00dcr\u00fcn Amac\u0131<\/td>\n<td>Esansiyel Ya\u011f Roll-on \u015ei\u015feleri, Parf\u00fcm Ya\u011flar\u0131 \u015ei\u015feleri<\/td>\n<\/tr>\n<tr style=\"height: 13.50pt;\">\n<td style=\"height: 13.50pt;\" height=\"18\">Uygun Sekt\u00f6rler<\/td>\n<td>Aromaterapi Markalar\u0131, Kozmetik Markalar\u0131<\/td>\n<\/tr>\n<\/tbody>\n<\/table>\n<h2>Ba\u015far\u0131 Hikayesi<\/h2>\n<p>Elmas desenli ve g\u00fcm\u00fc\u015f kapakl\u0131 10 ml&#039;lik \u015feffaf cam roll-on \u015fi\u015felerimizden biri, hayati ya\u011flar i\u00e7in bir kap olarak kullan\u0131lmas\u0131 gereken Teksas merkezli bir sa\u011fl\u0131k \u015firketi taraf\u0131ndan se\u00e7ildi. \u015e\u0131k \u015fi\u015fe, u\u00e7ak yolculuk setlerine m\u00fckemmel bir \u015fekilde uyuyor ve bu da bu alandaki sat\u0131\u015flarda &#039;l\u0131k bir art\u0131\u015fa yol a\u00e7\u0131yor. 10 ml&#039;lik hacim, TSA y\u00f6nergelerine uygun olacak ve 30&#039;dan fazla kez tekrar kullan\u0131labilir olacakt\u0131r. \u015eirketin b\u00fcy\u00fck ba\u015far\u0131s\u0131, \u00fclkenin en b\u00fcy\u00fck perakende zincirlerinden biriyle 3 milyon \u015fi\u015fe sipari\u015fi ve iki y\u0131ll\u0131k tedarik anla\u015fmas\u0131yla sonu\u00e7land\u0131.<\/p>\n<h2>Esansiyel Ya\u011f Roll-on \u015ei\u015felerinin Ki\u015fiselle\u015ftirilmesi<\/h2>\n<ul>\n<li>UV Korumal\u0131 Cam: Bu, d\u00fcz kehribar veya kobalt mavisi camdan yap\u0131lm\u0131\u015f ince bir \u015fi\u015fedir ve \u0131\u015f\u0131\u011fa duyarl\u0131 u\u00e7ucu ya\u011f kar\u0131\u015f\u0131mlar\u0131nda kullan\u0131labilir.<\/li>\n<li>Kabartmal\u0131 Cam Desenleri: Marka isimleri, geometrik desenler veya do\u011fal desenler de dahil olmak \u00fczere kabartmal\u0131 tasar\u0131mlarla cam \u015fi\u015feyi ki\u015fiselle\u015ftirin.<\/li>\n<li>\u00c7ift bilyal\u0131 ba\u015fl\u0131k: Geni\u015f alanlara en k\u0131sa s\u00fcrede uygulanabilmesi i\u00e7in tek bilyal\u0131 ba\u015fl\u0131k yerine \u00e7ift bilyal\u0131 ba\u015fl\u0131\u011fa sahiptir.<\/li>\n<\/ul>","protected":false},"excerpt":{"rendered":"<p>10 ml&#039;lik, metal veya cam bilyeli ve renkli kapakl\u0131 u\u00e7ucu ya\u011f roll-on \u015fi\u015feleri. Seyahat kullan\u0131m\u0131 i\u00e7in dayan\u0131kl\u0131 u\u00e7ucu ya\u011f roll-on \u015fi\u015feleri. \u00dccretsiz numuneler.<\/p>","protected":false},"featured_media":5921,"template":"","meta":{"postBodyCss":"","postBodyMargin":[],"postBodyPadding":[],"postBodyBackground":{"backgroundType":"classic","gradient":""}},"product_brand":[],"product_cat":[15,104,16],"product_tag":[],"class_list":{"0":"post-5918","1":"product","2":"type-product","3":"status-publish","4":"has-post-thumbnail","6":"product_cat-glass-containers","7":"product_cat-roller-ball-bottles","8":"product_cat-glass-bottles","10":"first","11":"instock","12":"shipping-taxable","13":"product-type-simple"},"jetpack_sharing_enabled":true,"_links":{"self":[{"href":"https:\/\/minghanggroup.com\/tr\/wp-json\/wp\/v2\/product\/5918","targetHints":{"allow":["GET"]}}],"collection":[{"href":"https:\/\/minghanggroup.com\/tr\/wp-json\/wp\/v2\/product"}],"about":[{"href":"https:\/\/minghanggroup.com\/tr\/wp-json\/wp\/v2\/types\/product"}],"wp:featuredmedia":[{"embeddable":true,"href":"https:\/\/minghanggroup.com\/tr\/wp-json\/wp\/v2\/media\/5921"}],"wp:attachment":[{"href":"https:\/\/minghanggroup.com\/tr\/wp-json\/wp\/v2\/media?parent=5918"}],"wp:term":[{"taxonomy":"product_brand","embeddable":true,"href":"https:\/\/minghanggroup.com\/tr\/wp-json\/wp\/v2\/product_brand?post=5918"},{"taxonomy":"product_cat","embeddable":true,"href":"https:\/\/minghanggroup.com\/tr\/wp-json\/wp\/v2\/product_cat?post=5918"},{"taxonomy":"product_tag","embeddable":true,"href":"https:\/\/minghanggroup.com\/tr\/wp-json\/wp\/v2\/product_tag?post=5918"}],"curies":[{"name":"wp","href":"https:\/\/api.w.org\/{rel}","templated":true}]}}