{"id":5913,"date":"2026-03-04T13:37:38","date_gmt":"2026-03-04T05:37:38","guid":{"rendered":"https:\/\/minghanggroup.com\/?post_type=product&#038;p=5913"},"modified":"2026-03-04T13:37:41","modified_gmt":"2026-03-04T05:37:41","slug":"mini-roll-on-perfume-bottles-wholesale","status":"publish","type":"product","link":"https:\/\/minghanggroup.com\/tr\/urun\/mini-roll-on-perfume-bottles-wholesale\/","title":{"rendered":"1 ml - 5 ml Mini Roll-On Parf\u00fcm \u015ei\u015feleri Toptan Sat\u0131\u015f"},"content":{"rendered":"<p>Ucuz roll-on parf\u00fcm \u015fi\u015felerinde parf\u00fcm s\u0131z\u0131nt\u0131s\u0131ndan b\u0131kt\u0131n\u0131z m\u0131? 5 ml&#039;lik roll-on parf\u00fcm \u015fi\u015felerimiz bu sorunu \u00e7\u00f6z\u00fcyor. \u015eeffaf camdan \u00fcretilmi\u015f roll-on cam \u015fi\u015feler, s\u0131zd\u0131rmaz nakliye ve u\u00e7ucu ya\u011flar\u0131n korunmas\u0131 i\u00e7in y\u00fcksek kalitededir. \u015ei\u015fe boyutu? 5 ml (seyahat i\u00e7in m\u00fckemmel). Roll-on mekanizmas\u0131? Hassas cam roll-on mekanizmas\u0131.<\/p>\n<h2>\u00dcr\u00fcn \u00d6zellikleri<\/h2>\n<ul>\n<li><strong>Amber ve \u015eeffaf Cam Se\u00e7enekleri:<\/strong> Amber renkli cam, hassas form\u00fcller i\u00e7in \u0131\u015f\u0131\u011f\u0131 engellemeye yard\u0131mc\u0131 olurken, \u015feffaf cam ise i\u00e7eri\u011fin hemen g\u00f6r\u00fclebilmesi avantaj\u0131n\u0131 sunar.<\/li>\n<li><strong>S\u0131zd\u0131rmaz Vidal\u0131 Kapak Yap\u0131s\u0131:<\/strong> Vidal\u0131 boyun k\u0131sm\u0131, ta\u015f\u0131ma s\u0131ras\u0131nda bile s\u0131z\u0131nt\u0131y\u0131 b\u00fcy\u00fck \u00f6l\u00e7\u00fcde azaltacak kadar s\u0131k\u0131 bir s\u0131zd\u0131rmazl\u0131k sa\u011flar.<\/li>\n<li><strong>Kompakt Silindirik Form:<\/strong> \u0130nce ve d\u00fcz g\u00f6vde tasar\u0131m\u0131, \u00e7antan\u0131za hatta cebinize bile kolayca s\u0131\u011fd\u0131rabilece\u011finiz i\u00e7in seyahatlerde olduk\u00e7a kullan\u0131\u015fl\u0131d\u0131r.<\/li>\n<\/ul>\n<h2>Temel \u00d6zellikler<\/h2>\n<table style=\"border-collapse: collapse; width: 80%; margin-left: auto; margin-right: auto;\" border=\"0\" width=\"360\" cellspacing=\"0\" cellpadding=\"0\">\n<tbody>\n<tr style=\"height: 13.50pt;\">\n<td style=\"height: 13.5pt; width: 54pt; text-align: center;\" width=\"72\" height=\"18\">Kapasite(ml)<\/td>\n<td style=\"width: 54pt; text-align: center;\" width=\"72\">\u00d6l\u00e7\u00fcler (mm)<\/td>\n<td style=\"width: 54pt; text-align: center;\" width=\"72\">Cam Rengi<\/td>\n<td style=\"width: 54pt; text-align: center;\" width=\"72\">Silindir Malzemesi<\/td>\n<td style=\"width: 54pt; text-align: center;\" width=\"72\">Ba\u015fvuru<\/td>\n<\/tr>\n<tr style=\"height: 13.50pt;\">\n<td style=\"height: 13.5pt; text-align: center;\" align=\"right\" height=\"18\">1<\/td>\n<td style=\"text-align: center;\">16 \u00d7 7<\/td>\n<td class=\"et2\" style=\"text-align: center;\" rowspan=\"4\">\u015eeffaf\/Kehribar<\/td>\n<td class=\"et2\" style=\"text-align: center;\" rowspan=\"4\">Cam\/Paslanmaz \u00c7elik\/Plastik<\/td>\n<td class=\"et2\" style=\"text-align: center;\" rowspan=\"4\">Serumlar\u0131, esanslar\u0131, u\u00e7ucu ya\u011flar\u0131, parf\u00fcmleri saklay\u0131n.<\/td>\n<\/tr>\n<tr style=\"height: 13.50pt;\">\n<td style=\"height: 13.5pt; text-align: center;\" align=\"right\" height=\"18\">2<\/td>\n<td style=\"text-align: center;\">16 \u00d7 11<\/td>\n<\/tr>\n<tr style=\"height: 13.50pt;\">\n<td style=\"height: 13.5pt; text-align: center;\" align=\"right\" height=\"18\">3<\/td>\n<td style=\"text-align: center;\">16 \u00d7 20<\/td>\n<\/tr>\n<tr style=\"height: 13.50pt;\">\n<td style=\"height: 13.5pt; text-align: center;\" align=\"right\" height=\"18\">5<\/td>\n<td style=\"text-align: center;\">16 \u00d7 29<\/td>\n<\/tr>\n<\/tbody>\n<\/table>\n<h2>Ba\u015far\u0131 \u00d6rne\u011fi<\/h2>\n<p>Konsantre u\u00e7ucu ya\u011f kar\u0131\u015f\u0131mlar\u0131yla ilgilenen parf\u00fcm markalar\u0131ndan biri, numunelerini saklamak i\u00e7in kehribar renkli cam roll-on \u015fi\u015felerimizi sipari\u015f etti. Daha p\u00fcr\u00fczs\u00fcz bir uygulama ve ya\u011f bazl\u0131 form\u00fcllerle daha uyumlu olmas\u0131 i\u00e7in paslanmaz \u00e7elik roll-on \u015fi\u015feyi tercih ettiler; mat siyah kapak ise marka ki\u015filiklerini g\u00fc\u00e7lendiriyor. Ayr\u0131ca, olas\u0131 kopma riskinden dolay\u0131 logolar\u0131 ve kullan\u0131m talimatlar\u0131 etikete eklenmeden cam \u015fi\u015feye serigrafi bask\u0131 y\u00f6ntemiyle bas\u0131lm\u0131\u015ft\u0131r.<\/p>\n<p>Geleneksel roll-on \u015fi\u015felerin \u00f6zel tasar\u0131m \u015fi\u015felerle de\u011fi\u015ftirilmesi, s\u0131z\u0131nt\u0131dan kaynaklanan iade oranlar\u0131nda , yurtd\u0131\u015f\u0131 distrib\u00fct\u00f6rler taraf\u0131ndan yap\u0131lan yeniden sat\u0131n al\u0131mlarda ise oran\u0131nda d\u00fc\u015f\u00fc\u015fe yol a\u00e7m\u0131\u015ft\u0131r. Bu durum, birka\u00e7 \u00fcretim d\u00f6ng\u00fcs\u00fc boyunca toplu sipari\u015flerin devam etmesini sa\u011flam\u0131\u015ft\u0131r.<\/p>\n<h2>\u00d6zelle\u015ftirme Se\u00e7enekleri<\/h2>\n<ol>\n<li><strong>Makaral\u0131 Bilye Malzeme Se\u00e7imi:<\/strong> Farkl\u0131 form\u00fcl t\u00fcrleriyle uyumlu olacak ve marka konumland\u0131rmas\u0131yla \u00f6rt\u00fc\u015fecek paslanmaz \u00e7elik, cam veya de\u011ferli ta\u015f (ye\u015fim ta\u015f\u0131 gibi) rulo toplar\u0131 sa\u011flayabiliriz.<\/li>\n<li><strong>Renk Kaplama Se\u00e7enekleri:<\/strong> \u015eeffaf veya kehribar renkli cam \u00fczerine mat siyah, buzlu beyaz veya markaya \u00f6zel Pantone renkleri gibi \u00f6zel sprey kaplamalar uygulaman\u0131n yan\u0131 s\u0131ra, farkl\u0131 t\u00fcrde y\u00fczey ve dokularla da yarat\u0131c\u0131 olabilirsiniz.<\/li>\n<li><strong>Kapak Kaplama \u00c7e\u015fitleri:<\/strong> Kapaklar\u0131n y\u00fczeyini parlak, mat, elektrolizle kaplanm\u0131\u015f alt\u0131n, pembe alt\u0131n veya f\u0131r\u00e7alanm\u0131\u015f al\u00fcminyum olarak de\u011fi\u015ftirerek \u00fcr\u00fcn\u00fcn\u00fcze daha l\u00fcks bir g\u00f6r\u00fcn\u00fcm kazand\u0131rabilirsiniz.<\/li>\n<\/ol>","protected":false},"excerpt":{"rendered":"<p>Premium kalitede, kehribar ve \u015feffaf camdan \u00fcretilmi\u015f roll-on parf\u00fcm \u015fi\u015feleri. P\u00fcr\u00fczs\u00fcz \u00e7elik bilyal\u0131 5 ml&#039;lik roll-on \u015fi\u015feler, do\u011frudan fabrikadan tedarik, \u00fccretsiz numuneler ve toplu \u00f6zel sipari\u015f se\u00e7enekleri.<\/p>","protected":false},"featured_media":5917,"template":"","meta":{"postBodyCss":"","postBodyMargin":[],"postBodyPadding":[],"postBodyBackground":{"backgroundType":"classic","gradient":""}},"product_brand":[],"product_cat":[16,104,15],"product_tag":[],"class_list":{"0":"post-5913","1":"product","2":"type-product","3":"status-publish","4":"has-post-thumbnail","6":"product_cat-glass-bottles","7":"product_cat-roller-ball-bottles","8":"product_cat-glass-containers","10":"first","11":"instock","12":"shipping-taxable","13":"product-type-simple"},"jetpack_sharing_enabled":true,"_links":{"self":[{"href":"https:\/\/minghanggroup.com\/tr\/wp-json\/wp\/v2\/product\/5913","targetHints":{"allow":["GET"]}}],"collection":[{"href":"https:\/\/minghanggroup.com\/tr\/wp-json\/wp\/v2\/product"}],"about":[{"href":"https:\/\/minghanggroup.com\/tr\/wp-json\/wp\/v2\/types\/product"}],"wp:featuredmedia":[{"embeddable":true,"href":"https:\/\/minghanggroup.com\/tr\/wp-json\/wp\/v2\/media\/5917"}],"wp:attachment":[{"href":"https:\/\/minghanggroup.com\/tr\/wp-json\/wp\/v2\/media?parent=5913"}],"wp:term":[{"taxonomy":"product_brand","embeddable":true,"href":"https:\/\/minghanggroup.com\/tr\/wp-json\/wp\/v2\/product_brand?post=5913"},{"taxonomy":"product_cat","embeddable":true,"href":"https:\/\/minghanggroup.com\/tr\/wp-json\/wp\/v2\/product_cat?post=5913"},{"taxonomy":"product_tag","embeddable":true,"href":"https:\/\/minghanggroup.com\/tr\/wp-json\/wp\/v2\/product_tag?post=5913"}],"curies":[{"name":"wp","href":"https:\/\/api.w.org\/{rel}","templated":true}]}}