{"id":5908,"date":"2026-03-03T15:57:50","date_gmt":"2026-03-03T07:57:50","guid":{"rendered":"https:\/\/minghanggroup.com\/?post_type=product&#038;p=5908"},"modified":"2026-03-03T15:57:52","modified_gmt":"2026-03-03T07:57:52","slug":"gold-oil-roller-bottles-for-packaging-wholesale","status":"publish","type":"product","link":"https:\/\/minghanggroup.com\/tr\/urun\/gold-oil-roller-bottles-for-packaging-wholesale\/","title":{"rendered":"6 ml - 12 ml Alt\u0131n Ya\u011fl\u0131 Rulo \u015ei\u015feler, Toptan Ambalaj \u0130\u00e7in"},"content":{"rendered":"<p>U\u00e7ucu ya\u011flar i\u00e7in rulolu \u015fi\u015felerimiz, berrak cam \u00fczerinde l\u00fcks alt\u0131n vurgulara sahiptir\u2014s\u0131zd\u0131rmaz sevkiyat ve kolay s\u00fcr\u00fclerek uygulama i\u00e7in y\u00fcksek kaliteli. \u015ei\u015fe boyutu? 6ml'den (1 oz seyahat numuneleri i\u00e7in ideal) 12ml'ye kadar. Hassas cam rulolu cam mekanizmas\u0131. U\u00e7ucu ya\u011f\u0131n\u0131z sorunsuz bir \u015fekilde akar.<\/p>\n<h2>\u00dcr\u00fcn \u00d6zellikleri<\/h2>\n<ul>\n<li><strong>Dekoratif Elektro Kaplama:<\/strong> Alt\u0131n kaplama d\u0131\u015f \u00e7er\u00e7eve g\u00f6rsel \u00e7ekicilik katar ve y\u00fcksek d\u00fczeyde g\u00f6rsel premium ve l\u00fcks bir g\u00f6r\u00fcn\u00fcm sa\u011flar.<\/li>\n<li><strong>Kabartmal\u0131 Cam Paneller:<\/strong> Y\u00fcksek detayl\u0131 ve s\u00fcsl\u00fc dokulu dekoratif tasar\u0131mlar \u015fi\u015fenin g\u00f6vdesine yerle\u015ftirilmi\u015ftir.<\/li>\n<li><strong>\u00c7e\u015fitli \u015eapka Modelleri:<\/strong> P\u00fcsk\u00fcll\u00fc kapaklar, yontulmu\u015f s\u00fcsl\u00fc kapaklar veya d\u00fcz vidal\u0131 kapaklar, \u00e7e\u015fitli g\u00f6r\u00fcn\u00fcmler sa\u011flamak i\u00e7in kullan\u0131labilir.<\/li>\n<\/ul>\n<h2>Temel \u00d6zellikler<\/h2>\n<table style=\"border-collapse: collapse; width: 80%; margin-left: auto; margin-right: auto;\" border=\"0\" width=\"360\" cellspacing=\"0\" cellpadding=\"0\">\n<tbody>\n<tr style=\"height: 13.50pt;\">\n<td style=\"height: 13.5pt; width: 54pt; text-align: center;\" width=\"72\" height=\"18\">Kapasite(ml)<\/td>\n<td style=\"width: 54pt; text-align: center;\" width=\"72\">Boyun \u00c7ap\u0131 (cm)<\/td>\n<td style=\"width: 54pt; text-align: center;\" width=\"72\">Y\u00fckseklik<\/td>\n<td style=\"width: 54pt; text-align: center;\" width=\"72\">Silindir Malzemesi<\/td>\n<td style=\"width: 54pt; text-align: center;\" width=\"72\">Sona ermek<\/td>\n<\/tr>\n<tr style=\"height: 13.50pt;\">\n<td style=\"height: 13.5pt; text-align: center;\" align=\"right\" height=\"18\">6<\/td>\n<td style=\"text-align: center;\" align=\"right\">2.35<\/td>\n<td class=\"et2\" style=\"text-align: center;\" rowspan=\"3\">De\u011fi\u015fir<\/td>\n<td class=\"et2\" style=\"text-align: center;\" rowspan=\"3\">Cam\/Paslanmaz \u00c7elik\/Plastik<\/td>\n<td class=\"et2\" style=\"text-align: center;\" rowspan=\"3\">Alt\u0131n Vurgulu<\/td>\n<\/tr>\n<tr style=\"height: 13.50pt;\">\n<td style=\"height: 13.5pt; text-align: center;\" align=\"right\" height=\"18\">10<\/td>\n<td style=\"text-align: center;\" align=\"right\">2.7<\/td>\n<\/tr>\n<tr style=\"height: 13.50pt;\">\n<td style=\"height: 13.5pt; text-align: center;\" align=\"right\" height=\"18\">12<\/td>\n<td style=\"text-align: center;\" align=\"right\">2.8<\/td>\n<\/tr>\n<\/tbody>\n<\/table>\n<h2>Ba\u015far\u0131 \u00d6rne\u011fi<\/h2>\n<p>Parf\u00fcm markalar\u0131ndan biri, l\u00fcks bir g\u00f6r\u00fcn\u00fcm\u00fc yans\u0131tacak bir ambalaj istedi ve sonunda 10ml'lik rulolu parf\u00fcm \u015fi\u015femizde karar k\u0131ld\u0131. Parf\u00fcm ya\u011f\u0131n\u0131 daha kolay uygulamak i\u00e7in paslanmaz \u00e7elik ruloyu se\u00e7tiler ve marka renklerine uymas\u0131 i\u00e7in daha fazla alt\u0131n kaplama eklediler. Ayr\u0131ca, kapa\u011fa \u00f6zel olarak tasarlanm\u0131\u015f bir marka grav\u00fcr\u00fc yap\u0131ld\u0131.<\/p>\n<p>M\u00fc\u015fteri ayr\u0131ca, lansmandan yar\u0131m y\u0131l sonra perakende sat\u0131\u015flar\u0131n eski ambalajlara k\u0131yasla y\u00fczde 34 artt\u0131\u011f\u0131n\u0131 bildirdi. \u0130lk 15 bin \u015fi\u015fe sipari\u015finden sonra, bir y\u0131ldan k\u0131sa s\u00fcrede \u00fc\u00e7 toplu sipari\u015f daha verdiler ve toplam sat\u0131\u015flar neredeyse y\u00fczde 60 artt\u0131.<\/p>\n<h2>\u00d6zelle\u015ftirme Se\u00e7enekleri<\/h2>\n<ol>\n<li><strong>Rulo Top Malzemeleri:<\/strong> Select stainless steel, glass or plastic roller balls to achieve various effects of application.<\/li>\n<li><strong>Custom Cap Engraving:<\/strong> Laser engrave brand names, designs or limited run markings onto the surface of the cap.<\/li>\n<li><strong>Tassel Customization:<\/strong> Choose the length, material and the color of the tassel to suit seasonal or cultural motives.<\/li>\n<\/ol>","protected":false},"excerpt":{"rendered":"<p>Alt\u0131n kabartmal\u0131 cam tasar\u0131ml\u0131 zarif ya\u011f rulosu \u015fi\u015feleri, esansiyel ya\u011flar i\u00e7in rulo \u015fi\u015feleri olarak idealdir. Fabrika do\u011frudan tedarik, toplu \u00f6zelle\u015ftirme ile.<\/p>","protected":false},"featured_media":5912,"template":"","meta":{"postBodyCss":"","postBodyMargin":[],"postBodyPadding":[],"postBodyBackground":{"backgroundType":"classic","gradient":""}},"product_brand":[],"product_cat":[15,16,104],"product_tag":[],"class_list":{"0":"post-5908","1":"product","2":"type-product","3":"status-publish","4":"has-post-thumbnail","6":"product_cat-glass-containers","7":"product_cat-glass-bottles","8":"product_cat-roller-ball-bottles","10":"first","11":"instock","12":"shipping-taxable","13":"product-type-simple"},"jetpack_sharing_enabled":true,"_links":{"self":[{"href":"https:\/\/minghanggroup.com\/tr\/wp-json\/wp\/v2\/product\/5908","targetHints":{"allow":["GET"]}}],"collection":[{"href":"https:\/\/minghanggroup.com\/tr\/wp-json\/wp\/v2\/product"}],"about":[{"href":"https:\/\/minghanggroup.com\/tr\/wp-json\/wp\/v2\/types\/product"}],"wp:featuredmedia":[{"embeddable":true,"href":"https:\/\/minghanggroup.com\/tr\/wp-json\/wp\/v2\/media\/5912"}],"wp:attachment":[{"href":"https:\/\/minghanggroup.com\/tr\/wp-json\/wp\/v2\/media?parent=5908"}],"wp:term":[{"taxonomy":"product_brand","embeddable":true,"href":"https:\/\/minghanggroup.com\/tr\/wp-json\/wp\/v2\/product_brand?post=5908"},{"taxonomy":"product_cat","embeddable":true,"href":"https:\/\/minghanggroup.com\/tr\/wp-json\/wp\/v2\/product_cat?post=5908"},{"taxonomy":"product_tag","embeddable":true,"href":"https:\/\/minghanggroup.com\/tr\/wp-json\/wp\/v2\/product_tag?post=5908"}],"curies":[{"name":"wp","href":"https:\/\/api.w.org\/{rel}","templated":true}]}}