{"id":5900,"date":"2026-03-03T13:20:35","date_gmt":"2026-03-03T05:20:35","guid":{"rendered":"https:\/\/minghanggroup.com\/?post_type=product&#038;p=5900"},"modified":"2026-03-03T14:16:22","modified_gmt":"2026-03-03T06:16:22","slug":"metallic-finish-glass-dropper-oil-bottle-wholesale","status":"publish","type":"product","link":"https:\/\/minghanggroup.com\/tr\/urun\/metallic-finish-glass-dropper-oil-bottle-wholesale\/","title":{"rendered":"5 ml \u2013 100 ml Metalik Kaplamal\u0131 Cam Damlal\u0131kl\u0131 Ya\u011f \u015ei\u015fesi Toptan Sat\u0131\u015f"},"content":{"rendered":"<p>Bu damlal\u0131kl\u0131 ya\u011f \u015fi\u015fesi, alt\u0131n ve g\u00fcm\u00fc\u015f renklerinde, \u00e7e\u015fitli boyutlarda ve ya\u011f\u0131n hassas bir \u015fekilde damlat\u0131lmas\u0131n\u0131 sa\u011flamak i\u00e7in kullan\u0131lmas\u0131 gereken \u00e7e\u015fitli damlal\u0131kl\u0131 kapaklarla birlikte, \u00e7ok parlak metalik bir kaplamaya sahiptir.<\/p>\n<h2>\u00dcr\u00fcn \u00d6zellikleri<\/h2>\n<ul>\n<li><strong>Y\u00fcksek Etkili Metalik Parlakl\u0131k:<\/strong> Alt\u0131n veya g\u00fcm\u00fc\u015f kaplama ayna gibi parlakt\u0131r ve an\u0131nda l\u00fcks bir etki yarat\u0131r.<\/li>\n<li><strong>Basit Silindirik Tasar\u0131m:<\/strong> Bu, y\u00fcksek kaliteli bir deneyim ve m\u00fckemmel denge sa\u011flamak i\u00e7in son derece g\u00fc\u00e7l\u00fc ve basit bir silindirik tasar\u0131md\u0131r.<\/li>\n<li><strong>\u015eapka Se\u00e7eneklerinin \u00c7oklu Se\u00e7enekleri:<\/strong> Kullan\u0131\u015fl\u0131, bas\u0131n\u00e7l\u0131 veya vidal\u0131 kapak se\u00e7enekleri mevcuttur ve g\u00fcvenli bir \u015fekilde kapan\u0131r.<\/li>\n<\/ul>\n<h2 style=\"text-align: left;\">Temel \u00d6zellikler<\/h2>\n<table class=\"aligncenter\" style=\"border-collapse: collapse; width: 425.27pt;\" border=\"0\" width=\"567\" cellspacing=\"0\" cellpadding=\"0\">\n<tbody>\n<tr style=\"height: 13.50pt;\">\n<td style=\"height: 13.50pt; width: 123.00pt;\" width=\"164\" height=\"18\">\u015eartname<\/td>\n<td style=\"width: 302.25pt;\" width=\"403\">Detaylar<\/td>\n<\/tr>\n<tr style=\"height: 13.50pt;\">\n<td style=\"height: 13.50pt;\" height=\"18\">Kapasite<\/td>\n<td>5 ml, 10 ml, 15 ml, 20 ml, 30 ml, 50 ml, 100 ml<\/td>\n<\/tr>\n<tr style=\"height: 13.50pt;\">\n<td style=\"height: 13.50pt;\" height=\"18\">Boyutlar<\/td>\n<td>2,2\u00d77,3 cm ile 4,4\u00d713,4 cm (\u00c7ap \u00d7 Y\u00fckseklik)<\/td>\n<\/tr>\n<tr style=\"height: 13.50pt;\">\n<td style=\"height: 13.50pt;\" height=\"18\">Malzeme<\/td>\n<td>Alt\u0131n veya g\u00fcm\u00fc\u015f elektroliz kaplamal\u0131 cam<\/td>\n<\/tr>\n<tr style=\"height: 13.50pt;\">\n<td style=\"height: 13.50pt;\" height=\"18\">\u015ei\u015fe \u015eekli<\/td>\n<td>Damlatma tertibatl\u0131 silindir<\/td>\n<\/tr>\n<tr style=\"height: 13.50pt;\">\n<td style=\"height: 13.50pt;\" height=\"18\">\u00d6zelle\u015ftirme Kapsam\u0131<\/td>\n<td>Boyut, renk, y\u00fczey, kapaklar, damlal\u0131k tipi<\/td>\n<\/tr>\n<tr style=\"height: 13.50pt;\">\n<td style=\"height: 13.50pt;\" height=\"18\">\u0130\u015f\u00e7ilik<\/td>\n<td>Parlak, dayan\u0131kl\u0131 kaplama; hassas di\u015f a\u00e7ma<\/td>\n<\/tr>\n<tr style=\"height: 13.50pt;\">\n<td style=\"height: 13.50pt;\" height=\"18\">\u00dcr\u00fcn Amac\u0131<\/td>\n<td>Y\u00fcz ya\u011flar\u0131 \u015fi\u015feleri, toptan cam damlal\u0131kl\u0131 \u015fi\u015feler<\/td>\n<\/tr>\n<tr style=\"height: 13.50pt;\">\n<td style=\"height: 13.50pt;\" height=\"18\">Uygun Sekt\u00f6rler<\/td>\n<td>L\u00fcks kozmetik ve cilt bak\u0131m markalar\u0131<\/td>\n<\/tr>\n<\/tbody>\n<\/table>\n<h2>Ba\u015far\u0131 \u00d6yk\u00fcs\u00fc: Los Angeles Cilt Bak\u0131m Markas\u0131n\u0131n Metalik Koleksiyonu<\/h2>\n<p>\u00d6zel basmal\u0131 kapa\u011fa sahip 30 ml&#039;lik alt\u0131n metalik damlal\u0131kl\u0131 ya\u011f \u015fi\u015fesi, Los Angeles&#039;taki pop\u00fcler cilt bak\u0131m markalar\u0131ndan biri taraf\u0131ndan sipari\u015f edildi. Bu \u015fi\u015fenin trend olan bu \u00f6zelli\u011fi, sosyal medya platformlar\u0131nda son derece h\u0131zl\u0131 bir \u015fekilde viral oldu ve 100.000&#039;den fazla sosyal medya tart\u0131\u015fmas\u0131na yol a\u00e7t\u0131. 30 ml&#039;lik boyut, 60 g\u00fcn sonra yeterli oluyor. Bu, t\u00fcm serumlar\u0131n\u0131n kal\u0131c\u0131 ambalaj\u0131 oldu ve marka buna olduk\u00e7a olumlu tepki verdi, bu nedenle 1,8 milyon \u015fi\u015fe daha sipari\u015f etti.<\/p>\n<h2>Toptan Cam Damlal\u0131kl\u0131 \u015ei\u015felerin \u00d6zelle\u015ftirilmesi<\/h2>\n<ul>\n<li>Metalik kaplamalar: Pembe alt\u0131n, bak\u0131r, koyu gri, siyah krom veya holografik.<\/li>\n<li>Mat ve parlak metalik y\u00fczeyler: Mat ve parlak ayna g\u00f6r\u00fcn\u00fcm\u00fc. F\u0131r\u00e7alanm\u0131\u015f, normal ve saten mat ayna g\u00f6r\u00fcn\u00fcm\u00fc se\u00e7enekleri mevcuttur.<\/li>\n<li>Kabartmal\u0131 ki\u015fiselle\u015ftirilmi\u015f \u015fapkalar: Kabartmal\u0131 metal veya plastik \u015fapkalar. Kabartmal\u0131 desenler veya i\u015flemeli logolarla tasarlanm\u0131\u015ft\u0131r.<\/li>\n<\/ul>","protected":false},"excerpt":{"rendered":"<p>Alt\u0131n ve g\u00fcm\u00fc\u015f kaplama l\u00fcks damlal\u0131kl\u0131 ya\u011f \u015fi\u015fesi. L\u00fcks serumlar i\u00e7in toptan cam damlal\u0131kl\u0131 \u015fi\u015feler. \u00dccretsiz numuneler mevcuttur. H\u0131zl\u0131 kargo.<\/p>","protected":false},"featured_media":5904,"template":"","meta":{"postBodyCss":"","postBodyMargin":[],"postBodyPadding":[],"postBodyBackground":{"backgroundType":"classic","gradient":""}},"product_brand":[],"product_cat":[15,87,16],"product_tag":[],"class_list":{"0":"post-5900","1":"product","2":"type-product","3":"status-publish","4":"has-post-thumbnail","6":"product_cat-glass-containers","7":"product_cat-dropper-bottles","8":"product_cat-glass-bottles","10":"first","11":"instock","12":"shipping-taxable","13":"product-type-simple"},"jetpack_sharing_enabled":true,"_links":{"self":[{"href":"https:\/\/minghanggroup.com\/tr\/wp-json\/wp\/v2\/product\/5900","targetHints":{"allow":["GET"]}}],"collection":[{"href":"https:\/\/minghanggroup.com\/tr\/wp-json\/wp\/v2\/product"}],"about":[{"href":"https:\/\/minghanggroup.com\/tr\/wp-json\/wp\/v2\/types\/product"}],"wp:featuredmedia":[{"embeddable":true,"href":"https:\/\/minghanggroup.com\/tr\/wp-json\/wp\/v2\/media\/5904"}],"wp:attachment":[{"href":"https:\/\/minghanggroup.com\/tr\/wp-json\/wp\/v2\/media?parent=5900"}],"wp:term":[{"taxonomy":"product_brand","embeddable":true,"href":"https:\/\/minghanggroup.com\/tr\/wp-json\/wp\/v2\/product_brand?post=5900"},{"taxonomy":"product_cat","embeddable":true,"href":"https:\/\/minghanggroup.com\/tr\/wp-json\/wp\/v2\/product_cat?post=5900"},{"taxonomy":"product_tag","embeddable":true,"href":"https:\/\/minghanggroup.com\/tr\/wp-json\/wp\/v2\/product_tag?post=5900"}],"curies":[{"name":"wp","href":"https:\/\/api.w.org\/{rel}","templated":true}]}}