{"id":5866,"date":"2026-03-02T15:28:45","date_gmt":"2026-03-02T07:28:45","guid":{"rendered":"https:\/\/minghanggroup.com\/?post_type=product&#038;p=5866"},"modified":"2026-03-03T09:14:31","modified_gmt":"2026-03-03T01:14:31","slug":"clear-glass-bottles-for-essential-oils-bulk","status":"publish","type":"product","link":"https:\/\/minghanggroup.com\/tr\/urun\/clear-glass-bottles-for-essential-oils-bulk\/","title":{"rendered":"20 ml \u2013 100 ml \u015eeffaf Cam \u015ei\u015feler, Toplu Esansiyel Ya\u011flar \u0130\u00e7in"},"content":{"rendered":"<p>\u015eeffaf kaplarda u\u00e7ucu ya\u011flar\u0131n solmas\u0131 sizi yoruyor mu? U\u00e7ucu ya\u011flar i\u00e7in cam \u015fi\u015felerimiz bu sorunu \u00e7\u00f6z\u00fcyor. Toplu sipari\u015flerde buzlu bir y\u00fczeye sahip cam damlal\u0131kl\u0131 \u015fi\u015feler sunuyoruz; bu y\u00fcksek kaliteli cam, UV \u0131\u015f\u0131nlar\u0131n\u0131 engellerken elde l\u00fcks bir his uyand\u0131r\u0131yor. \u015ei\u015fe boyutu mu? 20 ml&#039;den (1 oz&#039;luk numuneler i\u00e7in m\u00fckemmel) 100 ml&#039;ye kadar. Damlal\u0131k m\u0131? Damlal\u0131kl\u0131 hassas cam \u015fi\u015feler.<\/p>\n<h2>\u00dcr\u00fcn \u00d6zellikleri<\/h2>\n<ul>\n<li><strong>\u00c7ok Y\u00fczeyli Kaplamalar:<\/strong> \u00c7e\u015fitli markalarda bulunan y\u00fcksek \u015feffafl\u0131kta cam ve \u015f\u0131k mat cam y\u00fczey se\u00e7enekleri mevcuttur.<\/li>\n<li><strong>\u00c7oklu Kapasite Se\u00e7enekleri:<\/strong> Seyahat boyu, perakende veya profesyonel paketlere uygun \u00e7e\u015fitli hacim se\u00e7enekleri sunar.<\/li>\n<li><strong>G\u00fcvenli Vidal\u0131 Boyun Tasar\u0131m\u0131:<\/strong> S\u0131k\u0131ca kapat\u0131lm\u0131\u015f yap\u0131s\u0131, depolama ve ta\u015f\u0131ma s\u0131ras\u0131nda s\u0131z\u0131nt\u0131y\u0131 \u00f6nler.<\/li>\n<\/ul>\n<h2>Temel \u00d6zellikler<\/h2>\n<p>&nbsp;<\/p>\n<table style=\"border-collapse: collapse; width: 80%; margin-left: auto; margin-right: auto;\" border=\"0\" width=\"288\" cellspacing=\"0\" cellpadding=\"0\">\n<tbody>\n<tr style=\"height: 13.50pt;\">\n<td style=\"height: 13.5pt; width: 54pt; text-align: center;\" width=\"72\" height=\"18\">Kapasite<\/td>\n<td style=\"width: 54pt; text-align: center;\" width=\"72\">\u00d6l\u00e7\u00fcler (\u00c7ap x Y\u00fckseklik)<\/td>\n<td style=\"width: 54pt; text-align: center;\" width=\"72\">Sona ermek<\/td>\n<td style=\"width: 54pt; text-align: center;\" width=\"72\">Aksesuarlar<\/td>\n<\/tr>\n<tr style=\"height: 13.50pt;\">\n<td style=\"height: 13.5pt; text-align: center;\" align=\"right\" height=\"18\">20<\/td>\n<td style=\"text-align: center;\">3,7 \u00d7 7,8<\/td>\n<td class=\"et2\" style=\"text-align: center;\" rowspan=\"7\">Buzlu\/Saydam<\/td>\n<td class=\"et2\" style=\"text-align: center;\" rowspan=\"7\">Kau\u00e7uk Damlat\u0131c\u0131 + \u0130\u00e7 Conta<\/td>\n<\/tr>\n<tr style=\"height: 13.50pt;\">\n<td style=\"height: 13.5pt; text-align: center;\" align=\"right\" height=\"18\">30<\/td>\n<td style=\"text-align: center;\">3,7 \u00d7 9,1<\/td>\n<\/tr>\n<tr style=\"height: 13.50pt;\">\n<td style=\"height: 13.5pt; text-align: center;\" align=\"right\" height=\"18\">50<\/td>\n<td style=\"text-align: center;\">3,7 \u00d7 10,5<\/td>\n<\/tr>\n<tr style=\"height: 13.50pt;\">\n<td style=\"height: 13.5pt; text-align: center;\" align=\"right\" height=\"18\">60<\/td>\n<td style=\"text-align: center;\">3,7 \u00d7 13,2<\/td>\n<\/tr>\n<tr style=\"height: 13.50pt;\">\n<td style=\"height: 13.5pt; text-align: center;\" align=\"right\" height=\"18\">80<\/td>\n<td style=\"text-align: center;\">3,9 \u00d7 14,2<\/td>\n<\/tr>\n<tr style=\"height: 13.50pt;\">\n<td style=\"height: 13.5pt; text-align: center;\" align=\"right\" height=\"18\">100<\/td>\n<td style=\"text-align: center;\">4.1 \u00d7 15.5<\/td>\n<\/tr>\n<\/tbody>\n<\/table>\n<h2>Ba\u015far\u0131 \u00d6rne\u011fi<\/h2>\n<p>Yeni bir C vitamini serumu piyasaya s\u00fcrmeye haz\u0131rlanan (ABD merkezli) bir cilt bak\u0131m markas\u0131, \u015feffaf ve buzlu versiyonlar\u0131 mevcut oldu\u011fu i\u00e7in 60 ml&#039;lik cam damlal\u0131kl\u0131 \u015fi\u015femizi tercih etti. M\u00fc\u015fteri, ana serum serisi i\u00e7in 30 ml&#039;lik buzlu bir \u015fi\u015fe ve seyahat boyu olarak 15 ml&#039;lik \u015feffaf bir \u015fi\u015fe se\u00e7ti. Marka renk paletlerine uyacak \u015fekilde mat alt\u0131n al\u00fcminyum bir boyunluk \u00fcrettik. Ayr\u0131ca, nakliye ve perakende sat\u0131\u015f s\u00fcresince marka logosunun kolayca g\u00f6r\u00fclebilmesi i\u00e7in \u00e7izilmeye dayan\u0131kl\u0131 y\u00fczeyli beyaz serigrafi bask\u0131 kulland\u0131k.<\/p>\n<p>\u00dcr\u00fcn\u00fcn piyasaya s\u00fcr\u00fclmesinden \u00fc\u00e7 ay sonra internet \u00fczerinden yap\u0131lan sat\u0131\u015f g\u00f6r\u00fc\u015fmeleri y\u00fczde 29 oran\u0131nda artm\u0131\u015ft\u0131 ve marka bu \u015fi\u015feyi standart serum ambalaj\u0131 olarak kullanmaya ba\u015flam\u0131\u015ft\u0131.<\/p>\n<h2>\u00d6zelle\u015ftirme Se\u00e7enekleri<\/h2>\n<ol>\n<li><strong>Metal Yaka Kaplama Y\u00fckseltmesi:<\/strong> F\u0131r\u00e7alanm\u0131\u015f, mat, parlak veya eloksall\u0131 gibi daha \u015f\u0131k metalik bir y\u00fczey se\u00e7in.<\/li>\n<li><strong>Bask\u0131l\u0131 \u00d6l\u00e7\u00fc \u0130\u015faretleri:<\/strong> Profesyonel kullan\u0131ma y\u00f6nelik form\u00fclasyonlar kullan\u0131rken pipetin \u00fczerine hafif hacim i\u015faretleri ekleyin.<\/li>\n<li><strong>\u0130\u00e7 Tapa Eklentisi:<\/strong> Daha ince ak\u0131\u015fkanlar i\u00e7in ak\u0131\u015f h\u0131z\u0131n\u0131 d\u00fczenlemek amac\u0131yla i\u00e7 k\u0131sma bir bas\u0131n\u00e7 d\u00fc\u015f\u00fcr\u00fcc\u00fc veya t\u0131pa ekleyin.<\/li>\n<\/ol>","protected":false},"excerpt":{"rendered":"<p>U\u00e7ucu ya\u011flar i\u00e7in dayan\u0131kl\u0131 cam \u015fi\u015feler, hassas damlal\u0131k aparatlar\u0131yla birlikte, toptan olarak cam damlal\u0131k \u015fi\u015feleri \u015feklinde temin edilebilir. Fabrikadan do\u011frudan tedarik ve toplu sipari\u015flerde \u00f6zelle\u015ftirme imkan\u0131.<\/p>","protected":false},"featured_media":5879,"template":"","meta":{"postBodyCss":"","postBodyMargin":[],"postBodyPadding":[],"postBodyBackground":{"backgroundType":"classic","gradient":""}},"product_brand":[],"product_cat":[15,87,16],"product_tag":[],"class_list":{"0":"post-5866","1":"product","2":"type-product","3":"status-publish","4":"has-post-thumbnail","6":"product_cat-glass-containers","7":"product_cat-dropper-bottles","8":"product_cat-glass-bottles","10":"first","11":"instock","12":"shipping-taxable","13":"product-type-simple"},"jetpack_sharing_enabled":true,"_links":{"self":[{"href":"https:\/\/minghanggroup.com\/tr\/wp-json\/wp\/v2\/product\/5866","targetHints":{"allow":["GET"]}}],"collection":[{"href":"https:\/\/minghanggroup.com\/tr\/wp-json\/wp\/v2\/product"}],"about":[{"href":"https:\/\/minghanggroup.com\/tr\/wp-json\/wp\/v2\/types\/product"}],"wp:featuredmedia":[{"embeddable":true,"href":"https:\/\/minghanggroup.com\/tr\/wp-json\/wp\/v2\/media\/5879"}],"wp:attachment":[{"href":"https:\/\/minghanggroup.com\/tr\/wp-json\/wp\/v2\/media?parent=5866"}],"wp:term":[{"taxonomy":"product_brand","embeddable":true,"href":"https:\/\/minghanggroup.com\/tr\/wp-json\/wp\/v2\/product_brand?post=5866"},{"taxonomy":"product_cat","embeddable":true,"href":"https:\/\/minghanggroup.com\/tr\/wp-json\/wp\/v2\/product_cat?post=5866"},{"taxonomy":"product_tag","embeddable":true,"href":"https:\/\/minghanggroup.com\/tr\/wp-json\/wp\/v2\/product_tag?post=5866"}],"curies":[{"name":"wp","href":"https:\/\/api.w.org\/{rel}","templated":true}]}}