{"id":5825,"date":"2026-03-02T14:06:07","date_gmt":"2026-03-02T06:06:07","guid":{"rendered":"https:\/\/minghanggroup.com\/?post_type=product&#038;p=5825"},"modified":"2026-03-02T16:55:41","modified_gmt":"2026-03-02T08:55:41","slug":"amber-frosted-essential-oil-glass-bottles-wholesale","status":"publish","type":"product","link":"https:\/\/minghanggroup.com\/tr\/urun\/amber-frosted-essential-oil-glass-bottles-wholesale\/","title":{"rendered":"20 ml \u2013 50 ml Amber Buzlu Cam U\u00e7ucu Ya\u011f \u015ei\u015feleri Toptan Sat\u0131\u015f"},"content":{"rendered":"<p>\u015eeffaf \u015fi\u015felerde u\u00e7ucu ya\u011flar\u0131n solmas\u0131ndan b\u0131kt\u0131n\u0131z m\u0131? Amber renkli buzlu cam damlal\u0131kl\u0131 \u015fi\u015felerimiz bu sorunu \u00e7\u00f6z\u00fcyor. Yumu\u015fak amber tonlu, UV korumal\u0131 u\u00e7ucu ya\u011f cam \u015fi\u015feleri; s\u0131zd\u0131rmaz nakliye ve u\u00e7ucu ya\u011flar\u0131n korunmas\u0131 i\u00e7in y\u00fcksek kalite sunar. Sadece s\u0131v\u0131n\u0131z\u0131 saklamakla kalmayan, markan\u0131z\u0131 da tan\u0131tan ambalaj. \u015ei\u015fe boyutu? 20 ml&#039;den (1 oz&#039;luk numuneler i\u00e7in m\u00fckemmel) 50 ml&#039;ye kadar. Damlal\u0131k? Damlal\u0131kl\u0131 hassas cam \u015fi\u015feler. U\u00e7ucu ya\u011flar\u0131n\u0131z\u0131n canl\u0131l\u0131\u011f\u0131 her zaman korunur.<\/p>\n<h2>\u00dcr\u00fcn \u00d6zellikleri<\/h2>\n<ul>\n<li><strong>UV \u0131\u015f\u0131nlar\u0131n\u0131 engelleyen kehribar rengi koruma:<\/strong> Kehribar rengi cam filtreler UV \u0131\u015f\u0131nlar\u0131n\u0131 filtreler; bu da u\u00e7ucu ya\u011flar\u0131n stabilitesi i\u00e7in \u00e7ok \u00f6nemlidir. Solma veya bozulma olmaz.<\/li>\n<li><strong>Hassas Kau\u00e7uk Damlal\u0131k:<\/strong> Cam damlal\u0131kl\u0131 \u015fi\u015fenin kau\u00e7uk ba\u015fl\u0131\u011f\u0131 = hassas dozajlama. Tent\u00fcr israf\u0131 yok.<\/li>\n<li><strong>Boyut Tolerans\u0131:<\/strong> 20 ml&#039;lik roll-on kaplar, 50 ml&#039;lik toptan tedarik. Boyut yelpazesi, gerekli t\u00fcm ya\u011f ihtiya\u00e7lar\u0131n\u0131 kar\u015f\u0131lar.<\/li>\n<\/ul>\n<h2>Temel \u00d6zellikler<\/h2>\n<table style=\"border-collapse: collapse; width: 80%; margin-left: auto; margin-right: auto;\" border=\"0\" width=\"288\" cellspacing=\"0\" cellpadding=\"0\">\n<tbody>\n<tr style=\"height: 13.50pt;\">\n<td style=\"height: 13.5pt; width: 54pt; text-align: center;\" width=\"72\" height=\"18\">Kapasite(ml)<\/td>\n<td style=\"width: 54pt; text-align: center;\" width=\"72\">\u00d6l\u00e7\u00fcler (cm)<\/td>\n<td style=\"width: 54pt; text-align: center;\" width=\"72\">Sona ermek<\/td>\n<td style=\"width: 54pt; text-align: center;\" width=\"72\">Aksesuarlar<\/td>\n<\/tr>\n<tr style=\"height: 13.50pt;\">\n<td style=\"height: 13.5pt; text-align: center;\" align=\"right\" height=\"18\">20<\/td>\n<td style=\"text-align: center;\">4,0 \u00d7 8,8<\/td>\n<td class=\"et2\" style=\"text-align: center;\" rowspan=\"3\">Amber Buzlu<\/td>\n<td class=\"et2\" style=\"text-align: center;\" rowspan=\"3\">Kau\u00e7uk Damlat\u0131c\u0131 + \u0130\u00e7 Conta<\/td>\n<\/tr>\n<tr style=\"height: 13.50pt;\">\n<td style=\"height: 13.5pt; text-align: center;\" align=\"right\" height=\"18\">30<\/td>\n<td style=\"text-align: center;\">4,0 \u00d7 10,5<\/td>\n<\/tr>\n<tr style=\"height: 13.50pt;\">\n<td style=\"height: 13.5pt; text-align: center;\" align=\"right\" height=\"18\">50<\/td>\n<td style=\"text-align: center;\">4,0 \u00d7 13,5<\/td>\n<\/tr>\n<\/tbody>\n<\/table>\n<h2>Ba\u015far\u0131 \u00d6rne\u011fi<\/h2>\n<p>30 ml&#039;lik buzlu cam damlal\u0131kl\u0131 \u015fi\u015femiz, saf g\u00fczellik \u00fcr\u00fcnleri \u00fcreten bir marka taraf\u0131ndan se\u00e7ildi. Marka imajlar\u0131n\u0131 g\u00fc\u00e7lendirmek ve \u015fi\u015fenin omuz k\u0131vr\u0131m\u0131n\u0131 etiket boyutuna ve \u00f6l\u00e7\u00fcs\u00fcne uyacak \u015fekilde en \u00fcst d\u00fczeye \u00e7\u0131karmak i\u00e7in beyaz serigrafi bask\u0131 i\u015flemi ve mat vernik koruyucular kulland\u0131lar. Ayr\u0131ca, \u015fi\u015feyle uyumlu, dikkat \u00e7ekici bir ampul \u015feklinde damlal\u0131k da se\u00e7tiler ve bu da \u015fi\u015feyi rafta \u00f6ne \u00e7\u0131kard\u0131.<\/p>\n<p>Yeni ambalaj\u0131n piyasaya s\u00fcr\u00fclmesinden 36 ay sonra markan\u0131n perakende sat\u0131\u015flar\u0131 artt\u0131. Pazarda g\u00f6rd\u00fc\u011f\u00fc yo\u011fun ilgi sayesinde m\u00fc\u015fteri, faaliyetin ilk y\u0131l\u0131nda alt\u0131 b\u00fcy\u00fck sipari\u015f verdi.<\/p>\n<h2>Cam Damlal\u0131kl\u0131 \u015ei\u015felerin Toptan \u00d6zelle\u015ftirilmesi<\/h2>\n<ol>\n<li><strong>Elektrokaplama Yaka Renk Se\u00e7enekleri:<\/strong> \u00c7e\u015fitli marka konumland\u0131rmalar\u0131na uygun olarak alt\u0131n, mat alt\u0131n, g\u00fcm\u00fc\u015f, siyah veya rose gold renk se\u00e7enekleri mevcuttur.<\/li>\n<li><strong>Buzlu Doku Varyasyonu:<\/strong> G\u00f6rsel katman\u0131 zenginle\u015ftirmek i\u00e7in ince mat buzlu, yo\u011fun buzlu veya k\u0131smen buzlu (\u015feffaf pencere tasar\u0131m\u0131) se\u00e7eneklerinden birini se\u00e7in.<\/li>\n<li><strong>Logo Uygulama Y\u00f6ntemleri:<\/strong> Markalar\u0131n g\u00f6r\u00fcn\u00fcrl\u00fc\u011f\u00fcn\u00fc art\u0131rmak i\u00e7in serigrafi bask\u0131, s\u0131cak damgalama, UV bask\u0131 veya lazer grav\u00fcr y\u00f6ntemlerini tan\u0131t\u0131n.<\/li>\n<\/ol>","protected":false},"excerpt":{"rendered":"<p>Esansiyel ya\u011f cam \u015fi\u015feleri, \u00e7e\u015fitli kullan\u0131m alanlar\u0131na uygun, kaymaz y\u00fczeyli, benzersiz kal\u0131nla\u015ft\u0131r\u0131lm\u0131\u015f bir tabana sahiptir. Fabrikadan do\u011frudan g\u00f6nderim, h\u0131zl\u0131 kargo.<\/p>","protected":false},"featured_media":5865,"template":"","meta":{"postBodyCss":"","postBodyMargin":[],"postBodyPadding":[],"postBodyBackground":{"backgroundType":"classic","gradient":""}},"product_brand":[],"product_cat":[15,87,16],"product_tag":[],"class_list":{"0":"post-5825","1":"product","2":"type-product","3":"status-publish","4":"has-post-thumbnail","6":"product_cat-glass-containers","7":"product_cat-dropper-bottles","8":"product_cat-glass-bottles","10":"first","11":"instock","12":"shipping-taxable","13":"product-type-simple"},"jetpack_sharing_enabled":true,"_links":{"self":[{"href":"https:\/\/minghanggroup.com\/tr\/wp-json\/wp\/v2\/product\/5825","targetHints":{"allow":["GET"]}}],"collection":[{"href":"https:\/\/minghanggroup.com\/tr\/wp-json\/wp\/v2\/product"}],"about":[{"href":"https:\/\/minghanggroup.com\/tr\/wp-json\/wp\/v2\/types\/product"}],"wp:featuredmedia":[{"embeddable":true,"href":"https:\/\/minghanggroup.com\/tr\/wp-json\/wp\/v2\/media\/5865"}],"wp:attachment":[{"href":"https:\/\/minghanggroup.com\/tr\/wp-json\/wp\/v2\/media?parent=5825"}],"wp:term":[{"taxonomy":"product_brand","embeddable":true,"href":"https:\/\/minghanggroup.com\/tr\/wp-json\/wp\/v2\/product_brand?post=5825"},{"taxonomy":"product_cat","embeddable":true,"href":"https:\/\/minghanggroup.com\/tr\/wp-json\/wp\/v2\/product_cat?post=5825"},{"taxonomy":"product_tag","embeddable":true,"href":"https:\/\/minghanggroup.com\/tr\/wp-json\/wp\/v2\/product_tag?post=5825"}],"curies":[{"name":"wp","href":"https:\/\/api.w.org\/{rel}","templated":true}]}}