{"id":5823,"date":"2026-03-02T11:56:50","date_gmt":"2026-03-02T03:56:50","guid":{"rendered":"https:\/\/minghanggroup.com\/?post_type=product&#038;p=5823"},"modified":"2026-03-02T13:52:30","modified_gmt":"2026-03-02T05:52:30","slug":"gold-gourd-essential-oil-bottles-and-droppers-bulk","status":"publish","type":"product","link":"https:\/\/minghanggroup.com\/tr\/urun\/gold-gourd-essential-oil-bottles-and-droppers-bulk\/","title":{"rendered":"10 ml \u2013 100 ml Alt\u0131n Kabak Esansiyel Ya\u011f\u0131 \u015ei\u015feleri ve Damlal\u0131klar\u0131 (Toptan Sat\u0131\u015f)"},"content":{"rendered":"<p>Bu u\u00e7ucu ya\u011flar\u0131n \u015fi\u015feleri ve damlal\u0131klar\u0131, parlak alt\u0131n kaplama camdan yap\u0131lm\u0131\u015f, \u00e7ift kabak \u015feklinde benzersiz bir tasar\u0131ma sahiptir ve damlal\u0131klar\u0131 do\u011fru bir \u015fekilde da\u011f\u0131tmak i\u00e7in alt\u0131n renginde uyumlu bir damlal\u0131k kapa\u011f\u0131 ve yumu\u015fak beyaz silikon damlal\u0131k ucu bulunur.<\/p>\n<h2>\u00dcr\u00fcn \u00d6zellikleri<\/h2>\n<ul>\n<li><strong>Kabak \u015eekli:<\/strong> U\u011furlu kabul edilen \u00e7ift kabak \u015fekli, iyi \u015fans, sa\u011fl\u0131k ve uyumu sembolize eder.<\/li>\n<li><strong>G\u00f6z Kama\u015ft\u0131r\u0131c\u0131 Alt\u0131n Kaplama:<\/strong> Parlak alt\u0131n kaplama, an\u0131nda \u015f\u0131k ve l\u00fcks bir hava katacakt\u0131r.<\/li>\n<li><strong>Uygun Damlal\u0131k:<\/strong> \u00dcr\u00fcnle birlikte verilen, beyaz k\u00fcresel \u015fekle sahip alt\u0131n renkli damlal\u0131kl\u0131 kapak, kapak ve \u015fi\u015fe aras\u0131nda ideal bir estetik uyum sa\u011flar.<\/li>\n<\/ul>\n<h2 style=\"text-align: left;\">Temel \u00d6zellikler<\/h2>\n<table class=\"aligncenter\" style=\"border-collapse: collapse; width: 447.77pt;\" border=\"0\" width=\"597\" cellspacing=\"0\" cellpadding=\"0\">\n<tbody>\n<tr style=\"height: 13.50pt;\">\n<td style=\"height: 13.50pt; width: 115.50pt;\" width=\"154\" height=\"18\">\u015eartname<\/td>\n<td style=\"width: 332.25pt;\" width=\"443\">Detaylar<\/td>\n<\/tr>\n<tr style=\"height: 13.50pt;\">\n<td style=\"height: 13.50pt;\" height=\"18\">Kapasite<\/td>\n<td>10 ml, 20 ml, 30 ml, 50 ml, 100 ml<\/td>\n<\/tr>\n<tr style=\"height: 13.50pt;\">\n<td style=\"height: 13.50pt;\" height=\"18\">Boyutlar<\/td>\n<td>3\u00d75,3 cm ila 5,6\u00d712,5 cm (\u00c7ap \u00d7 Y\u00fckseklik)<\/td>\n<\/tr>\n<tr style=\"height: 13.50pt;\">\n<td style=\"height: 13.50pt;\" height=\"18\">Malzeme<\/td>\n<td>Ayna Alt\u0131n Kaplamal\u0131 Cam<\/td>\n<\/tr>\n<tr style=\"height: 13.50pt;\">\n<td style=\"height: 13.50pt;\" height=\"18\">\u015ei\u015fe \u015eekli<\/td>\n<td>Geleneksel \u00c7ift K\u00fcre Kabak \u015eekli<\/td>\n<\/tr>\n<tr style=\"height: 13.50pt;\">\n<td style=\"height: 13.50pt;\" height=\"18\">\u00d6zelle\u015ftirme Kapsam\u0131<\/td>\n<td>Kaplama Son \u0130\u015flem, De\u011ferli Ta\u015f S\u00fcsleme, Son \u0130\u015flem, Kapaklar<\/td>\n<\/tr>\n<tr style=\"height: 13.50pt;\">\n<td style=\"height: 13.50pt;\" height=\"18\">\u0130\u015f\u00e7ilik<\/td>\n<td>Kabak \u015eeklinde Karma\u015f\u0131k Cam \u00dcfleme Tekni\u011fi<\/td>\n<\/tr>\n<tr style=\"height: 13.50pt;\">\n<td style=\"height: 13.50pt;\" height=\"18\">\u00dcr\u00fcn Amac\u0131<\/td>\n<td>Cam Damlal\u0131kl\u0131 \u015ei\u015feler, U\u00e7ucu Ya\u011f \u015ei\u015feleri ve Damlal\u0131klar<\/td>\n<\/tr>\n<tr style=\"height: 13.50pt;\">\n<td style=\"height: 13.50pt;\" height=\"18\">Uygun Sekt\u00f6rler<\/td>\n<td>L\u00fcks Aromaterapi Markalar\u0131, Sa\u011fl\u0131k Hediye Tedarik\u00e7ileri<\/td>\n<\/tr>\n<\/tbody>\n<\/table>\n<h2>Ba\u015far\u0131 \u00d6yk\u00fcs\u00fc: Orta Do\u011fu&#039;nun L\u00fcks Parf\u00fcm Markas\u0131 \u0130\u00e7in \u00d6zel Koleksiyon<\/h2>\n<p>Orta Do\u011fu&#039;nun en bilinen parf\u00fcm markalar\u0131ndan biri, boyun k\u0131sm\u0131n\u0131n alt\u0131nda Swarovski kristali bulunan, damlal\u0131ks\u0131z 30 ml&#039;lik alt\u0131n renkli ya\u011f \u015fi\u015femizi tercih etti. Kabak \u015feklindeki bu \u015fi\u015fe, markan\u0131n k\u00fclt\u00fcrel miras\u0131n\u0131 olduk\u00e7a etkiledi ve yerel pazardaki sat\u0131\u015flar\u0131n\u0131 oran\u0131nda art\u0131rd\u0131. Alt\u0131n kaplama, u\u00e7ucu ya\u011flar\u0131n oksidasyonunu ve renk de\u011fi\u015fimini \u00f6nleyerek be\u015f y\u0131ldan fazla s\u00fcre sonra bile parlakl\u0131\u011f\u0131n\u0131 korumas\u0131n\u0131 sa\u011fl\u0131yor. Marka b\u00fcy\u00fck bir ba\u015far\u0131 elde etti ve bir sonraki sipari\u015finde t\u00fcm l\u00fcks u\u00e7ucu ya\u011flar\u0131n\u0131n \u00f6zel bir paketi olarak 750.000 \u015fi\u015fe daha sipari\u015f etti.<\/p>\n<h2>Esansiyel Ya\u011f \u015ei\u015feleri ve Damlal\u0131klar Ki\u015fiselle\u015ftirme<\/h2>\n<ul>\n<li>Di\u011fer Kaplamalar: G\u00fcl alt\u0131n, antik alt\u0131n, g\u00fcm\u00fc\u015f veya siyah krom renklerinde kabak \u015feklinde tasarlanm\u0131\u015ft\u0131r.<\/li>\n<li>Boyut ve Oran: \u0130ki k\u00fcrenin y\u00fczdelerini de\u011fi\u015ftirerek, kabak \u015fekli daha modern veya geleneksel bir \u015fekilde yorumlanabilir.<\/li>\n<li>S\u00fcsleme: Boyun k\u0131sm\u0131na yaprak \u015feklinde eritilmi\u015f cam ekleyin veya bel k\u0131sm\u0131na k\u00fc\u00e7\u00fck bir yar\u0131 de\u011ferli ta\u015f ucu yerle\u015ftirin.<\/li>\n<\/ul>","protected":false},"excerpt":{"rendered":"<p>Zarif alt\u0131n kabak tasar\u0131ml\u0131 u\u00e7ucu ya\u011f \u015fi\u015feleri ve damlal\u0131klar\u0131. \u00c7e\u015fitli boyutlarda dayan\u0131kl\u0131 ya\u011f \u015fi\u015fesi ve damlal\u0131k. Toplu al\u0131mlar i\u00e7in h\u0131zl\u0131 kargo. Stokta mevcut.<\/p>","protected":false},"featured_media":5824,"template":"","meta":{"postBodyCss":"","postBodyMargin":[],"postBodyPadding":[],"postBodyBackground":{"backgroundType":"classic","gradient":""}},"product_brand":[],"product_cat":[15,87,16],"product_tag":[],"class_list":{"0":"post-5823","1":"product","2":"type-product","3":"status-publish","4":"has-post-thumbnail","6":"product_cat-glass-containers","7":"product_cat-dropper-bottles","8":"product_cat-glass-bottles","10":"first","11":"instock","12":"shipping-taxable","13":"product-type-simple"},"jetpack_sharing_enabled":true,"_links":{"self":[{"href":"https:\/\/minghanggroup.com\/tr\/wp-json\/wp\/v2\/product\/5823","targetHints":{"allow":["GET"]}}],"collection":[{"href":"https:\/\/minghanggroup.com\/tr\/wp-json\/wp\/v2\/product"}],"about":[{"href":"https:\/\/minghanggroup.com\/tr\/wp-json\/wp\/v2\/types\/product"}],"wp:featuredmedia":[{"embeddable":true,"href":"https:\/\/minghanggroup.com\/tr\/wp-json\/wp\/v2\/media\/5824"}],"wp:attachment":[{"href":"https:\/\/minghanggroup.com\/tr\/wp-json\/wp\/v2\/media?parent=5823"}],"wp:term":[{"taxonomy":"product_brand","embeddable":true,"href":"https:\/\/minghanggroup.com\/tr\/wp-json\/wp\/v2\/product_brand?post=5823"},{"taxonomy":"product_cat","embeddable":true,"href":"https:\/\/minghanggroup.com\/tr\/wp-json\/wp\/v2\/product_cat?post=5823"},{"taxonomy":"product_tag","embeddable":true,"href":"https:\/\/minghanggroup.com\/tr\/wp-json\/wp\/v2\/product_tag?post=5823"}],"curies":[{"name":"wp","href":"https:\/\/api.w.org\/{rel}","templated":true}]}}