{"id":5818,"date":"2026-03-02T08:48:32","date_gmt":"2026-03-02T00:48:32","guid":{"rendered":"https:\/\/minghanggroup.com\/?post_type=product&#038;p=5818"},"modified":"2026-03-03T13:29:25","modified_gmt":"2026-03-03T05:29:25","slug":"frosted-white-glass-dropper-bottles-wholesale","status":"publish","type":"product","link":"https:\/\/minghanggroup.com\/tr\/urun\/frosted-white-glass-dropper-bottles-wholesale\/","title":{"rendered":"5 ml \u2013 100 ml Buzlu Beyaz Cam Damlal\u0131kl\u0131 \u015ei\u015feler Toptan Sat\u0131\u015f"},"content":{"rendered":"<p>Bunlar, p\u00fcr\u00fczs\u00fcz, buzlu beyaz bir y\u00fczeye ve yuvarlak, minimalist bir \u015fekle sahip cam damlal\u0131kl\u0131 \u015fi\u015felerdir. \u00c7e\u015fitli boyutlarda olup, g\u00fcm\u00fc\u015f veya pembe alt\u0131n renginde parlak metal damlal\u0131kl\u0131 kapaklarla tamamlanm\u0131\u015ft\u0131r ve bu da onlar\u0131 \u00fcst d\u00fczey sa\u011fl\u0131k ve cilt bak\u0131m \u00fcr\u00fcnlerinin ambalajlar\u0131na m\u00fckemmel bir \u015fekilde uyumlu hale getirir.<\/p>\n<h2>\u00dcr\u00fcn \u00d6zellikleri<\/h2>\n<ul>\n<li><strong>Buzlu Doku:<\/strong> Beyaz mat buzlu cam y\u00fczey, dokunuldu\u011funda yumu\u015fakt\u0131r ve y\u00fcksek kaliteli bir his verir; parmak izi b\u0131rakmaz.<\/li>\n<li><strong>Hassas Damlal\u0131k Sistemi:<\/strong> Entegre silikon u\u00e7lu damlal\u0131k, \u00fcr\u00fcn\u00fc do\u011fru bir \u015fekilde da\u011f\u0131tman\u0131z\u0131 sa\u011flayan cam bir damlal\u0131kt\u0131r.<\/li>\n<li><strong>Alt\u0131 Boyut:<\/strong> Numune boyu, seyahat boyu ve tam boy \u00fcr\u00fcn dahil olmak \u00fczere 5 ml ile 100 ml aras\u0131nda de\u011fi\u015fen yedi farkl\u0131 boyut se\u00e7ene\u011fi mevcuttur.<\/li>\n<\/ul>\n<h2 style=\"text-align: left;\">Temel \u00d6zellikler<\/h2>\n<table class=\"aligncenter\" style=\"border-collapse: collapse; width: 447.77pt;\" border=\"0\" width=\"597\" cellspacing=\"0\" cellpadding=\"0\">\n<tbody>\n<tr style=\"height: 13.50pt;\">\n<td style=\"height: 13.50pt; width: 115.50pt;\" width=\"154\" height=\"18\">\u015eartname<\/td>\n<td style=\"width: 332.25pt;\" width=\"443\">Detaylar<\/td>\n<\/tr>\n<tr style=\"height: 13.50pt;\">\n<td style=\"height: 13.50pt;\" height=\"18\">Kapasite<\/td>\n<td>5 ml, 10 ml, 15 ml, 20 ml, 30 ml, 50 ml, 100 ml<\/td>\n<\/tr>\n<tr style=\"height: 13.50pt;\">\n<td style=\"height: 13.50pt;\" height=\"18\">Boyutlar<\/td>\n<td>2,2\u00d77,3 cm ile 4,5\u00d713,5 cm (\u00c7ap \u00d7 Y\u00fckseklik)<\/td>\n<\/tr>\n<tr style=\"height: 13.50pt;\">\n<td style=\"height: 13.50pt;\" height=\"18\">Malzeme<\/td>\n<td>Buzlu Beyaz Cam, Cam Damlal\u0131k<\/td>\n<\/tr>\n<tr style=\"height: 13.50pt;\">\n<td style=\"height: 13.50pt;\" height=\"18\">\u015ei\u015fe \u015eekli<\/td>\n<td>Damlatma Tertibatl\u0131 K\u0131sa Silindir<\/td>\n<\/tr>\n<tr style=\"height: 13.50pt;\">\n<td style=\"height: 13.50pt;\" height=\"18\">\u00d6zelle\u015ftirme Kapsam\u0131<\/td>\n<td>Boyut, Renk, Y\u00fczey, Damlatma Ucu<\/td>\n<\/tr>\n<tr style=\"height: 13.50pt;\">\n<td style=\"height: 13.50pt;\" height=\"18\">\u0130\u015f\u00e7ilik<\/td>\n<td>Buzlu Y\u00fczey \u0130\u015flemi ile Hassas Cam \u015eekillendirme<\/td>\n<\/tr>\n<tr style=\"height: 13.50pt;\">\n<td style=\"height: 13.50pt;\" height=\"18\">\u00dcr\u00fcn Amac\u0131<\/td>\n<td>L\u00fcks Serum \u015ei\u015feleri, Cam Damlal\u0131kl\u0131 \u015ei\u015feler<\/td>\n<\/tr>\n<tr style=\"height: 13.50pt;\">\n<td style=\"height: 13.50pt;\" height=\"18\">Uygun Sekt\u00f6rler<\/td>\n<td>L\u00fcks Cilt Bak\u0131m Markalar\u0131, Aromaterapi \u015eirketleri<\/td>\n<\/tr>\n<\/tbody>\n<\/table>\n<h2>Ba\u015far\u0131 Hikayesi<\/h2>\n<p>30 ml&#039;lik buzlu beyaz cam \u015fi\u015femiz, cam damlal\u0131\u011f\u0131, g\u00fcl alt\u0131n rengi kapa\u011f\u0131 ve minimalist yaz\u0131 tipiyle \u0130skandinav bir cilt bak\u0131m \u015firketi taraf\u0131ndan \u00f6zel olarak tasarland\u0131. Buzlu dokunun imza tasar\u0131m \u00f6zelli\u011fi olmas\u0131, sosyal medyada 50.000&#039;den fazla kez referans g\u00f6sterildi. Cam damlal\u0131k, \u00fcr\u00fcn\u00fcn hassas form\u00fcllere temas etmemesini sa\u011flar. 30 ml&#039;lik kapasite 60 g\u00fcn i\u00e7in yeterlidir. Marka \u00e7ok ba\u015far\u0131l\u0131 oldu ve daha sonra Asya ve Kuzey Amerika pazarlar\u0131ndaki k\u00fcresel geni\u015fleme taleplerini kar\u015f\u0131lamak i\u00e7in 2,5 milyon \u015fi\u015fe daha sipari\u015f etti.<\/p>\n<h2>Cam Damlal\u0131kl\u0131 \u015ei\u015felerin Ki\u015fiselle\u015ftirilmesi<\/h2>\n<ul>\n<li><strong>Metal Kapak Kaplamalar\u0131:<\/strong> Metal kapaklar \u015fu kaplama se\u00e7eneklerinden herhangi biriyle sunulmaktad\u0131r: f\u0131r\u00e7alanm\u0131\u015f alt\u0131n, mat siyah, parlak krom veya \u00f6zel PVD.<\/li>\n<li><strong>Renk Dald\u0131rma Buzlu Y\u00fczeyler:<\/strong> Di\u011fer yumu\u015fak pastel renkler (a\u00e7\u0131k pembe ve ada\u00e7ay\u0131 ye\u015fili) de geleneksel beyaz\u0131n yan\u0131 s\u0131ra buzlu bir g\u00f6r\u00fcn\u00fcme sahip.<\/li>\n<li><strong>Dereceli Cam Damlal\u0131klar:<\/strong> Bu versiyon, kolayca ger\u00e7ekle\u015ftirilebilen bilimsel testler yapmak veya son derece hassas kendin yap aletleri \u00fcretmek i\u00e7in cam damlal\u0131klara kal\u0131c\u0131 olarak kaz\u0131nm\u0131\u015f derecelendirmeler i\u00e7ermektedir.<\/li>\n<\/ul>","protected":false},"excerpt":{"rendered":"<p>Buzlu mat beyaz renkte \u00fcretilmi\u015f, damlal\u0131kl\u0131 birinci s\u0131n\u0131f cam \u015fi\u015fe. Serum ve ya\u011flar i\u00e7in \u00e7e\u015fitli boyutlarda damlal\u0131kl\u0131 cam \u015fi\u015feler mevcuttur. \u00dccretsiz numuneler sunulmaktad\u0131r.<\/p>","protected":false},"featured_media":5820,"template":"","meta":{"postBodyCss":"","postBodyMargin":[],"postBodyPadding":[],"postBodyBackground":{"backgroundType":"classic","gradient":""}},"product_brand":[],"product_cat":[15,87,16],"product_tag":[],"class_list":{"0":"post-5818","1":"product","2":"type-product","3":"status-publish","4":"has-post-thumbnail","6":"product_cat-glass-containers","7":"product_cat-dropper-bottles","8":"product_cat-glass-bottles","10":"first","11":"instock","12":"shipping-taxable","13":"product-type-simple"},"jetpack_sharing_enabled":true,"_links":{"self":[{"href":"https:\/\/minghanggroup.com\/tr\/wp-json\/wp\/v2\/product\/5818","targetHints":{"allow":["GET"]}}],"collection":[{"href":"https:\/\/minghanggroup.com\/tr\/wp-json\/wp\/v2\/product"}],"about":[{"href":"https:\/\/minghanggroup.com\/tr\/wp-json\/wp\/v2\/types\/product"}],"wp:featuredmedia":[{"embeddable":true,"href":"https:\/\/minghanggroup.com\/tr\/wp-json\/wp\/v2\/media\/5820"}],"wp:attachment":[{"href":"https:\/\/minghanggroup.com\/tr\/wp-json\/wp\/v2\/media?parent=5818"}],"wp:term":[{"taxonomy":"product_brand","embeddable":true,"href":"https:\/\/minghanggroup.com\/tr\/wp-json\/wp\/v2\/product_brand?post=5818"},{"taxonomy":"product_cat","embeddable":true,"href":"https:\/\/minghanggroup.com\/tr\/wp-json\/wp\/v2\/product_cat?post=5818"},{"taxonomy":"product_tag","embeddable":true,"href":"https:\/\/minghanggroup.com\/tr\/wp-json\/wp\/v2\/product_tag?post=5818"}],"curies":[{"name":"wp","href":"https:\/\/api.w.org\/{rel}","templated":true}]}}