{"id":5808,"date":"2026-02-28T14:37:41","date_gmt":"2026-02-28T06:37:41","guid":{"rendered":"https:\/\/minghanggroup.com\/?post_type=product&#038;p=5808"},"modified":"2026-02-28T15:09:50","modified_gmt":"2026-02-28T07:09:50","slug":"colored-empty-bottles-with-dropper-wholesale","status":"publish","type":"product","link":"https:\/\/minghanggroup.com\/tr\/urun\/colored-empty-bottles-with-dropper-wholesale\/","title":{"rendered":"20 ml, 30 ml, 40 ml, 50 ml Renkli Damlal\u0131kl\u0131 Bo\u015f \u015ei\u015feler Toptan Sat\u0131\u015f"},"content":{"rendered":"<p>Cam damlal\u0131kl\u0131 \u015fi\u015fe, makaronu an\u0131msatan renk \u015femas\u0131na sahip, \u015f\u0131k ve silindirik bir yap\u0131ya sahip olup, \u00fczerine tak\u0131l\u0131 cam damlal\u0131\u011f\u0131yla serumlar\u0131, y\u00fcz ya\u011flar\u0131n\u0131 ve di\u011fer \u00fcr\u00fcnleri saklamak i\u00e7in en iyi se\u00e7enektir.<\/p>\n<h2>\u00dcr\u00fcn \u00d6zellikleri<\/h2>\n<ul>\n<li><strong>Makaron Renk \u015eemas\u0131:<\/strong> Turuncu, pembe, a\u00e7\u0131k ye\u015fil ve fu\u015fya olmak \u00fczere d\u00f6rt farkl\u0131 renkte makaron se\u00e7ene\u011fi sunan bu \u00fcr\u00fcn, gen\u00e7 g\u00fczellik t\u00fcketicisi pazar\u0131 i\u00e7in estetik a\u00e7\u0131dan ho\u015f ve dikkat \u00e7ekici bir g\u00f6r\u00fcn\u00fcme sahip.<\/li>\n<li><strong>Ta\u015f\u0131nabilir olmas\u0131 i\u00e7in \u00e7e\u015fitli boyutlarda mevcuttur:<\/strong> Cilt bak\u0131m serumlar\u0131, ya\u011flar\u0131 ve di\u011fer \u00fcr\u00fcnlerin numune da\u011f\u0131t\u0131m\u0131 ve ta\u015f\u0131nabilirli\u011fi gereksinimlerini kar\u015f\u0131lamak \u00fczere d\u00f6rt farkl\u0131 kapasite boyutu sunar.<\/li>\n<li><strong>Basit Silindirik \u015ei\u015fe Tasar\u0131m\u0131:<\/strong> Silindirik \u015fi\u015fe tasar\u0131m\u0131 d\u00fcz oldu\u011fundan kolayca saklanabilir ve ta\u015f\u0131nabilir; ayr\u0131ca daha az yer kaplad\u0131\u011f\u0131 i\u00e7in \u00e7ok \u00e7e\u015fitli te\u015fhir ve ta\u015f\u0131ma kaplar\u0131nda kullan\u0131labilir.<\/li>\n<\/ul>\n<h2 style=\"text-align: left;\">Temel \u00d6zellikler<\/h2>\n<table class=\"aligncenter\" style=\"border-collapse: collapse; width: 419.27pt;\" border=\"0\" width=\"559\" cellspacing=\"0\" cellpadding=\"0\">\n<tbody>\n<tr style=\"height: 13.50pt;\">\n<td style=\"height: 13.50pt; width: 115.50pt;\" width=\"154\" height=\"18\">\u015eartname<\/td>\n<td style=\"width: 303.75pt;\" width=\"405\">Detaylar<\/td>\n<\/tr>\n<tr style=\"height: 13.50pt;\">\n<td style=\"height: 13.50pt;\" height=\"18\">Kapasite<\/td>\n<td>20 ml, 30 ml, 40 ml, 50 ml<\/td>\n<\/tr>\n<tr style=\"height: 13.50pt;\">\n<td style=\"height: 13.50pt;\" height=\"18\">Boyutlar<\/td>\n<td>3,7\u00d78 cm ile 3,7\u00d711,8 cm (\u00c7ap \u00d7 Y\u00fckseklik)<\/td>\n<\/tr>\n<tr style=\"height: 13.50pt;\">\n<td style=\"height: 13.50pt;\" height=\"18\">Malzeme<\/td>\n<td>Cam (renkli kaplama\/cila ile)<\/td>\n<\/tr>\n<tr style=\"height: 13.50pt;\">\n<td style=\"height: 13.50pt;\" height=\"18\">\u015ei\u015fe \u015eekli<\/td>\n<td>D\u00fcz duvarl\u0131 silindir<\/td>\n<\/tr>\n<tr style=\"height: 13.50pt;\">\n<td style=\"height: 13.50pt;\" height=\"18\">\u00d6zelle\u015ftirme Kapsam\u0131<\/td>\n<td>Renk, boyut, kapak\/damlal\u0131k malzemesi, y\u00fczey i\u015flemi<\/td>\n<\/tr>\n<tr style=\"height: 13.50pt;\">\n<td style=\"height: 13.50pt;\" height=\"18\">\u0130\u015f\u00e7ilik<\/td>\n<td>Renk uygulamal\u0131 hassas cam \u015fekillendirme<\/td>\n<\/tr>\n<tr style=\"height: 13.50pt;\">\n<td style=\"height: 13.50pt;\" height=\"18\">\u00dcr\u00fcn Amac\u0131<\/td>\n<td>Kozmetik numuneleri, damlal\u0131kl\u0131 \u015fi\u015feler<\/td>\n<\/tr>\n<tr style=\"height: 13.50pt;\">\n<td style=\"height: 13.50pt;\" height=\"18\">Uygun Sekt\u00f6rler<\/td>\n<td>Kozmetik, ba\u011f\u0131ms\u0131z g\u00fczellik markalar\u0131<\/td>\n<\/tr>\n<\/tbody>\n<\/table>\n<h2>Ba\u015far\u0131 Hikayesi<\/h2>\n<p>G\u00fczellik abonelikleri g\u00f6nderen en b\u00fcy\u00fck \u015firketlerden biri, kendi renk \u015femalar\u0131na uygun, damlal\u0131k i\u00e7eren 30 ml&#039;lik \u015fi\u015felerimizi kullanmak istedi ancak p\u00fcr\u00fczs\u00fcz dokusunu nane ye\u015fili tonlar\u0131nda buzlu bir dokuya d\u00f6n\u00fc\u015ft\u00fcrd\u00fc. Bu renk kodlama sistemi, abonelerin \u00fcr\u00fcn t\u00fcr\u00fc konusunda h\u0131zl\u0131 karar vermelerini sa\u011fl\u0131yor ve m\u00fc\u015fteri hizmetleri sorgular\u0131n\u0131 oran\u0131nda azalt\u0131yor. 30 ml&#039;lik boyut bir ayl\u0131k kullan\u0131m i\u00e7in yeterli. Ola\u011fan\u00fcst\u00fc performans\u0131 nedeniyle \u015firket, y\u0131l boyu tedarik ihtiyac\u0131ndan sonra toplamda 1,5 milyon \u015fi\u015fe sipari\u015f verdi.<\/p>\n<h2>Damlal\u0131kl\u0131 \u015ei\u015felerin Ki\u015fiselle\u015ftirilmesi<\/h2>\n<ul>\n<li>\u00d6zel Renk Tablosu: Markalar\u0131n\u0131zdan biri alt\u0131nda yumu\u015fak veya canl\u0131 renklerden olu\u015fan kendi kar\u0131\u015f\u0131m\u0131n\u0131z\u0131 tasarlay\u0131n.<\/li>\n<li>Par\u0131lt\u0131l\u0131 veya \u0130nci Etkileri: G\u00f6z al\u0131c\u0131 hale getirmek i\u00e7in renkli kaplamaya ince par\u0131lt\u0131 veya inci efekti par\u00e7ac\u0131klar\u0131 eklenebilir.<\/li>\n<li>\u015eeffaf m\u0131, Opak m\u0131: Hem \u015feffaf hem de opak \u015fi\u015felerde mevcuttur.<\/li>\n<\/ul>","protected":false},"excerpt":{"rendered":"<p>\u00c7e\u015fitli boyutlarda damlal\u0131k i\u00e7eren makaron renkli \u015fi\u015feler. Cilt bak\u0131m numuneleri ve seyahat setleri i\u00e7in m\u00fckemmel. Fabrikadan do\u011frudan sat\u0131\u015f, rekabet\u00e7i toptan sat\u0131\u015f avantaj\u0131 sa\u011flar.<\/p>","protected":false},"featured_media":5809,"template":"","meta":{"postBodyCss":"","postBodyMargin":[],"postBodyPadding":[],"postBodyBackground":{"backgroundType":"classic","gradient":""}},"product_brand":[],"product_cat":[15,87,16],"product_tag":[],"class_list":{"0":"post-5808","1":"product","2":"type-product","3":"status-publish","4":"has-post-thumbnail","6":"product_cat-glass-containers","7":"product_cat-dropper-bottles","8":"product_cat-glass-bottles","10":"first","11":"instock","12":"shipping-taxable","13":"product-type-simple"},"jetpack_sharing_enabled":true,"_links":{"self":[{"href":"https:\/\/minghanggroup.com\/tr\/wp-json\/wp\/v2\/product\/5808","targetHints":{"allow":["GET"]}}],"collection":[{"href":"https:\/\/minghanggroup.com\/tr\/wp-json\/wp\/v2\/product"}],"about":[{"href":"https:\/\/minghanggroup.com\/tr\/wp-json\/wp\/v2\/types\/product"}],"wp:featuredmedia":[{"embeddable":true,"href":"https:\/\/minghanggroup.com\/tr\/wp-json\/wp\/v2\/media\/5809"}],"wp:attachment":[{"href":"https:\/\/minghanggroup.com\/tr\/wp-json\/wp\/v2\/media?parent=5808"}],"wp:term":[{"taxonomy":"product_brand","embeddable":true,"href":"https:\/\/minghanggroup.com\/tr\/wp-json\/wp\/v2\/product_brand?post=5808"},{"taxonomy":"product_cat","embeddable":true,"href":"https:\/\/minghanggroup.com\/tr\/wp-json\/wp\/v2\/product_cat?post=5808"},{"taxonomy":"product_tag","embeddable":true,"href":"https:\/\/minghanggroup.com\/tr\/wp-json\/wp\/v2\/product_tag?post=5808"}],"curies":[{"name":"wp","href":"https:\/\/api.w.org\/{rel}","templated":true}]}}