{"id":5807,"date":"2026-02-28T16:26:20","date_gmt":"2026-02-28T08:26:20","guid":{"rendered":"https:\/\/minghanggroup.com\/?post_type=product&#038;p=5807"},"modified":"2026-02-28T16:33:05","modified_gmt":"2026-02-28T08:33:05","slug":"frosted-dropper-glass-bottles-bulk","status":"publish","type":"product","link":"https:\/\/minghanggroup.com\/tr\/urun\/frosted-dropper-glass-bottles-bulk\/","title":{"rendered":"20 ml \u2013 100 ml Buzlu Damlal\u0131kl\u0131 Cam \u015ei\u015feler (Toptan)"},"content":{"rendered":"<p>Esansiyel ya\u011f\u0131n\u0131z, kokusu kadar l\u00fcks hissettiren bir ambalaj\u0131 hak ediyor. Buzlu cam damlal\u0131kl\u0131 \u015fi\u015fe serimiz, s\u0131radan cam damlal\u0131kl\u0131 \u015fi\u015feleri olmazsa olmaz kaplara d\u00f6n\u00fc\u015ft\u00fcr\u00fcyor. Birinci s\u0131n\u0131f mat y\u00fczeyli camdan \u00fcretilen damlal\u0131kl\u0131 cam \u015fi\u015feler, s\u0131zd\u0131rmaz nakliye ve UV korumas\u0131 i\u00e7in y\u00fcksek kalitededir. Sadece saklamakla kalmay\u0131p, esansiyel ya\u011f markan\u0131z\u0131 da satan ambalaj. \u015ei\u015fe boyutu? 20 ml&#039;den (1 oz&#039;luk numuneler i\u00e7in m\u00fckemmel) 100 ml&#039;ye kadar. Damlal\u0131k? Damlal\u0131kl\u0131 hassas cam \u015fi\u015feler.<\/p>\n<h2>\u00dcr\u00fcn \u00d6zellikleri<\/h2>\n<ul>\n<li><strong>Buzlu Mat Y\u00fczey:<\/strong> Yumu\u015fak, buzlu doku, \u015f\u0131k bir g\u00f6r\u00fcn\u00fcm katarken ayn\u0131 zamanda rahat ve kaymaz bir tutu\u015f sa\u011flar.<\/li>\n<li><strong>Do\u011fal, \u015e\u0131k Damlal\u0131kl\u0131 Kapak:<\/strong> Ah\u015fap, damarl\u0131 veya ah\u015fap tonlu yaka tasar\u0131m\u0131, sade, ekolojik ve ilham verici bir tarz yarat\u0131yor.<\/li>\n<li><strong>Farkl\u0131 Kapasite Se\u00e7enekleri:<\/strong> Farkl\u0131 cilt bak\u0131m veya u\u00e7ucu ya\u011f \u00fcr\u00fcn serilerine uygun \u00e7e\u015fitli boyutlar aras\u0131ndan se\u00e7im yapabilirsiniz.<\/li>\n<\/ul>\n<h2>Temel \u00d6zellikler<\/h2>\n<table style=\"border-collapse: collapse; width: 80%; margin-left: auto; margin-right: auto;\" border=\"0\" width=\"288\" cellspacing=\"0\" cellpadding=\"0\">\n<tbody>\n<tr style=\"height: 13.50pt;\">\n<td style=\"height: 13.5pt; width: 54pt; text-align: center;\" width=\"72\" height=\"18\">Kapasite(ml)<\/td>\n<td style=\"width: 54pt; text-align: center;\" width=\"72\">\u00d6l\u00e7\u00fcler (cm)<\/td>\n<td style=\"width: 54pt; text-align: center;\" width=\"72\">Sona ermek<\/td>\n<td style=\"width: 54pt; text-align: center;\" width=\"72\">\u015eapka Tipi<\/td>\n<\/tr>\n<tr style=\"height: 13.50pt;\">\n<td style=\"height: 13.5pt; text-align: center;\" align=\"right\" height=\"18\">20<\/td>\n<td style=\"text-align: center;\">3,7 \u00d7 7,8<\/td>\n<td class=\"et2\" style=\"text-align: center;\" rowspan=\"7\">Buzlu<\/td>\n<td class=\"et2\" style=\"text-align: center;\" rowspan=\"7\">Ah\u015fap Desenli + Beyaz Damlal\u0131k<\/td>\n<\/tr>\n<tr style=\"height: 13.50pt;\">\n<td style=\"height: 13.5pt; text-align: center;\" align=\"right\" height=\"18\">30<\/td>\n<td style=\"text-align: center;\">3,7 \u00d7 9,5<\/td>\n<\/tr>\n<tr style=\"height: 13.50pt;\">\n<td style=\"height: 13.5pt; text-align: center;\" align=\"right\" height=\"18\">40<\/td>\n<td style=\"text-align: center;\">3,7 \u00d7 10,7<\/td>\n<\/tr>\n<tr style=\"height: 13.50pt;\">\n<td style=\"height: 13.5pt; text-align: center;\" align=\"right\" height=\"18\">50<\/td>\n<td style=\"text-align: center;\">3,7 \u00d7 11,7<\/td>\n<\/tr>\n<tr style=\"height: 13.50pt;\">\n<td style=\"height: 13.5pt; text-align: center;\" align=\"right\" height=\"18\">60<\/td>\n<td style=\"text-align: center;\">3,7 \u00d7 13,3<\/td>\n<\/tr>\n<tr style=\"height: 13.50pt;\">\n<td style=\"height: 13.5pt; text-align: center;\" align=\"right\" height=\"18\">80<\/td>\n<td style=\"text-align: center;\">3,9 \u00d7 14,4<\/td>\n<\/tr>\n<tr style=\"height: 13.50pt;\">\n<td style=\"height: 13.5pt; text-align: center;\" align=\"right\" height=\"18\">100<\/td>\n<td style=\"text-align: center;\">4,2 \u00d7 15,8<\/td>\n<\/tr>\n<\/tbody>\n<\/table>\n<h2>Ba\u015far\u0131 \u00d6rne\u011fi<\/h2>\n<p>Avustralya merkezli 60 ml&#039;lik buzlu cam damlal\u0131kl\u0131 \u015fi\u015femiz, saf g\u00fczellik \u00fcr\u00fcnleri markas\u0131 taraf\u0131ndan se\u00e7ildi. Buzlanman\u0131n hafifli\u011fiyle oynayarak, u\u00e7ucu ya\u011flar\u0131n do\u011fal rengini \u00e7ok fazla abartmadan hafif\u00e7e vurgulayacak kadar yumu\u015fak ve yar\u0131 saydam bir g\u00f6r\u00fcn\u00fcm elde ettik. Ayr\u0131ca, etiketin boyutuna m\u00fckemmel \u015fekilde uymas\u0131 i\u00e7in beyaz serigrafi bask\u0131 uygulad\u0131k ve marka bilinirli\u011fini art\u0131rmak i\u00e7in marka ad\u0131m\u0131z\u0131 i\u00e7eren \u00f6zel bir etiket tasarlad\u0131k.<\/p>\n<p>Yeni ambalaj\u0131n piyasaya s\u00fcr\u00fclmesinden bu yana ge\u00e7en d\u00f6rt ayda markan\u0131n perakende sat\u0131\u015flar\u0131 y\u00fczde 36 artt\u0131 ve m\u00fc\u015fteriler \u00fcr\u00fcn yorumlar\u0131nda s\u0131kl\u0131kla buzlu dokuyu ve do\u011fal g\u00fczelli\u011fi \u00f6v\u00fcyorlar. \u00dcr\u00fcn\u00fcn piyasada olumlu kar\u015f\u0131lanmas\u0131 sonucunda, m\u00fc\u015fteri bu buzlu damlal\u0131kl\u0131 \u015fi\u015fe serisini t\u00fcm y\u00fcz bak\u0131m \u00fcr\u00fcnleri i\u00e7in standart ambalaj olarak kullanmay\u0131 tercih etti.<\/p>\n<h2>\u00d6zelle\u015ftirme Se\u00e7enekleri<\/h2>\n<ol>\n<li><strong>Ah\u015fap Kapak Malzemesi Y\u00fckseltmesi:<\/strong> M\u00fc\u015fterilerin ger\u00e7ek bambu, masif ah\u015fap veya ah\u015fap, nem direncine kar\u015f\u0131 i\u015flem g\u00f6rm\u00fc\u015f desenli ABS se\u00e7enekleri aras\u0131ndan se\u00e7im yapmalar\u0131na olanak tan\u0131y\u0131n.<\/li>\n<li><strong>Kabartmal\u0131 veya \u00c7ukurla\u015ft\u0131r\u0131lm\u0131\u015f Logo:<\/strong> Markay\u0131 m\u00fc\u015fterinin akl\u0131nda tutman\u0131n incelikli bir yolu olarak, \u015fi\u015fenin alt\u0131na veya ah\u015fap yakas\u0131na i\u015flenmi\u015f bir logo yerle\u015ftirin.<\/li>\n<li><strong>\u00d6zel Y\u00fczey Kaplamalar\u0131:<\/strong> \u00dcr\u00fcn\u00fc daha rahat tutabilmek i\u00e7in parmak izi b\u0131rakmayan bir katman veya yumu\u015fak dokulu bir y\u00fczey kaplamas\u0131 uygulayabilirsiniz.<\/li>\n<\/ol>","protected":false},"excerpt":{"rendered":"<p>Esansiyel ya\u011flar i\u00e7in do\u011fal tarzda tasarlanm\u0131\u015f cam damlal\u0131kl\u0131 \u015fi\u015feler. UV korumal\u0131 cam damlal\u0131kl\u0131 \u015fi\u015felerin toptan sat\u0131\u015f\u0131. \u00d6zel ah\u015fap kapaklar. \u00dccretsiz numuneler.<\/p>","protected":false},"featured_media":5815,"template":"","meta":{"postBodyCss":"","postBodyMargin":[],"postBodyPadding":[],"postBodyBackground":{"backgroundType":"classic","gradient":""}},"product_brand":[],"product_cat":[15,87,16],"product_tag":[],"class_list":{"0":"post-5807","1":"product","2":"type-product","3":"status-publish","4":"has-post-thumbnail","6":"product_cat-glass-containers","7":"product_cat-dropper-bottles","8":"product_cat-glass-bottles","10":"first","11":"instock","12":"shipping-taxable","13":"product-type-simple"},"jetpack_sharing_enabled":true,"_links":{"self":[{"href":"https:\/\/minghanggroup.com\/tr\/wp-json\/wp\/v2\/product\/5807","targetHints":{"allow":["GET"]}}],"collection":[{"href":"https:\/\/minghanggroup.com\/tr\/wp-json\/wp\/v2\/product"}],"about":[{"href":"https:\/\/minghanggroup.com\/tr\/wp-json\/wp\/v2\/types\/product"}],"wp:featuredmedia":[{"embeddable":true,"href":"https:\/\/minghanggroup.com\/tr\/wp-json\/wp\/v2\/media\/5815"}],"wp:attachment":[{"href":"https:\/\/minghanggroup.com\/tr\/wp-json\/wp\/v2\/media?parent=5807"}],"wp:term":[{"taxonomy":"product_brand","embeddable":true,"href":"https:\/\/minghanggroup.com\/tr\/wp-json\/wp\/v2\/product_brand?post=5807"},{"taxonomy":"product_cat","embeddable":true,"href":"https:\/\/minghanggroup.com\/tr\/wp-json\/wp\/v2\/product_cat?post=5807"},{"taxonomy":"product_tag","embeddable":true,"href":"https:\/\/minghanggroup.com\/tr\/wp-json\/wp\/v2\/product_tag?post=5807"}],"curies":[{"name":"wp","href":"https:\/\/api.w.org\/{rel}","templated":true}]}}