{"id":5798,"date":"2026-02-28T14:26:05","date_gmt":"2026-02-28T06:26:05","guid":{"rendered":"https:\/\/minghanggroup.com\/?post_type=product&#038;p=5798"},"modified":"2026-02-28T14:26:07","modified_gmt":"2026-02-28T06:26:07","slug":"pink-gradient-essential-oil-bottles-wholesale","status":"publish","type":"product","link":"https:\/\/minghanggroup.com\/tr\/urun\/pink-gradient-essential-oil-bottles-wholesale\/","title":{"rendered":"5 ml \u2013 100 ml Pembe Tonlu Esansiyel Ya\u011f \u015ei\u015feleri Toptan Sat\u0131\u015f"},"content":{"rendered":"<p>Esansiyel ya\u011f\u0131n\u0131z, performans\u0131 kadar iyi g\u00f6r\u00fcnen bir ambalaj\u0131 hak ediyor. Toptan sat\u0131\u015f\u0131n\u0131 yapt\u0131\u011f\u0131m\u0131z esansiyel ya\u011f \u015fi\u015felerimiz, modern esansiyel ya\u011f markalar\u0131 i\u00e7in m\u00fckemmel olan, \u015feffaftan a\u00e7\u0131k pembeye ge\u00e7i\u015f yapan yumu\u015fak pembe bir cama sahiptir. UV korumal\u0131 birinci s\u0131n\u0131f camdan \u00fcretilmi\u015f damlal\u0131kl\u0131 ya\u011f \u015fi\u015feleri. \u015ei\u015fe boyutu? 5 ml&#039;den (k\u00fc\u00e7\u00fck 1 oz numuneler) 100 ml&#039;ye kadar. Damlal\u0131k? Hassas cam damlal\u0131kl\u0131 \u015fi\u015fe tasar\u0131m\u0131. Esansiyel ya\u011f\u0131n\u0131z canl\u0131l\u0131\u011f\u0131n\u0131 korur.<\/p>\n<h2>\u00dcr\u00fcn \u00d6zellikleri<\/h2>\n<ul>\n<li><strong>Pembe Gradyan Kaplama:<\/strong> A\u00e7\u0131k pembeden yumu\u015fak pembeye uzanan ho\u015f renk efekti, \u00fcr\u00fcn\u00fc daha \u00e7ekici hale getiriyor ve piyasada \u00f6ne \u00e7\u0131kar\u0131yor.<\/li>\n<li><strong>Hassas Damlal\u0131k Sistemi:<\/strong> Bu cihaz, cam pipet ve yumu\u015fak kau\u00e7uk ampul ile donat\u0131lm\u0131\u015ft\u0131r; bu sayede s\u0131v\u0131 da\u011f\u0131t\u0131m\u0131 son derece hassas ve kolay kontrol edilebilir.<\/li>\n<li><strong>G\u00fcvenli Vidal\u0131 Boyun Tasar\u0131m\u0131:<\/strong> Bu tasar\u0131m \u00f6zelli\u011fi, kavanozun hava ge\u00e7irmez \u015fekilde kapanmas\u0131n\u0131 ve dolay\u0131s\u0131yla \u00fcr\u00fcn\u00fcn depolama ve ta\u015f\u0131ma s\u0131ras\u0131nda s\u0131zmas\u0131n\u0131 \u00f6nleyecektir.<\/li>\n<\/ul>\n<h2>Temel \u00d6zellikler<\/h2>\n<table style=\"border-collapse: collapse; width: 80%; margin-left: auto; margin-right: auto;\" border=\"0\" width=\"288\" cellspacing=\"0\" cellpadding=\"0\">\n<tbody>\n<tr style=\"height: 13.50pt;\">\n<td style=\"height: 13.5pt; width: 54pt; text-align: center;\" width=\"72\" height=\"18\">Kapasite(ml)<\/td>\n<td style=\"width: 54pt; text-align: center;\" width=\"72\">\u00d6l\u00e7\u00fcler (cm)<\/td>\n<td style=\"width: 54pt; text-align: center;\" width=\"72\">Renk<\/td>\n<td style=\"width: 54pt; text-align: center;\" width=\"72\">Damla Se\u00e7enekleri<\/td>\n<\/tr>\n<tr style=\"height: 13.50pt;\">\n<td style=\"height: 13.5pt; text-align: center;\" align=\"right\" height=\"18\">5<\/td>\n<td style=\"text-align: center;\">2.2 \u00d7 7.3<\/td>\n<td class=\"et2\" style=\"text-align: center;\" rowspan=\"7\">Gradyan Pembe<\/td>\n<td class=\"et2\" style=\"text-align: center;\" rowspan=\"7\">Pembe, Beyaz, Alt\u0131n\u2026<\/td>\n<\/tr>\n<tr style=\"height: 13.50pt;\">\n<td style=\"height: 13.5pt; text-align: center;\" align=\"right\" height=\"18\">10<\/td>\n<td style=\"text-align: center;\">2.5 \u00d7 8.1<\/td>\n<\/tr>\n<tr style=\"height: 13.50pt;\">\n<td style=\"height: 13.5pt; text-align: center;\" align=\"right\" height=\"18\">15<\/td>\n<td style=\"text-align: center;\">2.8 \u00d7 8.7<\/td>\n<\/tr>\n<tr style=\"height: 13.50pt;\">\n<td style=\"height: 13.5pt; text-align: center;\" align=\"right\" height=\"18\">20<\/td>\n<td style=\"text-align: center;\">2.8 \u00d7 9.4<\/td>\n<\/tr>\n<tr style=\"height: 13.50pt;\">\n<td style=\"height: 13.5pt; text-align: center;\" align=\"right\" height=\"18\">30<\/td>\n<td style=\"text-align: center;\">3.3 \u00d7 10.1<\/td>\n<\/tr>\n<tr style=\"height: 13.50pt;\">\n<td style=\"height: 13.5pt; text-align: center;\" align=\"right\" height=\"18\">50<\/td>\n<td style=\"text-align: center;\">3.6 \u00d7 11.3<\/td>\n<\/tr>\n<tr style=\"height: 13.50pt;\">\n<td style=\"height: 13.5pt; text-align: center;\" align=\"right\" height=\"18\">100<\/td>\n<td style=\"text-align: center;\">4.5 \u00d7 13.5<\/td>\n<\/tr>\n<\/tbody>\n<\/table>\n<h2>Ba\u015far\u0131 \u00d6rne\u011fi<\/h2>\n<p>Asya&#039;daki ba\u011f\u0131ms\u0131z cilt bak\u0131m markalar\u0131ndan biri, G\u00fcneydo\u011fu Asya&#039;daki gen\u00e7 kad\u0131n n\u00fcfusunu hedefleyen yeni bir ayd\u0131nlat\u0131c\u0131 serum serisini piyasaya s\u00fcrmek i\u00e7in 100 ml&#039;lik pembe degrade damlal\u0131kl\u0131 \u015fi\u015femizi kullanmaya karar verdi. Bask\u0131m\u0131z\u0131n daha dayan\u0131kl\u0131 olmas\u0131 i\u00e7in yapt\u0131\u011f\u0131m\u0131z bir di\u011fer \u015fey ise g\u00fcl alt\u0131n kaplama boyun, s\u0131cak damgal\u0131 logo bilgisi ve buzlu etiket paneli eklemek oldu.<\/p>\n<p>Yeni ambalaj\u0131n \u00e7evrimi\u00e7i olarak sat\u0131\u015fa sunulmas\u0131ndan alt\u0131 ay sonra, yani bir ay sonra, marka daha fazla sat\u0131\u015f yapt\u0131. M\u00fc\u015fteri, sonraki y\u0131l sekiz kez toplu sipari\u015f verdi.<\/p>\n<h2>\u00d6zelle\u015ftirme \u0130pu\u00e7lar\u0131<\/h2>\n<ol>\n<li><strong>Damlatma Ba\u015fl\u0131\u011f\u0131 Se\u00e7enekleri:<\/strong> \u00c7e\u015fitli renklerde (beyaz, pembe, siyah) silikon ampuller veya alt\u0131n, rose gold veya mat g\u00fcm\u00fc\u015f gibi metalik, kaplamal\u0131 yakalar se\u00e7ebilirsiniz.<\/li>\n<li><strong>Cam Y\u00fczey Se\u00e7imi:<\/strong> \u00dcr\u00fcn\u00fcn duyusal hissini ve l\u00fcks g\u00f6r\u00fcn\u00fcm\u00fcn\u00fc iyile\u015ftirmek i\u00e7in parlak, buzlu veya yumu\u015fak dokulu mat film uygulay\u0131n.<\/li>\n<li><strong>Kaz\u0131nm\u0131\u015f veya Kabartmal\u0131 Markalama:<\/strong> \u015e\u0131k ve l\u00fcks bir tarz i\u00e7in \u015fi\u015fenin alt k\u0131sm\u0131na veya \u00fcst k\u0131sm\u0131na kabartma marka logosunu i\u015fletebilirsiniz.<\/li>\n<\/ol>","protected":false},"excerpt":{"rendered":"<p>Fabrikam\u0131z toptan olarak u\u00e7ucu ya\u011f \u015fi\u015feleri sunmaktad\u0131r. Bu damlal\u0131kl\u0131 ya\u011f \u015fi\u015feleri do\u011frudan fabrikadan temin edilmekte olup, toplu sipari\u015flerde \u00f6zelle\u015ftirilebilir ve h\u0131zl\u0131 kargo imkan\u0131 sunulmaktad\u0131r.<\/p>","protected":false},"featured_media":5806,"template":"","meta":{"postBodyCss":"","postBodyMargin":[],"postBodyPadding":[],"postBodyBackground":{"backgroundType":"classic","gradient":""}},"product_brand":[],"product_cat":[15,87,16],"product_tag":[],"class_list":{"0":"post-5798","1":"product","2":"type-product","3":"status-publish","4":"has-post-thumbnail","6":"product_cat-glass-containers","7":"product_cat-dropper-bottles","8":"product_cat-glass-bottles","10":"first","11":"instock","12":"shipping-taxable","13":"product-type-simple"},"jetpack_sharing_enabled":true,"_links":{"self":[{"href":"https:\/\/minghanggroup.com\/tr\/wp-json\/wp\/v2\/product\/5798","targetHints":{"allow":["GET"]}}],"collection":[{"href":"https:\/\/minghanggroup.com\/tr\/wp-json\/wp\/v2\/product"}],"about":[{"href":"https:\/\/minghanggroup.com\/tr\/wp-json\/wp\/v2\/types\/product"}],"wp:featuredmedia":[{"embeddable":true,"href":"https:\/\/minghanggroup.com\/tr\/wp-json\/wp\/v2\/media\/5806"}],"wp:attachment":[{"href":"https:\/\/minghanggroup.com\/tr\/wp-json\/wp\/v2\/media?parent=5798"}],"wp:term":[{"taxonomy":"product_brand","embeddable":true,"href":"https:\/\/minghanggroup.com\/tr\/wp-json\/wp\/v2\/product_brand?post=5798"},{"taxonomy":"product_cat","embeddable":true,"href":"https:\/\/minghanggroup.com\/tr\/wp-json\/wp\/v2\/product_cat?post=5798"},{"taxonomy":"product_tag","embeddable":true,"href":"https:\/\/minghanggroup.com\/tr\/wp-json\/wp\/v2\/product_tag?post=5798"}],"curies":[{"name":"wp","href":"https:\/\/api.w.org\/{rel}","templated":true}]}}