{"id":5793,"date":"2026-02-28T11:33:41","date_gmt":"2026-02-28T03:33:41","guid":{"rendered":"https:\/\/minghanggroup.com\/?post_type=product&#038;p=5793"},"modified":"2026-02-28T13:52:14","modified_gmt":"2026-02-28T05:52:14","slug":"clear-glass-empty-dropper-bottles-with-lids-wholesale","status":"publish","type":"product","link":"https:\/\/minghanggroup.com\/tr\/urun\/clear-glass-empty-dropper-bottles-with-lids-wholesale\/","title":{"rendered":"20 ml, 30 ml, 50 ml \u015eeffaf Cam Bo\u015f Damlal\u0131kl\u0131 \u015ei\u015feler (Kapakl\u0131) Toptan Sat\u0131\u015f"},"content":{"rendered":"<p>Bu bo\u015f damlal\u0131kl\u0131 \u015fi\u015feler, silindirik \u015fekilli, yuvarlak tepeli ve metalik g\u00fcm\u00fc\u015f ve alt\u0131n renkli damlal\u0131kl\u0131 u\u00e7lar\u0131yla y\u00fcksek kaliteli, saf \u015feffaf camdan \u00fcretilmi\u015ftir ve \u015fi\u015felere \u015f\u0131k ve modern bir dokunu\u015f katmaktad\u0131r.<\/p>\n<h2>\u00dcr\u00fcn \u00d6zellikleri<\/h2>\n<ul>\n<li><strong>\u00c7a\u011fda\u015f Tasar\u0131m Stili:<\/strong> Temiz hatlar ve ultra \u015feffaf cam, modern ve \u015f\u0131k bir g\u00f6r\u00fcn\u00fcm kazand\u0131r\u0131yor.<\/li>\n<li><strong>\u00dcst\u00fcn Kalite Metal Kapaklar:<\/strong> Kapaklar vidal\u0131, basmal\u0131 ve damlal\u0131kl\u0131 olmak \u00fczere \u00fc\u00e7 farkl\u0131 \u00e7e\u015fitte olup, her birinin kendine \u00f6zg\u00fc ho\u015f bir dokusu vard\u0131r.<\/li>\n<li><strong>\u0130deal \u015eapka \u00d6l\u00e7\u00fcleri:<\/strong> \u00dc\u00e7 farkl\u0131 boyuttaki (20 ml, 30 ml, 50 ml) kapaklar, \u00e7o\u011fu serum, u\u00e7ucu ya\u011f ve tent\u00fcr i\u00e7in uygundur.<\/li>\n<\/ul>\n<h2 style=\"text-align: left;\">Temel \u00d6zellikler<\/h2>\n<table class=\"aligncenter\" style=\"border-collapse: collapse; width: 419.27pt;\" border=\"0\" width=\"559\" cellspacing=\"0\" cellpadding=\"0\">\n<tbody>\n<tr style=\"height: 13.50pt;\">\n<td style=\"height: 13.50pt; width: 115.50pt;\" width=\"154\" height=\"18\">\u015eartname<\/td>\n<td style=\"width: 303.75pt;\" width=\"405\">Detaylar<\/td>\n<\/tr>\n<tr style=\"height: 13.50pt;\">\n<td style=\"height: 13.50pt;\" height=\"18\">Kapasite<\/td>\n<td>20 ml, 30 ml, 50 ml<\/td>\n<\/tr>\n<tr style=\"height: 13.50pt;\">\n<td style=\"height: 13.50pt;\" height=\"18\">Boyutlar<\/td>\n<td>3,8\u00d79,8 cm ila 3,8\u00d712,1 cm (\u00c7ap \u00d7 Y\u00fckseklik)<\/td>\n<\/tr>\n<tr style=\"height: 13.50pt;\">\n<td style=\"height: 13.50pt;\" height=\"18\">Malzeme<\/td>\n<td>\u015eeffaf Cam, Silikon Ampul, Metal Kapaklar<\/td>\n<\/tr>\n<tr style=\"height: 13.50pt;\">\n<td style=\"height: 13.50pt;\" height=\"18\">\u015ei\u015fe \u015eekli<\/td>\n<td>Damlatma tertibatl\u0131 d\u00fcz kenarl\u0131 silindir<\/td>\n<\/tr>\n<tr style=\"height: 13.50pt;\">\n<td style=\"height: 13.50pt;\" height=\"18\">\u00d6zelle\u015ftirme Kapsam\u0131<\/td>\n<td>Kapaklar, Boyut, Renk, Y\u00fczey \u0130\u015flemi<\/td>\n<\/tr>\n<tr style=\"height: 13.50pt;\">\n<td style=\"height: 13.50pt;\" height=\"18\">\u0130\u015f\u00e7ilik<\/td>\n<td>Hassas Cam \u015eekillendirme, Cam Damlal\u0131k Montaj\u0131<\/td>\n<\/tr>\n<tr style=\"height: 13.50pt;\">\n<td style=\"height: 13.50pt;\" height=\"18\">\u00dcr\u00fcn Amac\u0131<\/td>\n<td>Toplu Damlal\u0131kl\u0131 \u015ei\u015feler, Tent\u00fcr \u015ei\u015feleri<\/td>\n<\/tr>\n<tr style=\"height: 13.50pt;\">\n<td style=\"height: 13.50pt;\" height=\"18\">Uygun Sekt\u00f6rler<\/td>\n<td>Cilt Bak\u0131m \u015eirketleri, Aromaterapi<\/td>\n<\/tr>\n<\/tbody>\n<\/table>\n<h2>Ba\u015far\u0131 \u00d6yk\u00fcs\u00fc: Kanadal\u0131 Bir Esansiyel Ya\u011f Kar\u0131\u015ft\u0131r\u0131c\u0131s\u0131n\u0131n \u0130mza Serisi<\/h2>\n<p>G\u00fcm\u00fc\u015f renkli basmal\u0131 d\u00fc\u011fmeli kapa\u011f\u0131 ve \u00f6zel serigrafi bask\u0131l\u0131 botanik etiketleri bulunan 30 ml&#039;lik bo\u015f damlal\u0131kl\u0131 \u015fi\u015felerimiz, Kanadal\u0131 bir u\u00e7ucu ya\u011f \u00fcreticisi taraf\u0131ndan sipari\u015f edildi. Hassas damlal\u0131k tasar\u0131m\u0131, kullan\u0131c\u0131n\u0131n her seferinde 2-3 damla damlatmas\u0131na olanak tan\u0131r ve bu da \u00fcr\u00fcnlerin raf \u00f6mr\u00fcn\u00fc art\u0131r\u0131r. 30 ml&#039;lik \u015fi\u015feler, en \u00fcnl\u00fc kar\u0131\u015f\u0131m u\u00e7ucu ya\u011flar\u0131 i\u00e7in idealdir. \u015eirket, Kuzey Amerika&#039;daki distrib\u00fct\u00f6r\u00fcn\u00fcn 18 ayl\u0131k tedarikini kar\u015f\u0131lamak amac\u0131yla 900.000 \u015fi\u015felik bir parti daha sipari\u015f etti.<\/p>\n<h2>Toplu Damlatma \u015ei\u015feleri \u00d6zelle\u015ftirme Se\u00e7enekleri<\/h2>\n<ul>\n<li>\u00d6zel Cam Renkleri: Kehribar tonlu cam \u015fi\u015feler, baz\u0131 vitaminler veya u\u00e7ucu ya\u011flar da dahil olmak \u00fczere \u0131\u015f\u0131\u011fa duyarl\u0131 maddeleri korumak i\u00e7in kullan\u0131l\u0131r.<\/li>\n<li>Kapak ve Damlal\u0131klar\u0131n \u00d6zel Renkleri: Kapak ve silikon ba\u015fl\u0131\u011f\u0131n renkleri, markan\u0131n kendi renkleriyle e\u015fle\u015ftirilebilir.<\/li>\n<li>Lazerle Kaz\u0131ma: Lazerle kaz\u0131ma, \u015fi\u015felerin etiketlerine (k\u00fc\u00e7\u00fck parti kodlar\u0131), marka logolar\u0131na veya QR kodlar\u0131na yap\u0131l\u0131r.<\/li>\n<\/ul>","protected":false},"excerpt":{"rendered":"<p>Toptan y\u00fcksek kaliteli bo\u015f damlal\u0131kl\u0131 \u015fi\u015feler. \u015e\u0131k silindirik tasar\u0131ma ve parlak kapaklara sahip cam damlal\u0131kl\u0131 \u015fi\u015felerimiz. Fabrikadan do\u011frudan sat\u0131\u015f, h\u0131zl\u0131 teslimat.<\/p>","protected":false},"featured_media":5800,"template":"","meta":{"postBodyCss":"","postBodyMargin":[],"postBodyPadding":[],"postBodyBackground":{"backgroundType":"classic","gradient":""}},"product_brand":[],"product_cat":[15,87,16],"product_tag":[],"class_list":{"0":"post-5793","1":"product","2":"type-product","3":"status-publish","4":"has-post-thumbnail","6":"product_cat-glass-containers","7":"product_cat-dropper-bottles","8":"product_cat-glass-bottles","10":"first","11":"instock","12":"shipping-taxable","13":"product-type-simple"},"jetpack_sharing_enabled":true,"_links":{"self":[{"href":"https:\/\/minghanggroup.com\/tr\/wp-json\/wp\/v2\/product\/5793","targetHints":{"allow":["GET"]}}],"collection":[{"href":"https:\/\/minghanggroup.com\/tr\/wp-json\/wp\/v2\/product"}],"about":[{"href":"https:\/\/minghanggroup.com\/tr\/wp-json\/wp\/v2\/types\/product"}],"wp:featuredmedia":[{"embeddable":true,"href":"https:\/\/minghanggroup.com\/tr\/wp-json\/wp\/v2\/media\/5800"}],"wp:attachment":[{"href":"https:\/\/minghanggroup.com\/tr\/wp-json\/wp\/v2\/media?parent=5793"}],"wp:term":[{"taxonomy":"product_brand","embeddable":true,"href":"https:\/\/minghanggroup.com\/tr\/wp-json\/wp\/v2\/product_brand?post=5793"},{"taxonomy":"product_cat","embeddable":true,"href":"https:\/\/minghanggroup.com\/tr\/wp-json\/wp\/v2\/product_cat?post=5793"},{"taxonomy":"product_tag","embeddable":true,"href":"https:\/\/minghanggroup.com\/tr\/wp-json\/wp\/v2\/product_tag?post=5793"}],"curies":[{"name":"wp","href":"https:\/\/api.w.org\/{rel}","templated":true}]}}