{"id":5788,"date":"2026-02-28T11:53:54","date_gmt":"2026-02-28T03:53:54","guid":{"rendered":"https:\/\/minghanggroup.com\/?post_type=product&#038;p=5788"},"modified":"2026-02-28T11:53:56","modified_gmt":"2026-02-28T03:53:56","slug":"custom-black-dropper-bottles-wholesale","status":"publish","type":"product","link":"https:\/\/minghanggroup.com\/tr\/urun\/custom-black-dropper-bottles-wholesale\/","title":{"rendered":"5 ml \u2013 100 ml \u00d6zel Tasar\u0131m Siyah Damlal\u0131kl\u0131 \u015ei\u015feler Toptan Sat\u0131\u015f"},"content":{"rendered":"<p>U\u00e7ucu ya\u011f \u015fi\u015felerinizin s\u0131zmas\u0131ndan veya g\u00fcne\u015fte solmas\u0131ndan b\u0131kt\u0131n\u0131z m\u0131? Siyah damlal\u0131kl\u0131 \u015fi\u015felerimiz bu sorunu art\u0131k \u00e7\u00f6z\u00fcyor. UV korumal\u0131 siyah damlal\u0131kl\u0131 \u015fi\u015feler, u\u00e7ucu ya\u011f\u0131n\u0131z\u0131 \u0131\u015f\u0131k hasar\u0131ndan korur. Birinci s\u0131n\u0131f camdan \u00fcretilmi\u015f cam damlal\u0131kl\u0131 \u015fi\u015fe tasar\u0131mlar\u0131; UV engelleme i\u00e7in siyah, s\u0131zd\u0131rmaz nakliye i\u00e7in y\u00fcksek kalite. U\u00e7ucu ya\u011f markan\u0131z i\u00e7in uygun ambalaj. \u015ei\u015fe boyutu? 5 ml&#039;den (1 oz numuneler i\u00e7in m\u00fckemmel) 100 ml&#039;ye kadar. Damlal\u0131k? Damlal\u0131kl\u0131 hassas cam \u015fi\u015feler. U\u00e7ucu ya\u011f\u0131n\u0131z taze kal\u0131r.<\/p>\n<h2>\u00dcr\u00fcn \u00d6zellikleri<\/h2>\n<ul>\n<li><strong>Tam UV Korumas\u0131:<\/strong> Siyah cam, zararl\u0131 UV \u0131\u015f\u0131nlar\u0131n\u0131n i\u00e7eri girmesini engeller; bu da u\u00e7ucu ya\u011flar\u0131n stabilitesinin korunmas\u0131 i\u00e7in \u015fartt\u0131r.<\/li>\n<li><strong>Hassas Da\u011f\u0131t\u0131m:<\/strong> Bu, damlal\u0131k i\u00e7eren cam bir \u015fi\u015fedir = \u00e7ok hassas dozajlama sa\u011flar. Art\u0131k tent\u00fcr veya u\u00e7ucu ya\u011f israf etmenize gerek yok.<\/li>\n<li><strong>Boyut De\u011fi\u015fkenli\u011fi:<\/strong> 5 ml&#039;lik \u015fi\u015feler k\u00fc\u00e7\u00fck kaplar i\u00e7in, 100 ml&#039;lik \u015fi\u015feler ise b\u00fcy\u00fck miktarlarda tedarik i\u00e7in uygundur. Bu boyut aral\u0131\u011f\u0131, her t\u00fcrl\u00fc u\u00e7ucu ya\u011f\u0131n ihtiyac\u0131n\u0131 tam olarak kar\u015f\u0131lar.<\/li>\n<\/ul>\n<h2>Temel \u00d6zellikler<\/h2>\n<table style=\"border-collapse: collapse; width: 80%; margin-left: auto; margin-right: auto;\" border=\"0\" width=\"288\" cellspacing=\"0\" cellpadding=\"0\">\n<tbody>\n<tr style=\"height: 13.50pt;\">\n<td style=\"height: 13.5pt; width: 54pt; text-align: center;\" width=\"72\" height=\"18\">Kapasite(ml)<\/td>\n<td style=\"width: 54pt; text-align: center;\" width=\"72\">\u00d6l\u00e7\u00fcler (cm)<\/td>\n<td style=\"width: 54pt; text-align: center;\" width=\"72\">Renk<\/td>\n<td style=\"width: 54pt; text-align: center;\" width=\"72\">Damla Se\u00e7enekleri<\/td>\n<\/tr>\n<tr style=\"height: 13.50pt;\">\n<td style=\"height: 13.5pt; text-align: center;\" align=\"right\" height=\"18\">5<\/td>\n<td style=\"text-align: center;\">2,2 \u00d7 7,2<\/td>\n<td class=\"et2\" style=\"text-align: center;\" rowspan=\"7\">Siyah<\/td>\n<td class=\"et2\" style=\"text-align: center;\" rowspan=\"7\">Standart \/ Renkli<\/td>\n<\/tr>\n<tr style=\"height: 13.50pt;\">\n<td style=\"height: 13.5pt; text-align: center;\" align=\"right\" height=\"18\">10<\/td>\n<td style=\"text-align: center;\">2,5 \u00d7 8,0<\/td>\n<\/tr>\n<tr style=\"height: 13.50pt;\">\n<td style=\"height: 13.5pt; text-align: center;\" align=\"right\" height=\"18\">15<\/td>\n<td style=\"text-align: center;\">2,8 \u00d7 8,2<\/td>\n<\/tr>\n<tr style=\"height: 13.50pt;\">\n<td style=\"height: 13.5pt; text-align: center;\" align=\"right\" height=\"18\">20<\/td>\n<td style=\"text-align: center;\">2,9 \u00d7 9,3<\/td>\n<\/tr>\n<tr style=\"height: 13.50pt;\">\n<td style=\"height: 13.5pt; text-align: center;\" align=\"right\" height=\"18\">30<\/td>\n<td style=\"text-align: center;\">3.3 \u00d7 10.1<\/td>\n<\/tr>\n<tr style=\"height: 13.50pt;\">\n<td style=\"height: 13.5pt; text-align: center;\" align=\"right\" height=\"18\">50<\/td>\n<td style=\"text-align: center;\">3,7 \u00d7 11,4<\/td>\n<\/tr>\n<tr style=\"height: 13.50pt;\">\n<td style=\"height: 13.5pt; text-align: center;\" align=\"right\" height=\"18\">100<\/td>\n<td style=\"text-align: center;\">4,4 \u00d7 13,5<\/td>\n<\/tr>\n<\/tbody>\n<\/table>\n<h2>Ba\u015far\u0131 \u00d6rne\u011fi<\/h2>\n<p>\u0130ngiltere merkezli, kendi markal\u0131 cilt bak\u0131m \u00fcr\u00fcnlerini \u00fcreten bir \u015firket, y\u00fcksek konsantrasyonlu C vitamini serum serisinin \u015fi\u015fe ambalaj\u0131n\u0131 50 ml&#039;lik siyah damlal\u0131kl\u0131 \u015fi\u015femizle de\u011fi\u015ftirmeye karar verdi. M\u00fc\u015fteri, daha iyi tutu\u015f sa\u011flayan mat siyah, oluklu bir kapak ve daha iyi marka tan\u0131n\u0131rl\u0131\u011f\u0131 i\u00e7in \u015fi\u015fe boynuna kabartma g\u00fcm\u00fc\u015f marka logosu tercih etti. Ayr\u0131ca \u00e7izilmeye kar\u015f\u0131 dayan\u0131kl\u0131 bir kaplama ve do\u011fru dozajlama i\u00e7in 1 ml&#039;lik dereceli cam damlal\u0131klar\u0131n \u00f6zelle\u015ftirilmesi de yap\u0131ld\u0131.<\/p>\n<p>Geli\u015ftirilmi\u015f ambalaj\u0131n piyasaya s\u00fcr\u00fclmesinden be\u015f ay sonra, m\u00fc\u015fteri \u00e7evrimi\u00e7i sat\u0131\u015f say\u0131s\u0131nda &#039;lik bir art\u0131\u015f kaydetti\u011fini belirtti. Sonraki y\u0131l, marka yedi b\u00fcy\u00fck miktarda stok sipari\u015fi verdi ve bu da y\u0131ll\u0131k sat\u0131n al\u0131mlar\u0131n oran\u0131nda artmas\u0131na yol a\u00e7t\u0131.<\/p>\n<h2>\u00d6zelle\u015ftirme \u0130pu\u00e7lar\u0131<\/h2>\n<ol>\n<li><strong>Yaka \u00dczerindeki Bitirme \u0130\u015flemi:<\/strong> Yaka Y\u00fczeylerinin \u00d6zelle\u015ftirilmesi: T\u00fcm al\u00fcminyum yakalar, m\u00fc\u015fterilerin tercihlerine uygun olarak mat, parlak ve f\u0131r\u00e7alanm\u0131\u015f y\u00fczey veya elektroliz kaplama (alt\u0131n, g\u00fcm\u00fc\u015f, rose gold vb.) ile tamamlanabilir.<\/li>\n<li><strong>Kurcalamaya Kar\u015f\u0131 Koruma, Belirgin Tasar\u0131m:<\/strong> \u0130lk \u00f6zellik, \u00fcr\u00fcn\u00fcn\u00fcz\u00fcn uyumluluk ve g\u00fcvenlik seviyesini art\u0131rmak i\u00e7in iste\u011fe ba\u011fl\u0131 olarak sunulan, kurcalamaya kar\u015f\u0131 koruyucu halka veya b\u00fczme band\u0131d\u0131r.<\/li>\n<li><strong>Y\u00fczey Kaplama Y\u00fckseltmesi:<\/strong> Matla\u015ft\u0131r\u0131c\u0131 sprey, yumu\u015fak, dokunmaya dayan\u0131kl\u0131 ve \u00e7izilmeye kar\u015f\u0131 diren\u00e7li bir y\u00fczey kaplamas\u0131 sa\u011flar; bu i\u015flem y\u00fczeye p\u00fcsk\u00fcrt\u00fclerek \u00fcr\u00fcn\u00fcn hem dokunma hissini hem de \u00f6mr\u00fcn\u00fc \u00f6nemli \u00f6l\u00e7\u00fcde art\u0131r\u0131r.<\/li>\n<\/ol>","protected":false},"excerpt":{"rendered":"<p>Esansiyel ya\u011flar i\u00e7in birinci s\u0131n\u0131f siyah damlal\u0131kl\u0131 \u015fi\u015feler. UV korumal\u0131 toptan damlal\u0131kl\u0131 \u015fi\u015feler. \u00d6zel renk se\u00e7enekleri. S\u0131z\u0131nt\u0131y\u0131 \u00f6nler. \u00dccretsiz numuneler. H\u0131zl\u0131 kargo.<\/p>","protected":false},"featured_media":5797,"template":"","meta":{"postBodyCss":"","postBodyMargin":[],"postBodyPadding":[],"postBodyBackground":{"backgroundType":"classic","gradient":""}},"product_brand":[],"product_cat":[15,87,16],"product_tag":[],"class_list":{"0":"post-5788","1":"product","2":"type-product","3":"status-publish","4":"has-post-thumbnail","6":"product_cat-glass-containers","7":"product_cat-dropper-bottles","8":"product_cat-glass-bottles","10":"first","11":"instock","12":"shipping-taxable","13":"product-type-simple"},"jetpack_sharing_enabled":true,"_links":{"self":[{"href":"https:\/\/minghanggroup.com\/tr\/wp-json\/wp\/v2\/product\/5788","targetHints":{"allow":["GET"]}}],"collection":[{"href":"https:\/\/minghanggroup.com\/tr\/wp-json\/wp\/v2\/product"}],"about":[{"href":"https:\/\/minghanggroup.com\/tr\/wp-json\/wp\/v2\/types\/product"}],"wp:featuredmedia":[{"embeddable":true,"href":"https:\/\/minghanggroup.com\/tr\/wp-json\/wp\/v2\/media\/5797"}],"wp:attachment":[{"href":"https:\/\/minghanggroup.com\/tr\/wp-json\/wp\/v2\/media?parent=5788"}],"wp:term":[{"taxonomy":"product_brand","embeddable":true,"href":"https:\/\/minghanggroup.com\/tr\/wp-json\/wp\/v2\/product_brand?post=5788"},{"taxonomy":"product_cat","embeddable":true,"href":"https:\/\/minghanggroup.com\/tr\/wp-json\/wp\/v2\/product_cat?post=5788"},{"taxonomy":"product_tag","embeddable":true,"href":"https:\/\/minghanggroup.com\/tr\/wp-json\/wp\/v2\/product_tag?post=5788"}],"curies":[{"name":"wp","href":"https:\/\/api.w.org\/{rel}","templated":true}]}}