{"id":5782,"date":"2026-02-28T09:04:02","date_gmt":"2026-02-28T01:04:02","guid":{"rendered":"https:\/\/minghanggroup.com\/?post_type=product&#038;p=5782"},"modified":"2026-02-28T16:39:44","modified_gmt":"2026-02-28T08:39:44","slug":"clear-glass-bottles-with-dropper-wholesale","status":"publish","type":"product","link":"https:\/\/minghanggroup.com\/tr\/urun\/clear-glass-bottles-with-dropper-wholesale\/","title":{"rendered":"5 ml \u2013 100 ml Damlal\u0131kl\u0131 \u015eeffaf Cam \u015ei\u015feler Toptan Sat\u0131\u015f"},"content":{"rendered":"<p>Damlal\u0131kl\u0131 cam \u015fi\u015feler, p\u00fcr\u00fczs\u00fcz ve zarif hatlara sahip, y\u00fcksek kaliteli, kristal berrakl\u0131\u011f\u0131nda cam g\u00f6vdeye sahiptir. Farkl\u0131 boyutlarda mevcuttur ve u\u00e7ucu ya\u011flar ve serumlar\u0131 paketlemek i\u00e7in alt\u0131n, g\u00fcm\u00fc\u015f, siyah ve ah\u015fap desenli \u015f\u0131k damlal\u0131kl\u0131 kapaklarla \u00fcretilmi\u015ftir.<\/p>\n<h2>\u00dcr\u00fcn \u00d6zellikleri<\/h2>\n<ul>\n<li><strong>Hassas damlatma sistemi:<\/strong> \u0130\u00e7ine yerle\u015ftirilmi\u015f damlal\u0131k ve ampul, s\u0131v\u0131y\u0131 kontroll\u00fc bir \u015fekilde salabilecek \u015fekilde tasarlanm\u0131\u015ft\u0131r.<\/li>\n<li><strong>Kapak Se\u00e7enekleri:<\/strong> Markan\u0131z\u0131n tarz\u0131na uygun olarak \u00e7ok \u00e7e\u015fitli kapak se\u00e7enekleri (alt\u0131n, g\u00fcm\u00fc\u015f, siyah, ah\u015fap desenli) aras\u0131ndan se\u00e7im yap\u0131n.<\/li>\n<li><strong>Ayarlanabilir \u015eapka Bedenleri:<\/strong> 5 ml ile 100 ml aras\u0131nda de\u011fi\u015fen ve numune boyutlar\u0131ndan b\u00fcy\u00fck boyutlu \u00fcr\u00fcnlere kadar \u00e7e\u015fitli ihtiya\u00e7lar\u0131 kar\u015f\u0131layacak \u015fekilde ayarlanabilen yedi farkl\u0131 boyut se\u00e7ene\u011fi mevcuttur.<\/li>\n<\/ul>\n<h2 style=\"text-align: left;\">Temel \u00d6zellikler<\/h2>\n<table class=\"aligncenter\" style=\"border-collapse: collapse; width: 419.27pt;\" border=\"0\" width=\"559\" cellspacing=\"0\" cellpadding=\"0\">\n<tbody>\n<tr style=\"height: 13.50pt;\">\n<td style=\"height: 13.50pt; width: 115.50pt;\" width=\"154\" height=\"18\">\u015eartname<\/td>\n<td style=\"width: 303.75pt;\" width=\"405\">Detaylar<\/td>\n<\/tr>\n<tr style=\"height: 13.50pt;\">\n<td style=\"height: 13.50pt;\" height=\"18\">Kapasite<\/td>\n<td>5 ml, 10 ml, 15 ml, 20 ml, 30 ml, 50 ml, 100 ml<\/td>\n<\/tr>\n<tr style=\"height: 13.50pt;\">\n<td style=\"height: 13.50pt;\" height=\"18\">Boyutlar<\/td>\n<td>2,2\u00d77,3 cm ile 4,5\u00d713,5 cm (\u00c7ap \u00d7 Y\u00fckseklik)<\/td>\n<\/tr>\n<tr style=\"height: 13.50pt;\">\n<td style=\"height: 13.50pt;\" height=\"18\">Malzeme<\/td>\n<td>\u015eeffaf Cam, Silikon Ampul<\/td>\n<\/tr>\n<tr style=\"height: 13.50pt;\">\n<td style=\"height: 13.50pt;\" height=\"18\">\u015ei\u015fe \u015eekli<\/td>\n<td>Damlatma tertibatl\u0131 silindir<\/td>\n<\/tr>\n<tr style=\"height: 13.50pt;\">\n<td style=\"height: 13.50pt;\" height=\"18\">\u00d6zelle\u015ftirme Kapsam\u0131<\/td>\n<td>Renk, Kapaklar, Y\u00fczey, Damlal\u0131k Ucu Tipi<\/td>\n<\/tr>\n<tr style=\"height: 13.50pt;\">\n<td style=\"height: 13.50pt;\" height=\"18\">\u0130\u015f\u00e7ilik<\/td>\n<td>Hassas Cam \u00dcfleme, Cam Damlal\u0131k Montaj\u0131<\/td>\n<\/tr>\n<tr style=\"height: 13.50pt;\">\n<td style=\"height: 13.50pt;\" height=\"18\">\u00dcr\u00fcn Amac\u0131<\/td>\n<td>Toptan Damlal\u0131kl\u0131 \u015ei\u015feler, Esansiyel Ya\u011f \u015ei\u015feleri<\/td>\n<\/tr>\n<tr style=\"height: 13.50pt;\">\n<td style=\"height: 13.50pt;\" height=\"18\">Uygun Sekt\u00f6rler<\/td>\n<td>Kozmetik Markalar\u0131, Cilt Bak\u0131m \u015eirketleri<\/td>\n<\/tr>\n<\/tbody>\n<\/table>\n<h2>Ba\u015far\u0131 \u00d6yk\u00fcs\u00fc: Koreli Serum Markas\u0131 Cilt Bak\u0131m \u00dcr\u00fcnlerini Duyurdu<\/h2>\n<p>Son derece pop\u00fcler bir Kore cilt bak\u0131m markas\u0131, damlal\u0131kl\u0131 30 ml&#039;lik cam \u015fi\u015felerimizi tercih etti ve alt\u0131n bask\u0131l\u0131 kapaklar ve sade serigrafi etiketlerle \u00fcr\u00fcnlerini sat\u0131\u015fa sundu. Serum \u015fi\u015fesi yar\u0131 saydam camdan yap\u0131lm\u0131\u015ft\u0131r; bu, serumun safl\u0131\u011f\u0131n\u0131 g\u00f6sterir ve t\u00fcketici g\u00fcvenini art\u0131r\u0131r. Hassas damlal\u0131k, tek seferde 0,5 ml damla \u00fcretebildi\u011fi i\u00e7in \u00fcr\u00fcn\u00fcn raf \u00f6mr\u00fcn\u00fc oran\u0131nda uzat\u0131r. Piyasadaki muazzam ilgi, markan\u0131n uluslararas\u0131 e-ticaret ve perakende pazarlar\u0131ndaki artan talebi kar\u015f\u0131lamak i\u00e7in 2 milyon \u015fi\u015fe daha sipari\u015f etmesine yol a\u00e7t\u0131.<\/p>\n<h2>Toptan Damlal\u0131k \u015ei\u015feleri \u00d6zelle\u015ftirme<\/h2>\n<ul>\n<li>Cam \u015fi\u015felerin renkleri: \u015eeffaf, kehribar veya kobalt mavisi renklerde mevcuttur; bu renkler UV korumas\u0131 sa\u011flamak veya marka tan\u0131t\u0131m\u0131 i\u00e7in kullan\u0131labilir.<\/li>\n<li>Buzlu\/Mat Y\u00fczeyler: Yumu\u015fak ve l\u00fcks bir dokunu\u015f elde etmek i\u00e7in cam \u015fi\u015felere buzlu bir y\u00fczey uygulay\u0131n.<\/li>\n<li>\u00d6l\u00e7\u00fcm dereceli damlal\u0131klar: Do\u011fru \u00f6l\u00e7\u00fcm yapmak i\u00e7in damlal\u0131klara \u00f6l\u00e7\u00fcm dereceleri ekleyin (\u00f6rne\u011fin 0,5 ml, 1 ml).<\/li>\n<\/ul>","protected":false},"excerpt":{"rendered":"<p>Stoklar\u0131m\u0131zda bulunan, farkl\u0131 boyutlarda toptan damlal\u0131kl\u0131 \u015fi\u015feler. Ya\u011flar ve tent\u00fcrler i\u00e7in damlal\u0131kl\u0131, y\u00fcksek \u015feffafl\u0131kta cam \u015fi\u015feler. \u00dccretsiz numune talep edin.<\/p>","protected":false},"featured_media":5784,"template":"","meta":{"postBodyCss":"","postBodyMargin":[],"postBodyPadding":[],"postBodyBackground":{"backgroundType":"classic","gradient":""}},"product_brand":[],"product_cat":[15,87,16],"product_tag":[],"class_list":{"0":"post-5782","1":"product","2":"type-product","3":"status-publish","4":"has-post-thumbnail","6":"product_cat-glass-containers","7":"product_cat-dropper-bottles","8":"product_cat-glass-bottles","10":"first","11":"instock","12":"shipping-taxable","13":"product-type-simple"},"jetpack_sharing_enabled":true,"_links":{"self":[{"href":"https:\/\/minghanggroup.com\/tr\/wp-json\/wp\/v2\/product\/5782","targetHints":{"allow":["GET"]}}],"collection":[{"href":"https:\/\/minghanggroup.com\/tr\/wp-json\/wp\/v2\/product"}],"about":[{"href":"https:\/\/minghanggroup.com\/tr\/wp-json\/wp\/v2\/types\/product"}],"wp:featuredmedia":[{"embeddable":true,"href":"https:\/\/minghanggroup.com\/tr\/wp-json\/wp\/v2\/media\/5784"}],"wp:attachment":[{"href":"https:\/\/minghanggroup.com\/tr\/wp-json\/wp\/v2\/media?parent=5782"}],"wp:term":[{"taxonomy":"product_brand","embeddable":true,"href":"https:\/\/minghanggroup.com\/tr\/wp-json\/wp\/v2\/product_brand?post=5782"},{"taxonomy":"product_cat","embeddable":true,"href":"https:\/\/minghanggroup.com\/tr\/wp-json\/wp\/v2\/product_cat?post=5782"},{"taxonomy":"product_tag","embeddable":true,"href":"https:\/\/minghanggroup.com\/tr\/wp-json\/wp\/v2\/product_tag?post=5782"}],"curies":[{"name":"wp","href":"https:\/\/api.w.org\/{rel}","templated":true}]}}