{"id":5777,"date":"2026-02-27T16:38:54","date_gmt":"2026-02-27T08:38:54","guid":{"rendered":"https:\/\/minghanggroup.com\/?post_type=product&#038;p=5777"},"modified":"2026-02-27T16:47:14","modified_gmt":"2026-02-27T08:47:14","slug":"amber-dropper-bottles-for-essential-oils-bulk","status":"publish","type":"product","link":"https:\/\/minghanggroup.com\/tr\/urun\/amber-dropper-bottles-for-essential-oils-bulk\/","title":{"rendered":"5 ml \u2013 100 ml aras\u0131 kehribar renkli damlal\u0131kl\u0131 u\u00e7ucu ya\u011f \u015fi\u015feleri (toptan sat\u0131\u015f)"},"content":{"rendered":"<p>Art\u0131k kehribar renkli damlal\u0131kl\u0131 \u015fi\u015felerimiz bu sorunu \u00e7\u00f6z\u00fcyor. UV korumal\u0131 kehribar camdan \u00fcretilmi\u015f u\u00e7ucu ya\u011f damlal\u0131kl\u0131 \u015fi\u015felerimiz, u\u00e7ucu ya\u011f\u0131n\u0131z\u0131n safl\u0131\u011f\u0131n\u0131 korur. Birinci s\u0131n\u0131f borosilikat camdan \u00fcretilen cam \u015fi\u015feler; UV korumas\u0131 i\u00e7in kehribar, g\u00f6r\u00fcn\u00fcrl\u00fck i\u00e7in \u015feffaf. U\u00e7ucu ya\u011f markan\u0131z i\u00e7in uygun ambalaj. \u015ei\u015fe boyutu? 5 ml&#039;den (1 oz&#039;luk numuneler i\u00e7in m\u00fckemmel) 100 ml&#039;ye kadar. Damlal\u0131k? Hassas cam damlal\u0131kl\u0131 \u015fi\u015fe tasar\u0131m\u0131. U\u00e7ucu ya\u011f\u0131n\u0131z taze kal\u0131r.<\/p>\n<h2>\u00dcr\u00fcn \u00d6zellikleri<\/h2>\n<ul>\n<li><strong>UV Koruma G\u00fcc\u00fc:<\/strong> Kehribar rengi cam, u\u00e7ucu ya\u011flar\u0131n stabilitesi i\u00e7in hayati \u00f6nem ta\u015f\u0131yan UV \u0131\u015f\u0131\u011f\u0131n\u0131 engeller. Solma ve bozulma olmaz.<\/li>\n<li><strong>Hassas Da\u011f\u0131t\u0131m:<\/strong> Damlal\u0131\u011f\u0131 olan cam damlal\u0131kl\u0131 \u015fi\u015fe, do\u011fru miktarda \u00fcr\u00fcn alman\u0131z\u0131 sa\u011flar. Art\u0131k tent\u00fcr veya u\u00e7ucu ya\u011f israf\u0131 yok.<\/li>\n<li><strong>Boyut Esnekli\u011fi:<\/strong> 5 ml&#039;lik roll-on \u015fi\u015feler ve kaplar, 100 ml&#039;lik ise toplu tedarik i\u00e7in mevcuttur. Boyut yelpazesi, her t\u00fcrl\u00fc u\u00e7ucu ya\u011f ihtiyac\u0131n\u0131 kar\u015f\u0131lar.<\/li>\n<\/ul>\n<h2>Temel \u00d6zellikler<\/h2>\n<table style=\"border-collapse: collapse; width: 80%; margin-left: auto; margin-right: auto;\" border=\"0\" width=\"288\" cellspacing=\"0\" cellpadding=\"0\">\n<tbody>\n<tr style=\"height: 13.50pt;\">\n<td style=\"height: 13.5pt; width: 54pt; text-align: center;\" width=\"72\" height=\"18\">Kapasite(ml)<\/td>\n<td style=\"width: 54pt; text-align: center;\" width=\"72\">\u00d6l\u00e7\u00fcler (cm)<\/td>\n<td style=\"width: 54pt; text-align: center;\" width=\"72\">Renk<\/td>\n<td style=\"width: 54pt; text-align: center;\" width=\"72\">Aksesuarlar<\/td>\n<\/tr>\n<tr style=\"height: 13.50pt;\">\n<td style=\"height: 13.5pt; text-align: center;\" align=\"right\" height=\"18\">5<\/td>\n<td style=\"text-align: center;\">2,2 \u00d7 5,0<\/td>\n<td class=\"et2\" style=\"text-align: center;\" rowspan=\"7\">Amber veya \u00d6zel<\/td>\n<td class=\"et2\" style=\"text-align: center;\" rowspan=\"7\">h\u0131rs\u0131zl\u0131\u011fa kar\u015f\u0131 koruma halkalar\u0131, elektrokaplama halkalar\u0131, \u00e7ok renkli damlal\u0131k u\u00e7lar\u0131<\/td>\n<\/tr>\n<tr style=\"height: 13.50pt;\">\n<td style=\"height: 13.5pt; text-align: center;\" align=\"right\" height=\"18\">10<\/td>\n<td style=\"text-align: center;\">2,5 \u00d7 5,8<\/td>\n<\/tr>\n<tr style=\"height: 13.50pt;\">\n<td style=\"height: 13.5pt; text-align: center;\" align=\"right\" height=\"18\">15<\/td>\n<td style=\"text-align: center;\">2,9 \u00d7 6,5<\/td>\n<\/tr>\n<tr style=\"height: 13.50pt;\">\n<td style=\"height: 13.5pt; text-align: center;\" align=\"right\" height=\"18\">20<\/td>\n<td style=\"text-align: center;\">2,9 \u00d7 7,1<\/td>\n<\/tr>\n<tr style=\"height: 13.50pt;\">\n<td style=\"height: 13.5pt; text-align: center;\" align=\"right\" height=\"18\">30<\/td>\n<td style=\"text-align: center;\">3,3 \u00d7 7,8<\/td>\n<\/tr>\n<tr style=\"height: 13.50pt;\">\n<td style=\"height: 13.5pt; text-align: center;\" align=\"right\" height=\"18\">50<\/td>\n<td style=\"text-align: center;\">3,7 \u00d7 9,2<\/td>\n<\/tr>\n<tr style=\"height: 13.50pt;\">\n<td style=\"height: 13.5pt; text-align: center;\" align=\"right\" height=\"18\">100<\/td>\n<td style=\"text-align: center;\">4,5 \u00d7 11,2<\/td>\n<\/tr>\n<\/tbody>\n<\/table>\n<h2>Ba\u015far\u0131 \u00d6rne\u011fi<\/h2>\n<p>Kanadal\u0131 bir do\u011fal cilt bak\u0131m \u015firketi, \u00fcst d\u00fczey y\u00fcz ya\u011f\u0131 markas\u0131n\u0131 yeniden piyasaya s\u00fcrmek i\u00e7in kehribar renkli cam damlal\u0131kl\u0131 \u015fi\u015felerimizi se\u00e7ti. G\u00f6rsel olarak farkl\u0131la\u015ft\u0131r\u0131c\u0131 \u00f6zellikler aras\u0131nda, alt\u0131n yald\u0131zl\u0131 al\u00fcminyum boyun halkas\u0131, mat siyah oluklu kapak (daha iyi tutu\u015f sa\u011flamak i\u00e7in), daha do\u011fru doz kontrol\u00fc i\u00e7in 0,25 ml&#039;lik \u00f6l\u00e7\u00fcm aral\u0131\u011f\u0131na sahip kalibrasyon cam damlal\u0131\u011f\u0131 ve serigrafi bask\u0131 yap\u0131\u015fmas\u0131n\u0131 art\u0131rmak i\u00e7in buzlu etiket paneli de yer almaktad\u0131r.<\/p>\n<p>Yeni ambalaj\u0131n piyasaya s\u00fcr\u00fclmesinin ard\u0131ndan, m\u00fc\u015fteri ilk iki \u00e7eyrekte sat\u0131\u015flar\u0131n artt\u0131\u011f\u0131n\u0131 ve bu art\u0131\u015f\u0131n b\u00fcy\u00fck \u00f6l\u00e7\u00fcde \u00fcr\u00fcnlerin tutarl\u0131l\u0131\u011f\u0131n\u0131n artmas\u0131 ve raflarda daha \u00fcst s\u0131ralarda yer almas\u0131ndan kaynakland\u0131\u011f\u0131n\u0131 belirtti. Marka, 10 ay i\u00e7inde alt\u0131 adet toplu tekrar sipari\u015fi verdi; bu da sat\u0131n alma hacminde bir \u00f6nceki y\u0131la g\u00f6re &#039;lik bir art\u0131\u015f anlam\u0131na geliyor.<\/p>\n<h2>\u00d6zelle\u015ftirme \u00d6nerileri<\/h2>\n<ol>\n<li><strong>Damla Y\u00fckseltmesi:<\/strong> S\u0131zd\u0131rmazl\u0131k i\u00e7in elektrolizle kaplanm\u0131\u015f kapaklar ekleyin. Damlatma ba\u015fl\u0131klar\u0131 i\u00e7in farkl\u0131 renk se\u00e7enekleri mevcuttur.<\/li>\n<li><strong>Toplu Al\u0131mlarda Tasarruf:<\/strong> Amber renkli damlal\u0131kl\u0131 \u015fi\u015feleri toplu olarak sat\u0131n al\u0131n ve \u00fccretsiz numunelerden ve kademeli fiyatland\u0131rmadan yararlan\u0131n.<\/li>\n<li><strong>UV Korumas\u0131:<\/strong> Ya\u011fl\u0131 kehribar cam, u\u00e7ucu ya\u011flar i\u00e7in harika bir do\u011fal UV filtresidir; art\u0131k u\u00e7ucu ya\u011flar\u0131n\u0131z\u0131n rengi solmayacak.<\/li>\n<\/ol>","protected":false},"excerpt":{"rendered":"<p>Esansiyel ya\u011flar i\u00e7in kehribar renkli damlal\u0131kl\u0131 \u015fi\u015feler. Toplu al\u0131m i\u00e7in UV korumal\u0131 esansiyel ya\u011f damlal\u0131kl\u0131 \u015fi\u015feler. \u00d6zel renkler. Fabrikadan do\u011frudan g\u00f6nderim. \u00dccretsiz numuneler.<\/p>","protected":false},"featured_media":5781,"template":"","meta":{"postBodyCss":"","postBodyMargin":[],"postBodyPadding":[],"postBodyBackground":{"backgroundType":"classic","gradient":""}},"product_brand":[],"product_cat":[15,87,16],"product_tag":[],"class_list":{"0":"post-5777","1":"product","2":"type-product","3":"status-publish","4":"has-post-thumbnail","6":"product_cat-glass-containers","7":"product_cat-dropper-bottles","8":"product_cat-glass-bottles","10":"first","11":"instock","12":"shipping-taxable","13":"product-type-simple"},"jetpack_sharing_enabled":true,"_links":{"self":[{"href":"https:\/\/minghanggroup.com\/tr\/wp-json\/wp\/v2\/product\/5777","targetHints":{"allow":["GET"]}}],"collection":[{"href":"https:\/\/minghanggroup.com\/tr\/wp-json\/wp\/v2\/product"}],"about":[{"href":"https:\/\/minghanggroup.com\/tr\/wp-json\/wp\/v2\/types\/product"}],"wp:featuredmedia":[{"embeddable":true,"href":"https:\/\/minghanggroup.com\/tr\/wp-json\/wp\/v2\/media\/5781"}],"wp:attachment":[{"href":"https:\/\/minghanggroup.com\/tr\/wp-json\/wp\/v2\/media?parent=5777"}],"wp:term":[{"taxonomy":"product_brand","embeddable":true,"href":"https:\/\/minghanggroup.com\/tr\/wp-json\/wp\/v2\/product_brand?post=5777"},{"taxonomy":"product_cat","embeddable":true,"href":"https:\/\/minghanggroup.com\/tr\/wp-json\/wp\/v2\/product_cat?post=5777"},{"taxonomy":"product_tag","embeddable":true,"href":"https:\/\/minghanggroup.com\/tr\/wp-json\/wp\/v2\/product_tag?post=5777"}],"curies":[{"name":"wp","href":"https:\/\/api.w.org\/{rel}","templated":true}]}}