{"id":5767,"date":"2026-02-27T15:09:42","date_gmt":"2026-02-27T07:09:42","guid":{"rendered":"https:\/\/minghanggroup.com\/?post_type=product&#038;p=5767"},"modified":"2026-04-14T10:26:24","modified_gmt":"2026-04-14T02:26:24","slug":"boston-small-syrup-bottles-with-vintage-design-bulk","status":"publish","type":"product","link":"https:\/\/minghanggroup.com\/tr\/urun\/boston-small-syrup-bottles-with-vintage-design-bulk\/","title":{"rendered":"15 ml \u2013 250 ml Boston K\u00fc\u00e7\u00fck \u015eurup \u015ei\u015feleri, Vintage Tasar\u0131ml\u0131, Toplu Sat\u0131\u015f"},"content":{"rendered":"<p>\u0130la\u00e7 ambalaj ihtiya\u00e7lar\u0131n\u0131z i\u00e7in ger\u00e7ekten i\u015fe yarayan, vintage tasar\u0131ml\u0131 k\u00fc\u00e7\u00fck \u015furup \u015fi\u015feleri \u00fcretiyoruz. Bu vintage \u015furup \u015fi\u015feleri, s\u0131v\u0131 ila\u00e7lar, \u015furuplar veya \u00f6z\u00fctler i\u00e7in ideal olan k\u00fc\u00e7\u00fck bir a\u011fza (2024 mm) sahiptir; d\u00f6k\u00fclmelere veya damlamalara veda edin. Kehribar rengi cam\u0131n sadece ilac\u0131 \u0131\u015f\u0131ktan korumakla kalmay\u0131p, eczane tedarik zincirinize klasik bir g\u00f6r\u00fcn\u00fcm kazand\u0131rmas\u0131ndan da \u00e7ok memnun kalacaks\u0131n\u0131z.<\/p>\n<h2>\u00dcr\u00fcn \u00d6zellikleri<\/h2>\n<ul>\n<li><strong>Klasik Boston Yuvarlak \u015eekli:<\/strong> Zamans\u0131z silindirik g\u00f6vde, yuvarlak omuzlar, kolayca tan\u0131nabilen profesyonel ve ambalaj stili.<\/li>\n<li><strong>Amber UV Korumal\u0131 Cam:<\/strong> I\u015f\u0131k maruziyetini \u00f6nemli \u00f6l\u00e7\u00fcde azaltarak, \u0131\u015f\u0131\u011fa duyarl\u0131 s\u0131v\u0131lar\u0131n b\u00fct\u00fcnl\u00fc\u011f\u00fcn\u00fc korur.<\/li>\n<li><strong>\u00c7oklu Kapasite Se\u00e7enekleri:<\/strong> Farkl\u0131 \u015furup, \u00f6z\u00fct veya \u00e7\u00f6zelti miktarlar\u0131na y\u00f6nelik ihtiya\u00e7lar\u0131 kar\u015f\u0131lamak \u00fczere \u00e7e\u015fitli boyut se\u00e7enekleri sunuyoruz.<\/li>\n<\/ul>\n<h2>Temel \u00d6zellikler<\/h2>\n<table style=\"border-collapse: collapse; width: 80%; margin-left: auto; margin-right: auto;\" border=\"0\" width=\"360\" cellspacing=\"0\" cellpadding=\"0\">\n<tbody>\n<tr style=\"height: 13.50pt;\">\n<td style=\"height: 13.5pt; width: 54pt; text-align: center;\" width=\"72\" height=\"18\">Kapasite (ml)<\/td>\n<td style=\"width: 54pt; text-align: center;\" width=\"72\">Boyut (cm)<\/td>\n<td style=\"width: 54pt; text-align: center;\" width=\"72\">Boyun \u00c7ap\u0131 (mm)<\/td>\n<td style=\"width: 54pt; text-align: center;\" width=\"72\">Renk<\/td>\n<td style=\"width: 54pt; text-align: center;\" width=\"72\">\u00d6zellik<\/td>\n<\/tr>\n<tr style=\"height: 13.50pt;\">\n<td style=\"height: 13.5pt; text-align: center;\" align=\"right\" height=\"18\">15<\/td>\n<td style=\"text-align: center;\">2,7 \u00d7 6,75<\/td>\n<td style=\"text-align: center;\" align=\"right\">28<\/td>\n<td class=\"et2\" style=\"text-align: center;\" rowspan=\"5\">Amber<\/td>\n<td class=\"et2\" style=\"text-align: center;\" rowspan=\"5\">Dar a\u011f\u0131z tasar\u0131m\u0131<\/td>\n<\/tr>\n<tr style=\"height: 13.50pt;\">\n<td style=\"height: 13.5pt; text-align: center;\" align=\"right\" height=\"18\">30<\/td>\n<td style=\"text-align: center;\">3,3 \u00d7 7,88<\/td>\n<td style=\"text-align: center;\" align=\"right\">20<\/td>\n<\/tr>\n<tr style=\"height: 13.50pt;\">\n<td style=\"height: 13.5pt; text-align: center;\" align=\"right\" height=\"18\">60<\/td>\n<td style=\"text-align: center;\">4,08 \u00d7 9,39<\/td>\n<td style=\"text-align: center;\" align=\"right\">20<\/td>\n<\/tr>\n<tr style=\"height: 13.50pt;\">\n<td style=\"height: 13.5pt; text-align: center;\" align=\"right\" height=\"18\">120<\/td>\n<td style=\"text-align: center;\">4,84 \u00d7 11,53<\/td>\n<td style=\"text-align: center;\" align=\"right\">22<\/td>\n<\/tr>\n<tr style=\"height: 13.50pt;\">\n<td style=\"height: 13.5pt; text-align: center;\" align=\"right\" height=\"18\">250<\/td>\n<td style=\"text-align: center;\">6,2 \u00d7 14,0<\/td>\n<td style=\"text-align: center;\" align=\"right\">24<\/td>\n<\/tr>\n<\/tbody>\n<\/table>\n<h2>Ba\u015far\u0131 \u00d6rne\u011fi<\/h2>\n<p>Boston&#039;da \u00fcretilen kehribar rengi 60 ml&#039;lik yuvarlak \u015furup \u015fi\u015felerimiz, aile \u015firketi olan bir bitkisel \u015furup markas\u0131 taraf\u0131ndan se\u00e7ildi. UV \u0131\u015f\u0131nlar\u0131na kar\u015f\u0131 daha iyi koruma sa\u011flamak i\u00e7in daha kal\u0131n kehribar rengi cam \u015fi\u015feler sipari\u015f ettiler ve do\u011fru \u00f6l\u00e7\u00fcm i\u00e7in alt k\u0131sm\u0131na kabartma hacim i\u015faretleri eklettiler. Ayr\u0131ca marka adlar\u0131n\u0131 g\u00fc\u00e7lendirmek i\u00e7in minimalist logolar\u0131n\u0131 cam \u015fi\u015felere serigrafi bask\u0131 y\u00f6ntemiyle bast\u0131lar ve ka\u011f\u0131t etiket yerine parti numaralar\u0131n\u0131 da \u015fi\u015felere bast\u0131rd\u0131lar.<\/p>\n<p>\u00d6zel \u015fi\u015fe kullan\u0131m\u0131ndaki de\u011fi\u015fikli\u011fin ard\u0131ndan marka, sevkiyat s\u0131z\u0131nt\u0131s\u0131 \u015fikayetlerinde &#039;lik bir azalma ve sa\u011fl\u0131k takviyesi ma\u011fazalar\u0131ndaki toptan tekrarlanan sat\u0131n al\u0131mlarda &#039;lik bir art\u0131\u015f kaydetti. Ayr\u0131ca, birka\u00e7 ard\u0131\u015f\u0131k \u00fcretim d\u00f6ng\u00fcs\u00fcnde de toplu sipari\u015f vermeye devam ettiler.<\/p>\n<h2>Size \u00d6zel \u0130pucu<\/h2>\n<ol>\n<li><strong>\u0130pek Bask\u0131, Serigrafi ve S\u0131cak Damgalama:<\/strong> Raflara \u00fcst d\u00fczey bir g\u00f6r\u00fcn\u00fcm kazand\u0131rmak i\u00e7in do\u011frudan bask\u0131, metalik s\u0131cak damgalama veya mat m\u00fcrekkep kaplama kullan\u0131l\u0131r.<\/li>\n<li><strong>Buzlu veya Mat Y\u00fczey Kaplamas\u0131:<\/strong> Buzlu bir y\u00fczey olu\u015fturma fikri, tutmay\u0131 kolayla\u015ft\u0131r\u0131r ve l\u00fcks ve se\u00e7kin bir g\u00f6r\u00fcn\u00fcm kazand\u0131r\u0131r.<\/li>\n<li><strong>\u00d6zel Ambalaj Setleri:<\/strong> Markan\u0131z\u0131n b\u00fct\u00fcnsel bir g\u00f6r\u00fcn\u00fcme sahip olmas\u0131 i\u00e7in \u00fcr\u00fcnlerinizi, ayn\u0131 renk tonunda kapaklar, damlal\u0131klar ve d\u0131\u015f ambalajlarla birlikte sunun.<\/li>\n<\/ol>","protected":false},"excerpt":{"rendered":"<p>Zamans\u0131z bir g\u00f6r\u00fcn\u00fcme sahip, dayan\u0131kl\u0131 k\u00fc\u00e7\u00fck kehribar renkli cam \u015furup \u015fi\u015feleri. Fabrikadan do\u011frudan temin edilebilen, toptan sat\u0131\u015f, \u00fccretsiz numuneler ve \u00f6zel boyut se\u00e7enekleriyle sunulan vintage \u015furup \u015fi\u015feleri.<\/p>","protected":false},"featured_media":5775,"template":"","meta":{"postBodyCss":"","postBodyMargin":[],"postBodyPadding":[],"postBodyBackground":{"backgroundType":"classic","gradient":""}},"product_brand":[],"product_cat":[15,86,16],"product_tag":[88,102,112],"class_list":{"0":"post-5767","1":"product","2":"type-product","3":"status-publish","4":"has-post-thumbnail","6":"product_cat-glass-containers","7":"product_cat-glass-medicine-bottles","8":"product_cat-glass-bottles","9":"product_tag-medicine-syrup-bottles","10":"product_tag-pharmaceutical-syrup-bottles","11":"product_tag-soap-dispensers","13":"first","14":"instock","15":"shipping-taxable","16":"product-type-simple"},"jetpack_sharing_enabled":true,"_links":{"self":[{"href":"https:\/\/minghanggroup.com\/tr\/wp-json\/wp\/v2\/product\/5767","targetHints":{"allow":["GET"]}}],"collection":[{"href":"https:\/\/minghanggroup.com\/tr\/wp-json\/wp\/v2\/product"}],"about":[{"href":"https:\/\/minghanggroup.com\/tr\/wp-json\/wp\/v2\/types\/product"}],"wp:featuredmedia":[{"embeddable":true,"href":"https:\/\/minghanggroup.com\/tr\/wp-json\/wp\/v2\/media\/5775"}],"wp:attachment":[{"href":"https:\/\/minghanggroup.com\/tr\/wp-json\/wp\/v2\/media?parent=5767"}],"wp:term":[{"taxonomy":"product_brand","embeddable":true,"href":"https:\/\/minghanggroup.com\/tr\/wp-json\/wp\/v2\/product_brand?post=5767"},{"taxonomy":"product_cat","embeddable":true,"href":"https:\/\/minghanggroup.com\/tr\/wp-json\/wp\/v2\/product_cat?post=5767"},{"taxonomy":"product_tag","embeddable":true,"href":"https:\/\/minghanggroup.com\/tr\/wp-json\/wp\/v2\/product_tag?post=5767"}],"curies":[{"name":"wp","href":"https:\/\/api.w.org\/{rel}","templated":true}]}}