{"id":5764,"date":"2026-02-27T11:51:14","date_gmt":"2026-02-27T03:51:14","guid":{"rendered":"https:\/\/minghanggroup.com\/?post_type=product&#038;p=5764"},"modified":"2026-04-14T10:25:02","modified_gmt":"2026-04-14T02:25:02","slug":"cobalt-blue-glass-empty-syrup-bottles-wholesale","status":"publish","type":"product","link":"https:\/\/minghanggroup.com\/tr\/urun\/cobalt-blue-glass-empty-syrup-bottles-wholesale\/","title":{"rendered":"15 ml \u2013 500 ml Kobalt Mavisi Cam Bo\u015f \u015eurup \u015ei\u015feleri Toptan Sat\u0131\u015f"},"content":{"rendered":"<p>\u015e\u0131k kobalt mavisi cam g\u00f6vdesi ve yuvarlak, p\u00fcr\u00fczs\u00fcz omuzlar\u0131 ile geleneksel silindirik \u015fekli ve dar, vidal\u0131 boynuyla bu tip bo\u015f \u015furup \u015fi\u015feleri, ila\u00e7 tedarik\u00e7ileri ve \u015furup \u00fcreticileri i\u00e7in uygundur.<\/p>\n<h2>\u00dcr\u00fcn \u00d6zellikleri<\/h2>\n<ul>\n<li><strong>M\u00fckemmel UV Korumas\u0131:<\/strong> Kobalt mavisi cam, insan g\u00f6z\u00fcne zararl\u0131 olan \u00e7e\u015fitli \u0131\u015f\u0131k dalga boylar\u0131 \u00fczerinde olumlu bir engelleme etkisine sahiptir.<\/li>\n<li><strong>Dengeli Silindirik Tasar\u0131m:<\/strong> Silindirik tasar\u0131m \u015fekli k\u0131sa ve geni\u015ftir, bu da onu \u00e7ok sa\u011flam k\u0131lar ve kullan\u0131c\u0131ya rahat ve g\u00fcvenli bir tutu\u015f sa\u011flar.<\/li>\n<li><strong>Kademeli Kapasiteler:<\/strong> \u00dcr\u00fcn boyutlar\u0131 a\u00e7\u0131s\u0131ndan alt\u0131 adet hassas hacim i\u015faretlemesi (15 ml&#039;den 500 ml&#039;ye) tam olarak uygundur.<\/li>\n<\/ul>\n<h2 style=\"text-align: left;\">Temel \u00d6zellikler<\/h2>\n<table class=\"aligncenter\" style=\"border-collapse: collapse; width: 444.77pt;\" border=\"0\" width=\"593\" cellspacing=\"0\" cellpadding=\"0\">\n<tbody>\n<tr style=\"height: 13.50pt;\">\n<td style=\"height: 13.50pt; width: 115.50pt;\" width=\"154\" height=\"18\">\u015eartname<\/td>\n<td style=\"width: 329.25pt;\" width=\"439\">Detaylar<\/td>\n<\/tr>\n<tr style=\"height: 13.50pt;\">\n<td style=\"height: 13.50pt;\" height=\"18\">Kapasite<\/td>\n<td>15 ml, 30 ml, 60 ml, 120 ml, 250 ml, 500 ml<\/td>\n<\/tr>\n<tr style=\"height: 13.50pt;\">\n<td style=\"height: 13.50pt;\" height=\"18\">Boyutlar<\/td>\n<td>2,5\u00d76,83 cm ile 7,46\u00d716,87 cm (\u00c7ap \u00d7 Y\u00fckseklik)<\/td>\n<\/tr>\n<tr style=\"height: 13.50pt;\">\n<td style=\"height: 13.50pt;\" height=\"18\">Malzeme<\/td>\n<td>Kobalt Mavisi, Farmas\u00f6tik S\u0131n\u0131f Cam<\/td>\n<\/tr>\n<tr style=\"height: 13.50pt;\">\n<td style=\"height: 13.50pt;\" height=\"18\">\u015ei\u015fe \u015eekli<\/td>\n<td>Yuvarlak omuzlu, k\u0131sa ve geni\u015f silindir<\/td>\n<\/tr>\n<tr style=\"height: 13.50pt;\">\n<td style=\"height: 13.50pt;\" height=\"18\">\u00d6zelle\u015ftirme Kapsam\u0131<\/td>\n<td>Boyut, Renk, Kapaklar, Y\u00fczey \u0130\u015flemi<\/td>\n<\/tr>\n<tr style=\"height: 13.50pt;\">\n<td style=\"height: 13.50pt;\" height=\"18\">\u0130\u015f\u00e7ilik<\/td>\n<td>Hassas Cam \u00dcfleme<\/td>\n<\/tr>\n<tr style=\"height: 13.50pt;\">\n<td style=\"height: 13.50pt;\" height=\"18\">\u00dcr\u00fcn Amac\u0131<\/td>\n<td>Toptan Cam \u015eurup \u015ei\u015feleri, \u015eurup \u0130\u00e7in Cam \u015ei\u015feler<\/td>\n<\/tr>\n<tr style=\"height: 13.50pt;\">\n<td style=\"height: 13.50pt;\" height=\"18\">Uygun Sekt\u00f6rler<\/td>\n<td>\u0130la\u00e7 \u00dcreticileri, Takviye Edici G\u0131da \u00dcreticileri<\/td>\n<\/tr>\n<\/tbody>\n<\/table>\n<h2>Ba\u015far\u0131 Hikayesi<\/h2>\n<p>Kaliforniya&#039;da bulunan \u00f6nde gelen bir besin takviyesi \u015firketi, kobalt mavisi 30 ml&#039;lik bo\u015f \u015furup \u015fi\u015felerimizi se\u00e7ti ve \u015fi\u015fe g\u00f6vdesine buzlu cam, etiketine ise alt\u0131n rengi serigrafi bask\u0131 uygulad\u0131. Sonu\u00e7lar etkileyiciydi: Kobalt mavisi cam \u015fi\u015fe, UV\/g\u00f6r\u00fcn\u00fcr \u0131\u015f\u0131\u011fa kar\u015f\u0131 &#039;dan fazla koruma sa\u011flayarak \u00fcr\u00fcn\u00fcn raf \u00f6mr\u00fcn\u00fc do\u011frudan oran\u0131nda art\u0131rd\u0131. Bu \u015f\u0131k ambalaj, daha \u00f6nce kullan\u0131lan \u015feffaf \u015fi\u015feye k\u0131yasla \u015fi\u015fenin perakende fiyat\u0131na oran\u0131nda katk\u0131 sa\u011flad\u0131. Yeni \u00fcr\u00fcn\u00fcn \u00e7evrimi\u00e7i d\u00f6n\u00fc\u015f\u00fcm oranlar\u0131 artt\u0131. Bu y\u00fcksek performans sonu\u00e7lar\u0131na dayanarak, 750.000 \u015fi\u015felik bir sipari\u015f daha verdiler.<\/p>\n<h2>Toptan Cam \u015eurup \u015ei\u015felerinin \u00d6zelle\u015ftirilmesi<\/h2>\n<ul>\n<li><strong>Buzlu veya mat y\u00fczey:<\/strong> Tamamen buzlu bir y\u00fczey, yumu\u015fak, g\u00f6steri\u015fli ve kurcalamaya kar\u015f\u0131 dayan\u0131kl\u0131 bir g\u00f6r\u00fcn\u00fcm kazand\u0131r\u0131r.<\/li>\n<li><strong>Damla tipi i\u00e7in \u00f6zel boyun:<\/strong> Bu, \u00f6zel y\u00fcksek hassasiyet gerektiren cam damlal\u0131k bile\u015fenlerine tam olarak oturacak \u015fekilde tasarlanm\u0131\u015f bir boyun di\u015flisidir.<\/li>\n<li><strong>\u00d6zel kapak kaplamalar\u0131:<\/strong> Mavi camla uyumlu kapak kaplamalar\u0131 aras\u0131nda mat g\u00fcm\u00fc\u015f, alt\u0131n veya beyaz se\u00e7enekleri sunulmaktad\u0131r.<\/li>\n<\/ul>","protected":false},"excerpt":{"rendered":"<p>Kobalt mavisi renkte \u00f6zel bo\u015f \u015furup \u015fi\u015feleri. Toptan cam \u015furup \u015fi\u015felerimiz, ila\u00e7 veya eczac\u0131l\u0131k i\u00e7in \u00e7e\u015fitli kapak se\u00e7eneklerini desteklemektedir. Profesyonel OEM deste\u011fi.<\/p>","protected":false},"featured_media":5769,"template":"","meta":{"postBodyCss":"","postBodyMargin":[],"postBodyPadding":[],"postBodyBackground":{"backgroundType":"classic","gradient":""}},"product_brand":[],"product_cat":[15,86,16],"product_tag":[88,102,112],"class_list":{"0":"post-5764","1":"product","2":"type-product","3":"status-publish","4":"has-post-thumbnail","6":"product_cat-glass-containers","7":"product_cat-glass-medicine-bottles","8":"product_cat-glass-bottles","9":"product_tag-medicine-syrup-bottles","10":"product_tag-pharmaceutical-syrup-bottles","11":"product_tag-soap-dispensers","13":"first","14":"instock","15":"shipping-taxable","16":"product-type-simple"},"jetpack_sharing_enabled":true,"_links":{"self":[{"href":"https:\/\/minghanggroup.com\/tr\/wp-json\/wp\/v2\/product\/5764","targetHints":{"allow":["GET"]}}],"collection":[{"href":"https:\/\/minghanggroup.com\/tr\/wp-json\/wp\/v2\/product"}],"about":[{"href":"https:\/\/minghanggroup.com\/tr\/wp-json\/wp\/v2\/types\/product"}],"wp:featuredmedia":[{"embeddable":true,"href":"https:\/\/minghanggroup.com\/tr\/wp-json\/wp\/v2\/media\/5769"}],"wp:attachment":[{"href":"https:\/\/minghanggroup.com\/tr\/wp-json\/wp\/v2\/media?parent=5764"}],"wp:term":[{"taxonomy":"product_brand","embeddable":true,"href":"https:\/\/minghanggroup.com\/tr\/wp-json\/wp\/v2\/product_brand?post=5764"},{"taxonomy":"product_cat","embeddable":true,"href":"https:\/\/minghanggroup.com\/tr\/wp-json\/wp\/v2\/product_cat?post=5764"},{"taxonomy":"product_tag","embeddable":true,"href":"https:\/\/minghanggroup.com\/tr\/wp-json\/wp\/v2\/product_tag?post=5764"}],"curies":[{"name":"wp","href":"https:\/\/api.w.org\/{rel}","templated":true}]}}