{"id":5758,"date":"2026-02-27T11:16:23","date_gmt":"2026-02-27T03:16:23","guid":{"rendered":"https:\/\/minghanggroup.com\/?post_type=product&#038;p=5758"},"modified":"2026-04-14T10:25:26","modified_gmt":"2026-04-14T02:25:26","slug":"pharmaceutical-glass-bottles-with-screw-neck-bulk","status":"publish","type":"product","link":"https:\/\/minghanggroup.com\/tr\/urun\/pharmaceutical-glass-bottles-with-screw-neck-bulk\/","title":{"rendered":"15 ml \u2013 1000 ml Vidal\u0131 Boyunlu \u0130la\u00e7 Ama\u00e7l\u0131 Cam \u015ei\u015feler (Toptan)"},"content":{"rendered":"<p>Bu cam ila\u00e7 \u015fi\u015feleri kehribar veya \u015feffaf renkte olup, geleneksel silindirik g\u00f6vdeye, yuvarlak omuzlara ve ince, d\u00fczg\u00fcn di\u015fli bir boyuna sahiptir. Profesyonel uygulamalar\u0131n t\u00fcm ihtiya\u00e7lar\u0131n\u0131 kar\u015f\u0131lamak \u00fczere yedi farkl\u0131 boyutta mevcuttur.<\/p>\n<h2>\u00dcr\u00fcn \u00d6zellikleri<\/h2>\n<ul>\n<li><strong>Malzeme Se\u00e7imi:<\/strong> \u00dcr\u00fcn i\u00e7eri\u011fine kolay eri\u015fim sa\u011flayan veya y\u00fcksek d\u00fczeyde UV korumas\u0131 sunan \u015feffaf veya kehribar renkli camdan \u00fcretilebilir.<\/li>\n<li><strong>Dengeli Silindirik G\u00f6vde:<\/strong> G\u00f6vdesi k\u0131sa ve yuvarlak oldu\u011fundan, montaj ve tutma s\u0131ras\u0131nda olduk\u00e7a stabildir.<\/li>\n<li><strong>G\u00fcvenli Koltuk:<\/strong> Standart di\u015fli boyun k\u0131sm\u0131, farkl\u0131 kapaklar\u0131 takmaya olanak tan\u0131yan geni\u015f bir \u00f6zelli\u011fe sahiptir ve bu da \u00e7ok g\u00fcvenli ve s\u0131zd\u0131rmaz bir conta sa\u011flar.<\/li>\n<\/ul>\n<h2 style=\"text-align: left;\">Temel \u00d6zellikler<\/h2>\n<table class=\"aligncenter\" style=\"border-collapse: collapse; width: 447.77pt;\" border=\"0\" width=\"597\" cellspacing=\"0\" cellpadding=\"0\">\n<tbody>\n<tr style=\"height: 13.50pt;\">\n<td style=\"height: 13.50pt; width: 115.50pt;\" width=\"154\" height=\"18\">\u015eartname<\/td>\n<td style=\"width: 332.25pt;\" width=\"443\">Detaylar<\/td>\n<\/tr>\n<tr style=\"height: 13.50pt;\">\n<td style=\"height: 13.50pt;\" height=\"18\">Kapasite<\/td>\n<td>15 ml, 30 ml, 60 ml, 120 ml, 250 ml, 500 ml, 1000 ml<\/td>\n<\/tr>\n<tr style=\"height: 13.50pt;\">\n<td style=\"height: 13.50pt;\" height=\"18\">Boyutlar<\/td>\n<td>2,5\u00d76,83 cm ile 9,45\u00d720,57 cm (\u00c7ap \u00d7 Y\u00fckseklik)<\/td>\n<\/tr>\n<tr style=\"height: 13.50pt;\">\n<td style=\"height: 13.50pt;\" height=\"18\">Malzeme<\/td>\n<td>\u015eeffaf veya Amber Renkli, Farmas\u00f6tik S\u0131n\u0131f Cam<\/td>\n<\/tr>\n<tr style=\"height: 13.50pt;\">\n<td style=\"height: 13.50pt;\" height=\"18\">\u015ei\u015fe \u015eekli<\/td>\n<td>Dar, di\u015fli boyunlu, k\u0131sa, geni\u015f silindir.<\/td>\n<\/tr>\n<tr style=\"height: 13.50pt;\">\n<td style=\"height: 13.50pt;\" height=\"18\">\u00d6zelle\u015ftirme Kapsam\u0131<\/td>\n<td>Renk, Y\u00fczey, Kapaklar, Boyut<\/td>\n<\/tr>\n<tr style=\"height: 13.50pt;\">\n<td style=\"height: 13.50pt;\" height=\"18\">\u0130\u015f\u00e7ilik<\/td>\n<td>A\u011f\u0131r Hizmet ve Sa\u011flam Yap\u0131lar i\u00e7in Hassas Cam \u00dcfleme<\/td>\n<\/tr>\n<tr style=\"height: 13.50pt;\">\n<td style=\"height: 13.50pt;\" height=\"18\">\u00dcr\u00fcn Amac\u0131<\/td>\n<td>Cam \u015ei\u015fe \u015eurup, A\u011f\u0131zdan Al\u0131nan S\u0131v\u0131 \u015ei\u015feleri<\/td>\n<\/tr>\n<tr style=\"height: 13.50pt;\">\n<td style=\"height: 13.50pt;\" height=\"18\">Uygun Sekt\u00f6rler<\/td>\n<td>\u0130la\u00e7 \u00dcreticileri, \u0130la\u00e7 Haz\u0131rlama Eczaneleri<\/td>\n<\/tr>\n<\/tbody>\n<\/table>\n<h2>Ba\u015far\u0131 \u00d6yk\u00fcs\u00fc: Bir Eczanenin \u00d6zel \u00dcr\u00fcn Serisi<\/h2>\n<p>Amerika Birle\u015fik Devletleri&#039;nin do\u011fusundaki b\u00fcy\u00fck eczanelerden biri, bitkisel tent\u00fcr markas\u0131 geli\u015ftirdi. 60 ml&#039;lik kehribar renkli cam \u015fi\u015fedeki \u015furubumuzu se\u00e7tiler ve \u015fi\u015fenin buzlu g\u00f6vdesini ve etiketini serigrafi bask\u0131 y\u00f6ntemiyle \u00f6zelle\u015ftirdiler. Kehribar renkli cam \u015fi\u015fe, \u0131\u015f\u0131\u011f\u0131 engelleyerek tent\u00fcr\u00fcn \u00f6mr\u00fcn\u00fc yar\u0131 yar\u0131ya uzat\u0131yor. 60 ml&#039;lik kapasite bir ay yetecek kadar. Eczanenin sundu\u011fu \u00fcr\u00fcn serisinin ba\u015far\u0131s\u0131, 18 ay boyunca 20 ma\u011fazas\u0131na tedarik sa\u011flayabilmek i\u00e7in 1,5 milyon \u015fi\u015fe daha sipari\u015f etmelerine yol a\u00e7t\u0131.<\/p>\n<h2>\u0130la\u00e7 Cam \u015ei\u015felerinin \u00d6zelle\u015ftirilmesi<\/h2>\n<ul>\n<li>Ki\u015fiselle\u015ftirilmi\u015f Cam Renkleri: M\u00fc\u015fterilerimize \u015feffaf\/kehribar renginin yan\u0131 s\u0131ra kobalt mavisi, ye\u015fil veya di\u011fer UV \u0131\u015f\u0131nlar\u0131na dayan\u0131kl\u0131 \u00f6zel cam renkleri de sunabiliyoruz.<\/li>\n<li>Re\u00e7eteleme Kapaklar\u0131: Dahili re\u00e7eteleme kapaklar\u0131, her bas\u0131\u015fta do\u011fru miktarda (\u00f6rne\u011fin 5 ml) ila\u00e7 verilmesini sa\u011flar.<\/li>\n<li>Geni\u015f A\u011f\u0131zl\u0131 Tasar\u0131m: Konsantre \u00fcr\u00fcnleri ta\u015f\u0131mak veya doldurmak i\u00e7in kolayca tutulabilmeleri amac\u0131yla geni\u015f a\u011f\u0131zl\u0131 modeller mevcuttur.<\/li>\n<li>Kurcalamaya Kar\u015f\u0131 Korumal\u0131 Boyun Halkas\u0131: Ek g\u00fcvenlik sa\u011flamak i\u00e7in kapa\u011f\u0131n alt\u0131na delikli veya ince bir plastik halka yerle\u015ftirilmi\u015ftir.<\/li>\n<\/ul>","protected":false},"excerpt":{"rendered":"<p>\u015eeffaf ve kehribar renkli cam ila\u00e7 \u015fi\u015feleri. Bu cam \u015furup \u015fi\u015feleri, g\u00fcvenli ve hava ge\u00e7irmez bir s\u0131zd\u0131rmazl\u0131k i\u00e7in vidal\u0131 dar bir boyuna sahiptir. H\u0131zl\u0131 kargo!<\/p>","protected":false},"featured_media":5763,"template":"","meta":{"postBodyCss":"","postBodyMargin":[],"postBodyPadding":[],"postBodyBackground":{"backgroundType":"classic","gradient":""}},"product_brand":[],"product_cat":[15,86,16],"product_tag":[88,102,112],"class_list":{"0":"post-5758","1":"product","2":"type-product","3":"status-publish","4":"has-post-thumbnail","6":"product_cat-glass-containers","7":"product_cat-glass-medicine-bottles","8":"product_cat-glass-bottles","9":"product_tag-medicine-syrup-bottles","10":"product_tag-pharmaceutical-syrup-bottles","11":"product_tag-soap-dispensers","13":"first","14":"instock","15":"shipping-taxable","16":"product-type-simple"},"jetpack_sharing_enabled":true,"_links":{"self":[{"href":"https:\/\/minghanggroup.com\/tr\/wp-json\/wp\/v2\/product\/5758","targetHints":{"allow":["GET"]}}],"collection":[{"href":"https:\/\/minghanggroup.com\/tr\/wp-json\/wp\/v2\/product"}],"about":[{"href":"https:\/\/minghanggroup.com\/tr\/wp-json\/wp\/v2\/types\/product"}],"wp:featuredmedia":[{"embeddable":true,"href":"https:\/\/minghanggroup.com\/tr\/wp-json\/wp\/v2\/media\/5763"}],"wp:attachment":[{"href":"https:\/\/minghanggroup.com\/tr\/wp-json\/wp\/v2\/media?parent=5758"}],"wp:term":[{"taxonomy":"product_brand","embeddable":true,"href":"https:\/\/minghanggroup.com\/tr\/wp-json\/wp\/v2\/product_brand?post=5758"},{"taxonomy":"product_cat","embeddable":true,"href":"https:\/\/minghanggroup.com\/tr\/wp-json\/wp\/v2\/product_cat?post=5758"},{"taxonomy":"product_tag","embeddable":true,"href":"https:\/\/minghanggroup.com\/tr\/wp-json\/wp\/v2\/product_tag?post=5758"}],"curies":[{"name":"wp","href":"https:\/\/api.w.org\/{rel}","templated":true}]}}