{"id":5749,"date":"2026-02-27T10:42:39","date_gmt":"2026-02-27T02:42:39","guid":{"rendered":"https:\/\/minghanggroup.com\/?post_type=product&#038;p=5749"},"modified":"2026-03-02T13:22:37","modified_gmt":"2026-03-02T05:22:37","slug":"wide-mouth-glass-pharmaceutical-bottles-bulk","status":"publish","type":"product","link":"https:\/\/minghanggroup.com\/tr\/urun\/wide-mouth-glass-pharmaceutical-bottles-bulk\/","title":{"rendered":"60 ml \u2013 500 ml Geni\u015f A\u011f\u0131zl\u0131 Cam \u0130la\u00e7 \u015ei\u015feleri (Toptan)"},"content":{"rendered":"<p>\u0130la\u00e7 ve hap ihtiya\u00e7lar\u0131n\u0131z i\u00e7in \u00f6zel olarak tasarlanm\u0131\u015f cam ila\u00e7 \u015fi\u015feleri \u00fcretiyoruz. Bu ila\u00e7 \u015fi\u015feleri, kaps\u00fcl, hap veya ila\u00e7lar\u0131n kolayca doldurulmas\u0131n\u0131 sa\u011flayan geni\u015f bir a\u011fza (50 mm&#039;ye kadar) sahiptir; art\u0131k k\u00fc\u00e7\u00fck a\u00e7\u0131kl\u0131klarla u\u011fra\u015fman\u0131za gerek yok. Re\u00e7ete \u015fi\u015feleri, vitamin kaplar\u0131 veya d\u00fczenleyici sistemler i\u00e7in m\u00fckemmel olan bu \u015fi\u015feler, g\u00fcvenilirlik talep eden eczaneler, toptan tedarik\u00e7iler ve \u00f6zel \u00fcretim ortaklar\u0131 i\u00e7in \u00fcretilmi\u015ftir.<\/p>\n<h2>\u00dcr\u00fcn \u00d6zellikleri<\/h2>\n<ul>\n<li><strong>Geni\u015f, A\u011f\u0131zdan Eri\u015fim:<\/strong> Kaps\u00fclleri veya haplar\u0131 d\u00f6kmeden, sadece birka\u00e7 saniye i\u00e7inde kolayca yerle\u015ftirin.<\/li>\n<li><strong>UV Koruyucu Renk:<\/strong> Kehribar ve mavi cam \u015fi\u015felerimiz, ila\u00e7lar\u0131 \u0131\u015f\u0131k kaynakl\u0131 bozulmadan korumak i\u00e7in harika bir \u00e7\u00f6z\u00fcmd\u00fcr.<\/li>\n<li><strong>G\u00fcvenli Vidal\u0131 Kapak:<\/strong> S\u0131zd\u0131rmaz vidal\u0131 kapak sayesinde ila\u00e7lar\u0131n\u0131z\u0131n tazeli\u011fini koruyun.<\/li>\n<\/ul>\n<h2>Temel \u00d6zellikler<\/h2>\n<table style=\"border-collapse: collapse; width: 80%; margin-left: auto; margin-right: auto;\" border=\"0\" width=\"360\" cellspacing=\"0\" cellpadding=\"0\">\n<tbody>\n<tr style=\"height: 13.50pt;\">\n<td style=\"height: 13.5pt; width: 54pt; text-align: center;\" width=\"72\" height=\"18\">Kapasite (ml)<\/td>\n<td style=\"width: 54pt; text-align: center;\" width=\"72\">Boyut (cm)<\/td>\n<td style=\"width: 54pt; text-align: center;\" width=\"72\">\u0130\u00e7 \/ D\u0131\u015f \u00c7ap (mm)<\/td>\n<td style=\"width: 54pt; text-align: center;\" width=\"72\">Renkler<\/td>\n<td style=\"width: 54pt; text-align: center;\" width=\"72\">\u00d6zellik<\/td>\n<\/tr>\n<tr style=\"height: 13.50pt;\">\n<td style=\"height: 13.5pt; text-align: center;\" align=\"right\" height=\"18\">60<\/td>\n<td style=\"text-align: center;\">4,45 \u00d7 7,55<\/td>\n<td class=\"et2\" style=\"text-align: center;\" rowspan=\"2\">28 \/ 34<\/td>\n<td class=\"et2\" style=\"text-align: center;\" rowspan=\"10\">Amber, Mavi<\/td>\n<td class=\"et2\" style=\"text-align: center;\" rowspan=\"10\">Geni\u015f a\u011f\u0131zl\u0131, kaps\u00fcl veya tabletler i\u00e7in uygundur.<\/td>\n<\/tr>\n<tr style=\"height: 13.50pt;\">\n<td style=\"height: 13.5pt; text-align: center;\" align=\"right\" height=\"18\">75<\/td>\n<td style=\"text-align: center;\">4,53 \u00d7 8,25<\/td>\n<\/tr>\n<tr style=\"height: 13.50pt;\">\n<td style=\"height: 13.5pt; text-align: center;\" align=\"right\" height=\"18\">100<\/td>\n<td style=\"text-align: center;\">5.0 \u00d7 8.75<\/td>\n<td class=\"et2\" style=\"text-align: center;\" rowspan=\"3\">34 \/ 40<\/td>\n<\/tr>\n<tr style=\"height: 13.50pt;\">\n<td style=\"height: 13.5pt; text-align: center;\" align=\"right\" height=\"18\">120<\/td>\n<td style=\"text-align: center;\">5,28 \u00d7 9,5<\/td>\n<\/tr>\n<tr style=\"height: 13.50pt;\">\n<td style=\"height: 13.5pt; text-align: center;\" align=\"right\" height=\"18\">150<\/td>\n<td style=\"text-align: center;\">5,6 \u00d7 10,0<\/td>\n<\/tr>\n<tr style=\"height: 13.50pt;\">\n<td style=\"height: 13.5pt; text-align: center;\" align=\"right\" height=\"18\">200<\/td>\n<td style=\"text-align: center;\">6,14 \u00d7 10,95<\/td>\n<td class=\"et2\" style=\"text-align: center;\" rowspan=\"2\">D\u0131\u015f: 42<\/td>\n<\/tr>\n<tr style=\"height: 13.50pt;\">\n<td style=\"height: 13.5pt; text-align: center;\" align=\"right\" height=\"18\">250<\/td>\n<td style=\"text-align: center;\">6,53 \u00d7 11,75<\/td>\n<\/tr>\n<tr style=\"height: 13.50pt;\">\n<td style=\"height: 13.5pt; text-align: center;\" align=\"right\" height=\"18\">300<\/td>\n<td style=\"text-align: center;\">6,82 \u00d7 12,65<\/td>\n<td class=\"et2\" style=\"text-align: center;\" rowspan=\"2\">42 \/ 50<\/td>\n<\/tr>\n<tr style=\"height: 13.50pt;\">\n<td style=\"height: 13.5pt; text-align: center;\" align=\"right\" height=\"18\">400<\/td>\n<td style=\"text-align: center;\">7,47 \u00d7 13,65<\/td>\n<\/tr>\n<tr style=\"height: 13.50pt;\">\n<td style=\"height: 13.5pt; text-align: center;\" align=\"right\" height=\"18\">500<\/td>\n<td style=\"text-align: center;\">8.0 \u00d7 14.7<\/td>\n<td style=\"text-align: center;\">D\u0131\u015f: 50<\/td>\n<\/tr>\n<\/tbody>\n<\/table>\n<h2>Ba\u015far\u0131 \u00d6rne\u011fi<\/h2>\n<p>Avustralya&#039;da yerel bir besin takviyesi \u015firketi, y\u00fcksek kaliteli bitkisel bazl\u0131 tablet \u00fcr\u00fcn serisini paketlemek i\u00e7in 120 ml&#039;lik geni\u015f a\u011f\u0131zl\u0131 cam ila\u00e7 \u015fi\u015felerimizi kullanmaya karar verdi. \u015ei\u015felerin alt k\u0131sm\u0131na kabartmal\u0131 hacim i\u015faretleri, mat siyah bir kapak \u00fczerine g\u00fcm\u00fc\u015f logolar\u0131n\u0131n s\u0131cak bask\u0131 y\u00f6ntemiyle bas\u0131lmas\u0131 ve yap\u0131\u015fkan etiketlerin nemli perakende ortamlar\u0131ndan etkilenmemesi i\u00e7in buzlu bir etiket paneli kullanmaya karar verdiler.<\/p>\n<p>Yeniden paketleme i\u015fleminden sonra, m\u00fc\u015fteri alt\u0131 ay i\u00e7inde sat\u0131\u015flar\u0131n artt\u0131\u011f\u0131n\u0131 ve m\u00fc\u015fteri tekrar sat\u0131n al\u0131mlar\u0131n\u0131n da iyile\u015fti\u011fini belirtti. Bu durum, sonraki y\u0131l i\u00e7inde cam ila\u00e7 \u015fi\u015felerinin birka\u00e7 kez daha sat\u0131n al\u0131nmas\u0131na yol a\u00e7t\u0131.<\/p>\n<h2>Ki\u015fiselle\u015ftirme \u0130pucunuz<\/h2>\n<ol>\n<li><strong>Kabartma veya \u00c7ukur Bask\u0131 Markalama:<\/strong> \u00dcr\u00fcn\u00fcn kal\u0131c\u0131 marka kimli\u011fi olacak \u015fekilde \u015fi\u015feye kabartma veya oyma logo veya metin eklemeyi d\u00fc\u015f\u00fcn\u00fcn. Bu, yaln\u0131zca l\u00fcks bir g\u00f6r\u00fcn\u00fcm sa\u011flamakla kalmaz, ayn\u0131 zamanda marka bilinirli\u011fini de art\u0131rabilir.<\/li>\n<li><strong>\u00d6zel Kapasite \u0130\u015faretlemeleri:<\/strong> Hacmi kolayca belirlemek ve kullan\u0131c\u0131lar\u0131n \u00fcr\u00fcnle daha fazla \u0622\u0634\u0646\u0627 olmas\u0131n\u0131 sa\u011flamak i\u00e7in, kal\u0131plama veya bask\u0131 \u015feklinde kapasite i\u015faretleyicileri kullanmay\u0131 d\u00fc\u015f\u00fcn\u00fcn.<\/li>\n<li><strong>\u015eapka Tasar\u0131m\u0131 ve \u00d6zelle\u015ftirme:<\/strong> Markan\u0131za benzersiz bir kimlik kazand\u0131rmak i\u00e7in \u00e7ok \u00e7e\u015fitli kapak renkleri, malzemeler aras\u0131ndan se\u00e7im yapabilir, hatta kapaklara \u00f6zel kabartma veya s\u0131cak bask\u0131 ekleyebilirsiniz.<\/li>\n<\/ol>","protected":false},"excerpt":{"rendered":"<p>Toptan cam ila\u00e7 saklama \u015fi\u015feleri. Geni\u015f a\u011f\u0131zl\u0131, kehribar\/mavi renkli ila\u00e7 \u015fi\u015feleri. \u00d6zel etiket ve kapak se\u00e7enekleri. G\u00fcvenilir \u00fcretici.<\/p>","protected":false},"featured_media":5757,"template":"","meta":{"postBodyCss":"","postBodyMargin":[],"postBodyPadding":[],"postBodyBackground":{"backgroundType":"classic","gradient":""}},"product_brand":[],"product_cat":[15,86,16],"product_tag":[89],"class_list":{"0":"post-5749","1":"product","2":"type-product","3":"status-publish","4":"has-post-thumbnail","6":"product_cat-glass-containers","7":"product_cat-glass-medicine-bottles","8":"product_cat-glass-bottles","9":"product_tag-glass-pill-bottles","11":"first","12":"instock","13":"shipping-taxable","14":"product-type-simple"},"jetpack_sharing_enabled":true,"_links":{"self":[{"href":"https:\/\/minghanggroup.com\/tr\/wp-json\/wp\/v2\/product\/5749","targetHints":{"allow":["GET"]}}],"collection":[{"href":"https:\/\/minghanggroup.com\/tr\/wp-json\/wp\/v2\/product"}],"about":[{"href":"https:\/\/minghanggroup.com\/tr\/wp-json\/wp\/v2\/types\/product"}],"wp:featuredmedia":[{"embeddable":true,"href":"https:\/\/minghanggroup.com\/tr\/wp-json\/wp\/v2\/media\/5757"}],"wp:attachment":[{"href":"https:\/\/minghanggroup.com\/tr\/wp-json\/wp\/v2\/media?parent=5749"}],"wp:term":[{"taxonomy":"product_brand","embeddable":true,"href":"https:\/\/minghanggroup.com\/tr\/wp-json\/wp\/v2\/product_brand?post=5749"},{"taxonomy":"product_cat","embeddable":true,"href":"https:\/\/minghanggroup.com\/tr\/wp-json\/wp\/v2\/product_cat?post=5749"},{"taxonomy":"product_tag","embeddable":true,"href":"https:\/\/minghanggroup.com\/tr\/wp-json\/wp\/v2\/product_tag?post=5749"}],"curies":[{"name":"wp","href":"https:\/\/api.w.org\/{rel}","templated":true}]}}