{"id":5747,"date":"2026-02-27T09:17:59","date_gmt":"2026-02-27T01:17:59","guid":{"rendered":"https:\/\/minghanggroup.com\/?post_type=product&#038;p=5747"},"modified":"2026-03-02T15:48:25","modified_gmt":"2026-03-02T07:48:25","slug":"amber-pharmaceutical-bottles-for-syrup-bulk","status":"publish","type":"product","link":"https:\/\/minghanggroup.com\/tr\/urun\/amber-pharmaceutical-bottles-for-syrup-bulk\/","title":{"rendered":"30 ml \u2013 500 ml Amber Renkli \u015eurup \u015ei\u015feleri (Toptan Sat\u0131\u015f \u0130\u00e7in)"},"content":{"rendered":"<p>Bu ila\u00e7 \u015fi\u015feleri, UV korumas\u0131 sayesinde \u0131\u015f\u0131\u011fa duyarl\u0131 s\u0131v\u0131lar i\u00e7in m\u00fckemmel koruma sa\u011flayan, koyu kehribar rengi camdan yap\u0131lm\u0131\u015f, eskitilmi\u015f, yuvarlak oval bir \u015fekle sahiptir. Vidal\u0131 boyun k\u0131sm\u0131 dard\u0131r ve \u015fi\u015fenin s\u0131k\u0131ca kapanmas\u0131n\u0131 sa\u011flar. \u00c7e\u015fitli ihtiya\u00e7lara uygun farkl\u0131 boyutlarda mevcuttur.<\/p>\n<h2>\u00dcr\u00fcn \u00d6zellikleri<\/h2>\n<ul>\n<li><strong>Daha Fazla I\u015f\u0131k Korumas\u0131:<\/strong> Amber renkli cam, \u0131\u015f\u0131\u011fa duyarl\u0131 bile\u015fenlerin etkinli\u011fini ve stabilitesini korudu\u011fu i\u00e7in bu bile\u015fenler i\u00e7in iyi bir koruma sa\u011flar.<\/li>\n<li><strong>G\u00fcvenli Vidal\u0131 Boyun:<\/strong> Standart di\u015fli, uyumlu kapak \u00e7e\u015fitleriyle g\u00fcvenli bir s\u0131zd\u0131rmazl\u0131k sa\u011flar.<\/li>\n<li><strong>\u00c7e\u015fitli Boyutlar:<\/strong> \u00dcr\u00fcn, gereken hacim ve dozaja ba\u011fl\u0131 olarak dokuz farkl\u0131 boyutta (30 ml&#039;den 500 ml&#039;ye kadar) mevcuttur.<\/li>\n<\/ul>\n<h2 style=\"text-align: left;\">Temel \u00d6zellikler<\/h2>\n<table class=\"aligncenter\" style=\"border-collapse: collapse; width: 447.77pt;\" border=\"0\" width=\"597\" cellspacing=\"0\" cellpadding=\"0\">\n<tbody>\n<tr style=\"height: 13.50pt;\">\n<td style=\"height: 13.50pt; width: 115.50pt;\" width=\"154\" height=\"18\">\u015eartname<\/td>\n<td style=\"width: 332.25pt;\" width=\"443\">Detaylar<\/td>\n<\/tr>\n<tr style=\"height: 13.50pt;\">\n<td style=\"height: 13.50pt;\" height=\"18\">Kapasite<\/td>\n<td>30 ml, 60 ml, 100 ml, 125 ml, 150 ml, 200 ml, 250 ml, 300 ml, 500 ml<\/td>\n<\/tr>\n<tr style=\"height: 13.50pt;\">\n<td style=\"height: 13.50pt;\" height=\"18\">Boyutlar<\/td>\n<td>3,5\u00d76,7 cm ile 7,68\u00d717,68 cm (\u00c7ap \u00d7 Y\u00fckseklik)<\/td>\n<\/tr>\n<tr style=\"height: 13.50pt;\">\n<td style=\"height: 13.50pt;\" height=\"18\">Malzeme<\/td>\n<td>Amber, Farmas\u00f6tik S\u0131n\u0131f Cam<\/td>\n<\/tr>\n<tr style=\"height: 13.50pt;\">\n<td style=\"height: 13.50pt;\" height=\"18\">\u015ei\u015fe \u015eekli<\/td>\n<td>Dar, di\u015fli boyunlu d\u00fcz silindir<\/td>\n<\/tr>\n<tr style=\"height: 13.50pt;\">\n<td style=\"height: 13.50pt;\" height=\"18\">\u00d6zelle\u015ftirme Kapsam\u0131<\/td>\n<td>Renk, \u015eekil, Boyut, Kapaklar<\/td>\n<\/tr>\n<tr style=\"height: 13.50pt;\">\n<td style=\"height: 13.50pt;\" height=\"18\">\u0130\u015f\u00e7ilik<\/td>\n<td>Hassas Cam \u00dcfleme, UV Korumas\u0131<\/td>\n<\/tr>\n<tr style=\"height: 13.50pt;\">\n<td style=\"height: 13.50pt;\" height=\"18\">\u00dcr\u00fcn Amac\u0131<\/td>\n<td>\u015euruplar ve Bitkisel Tent\u00fcrler i\u00e7in \u0130la\u00e7 \u015ei\u015feleri<\/td>\n<\/tr>\n<tr style=\"height: 13.50pt;\">\n<td style=\"height: 13.50pt;\" height=\"18\">Uygun Sekt\u00f6rler<\/td>\n<td>\u0130la\u00e7 \u00dcreticileri, Besin Takviyesi \u015eirketleri<\/td>\n<\/tr>\n<\/tbody>\n<\/table>\n<h2>Ba\u015far\u0131 \u00d6yk\u00fcs\u00fc: Orta Bat\u0131&#039;da Kurulan Bir Takviye \u00dcr\u00fcnleri \u015eirketinin Yeni \u00dcr\u00fcn Serisi<\/h2>\n<p>Orta Bat\u0131&#039;da s\u0131v\u0131 D vitamini ve m\u00fcrver \u015furubu sunan takviye \u015firketlerinden biri yeni bir \u00fcr\u00fcn serisi piyasaya s\u00fcrd\u00fc. \u015eurup i\u00e7in 125 ml&#039;lik kehribar renkli \u015fi\u015felerimizi, \u00fczerine serigraf bask\u0131l\u0131 dozaj tablosunu ve \u00e7ocuk kilidi bulunan kapaklar\u0131 tercih ettiler. Kehribar renkli cam \u015fi\u015feler ,5 UV korumas\u0131 sa\u011flayarak \u00fcr\u00fcn\u00fcn stabilitesini daha uzun s\u00fcre uzat\u0131yor. 30 g\u00fcnl\u00fck kullan\u0131m i\u00e7in 125 ml&#039;lik hacim tam ideal. \u00dcr\u00fcn b\u00fcy\u00fck bir ba\u015far\u0131 elde etti ve \u015firket, \u00f6n\u00fcm\u00fczdeki iki y\u0131l i\u00e7inde b\u00fcy\u00fcyen perakende a\u011f\u0131n\u0131n talebini kar\u015f\u0131lamak i\u00e7in 3 milyon \u015fi\u015fe daha sipari\u015f verdi.<\/p>\n<h2>\u0130la\u00e7 \u015ei\u015feleri \u00d6zelle\u015ftirme<\/h2>\n<ul>\n<li>\u00d6zel Amber Rengi: Amber, a\u00e7\u0131k bal renginden koyu kahverengi tonuna kadar \u00fcretilebilir.<\/li>\n<li>Kapak Sistemi: Mevcut kapaklar: damlal\u0131kl\u0131 kapaklar, da\u011f\u0131t\u0131m kapaklar\u0131, damlal\u0131kl\u0131 kapaklar veya p\u00fcsk\u00fcrtme pompalar\u0131.<\/li>\n<li>Dokunsal Etiketleme: Eri\u015filebilirlik gereksinimlerini kar\u015f\u0131lamak i\u00e7in \u015fi\u015fe \u00fczerine Braille alfabesi veya di\u011fer belirgin dokunsal detaylar ekleyin.<\/li>\n<li>Serigrafi Bask\u0131: Do\u011frudan dozaj talimatlar\u0131, etiketler veya ila\u00e7 sembolleri bas\u0131l\u0131r.<\/li>\n<\/ul>","protected":false},"excerpt":{"rendered":"<p>\u015eurup ve ila\u00e7 \u015fi\u015feleri i\u00e7in kehribar renkli, vidal\u0131 kapakl\u0131 \u015fi\u015feler dokuz farkl\u0131 boyutta mevcuttur ve \u0131\u015f\u0131\u011fa duyarl\u0131 ila\u00e7lar\u0131n ambalajlanmas\u0131 i\u00e7in idealdir. \u00dccretsiz numuneler.<\/p>","protected":false},"featured_media":5751,"template":"","meta":{"postBodyCss":"","postBodyMargin":[],"postBodyPadding":[],"postBodyBackground":{"backgroundType":"classic","gradient":""}},"product_brand":[],"product_cat":[15,86,16],"product_tag":[88,102],"class_list":{"0":"post-5747","1":"product","2":"type-product","3":"status-publish","4":"has-post-thumbnail","6":"product_cat-glass-containers","7":"product_cat-glass-medicine-bottles","8":"product_cat-glass-bottles","9":"product_tag-medicine-syrup-bottles","10":"product_tag-pharmaceutical-syrup-bottles","12":"first","13":"instock","14":"shipping-taxable","15":"product-type-simple"},"jetpack_sharing_enabled":true,"_links":{"self":[{"href":"https:\/\/minghanggroup.com\/tr\/wp-json\/wp\/v2\/product\/5747","targetHints":{"allow":["GET"]}}],"collection":[{"href":"https:\/\/minghanggroup.com\/tr\/wp-json\/wp\/v2\/product"}],"about":[{"href":"https:\/\/minghanggroup.com\/tr\/wp-json\/wp\/v2\/types\/product"}],"wp:featuredmedia":[{"embeddable":true,"href":"https:\/\/minghanggroup.com\/tr\/wp-json\/wp\/v2\/media\/5751"}],"wp:attachment":[{"href":"https:\/\/minghanggroup.com\/tr\/wp-json\/wp\/v2\/media?parent=5747"}],"wp:term":[{"taxonomy":"product_brand","embeddable":true,"href":"https:\/\/minghanggroup.com\/tr\/wp-json\/wp\/v2\/product_brand?post=5747"},{"taxonomy":"product_cat","embeddable":true,"href":"https:\/\/minghanggroup.com\/tr\/wp-json\/wp\/v2\/product_cat?post=5747"},{"taxonomy":"product_tag","embeddable":true,"href":"https:\/\/minghanggroup.com\/tr\/wp-json\/wp\/v2\/product_tag?post=5747"}],"curies":[{"name":"wp","href":"https:\/\/api.w.org\/{rel}","templated":true}]}}