{"id":5742,"date":"2026-02-26T16:41:30","date_gmt":"2026-02-26T08:41:30","guid":{"rendered":"https:\/\/minghanggroup.com\/?post_type=product&#038;p=5742"},"modified":"2026-03-02T15:53:39","modified_gmt":"2026-03-02T07:53:39","slug":"glass-wide-mouth-reagent-bottles-wholesale","status":"publish","type":"product","link":"https:\/\/minghanggroup.com\/tr\/urun\/glass-wide-mouth-reagent-bottles-wholesale\/","title":{"rendered":"30 ml \u2013 1000 ml Geni\u015f A\u011f\u0131zl\u0131 Cam Reaktif \u015ei\u015feleri Toptan Sat\u0131\u015f"},"content":{"rendered":"<p>Sadece tozlar\u0131 saklam\u0131yorsunuz, ara\u015ft\u0131rmalar\u0131n\u0131z\u0131 da koruyorsunuz. Geni\u015f a\u011f\u0131zl\u0131 reaktif \u015fi\u015felerimiz, toz d\u00f6k\u00fclmelerini tamamen ortadan kald\u0131r\u0131yor. Amber renkli reaktif \u015fi\u015fe se\u00e7enekleri, \u0131\u015f\u0131\u011fa duyarl\u0131 kat\u0131 maddeleri korur. \u015eeffaf borosilikat camdan \u00fcretilmi\u015f, g\u00f6r\u00fcn\u00fcrl\u00fc\u011f\u00fc art\u0131ran ve UV korumas\u0131 sa\u011flayan amber renkli cam \u015fi\u015feler. Laboratuvar\u0131n\u0131z i\u00e7in uygun farmas\u00f6tik ambalaj. \u015ei\u015fe boyutu? 30 ml&#039;den (k\u00fc\u00e7\u00fck dozlar) 1000 ml&#039;ye kadar. Kapak? G\u00fcvenli vidal\u0131 kapaklar. \u0130lac\u0131n\u0131z veya reaktifiniz saf kal\u0131r.<\/p>\n<h2>\u00dcr\u00fcn \u00d6zellikleri<\/h2>\n<ul>\n<li><strong>Geni\u015f A\u011f\u0131z Tasar\u0131m\u0131:<\/strong> Geni\u015f a\u011fz\u0131 sayesinde doldurmas\u0131, bo\u015faltmas\u0131 ve temizlemesi kolayd\u0131r; kat\u0131 reaktifler, tozlar ve gran\u00fcller i\u00e7in m\u00fckemmeldir.<\/li>\n<li><strong>M\u00fckemmel S\u0131zd\u0131rmazl\u0131k Performans\u0131:<\/strong> Kavanozlar, kirlenmeyi ve nem giri\u015fini etkili bir \u015fekilde \u00f6nlemek i\u00e7in \u00f6\u011f\u00fct\u00fclm\u00fc\u015f cam t\u0131palar veya g\u00fcvenli kapaklarla kapat\u0131labilir.<\/li>\n<li><strong>\u00c7oklu Kapasite Se\u00e7enekleri:<\/strong> Laboratuvar, ara\u015ft\u0131rma ve end\u00fcstriyel depolama ihtiya\u00e7lar\u0131n\u0131 kar\u015f\u0131lamak \u00fczere farkl\u0131 boyutlarda mevcuttur.<\/li>\n<\/ul>\n<h2>Temel \u00d6zellikler<\/h2>\n<table style=\"border-collapse: collapse; width: 80%; margin-left: auto; margin-right: auto;\" border=\"0\" width=\"360\" cellspacing=\"0\" cellpadding=\"0\">\n<tbody>\n<tr style=\"height: 13.50pt;\">\n<td style=\"height: 13.5pt; width: 54pt; text-align: center;\" width=\"72\" height=\"18\">Kapasite (ml)<\/td>\n<td style=\"width: 54pt; text-align: center;\" width=\"72\">Boyut (cm)<\/td>\n<td style=\"width: 54pt; text-align: center;\" width=\"72\">\u0130\u00e7 \/ D\u0131\u015f \u00c7aplar (mm)<\/td>\n<td style=\"width: 54pt; text-align: center;\" width=\"72\">Renk<\/td>\n<td style=\"width: 54pt; text-align: center;\" width=\"72\">\u00d6zellikler<\/td>\n<\/tr>\n<tr style=\"height: 13.50pt;\">\n<td style=\"height: 13.5pt; text-align: center;\" align=\"right\" height=\"18\">30<\/td>\n<td style=\"text-align: center;\">3,95 \u00d7 7,6<\/td>\n<td class=\"et2\" style=\"text-align: center;\">30.0 \/ 32<\/td>\n<td class=\"et2\" style=\"text-align: center;\" rowspan=\"6\">\u015eeffaf\/Kehribar<\/td>\n<td class=\"et2\" style=\"text-align: center;\" rowspan=\"6\">Geni\u015f a\u011f\u0131z<\/td>\n<\/tr>\n<tr style=\"height: 13.50pt;\">\n<td style=\"height: 13.5pt; text-align: center;\" align=\"right\" height=\"18\">60<\/td>\n<td style=\"text-align: center;\">4,47 \u00d7 9,27<\/td>\n<td class=\"et2\" style=\"text-align: center;\">27.0 \/ 35<\/td>\n<\/tr>\n<tr style=\"height: 13.50pt;\">\n<td style=\"height: 13.5pt; text-align: center;\" align=\"right\" height=\"18\">125<\/td>\n<td style=\"text-align: center;\">5,41 \u00d7 11,0<\/td>\n<td class=\"et2\" style=\"text-align: center;\">38.0 \/ 43<\/td>\n<\/tr>\n<tr style=\"height: 13.50pt;\">\n<td style=\"height: 13.5pt; text-align: center;\" align=\"right\" height=\"18\">250<\/td>\n<td style=\"text-align: center;\">6,65 \u00d7 16,63<\/td>\n<td class=\"et2\" style=\"text-align: center;\">42.0 \/ 50<\/td>\n<\/tr>\n<tr style=\"height: 13.50pt;\">\n<td style=\"height: 13.5pt; text-align: center;\" align=\"right\" height=\"18\">500<\/td>\n<td style=\"text-align: center;\">8,22 \u00d7 17,6<\/td>\n<td class=\"et2\" style=\"text-align: center;\">49.0 \/ 58<\/td>\n<\/tr>\n<tr style=\"height: 13.50pt;\">\n<td style=\"height: 13.5pt; text-align: center;\" align=\"right\" height=\"18\">1000<\/td>\n<td style=\"text-align: center;\">10.18 \u00d7 21.17<\/td>\n<td class=\"et2\" style=\"text-align: center;\">58.0 \/ 66<\/td>\n<\/tr>\n<\/tbody>\n<\/table>\n<h2>Ba\u015far\u0131 \u00d6rne\u011fi<\/h2>\n<p>Alman kimyasal ara\u015ft\u0131rma malzemeleri tedarik\u00e7isi, laboratuvar ambalaj hatt\u0131n\u0131 de\u011fi\u015ftirmek i\u00e7in geni\u015f a\u011f\u0131zl\u0131 reaktif \u015fi\u015fe serimizi kullanmaya karar verdi. Fotosensitif malzemelere daha fazla koruma sa\u011flamak i\u00e7in daha y\u00fcksek UV engelleme oran\u0131na sahip kehribar rengi reaktif \u015fi\u015feler sunuyoruz. Ayr\u0131ca, \u015fi\u015felerin g\u00f6vdesine kapasite i\u015faretlerini kabartt\u0131k, solvente dayan\u0131kl\u0131 bask\u0131 i\u00e7in seramik beyaz etiket paneli takt\u0131k ve uluslararas\u0131 pazarlara nakliye s\u0131ras\u0131nda dayan\u0131kl\u0131l\u0131\u011f\u0131 art\u0131rmak i\u00e7in \u015fi\u015fenin alt\u0131n\u0131 daha a\u011f\u0131r hale getirdik.<\/p>\n<p>Distrib\u00fct\u00f6r\u00fcn reaktif \u015fi\u015felerimizi yeniden paketlemesinin \u00fczerinden iki \u00e7eyrek ge\u00e7tikten sonra, distrib\u00fct\u00f6r, paketlenmi\u015f reaktif hatt\u0131na k\u0131yasla sat\u0131\u015f hacminde &#039;l\u0131k bir art\u0131\u015f bildirdi. S\u0131z\u0131nt\u0131 ile ilgili m\u00fc\u015fteri \u015fikayetleri &#039;tan fazla azald\u0131 ve bu da markaya olan m\u00fc\u015fteri g\u00fcveninin artmas\u0131na yard\u0131mc\u0131 oldu. 12 ay i\u00e7inde 5 kez tekrar sipari\u015f verildi.<\/p>\n<h2>Size \u00d6zel Ki\u015fiselle\u015ftirme \u0130pu\u00e7lar\u0131<\/h2>\n<ol>\n<li><strong>\u00d6zel Kapasite \u0130\u015faretlemesi:<\/strong> Do\u011fru laboratuvar \u00f6l\u00e7\u00fcm\u00fc ve h\u0131zl\u0131 tan\u0131ma sa\u011flamak i\u00e7in kal\u0131planm\u0131\u015f veya bask\u0131l\u0131 \u00f6l\u00e7\u00fcm \u00f6l\u00e7ekleri (ml\/oz) ekleyin.<\/li>\n<li><strong>Logo Kabartma veya \u00c7ukur Bask\u0131:<\/strong> Kal\u0131c\u0131 bir marka bilinirli\u011fi yaratmak i\u00e7in \u015fi\u015fenin g\u00f6vdesine veya alt\u0131na marka logosu veya parti kodu yerle\u015ftirin.<\/li>\n<li><strong>Y\u00fczey \u0130\u015fleme Se\u00e7enekleri:<\/strong> Buzlu etiket panelleri, mat sprey kaplama veya kaymaz doku gibi \u00f6zellikler ekleyerek laboratuvara g\u00fcvenli kullan\u0131m \u00f6zellikleri kazand\u0131r\u0131n.<\/li>\n<\/ol>","protected":false},"excerpt":{"rendered":"<p>Laboratuvar depolamas\u0131 i\u00e7in \u015feffaf veya kehribar renkli, geni\u015f a\u011f\u0131zl\u0131 birinci s\u0131n\u0131f reaktif \u015fi\u015fesi. Fabrikadan do\u011frudan tedarik, toplu \u00f6zelle\u015ftirme ve h\u0131zl\u0131 kargo. \u00dccretsiz numune.<\/p>","protected":false},"featured_media":5746,"template":"","meta":{"postBodyCss":"","postBodyMargin":[],"postBodyPadding":[],"postBodyBackground":{"backgroundType":"classic","gradient":""}},"product_brand":[],"product_cat":[15,86,16],"product_tag":[89,103,90],"class_list":{"0":"post-5742","1":"product","2":"type-product","3":"status-publish","4":"has-post-thumbnail","6":"product_cat-glass-containers","7":"product_cat-glass-medicine-bottles","8":"product_cat-glass-bottles","9":"product_tag-glass-pill-bottles","10":"product_tag-pharmacy-jars","11":"product_tag-reagent-bottles","13":"first","14":"instock","15":"shipping-taxable","16":"product-type-simple"},"jetpack_sharing_enabled":true,"_links":{"self":[{"href":"https:\/\/minghanggroup.com\/tr\/wp-json\/wp\/v2\/product\/5742","targetHints":{"allow":["GET"]}}],"collection":[{"href":"https:\/\/minghanggroup.com\/tr\/wp-json\/wp\/v2\/product"}],"about":[{"href":"https:\/\/minghanggroup.com\/tr\/wp-json\/wp\/v2\/types\/product"}],"wp:featuredmedia":[{"embeddable":true,"href":"https:\/\/minghanggroup.com\/tr\/wp-json\/wp\/v2\/media\/5746"}],"wp:attachment":[{"href":"https:\/\/minghanggroup.com\/tr\/wp-json\/wp\/v2\/media?parent=5742"}],"wp:term":[{"taxonomy":"product_brand","embeddable":true,"href":"https:\/\/minghanggroup.com\/tr\/wp-json\/wp\/v2\/product_brand?post=5742"},{"taxonomy":"product_cat","embeddable":true,"href":"https:\/\/minghanggroup.com\/tr\/wp-json\/wp\/v2\/product_cat?post=5742"},{"taxonomy":"product_tag","embeddable":true,"href":"https:\/\/minghanggroup.com\/tr\/wp-json\/wp\/v2\/product_tag?post=5742"}],"curies":[{"name":"wp","href":"https:\/\/api.w.org\/{rel}","templated":true}]}}