{"id":5733,"date":"2026-02-26T15:19:13","date_gmt":"2026-02-26T07:19:13","guid":{"rendered":"https:\/\/minghanggroup.com\/?post_type=product&#038;p=5733"},"modified":"2026-03-02T15:53:18","modified_gmt":"2026-03-02T07:53:18","slug":"glass-reagent-bottles-for-laboratory-use-bulk","status":"publish","type":"product","link":"https:\/\/minghanggroup.com\/tr\/urun\/glass-reagent-bottles-for-laboratory-use-bulk\/","title":{"rendered":"Laboratuvar Kullan\u0131m\u0131 \u0130\u00e7in 30 ml \u2013 1000 ml Cam Reaktif \u015ei\u015feleri (Toptan)"},"content":{"rendered":"<p>Sadece reaktifleri saklamakla kalm\u0131yor, deneylerinizi de g\u00fcvence alt\u0131na al\u0131yorsunuz. Reaktif \u015fi\u015felerimiz, do\u011fruluk gerektiren laboratuvarlar\u0131n ihtiya\u00e7lar\u0131n\u0131 kar\u015f\u0131layacak \u015fekilde \u00fcretilmi\u015ftir. \u015eeffaf (berrak s\u0131v\u0131lar g\u00f6r\u00fclebilir), kehribar rengi (ila\u00e7 veya reaktifin \u0131\u015f\u0131\u011fa duyarl\u0131l\u0131\u011f\u0131 nedeniyle) vb. cam \u015fi\u015feler borosilikat camdan \u00fcretilmi\u015ftir. \u0130la\u00e7 ambalaj standartlar\u0131, laboratuvardaki ger\u00e7ekli\u011fe uygundur. \u015ei\u015fe boyutu? 30 ml (dram boyutundaki numuneler i\u00e7in uygundur) ile 1000 ml aras\u0131nda. Kapak? G\u00fcvenli vidal\u0131 kapaklar. Reaktifiniz tezgahtan rafa kadar safl\u0131\u011f\u0131n\u0131 korur.<\/p>\n<h2>\u00dcr\u00fcn \u00d6zellikleri<\/h2>\n<ul>\n<li><strong>Dar Boyunlu G\u00fcvenlik:<\/strong> Hassas k\u00fc\u00e7\u00fck a\u011f\u0131z tasar\u0131m\u0131, d\u00f6kme s\u0131ras\u0131nda daha az s\u0131v\u0131 d\u00f6k\u00fclmesini sa\u011flar. Kaplar\u0131 s\u0131k\u0131ca kilitler, art\u0131k da\u011f\u0131n\u0131k s\u0131v\u0131 s\u0131z\u0131nt\u0131lar\u0131 yok.<\/li>\n<li><strong>Hafif, Koruyucu Amber:<\/strong> Amber renkli cam \u015fi\u015feler, boyalar\u0131 UV \u0131\u015f\u0131nlar\u0131n\u0131n zararlar\u0131ndan korur. \u015eeffaf olanlar ise s\u0131v\u0131n\u0131n rengini kontrol etmek istedi\u011finizde idealdir. Her ikisi de ilac\u0131n stabil kalmas\u0131na yard\u0131mc\u0131 olur.<\/li>\n<li><strong>Toptan Sat\u0131\u015f Verimlili\u011fi:<\/strong> Reaktif cam \u015fi\u015felerini toptan al\u0131n. \u00d6zel etiketleriniz, terap\u00f6tik kap stilleriniz ve numuneleriniz b\u00fct\u00e7enize uygun olsun. Tedarik zinciriniz art\u0131k daha sorunsuz.<\/li>\n<\/ul>\n<h2>Temel \u00d6zellikler<\/h2>\n<table style=\"border-collapse: collapse; width: 80%; margin-left: auto; margin-right: auto;\" border=\"0\" width=\"360\" cellspacing=\"0\" cellpadding=\"0\">\n<tbody>\n<tr style=\"height: 13.50pt;\">\n<td style=\"height: 13.5pt; width: 54pt; text-align: center;\" width=\"72\" height=\"18\">Kapasite (ml)<\/td>\n<td style=\"width: 54pt; text-align: center;\" width=\"72\">Boyut (cm)<\/td>\n<td style=\"width: 54pt; text-align: center;\" width=\"72\">\u0130\u00e7 \/ D\u0131\u015f \u00c7aplar (mm)<\/td>\n<td style=\"width: 54pt; text-align: center;\" width=\"72\">Renk<\/td>\n<td style=\"width: 54pt; text-align: center;\" width=\"72\">Malzeme<\/td>\n<\/tr>\n<tr style=\"height: 13.50pt;\">\n<td style=\"height: 13.5pt; text-align: center;\" align=\"right\" height=\"18\">30<\/td>\n<td style=\"text-align: center;\">3,89 \u00d7 7,81<\/td>\n<td class=\"et2\" style=\"text-align: center;\">16.2 \/ 26<\/td>\n<td class=\"et2\" style=\"text-align: center;\" rowspan=\"6\">\u015eeffaf \/ Kehribar<\/td>\n<td class=\"et2\" style=\"text-align: center;\" rowspan=\"6\">Borosilikat Cam<\/td>\n<\/tr>\n<tr style=\"height: 13.50pt;\">\n<td style=\"height: 13.5pt; text-align: center;\" align=\"right\" height=\"18\">60<\/td>\n<td style=\"text-align: center;\">4,51 \u00d7 8,72<\/td>\n<td class=\"et2\" style=\"text-align: center;\">16.5 \/ 26<\/td>\n<\/tr>\n<tr style=\"height: 13.50pt;\">\n<td style=\"height: 13.5pt; text-align: center;\" align=\"right\" height=\"18\">125<\/td>\n<td style=\"text-align: center;\">5,25 \u00d7 11,50<\/td>\n<td class=\"et2\" style=\"text-align: center;\">18.6 \/ 30<\/td>\n<\/tr>\n<tr style=\"height: 13.50pt;\">\n<td style=\"height: 13.5pt; text-align: center;\" align=\"right\" height=\"18\">250<\/td>\n<td style=\"text-align: center;\">7,00 \u00d7 13,89<\/td>\n<td class=\"et2\" style=\"text-align: center;\">22.4 \/ 35<\/td>\n<\/tr>\n<tr style=\"height: 13.50pt;\">\n<td style=\"height: 13.5pt; text-align: center;\" align=\"right\" height=\"18\">500<\/td>\n<td style=\"text-align: center;\">8,16 \u00d7 16,98<\/td>\n<td class=\"et2\" style=\"text-align: center;\">27.0 \/ 40<\/td>\n<\/tr>\n<tr style=\"height: 13.50pt;\">\n<td style=\"height: 13.5pt; text-align: center;\" align=\"right\" height=\"18\">1000<\/td>\n<td style=\"text-align: center;\">10,38 \u00d7 21,08<\/td>\n<td class=\"et2\" style=\"text-align: center;\">33.2 \/ 48<\/td>\n<\/tr>\n<\/tbody>\n<\/table>\n<h2>Ba\u015far\u0131 \u00d6rne\u011fi<\/h2>\n<p>Bir ila\u00e7 \u015firketi, hassas s\u0131v\u0131 reaktifleri i\u00e7in g\u00fcvenilir bir ambalaj \u00e7\u00f6z\u00fcm\u00fc ar\u0131yordu. \u015eeffaf cam reaktif \u015fi\u015felerimizi tercih ettiler. \u015eirket, i\u00e7eri\u011fin kolayca g\u00f6r\u00fclebilmesi i\u00e7in p\u00fcr\u00fczs\u00fcz, \u015feffaf bir y\u00fczey ve i\u00e7indeki s\u0131v\u0131n\u0131n ad\u0131n\u0131n net bir \u015fekilde g\u00f6sterilmesi i\u00e7in lazer grav\u00fcr se\u00e7ene\u011fini tercih etti.<\/p>\n<p>\u0130la\u00e7 \u015firketi, hasar oranlar\u0131nda &#039;luk bir azalma ve tekrarlanan sat\u0131n al\u0131mlarda &#039;lik bir art\u0131\u015f bildirdi; bu da \u015firketin sonraki \u00e7eyreklerde de toplu sipari\u015f vermeye devam etmesine yol a\u00e7t\u0131.<\/p>\n<h2>Size \u00d6zel Ki\u015fiselle\u015ftirme<\/h2>\n<ol>\n<li><strong>Serigrafi Bask\u0131l\u0131 Etiketleme:<\/strong> \u0130pek bask\u0131 tekni\u011fiyle bas\u0131lm\u0131\u015f etiketleri, parti numaralar\u0131n\u0131 veya tehlike sembollerini, soyulma sonucu \u00e7\u0131kmayacak ve uzun vadede kolayca okunabilecek \u015fekilde cama yap\u0131\u015ft\u0131r\u0131n.<\/li>\n<li><strong>\u015eeffaf veya kehribar renkli cam:<\/strong> I\u015f\u0131k hassasiyeti olan malzemeler i\u00e7in en uygun saklama ortam\u0131n\u0131 sa\u011flamak amac\u0131yla, \u015feffaf veya kehribar renkli cam se\u00e7eneklerinden birini tercih edin.<\/li>\n<li><strong>Dereceli \u00d6l\u00e7\u00fcm \u0130\u015faretleri:<\/strong> \u015ei\u015fenin \u00fczerine, i\u00e7eri\u011fin do\u011fru bir \u015fekilde \u00f6l\u00e7\u00fclebilmesi ve kolayca okunabilmesi i\u00e7in kaz\u0131nm\u0131\u015f veya bask\u0131l\u0131 hacim i\u015faretleri ekleyin.<\/li>\n<\/ol>","protected":false},"excerpt":{"rendered":"<p>Kimyasal maddelerin g\u00fcvenli bir \u015fekilde saklanmas\u0131 i\u00e7in cam reaktif \u015fi\u015feleri. Fabrikadan do\u011frudan sat\u0131\u015f, toplu sipari\u015flerde \u00f6zelle\u015ftirme imkan\u0131, laboratuvar kullan\u0131m\u0131 ve end\u00fcstri standartlar\u0131 i\u00e7in \u00fccretsiz numuneler.<\/p>","protected":false},"featured_media":5741,"template":"","meta":{"postBodyCss":"","postBodyMargin":[],"postBodyPadding":[],"postBodyBackground":{"backgroundType":"classic","gradient":""}},"product_brand":[],"product_cat":[15,86,16],"product_tag":[103,90],"class_list":{"0":"post-5733","1":"product","2":"type-product","3":"status-publish","4":"has-post-thumbnail","6":"product_cat-glass-containers","7":"product_cat-glass-medicine-bottles","8":"product_cat-glass-bottles","9":"product_tag-pharmacy-jars","10":"product_tag-reagent-bottles","12":"first","13":"instock","14":"shipping-taxable","15":"product-type-simple"},"jetpack_sharing_enabled":true,"_links":{"self":[{"href":"https:\/\/minghanggroup.com\/tr\/wp-json\/wp\/v2\/product\/5733","targetHints":{"allow":["GET"]}}],"collection":[{"href":"https:\/\/minghanggroup.com\/tr\/wp-json\/wp\/v2\/product"}],"about":[{"href":"https:\/\/minghanggroup.com\/tr\/wp-json\/wp\/v2\/types\/product"}],"wp:featuredmedia":[{"embeddable":true,"href":"https:\/\/minghanggroup.com\/tr\/wp-json\/wp\/v2\/media\/5741"}],"wp:attachment":[{"href":"https:\/\/minghanggroup.com\/tr\/wp-json\/wp\/v2\/media?parent=5733"}],"wp:term":[{"taxonomy":"product_brand","embeddable":true,"href":"https:\/\/minghanggroup.com\/tr\/wp-json\/wp\/v2\/product_brand?post=5733"},{"taxonomy":"product_cat","embeddable":true,"href":"https:\/\/minghanggroup.com\/tr\/wp-json\/wp\/v2\/product_cat?post=5733"},{"taxonomy":"product_tag","embeddable":true,"href":"https:\/\/minghanggroup.com\/tr\/wp-json\/wp\/v2\/product_tag?post=5733"}],"curies":[{"name":"wp","href":"https:\/\/api.w.org\/{rel}","templated":true}]}}