{"id":5722,"date":"2026-02-26T14:08:45","date_gmt":"2026-02-26T06:08:45","guid":{"rendered":"https:\/\/minghanggroup.com\/?post_type=product&#038;p=5722"},"modified":"2026-03-02T15:46:51","modified_gmt":"2026-03-02T07:46:51","slug":"clear-glass-medical-vials-for-pharmaceutical-use-bulk","status":"publish","type":"product","link":"https:\/\/minghanggroup.com\/tr\/urun\/clear-glass-medical-vials-for-pharmaceutical-use-bulk\/","title":{"rendered":"2 ml \u2013 30 ml \u015eeffaf Cam T\u0131bbi \u015ei\u015feler (Farmas\u00f6tik Kullan\u0131m \u0130\u00e7in, Toplu)"},"content":{"rendered":"<p>\u0130lac\u0131n\u0131z, \u00f6zel olarak tasarlanm\u0131\u015f ila\u00e7 \u015fi\u015felerimizde hassas bir \u015fekilde paketlenmi\u015ftir. Cam t\u0131bbi \u015fi\u015feler, ince s\u0131v\u0131lar\u0131 g\u00f6rebilmek i\u00e7in \u015feffaf, gerekti\u011finde UV \u0131\u015f\u0131nlar\u0131n\u0131 engelleyen kehribar renginde en kaliteli borosilikat camdan \u00fcretilmi\u015ftir. Sizi rahats\u0131z etmeyen ila\u00e7 ambalaj\u0131. \u015ei\u015fe boyutu? 2 ml ila 30 ml (dram boyutunda hap dozlar\u0131). Kapak? G\u00fcvenli al\u00fcminyum contalar. \u0130la\u00e7, laboratuvar ile hasta aras\u0131nda g\u00fcvenli bir \u015fekilde saklan\u0131r.<\/p>\n<h2>\u00dcr\u00fcn \u00d6zellikleri<\/h2>\n<ol>\n<li><strong>Hassasiyet i\u00e7in Kristal Berrakl\u0131k:<\/strong> \u015eeffaf cam \u015fi\u015felerdeki ila\u00e7lar g\u00f6rsel olarak a\u00e7\u0131klan\u0131yor. Art\u0131k tahmin y\u00fcr\u00fctmeye gerek kalmamas\u0131 harika de\u011fil mi! Art\u0131k hata yok.<\/li>\n<li><strong>Borosilikat Mukavemeti:<\/strong> Is\u0131ya dayan\u0131kl\u0131 cam, mukavemetini korur ve otoklavlama i\u00e7in uygundur. Re\u00e7ete \u015fi\u015felerini s\u0131k\u0131ca kapat\u0131n; \u00e7atlak veya s\u0131z\u0131nt\u0131 olmaz.<\/li>\n<li><strong>Her Doz \u0130\u00e7in M\u00fckemmel Uyum:<\/strong> K\u00fc\u00e7\u00fck hap \u015fi\u015feleri (\u00e7ok k\u00fc\u00e7\u00fck dozlar) i\u00e7in 2 ml, a\u015f\u0131 temini i\u00e7in 30 ml. Boyut aral\u0131\u011f\u0131 t\u0131bbi gereksinimlerinizi kar\u015f\u0131lar.<\/li>\n<\/ol>\n<h2>Temel \u00d6zellikler<\/h2>\n<table style=\"border-collapse: collapse; width: 80%; margin-left: auto; margin-right: auto;\" border=\"0\" width=\"360\" cellspacing=\"0\" cellpadding=\"0\">\n<tbody>\n<tr style=\"height: 13.50pt;\">\n<td style=\"height: 13.5pt; width: 54pt; text-align: center;\" width=\"72\" height=\"18\">Kapasite (ml)<\/td>\n<td style=\"width: 54pt; text-align: center;\" width=\"72\">\u00d6l\u00e7\u00fcler (cm)<\/td>\n<td style=\"width: 54pt; text-align: center;\" width=\"72\">\u0130\u00e7 \/ D\u0131\u015f \u00c7aplar<\/td>\n<td style=\"width: 54pt; text-align: center;\" width=\"72\">Renk<\/td>\n<td style=\"width: 54pt; text-align: center;\" width=\"72\">Malzeme<\/td>\n<\/tr>\n<tr style=\"height: 13.50pt;\">\n<td style=\"height: 13.5pt; text-align: center;\" align=\"right\" height=\"18\">2<\/td>\n<td style=\"text-align: center;\">1,58 \u00d7 3,5<\/td>\n<td class=\"et2\" style=\"text-align: center;\" rowspan=\"9\">12,6 \/ 20 mm<\/td>\n<td class=\"et2\" style=\"text-align: center;\" rowspan=\"9\">Temizlemek<\/td>\n<td class=\"et2\" style=\"text-align: center;\" rowspan=\"9\">Borosilikat Cam<\/td>\n<\/tr>\n<tr style=\"height: 13.50pt;\">\n<td style=\"height: 13.5pt; text-align: center;\" align=\"right\" height=\"18\">7<\/td>\n<td style=\"text-align: center;\">2,20 \u00d7 3,97<\/td>\n<\/tr>\n<tr style=\"height: 13.50pt;\">\n<td style=\"height: 13.5pt; text-align: center;\" align=\"right\" height=\"18\">8<\/td>\n<td style=\"text-align: center;\">2,20 \u00d7 4,50<\/td>\n<\/tr>\n<tr style=\"height: 13.50pt;\">\n<td style=\"height: 13.5pt; text-align: center;\" align=\"right\" height=\"18\">10<\/td>\n<td style=\"text-align: center;\">2,40 \u00d7 4,50<\/td>\n<\/tr>\n<tr style=\"height: 13.50pt;\">\n<td style=\"height: 13.5pt; text-align: center;\" align=\"right\" height=\"18\">12<\/td>\n<td style=\"text-align: center;\">2,40 \u00d7 5,30<\/td>\n<\/tr>\n<tr style=\"height: 13.50pt;\">\n<td style=\"height: 13.5pt; text-align: center;\" align=\"right\" height=\"18\">15<\/td>\n<td style=\"text-align: center;\">2,65 \u00d7 5,20<\/td>\n<\/tr>\n<tr style=\"height: 13.50pt;\">\n<td style=\"height: 13.5pt; text-align: center;\" align=\"right\" height=\"18\">20<\/td>\n<td style=\"text-align: center;\">2,76 \u00d7 5,80<\/td>\n<\/tr>\n<tr style=\"height: 13.50pt;\">\n<td style=\"height: 13.5pt; text-align: center;\" align=\"right\" height=\"18\">25<\/td>\n<td style=\"text-align: center;\">2,95 \u00d7 6,00<\/td>\n<\/tr>\n<tr style=\"height: 13.50pt;\">\n<td style=\"height: 13.5pt; text-align: center;\" align=\"right\" height=\"18\">30<\/td>\n<td style=\"text-align: center;\">3,00 \u00d7 6,50<\/td>\n<\/tr>\n<\/tbody>\n<\/table>\n<h2>Ba\u015far\u0131 \u00d6rne\u011fi<\/h2>\n<p>H\u0131zla b\u00fcy\u00fcyen bir enjeksiyonluk ila\u00e7 \u015firketi, yeni piyasaya s\u00fcrd\u00fc\u011f\u00fc steril enjeksiyonluk flakon serisi i\u00e7in 7 ml&#039;lik \u015feffaf cam flakonlar\u0131m\u0131z\u0131 tercih etti. Bu flakonlar, m\u00fckemmel bir s\u0131zd\u0131rmazl\u0131k i\u00e7in kau\u00e7uk t\u0131pan\u0131n g\u00fcvenli bir \u015fekilde tak\u0131lmas\u0131n\u0131 kolayla\u015ft\u0131ran geni\u015f ve p\u00fcr\u00fczs\u00fcz boyunlara sahiptir. Ayr\u0131ca, \u00fcr\u00fcn\u00fcn temel \u00f6zelliklerini vurgulayan \u00f6zelle\u015ftirilmi\u015f \u00fcr\u00fcn etiketleri de tasarlad\u0131lar. Kau\u00e7uk t\u0131pa, s\u0131z\u0131nt\u0131y\u0131 etkili bir \u015fekilde \u00f6nler.<\/p>\n<p>Bu \u00f6zel tasar\u0131ml\u0131 \u015fi\u015feleri kullanmaya ba\u015flad\u0131ktan sonra \u015firket, sipari\u015f kar\u015f\u0131lama verimlili\u011finde &#039;luk bir iyile\u015fme ve k\u0131r\u0131lma veya di\u011fer nedenlerden kaynaklanan \u015fikayetlerde \u00f6nemli bir azalma g\u00f6rd\u00fc.<\/p>\n<h2>Size \u00d6zel Ki\u015fiselle\u015ftirme \u0130pu\u00e7lar\u0131<\/h2>\n<ol>\n<li><strong>Ayarlanabilir Hacim ve Boyut:<\/strong> Konsantre ila\u00e7lar i\u00e7eren k\u00fc\u00e7\u00fck flakonlar veya \u00e7oklu doz ila\u00e7lar i\u00e7eren b\u00fcy\u00fck flakonlar gibi farkl\u0131 boyutlarda \u00e7e\u015fitli farmas\u00f6tik \u00fcr\u00fcnler sunun.<\/li>\n<li><strong>Zaman Kazand\u0131ran Etiket:<\/strong> Eczac\u0131lar taraf\u0131ndan kolayca anla\u015f\u0131labilecek dozaj etiketleri ekleyin. \u0130la\u00e7 kaplar\u0131 i\u00e7in \u00f6zel boyut se\u00e7enekleri mevcuttur.<\/li>\n<li><strong>Toplu Verimlilik:<\/strong> \u0130la\u00e7 \u015fi\u015felerini toplu olarak sat\u0131n al\u0131n, toplu al\u0131m indirimlerinden, \u00fccretsiz numunelerden ve bireysel hizmetten yararlan\u0131n.<\/li>\n<\/ol>","protected":false},"excerpt":{"rendered":"<p>S\u0131v\u0131 veya toz halindeki maddelerin g\u00fcvenli bir \u015fekilde saklanmas\u0131 i\u00e7in t\u0131bbi flakonlar\u0131m\u0131z. Fabrikadan do\u011frudan temin edilebilen, \u00fccretsiz numuneler ve \u00f6zel se\u00e7eneklerle sunulan toplu ila\u00e7 flakonlar\u0131 mevcuttur.<\/p>","protected":false},"featured_media":5730,"template":"","meta":{"postBodyCss":"","postBodyMargin":[],"postBodyPadding":[],"postBodyBackground":{"backgroundType":"classic","gradient":""}},"product_brand":[],"product_cat":[15,86,16],"product_tag":[101],"class_list":{"0":"post-5722","1":"product","2":"type-product","3":"status-publish","4":"has-post-thumbnail","6":"product_cat-glass-containers","7":"product_cat-glass-medicine-bottles","8":"product_cat-glass-bottles","9":"product_tag-sterile-vials","11":"first","12":"instock","13":"shipping-taxable","14":"product-type-simple"},"jetpack_sharing_enabled":true,"_links":{"self":[{"href":"https:\/\/minghanggroup.com\/tr\/wp-json\/wp\/v2\/product\/5722","targetHints":{"allow":["GET"]}}],"collection":[{"href":"https:\/\/minghanggroup.com\/tr\/wp-json\/wp\/v2\/product"}],"about":[{"href":"https:\/\/minghanggroup.com\/tr\/wp-json\/wp\/v2\/types\/product"}],"wp:featuredmedia":[{"embeddable":true,"href":"https:\/\/minghanggroup.com\/tr\/wp-json\/wp\/v2\/media\/5730"}],"wp:attachment":[{"href":"https:\/\/minghanggroup.com\/tr\/wp-json\/wp\/v2\/media?parent=5722"}],"wp:term":[{"taxonomy":"product_brand","embeddable":true,"href":"https:\/\/minghanggroup.com\/tr\/wp-json\/wp\/v2\/product_brand?post=5722"},{"taxonomy":"product_cat","embeddable":true,"href":"https:\/\/minghanggroup.com\/tr\/wp-json\/wp\/v2\/product_cat?post=5722"},{"taxonomy":"product_tag","embeddable":true,"href":"https:\/\/minghanggroup.com\/tr\/wp-json\/wp\/v2\/product_tag?post=5722"}],"curies":[{"name":"wp","href":"https:\/\/api.w.org\/{rel}","templated":true}]}}