{"id":5720,"date":"2026-02-26T13:18:36","date_gmt":"2026-02-26T05:18:36","guid":{"rendered":"https:\/\/minghanggroup.com\/?post_type=product&#038;p=5720"},"modified":"2026-03-02T15:48:11","modified_gmt":"2026-03-02T07:48:11","slug":"clear-glass-syrup-bottles-for-oral-liquid-bulk","status":"publish","type":"product","link":"https:\/\/minghanggroup.com\/tr\/urun\/clear-glass-syrup-bottles-for-oral-liquid-bulk\/","title":{"rendered":"30 ml \u2013 500 ml \u015eeffaf Cam \u015eurup \u015ei\u015feleri (A\u011f\u0131zdan Al\u0131nan S\u0131v\u0131lar \u0130\u00e7in)"},"content":{"rendered":"<p>Bu cam \u015furup \u015fi\u015feleri oval \u015fekildedir ve d\u00f6k\u00fclmeyi \u00f6nlemek ve \u015furup, ila\u00e7 veya di\u011fer s\u0131v\u0131 preparatlar\u0131n i\u00e7eri\u011fini taze tutmak i\u00e7in dar, vidal\u0131 bir boyuna sahip, p\u00fcr\u00fczs\u00fcz ve yuvarlak bir yap\u0131ya sahiptir.<\/p>\n<h2>\u00dcr\u00fcn \u00d6zellikleri<\/h2>\n<ul>\n<li><strong>Farmas\u00f6tik kalitede \u015feffafl\u0131k:<\/strong> Y\u00fcksek kaliteli \u015feffaf cam, \u00fcr\u00fcn\u00fc \u015feffaf ve y\u00fcksek kaliteli hale getirir.<\/li>\n<li><strong>Hassas d\u00f6kme a\u011fz\u0131:<\/strong> Vidal\u0131 boyun k\u0131sm\u0131 dar oldu\u011fundan, hassas d\u00f6kme kontrol\u00fc ve kolay kapatma imkan\u0131 sa\u011flar.<\/li>\n<li><strong>Toplam kapasite:<\/strong> Neredeyse t\u00fcm s\u0131v\u0131 ambalajlama ihtiya\u00e7lar\u0131n\u0131 kar\u015f\u0131lamak i\u00e7in 30 ml&#039;den 500 ml&#039;ye kadar yedi farkl\u0131 boyut.<\/li>\n<\/ul>\n<h2 style=\"text-align: left;\">Temel \u00d6zellikler<\/h2>\n<table class=\"aligncenter\" style=\"border-collapse: collapse; width: 391.52pt;\" border=\"0\" width=\"522\" cellspacing=\"0\" cellpadding=\"0\">\n<tbody>\n<tr style=\"height: 13.50pt;\">\n<td style=\"height: 13.50pt; width: 115.50pt;\" width=\"154\" height=\"18\">\u015eartname<\/td>\n<td style=\"width: 276.00pt;\" width=\"368\">Detaylar<\/td>\n<\/tr>\n<tr style=\"height: 13.50pt;\">\n<td style=\"height: 13.50pt;\" height=\"18\">Kapasite<\/td>\n<td>30 ml, 60 ml, 90 ml, 125 ml, 150 ml, 200 ml, 500 ml<\/td>\n<\/tr>\n<tr style=\"height: 13.50pt;\">\n<td style=\"height: 13.50pt;\" height=\"18\">Boyutlar<\/td>\n<td>3,5\u00d76,7 cm ile 7,6\u00d717,7 cm (\u00c7ap \u00d7 Y\u00fckseklik)<\/td>\n<\/tr>\n<tr style=\"height: 13.50pt;\">\n<td style=\"height: 13.50pt;\" height=\"18\">Malzeme<\/td>\n<td>\u015eeffaf, Farmas\u00f6tik Kalitede Cam<\/td>\n<\/tr>\n<tr style=\"height: 13.50pt;\">\n<td style=\"height: 13.50pt;\" height=\"18\">\u015ei\u015fe \u015eekli<\/td>\n<td>Dar, di\u015fli boyunlu d\u00fcz silindir<\/td>\n<\/tr>\n<tr style=\"height: 13.50pt;\">\n<td style=\"height: 13.50pt;\" height=\"18\">\u00d6zelle\u015ftirme Kapsam\u0131<\/td>\n<td>Renk, Boyut, Serigrafi Bask\u0131, Kapaklar<\/td>\n<\/tr>\n<tr style=\"height: 13.50pt;\">\n<td style=\"height: 13.50pt;\" height=\"18\">\u0130\u015f\u00e7ilik<\/td>\n<td>D\u00fczg\u00fcn Cam \u00dcfleme \u0130\u00e7in Hassas Cam \u00dcfleme<\/td>\n<\/tr>\n<tr style=\"height: 13.50pt;\">\n<td style=\"height: 13.50pt;\" height=\"18\">\u00dcr\u00fcn Amac\u0131<\/td>\n<td>Cam \u015eurup \u015ei\u015feleri, A\u011f\u0131zdan Al\u0131nan S\u0131v\u0131lar \u015ei\u015feleri<\/td>\n<\/tr>\n<tr style=\"height: 13.50pt;\">\n<td style=\"height: 13.50pt;\" height=\"18\">Uygun Sekt\u00f6rler<\/td>\n<td>\u0130la\u00e7 \u015eirketleri, Besin Takviyesi Markalar\u0131<\/td>\n<\/tr>\n<\/tbody>\n<\/table>\n<h2>Ba\u015far\u0131 Hikayesi<\/h2>\n<p>Ulusal bitkisel takviye \u015firketlerinden biri, m\u00fcrver ve bitkisel \u015furuplardan olu\u015fan bir seri ba\u015flatt\u0131. 125 ml&#039;lik cam \u015furup \u015fi\u015felerimizi se\u00e7tiler ve kehribar rengi \u015fi\u015fe g\u00f6vdesini ve dozaj talimatlar\u0131n\u0131 serigrafi bask\u0131 y\u00f6ntemiyle kendilerine g\u00f6re tasarlad\u0131lar. Kehribar rengi cam g\u00f6vde, hassas i\u00e7eriklerin \u0131\u015f\u0131\u011fa maruz kalmas\u0131n\u0131 \u00f6nleyen ve raf \u00f6mr\u00fcn\u00fc oran\u0131nda uzatan \u015feffaf, y\u00fcksek kaliteli bir camd\u0131r. G\u00fc\u00e7l\u00fc pazar ilgisi nedeniyle \u015firket, \u00f6n\u00fcm\u00fczdeki iki y\u0131l i\u00e7inde perakende ve \u00e7evrimi\u00e7i kanal ihtiya\u00e7lar\u0131n\u0131 kar\u015f\u0131lamak \u00fczere 2,5 milyon adet daha sipari\u015f verdi.<\/p>\n<h2>Cam \u015eurup \u015ei\u015feleri \u00d6zelle\u015ftirme<\/h2>\n<ul>\n<li>Cam\u0131n rengi: UV korumal\u0131: Cam, \u015feffaf, kehribar rengi, kobalt mavisi ve \u00f6zel renklerde mevcuttur; Markalama: Cam, istenilen renkte \u00fcretilebilir.<\/li>\n<li>Kabartmal\u0131 Kapasite \u0130\u015faretlemesi: \u015ei\u015fenin omuz k\u0131sm\u0131na kabartmal\u0131, hissedilebilir kapasite i\u015faretleri (\u00f6rne\u011fin, &#034;125 ml&#034;) yerle\u015ftirin.<\/li>\n<li>\u00d6zel \u015ei\u015fe Boyun Di\u015flisi: Belirli da\u011f\u0131t\u0131m kapaklar\u0131na veya \u00e7ocuk kilidi kapaklar\u0131na uyacak \u015fekilde di\u015flinin \u015feklini de\u011fi\u015ftirin.<\/li>\n<\/ul>","protected":false},"excerpt":{"rendered":"<p>\u0130la\u00e7, \u015furup ve kozmetik ambalaj\u0131 i\u00e7in \u00e7e\u015fitli boyutlarda bulunan, vidal\u0131 boyunlu dayan\u0131kl\u0131 cam \u015furup \u015fi\u015feleri. \u00dccretsiz numunelerinizi talep edin.<\/p>","protected":false},"featured_media":5737,"template":"","meta":{"postBodyCss":"","postBodyMargin":[],"postBodyPadding":[],"postBodyBackground":{"backgroundType":"classic","gradient":""}},"product_brand":[],"product_cat":[15,86,16],"product_tag":[88,102],"class_list":{"0":"post-5720","1":"product","2":"type-product","3":"status-publish","4":"has-post-thumbnail","6":"product_cat-glass-containers","7":"product_cat-glass-medicine-bottles","8":"product_cat-glass-bottles","9":"product_tag-medicine-syrup-bottles","10":"product_tag-pharmaceutical-syrup-bottles","12":"first","13":"instock","14":"shipping-taxable","15":"product-type-simple"},"jetpack_sharing_enabled":true,"_links":{"self":[{"href":"https:\/\/minghanggroup.com\/tr\/wp-json\/wp\/v2\/product\/5720","targetHints":{"allow":["GET"]}}],"collection":[{"href":"https:\/\/minghanggroup.com\/tr\/wp-json\/wp\/v2\/product"}],"about":[{"href":"https:\/\/minghanggroup.com\/tr\/wp-json\/wp\/v2\/types\/product"}],"wp:featuredmedia":[{"embeddable":true,"href":"https:\/\/minghanggroup.com\/tr\/wp-json\/wp\/v2\/media\/5737"}],"wp:attachment":[{"href":"https:\/\/minghanggroup.com\/tr\/wp-json\/wp\/v2\/media?parent=5720"}],"wp:term":[{"taxonomy":"product_brand","embeddable":true,"href":"https:\/\/minghanggroup.com\/tr\/wp-json\/wp\/v2\/product_brand?post=5720"},{"taxonomy":"product_cat","embeddable":true,"href":"https:\/\/minghanggroup.com\/tr\/wp-json\/wp\/v2\/product_cat?post=5720"},{"taxonomy":"product_tag","embeddable":true,"href":"https:\/\/minghanggroup.com\/tr\/wp-json\/wp\/v2\/product_tag?post=5720"}],"curies":[{"name":"wp","href":"https:\/\/api.w.org\/{rel}","templated":true}]}}