{"id":5701,"date":"2026-02-25T16:12:05","date_gmt":"2026-02-25T08:12:05","guid":{"rendered":"https:\/\/minghanggroup.com\/?post_type=product&#038;p=5701"},"modified":"2026-02-25T16:58:18","modified_gmt":"2026-02-25T08:58:18","slug":"amber-fancy-wine-bottles-with-corks-bulk","status":"publish","type":"product","link":"https:\/\/minghanggroup.com\/tr\/urun\/amber-fancy-wine-bottles-with-corks-bulk\/","title":{"rendered":"750 ml Amber Renkli \u015e\u0131k \u015earap \u015ei\u015feleri (Mantarl\u0131) Toplu Sat\u0131\u015f"},"content":{"rendered":"<p>Bu \u015f\u0131k \u015farap \u015fi\u015feleri, UV \u0131\u015f\u0131nlar\u0131n\u0131 engellemede olduk\u00e7a etkili olan kehribar rengi cam kullan\u0131larak \u00fcretilmi\u015ftir. Normal mantarl\u0131 \u015farap \u015fi\u015felerine m\u00fckemmel \u015fekilde uyacak \u015fekilde tasarlanm\u0131\u015ft\u0131r ve bu nedenle kaliteli \u015faraplar ve \u015f\u0131k sofralar i\u00e7in ideal bir se\u00e7im olacakt\u0131r.<\/p>\n<h2>\u00dcr\u00fcn \u00d6zellikleri<\/h2>\n<ul>\n<li><strong>Y\u00fcksek \u015eeffafl\u0131kta Kahverengi Cam:<\/strong> Y\u00fcksek \u015eeffafl\u0131k: Uzmanl\u0131kla \u00fcretilmi\u015f y\u00fcksek \u015feffafl\u0131\u011fa sahip kahverengi cam, \u0131\u015f\u0131\u011f\u0131 engelleme \u00f6zelli\u011fini y\u00fcksek \u015feffafl\u0131kla birle\u015ftirerek i\u00e7kinin UV \u0131\u015f\u0131nlar\u0131ndan zarar g\u00f6rmemesini sa\u011flar.<\/li>\n<li><strong>Standart S\u0131zd\u0131rmazl\u0131k Boynu:<\/strong> Dar boyun \u015fekli ve belirgin sap\u0131 sayesinde farkl\u0131 mantarlar tak\u0131labilir; bu da i\u00e7kinin saklanmas\u0131 s\u0131ras\u0131nda hava ge\u00e7irmezli\u011fini ve tazeli\u011fini garanti eder.<\/li>\n<li><strong>Kal\u0131nla\u015ft\u0131r\u0131lm\u0131\u015f Kaymaz Taban:<\/strong> Oluklu kal\u0131nla\u015ft\u0131r\u0131lm\u0131\u015f taban, stabiliteyi art\u0131r\u0131r ve tortular\u0131n ayr\u0131\u015fmas\u0131n\u0131 kolayla\u015ft\u0131r\u0131r; bu da b\u00fcy\u00fck hacimli kaplar i\u00e7in uygundur.<\/li>\n<\/ul>\n<h2 style=\"text-align: left;\">Temel \u00d6zellikler<\/h2>\n<table class=\"aligncenter\" style=\"border-collapse: collapse; width: 415.52pt;\" border=\"0\" width=\"554\" cellspacing=\"0\" cellpadding=\"0\">\n<tbody>\n<tr style=\"height: 13.50pt;\">\n<td style=\"height: 13.50pt; width: 118.50pt;\" width=\"158\" height=\"18\">Ba\u011flanmak<\/td>\n<td style=\"width: 297.00pt;\" width=\"396\">Detaylar<\/td>\n<\/tr>\n<tr style=\"height: 13.50pt;\">\n<td style=\"height: 13.50pt;\" height=\"18\">Kapasite<\/td>\n<td>750 ml<\/td>\n<\/tr>\n<tr style=\"height: 13.50pt;\">\n<td style=\"height: 13.50pt;\" height=\"18\">Malzeme<\/td>\n<td>Koyu kehribar rengi cam (y\u00fcksek UV korumas\u0131)<\/td>\n<\/tr>\n<tr style=\"height: 13.50pt;\">\n<td style=\"height: 13.50pt;\" height=\"18\">\u015ei\u015fe \u015eekli<\/td>\n<td>Uzun, d\u00fcz duvarl\u0131 ve uzun ince boyunlu.<\/td>\n<\/tr>\n<tr style=\"height: 13.50pt;\">\n<td style=\"height: 13.50pt;\" height=\"18\">\u00d6zelle\u015ftirme Aral\u0131\u011f\u0131<\/td>\n<td>Renk derinli\u011fi, kabartma, sap kaplamas\u0131<\/td>\n<\/tr>\n<tr style=\"height: 13.50pt;\">\n<td style=\"height: 13.50pt;\" height=\"18\">\u0130\u015f\u00e7ilik<\/td>\n<td>Kal\u0131n, homojen cam; p\u00fcr\u00fczs\u00fcz, d\u00fcz \u00fcst y\u00fczey.<\/td>\n<\/tr>\n<tr style=\"height: 13.50pt;\">\n<td style=\"height: 13.50pt;\" height=\"18\">Birincil Kullan\u0131m<\/td>\n<td>\u015e\u0131k \u015farap \u015fi\u015feleri, toptan \u015farap \u015fi\u015feleri<\/td>\n<\/tr>\n<tr style=\"height: 13.50pt;\">\n<td style=\"height: 13.50pt;\" height=\"18\">Hedef Sekt\u00f6rler<\/td>\n<td>\u00dcst\u00fcn kaliteli \u015farap imalathaneleri, butik i\u00e7ki \u00fcreticileri<\/td>\n<\/tr>\n<\/tbody>\n<\/table>\n<h2>Ba\u015far\u0131 \u00d6yk\u00fcs\u00fc: \u0130sko\u00e7 Viski Dam\u0131t\u0131mevi S\u0131n\u0131rl\u0131 \u00dcretim<\/h2>\n<p>Tan\u0131nm\u0131\u015f \u0130sko\u00e7 viski \u00fcreticilerinden biri, s\u0131n\u0131rl\u0131 say\u0131da \u00fcretilen tek malt viskisini piyasaya s\u00fcrd\u00fc. Bunun i\u00e7in, mantar t\u0131pal\u0131 ve alt\u0131n yald\u0131z bask\u0131l\u0131 \u00f6zel etiketli kehribar renkli \u015farap \u015fi\u015femizi se\u00e7tiler. Bu y\u00fcksek kaliteli kehribar renkli cam \u015fi\u015fe, \u015farab\u0131n depolama s\u0131ras\u0131nda \u0131\u015f\u0131ktan zarar g\u00f6rmesini oran\u0131nda yava\u015flat\u0131rken, \u015f\u0131k ve uzun formu da anket sonu\u00e7lar\u0131na g\u00f6re \u015fi\u015fenin alg\u0131lanan de\u011ferini oran\u0131nda art\u0131rd\u0131. \u00dcretici firma \u00fcr\u00fcnden o kadar memnun kald\u0131 ki, \u00f6n\u00fcm\u00fczdeki be\u015f y\u0131l i\u00e7inde t\u00fcm s\u0131n\u0131rl\u0131 say\u0131da \u00fcretilen viskilerini \u015fi\u015felemek i\u00e7in 300.000 \u015fi\u015fe daha sipari\u015f verdi.<\/p>\n<h2>\u015e\u0131k \u015earap \u015ei\u015feleri Ki\u015fiselle\u015ftirme \u00d6nerileri<\/h2>\n<ul>\n<li>Renk Doygunlu\u011fu: 0 - 1.0 A\u00e7\u0131k kahverengi kehribar renginin yo\u011funlu\u011funu koyu, neredeyse opak kahverengiye de\u011fi\u015ftirin.<\/li>\n<li>Boyun: \u015ei\u015feye s\u00fcsl\u00fc bir g\u00f6r\u00fcn\u00fcm kazand\u0131rmak i\u00e7in boyun k\u0131sm\u0131n\u0131n alt\u0131na bir halka veya boyun seviyesinin alt\u0131nda y\u00fckseltilmi\u015f bir detay ekleyin.<\/li>\n<li>\u00d6zel Mantar Uzunlu\u011fu: \u0130stedi\u011finiz mantar uzunlu\u011funa ve t\u00fcr\u00fcne m\u00fckemmel \u015fekilde uyacak \u015fekilde, boyun k\u0131sm\u0131n\u0131n tercih etti\u011finiz i\u00e7 \u00f6l\u00e7\u00fcs\u00fcn\u00fc girin.<\/li>\n<li>Ki\u015fiselle\u015ftirilmi\u015f Taban: Taban\u0131n i\u00e7 k\u0131sm\u0131na k\u00fc\u00e7\u00fck bir logo veya vintage tarz\u0131 desen kabartma olarak i\u015flenerek gizli bir ki\u015fiselle\u015ftirme sa\u011flanm\u0131\u015ft\u0131r.<\/li>\n<\/ul>","protected":false},"excerpt":{"rendered":"<p>L\u00fcks markan\u0131z\u0131 mantarl\u0131 \u015farap \u015fi\u015felerimizle \u00f6zelle\u015ftirin. Bu \u015f\u0131k \u015farap \u015fi\u015feleri uzun, zarif bir boyuna ve sa\u011flam bir tabana sahiptir. Profesyonel OEM deste\u011fi sunuyoruz.<\/p>","protected":false},"featured_media":5704,"template":"","meta":{"postBodyCss":"","postBodyMargin":[],"postBodyPadding":[],"postBodyBackground":{"backgroundType":"classic","gradient":""}},"product_brand":[],"product_cat":[15,16,84],"product_tag":[],"class_list":{"0":"post-5701","1":"product","2":"type-product","3":"status-publish","4":"has-post-thumbnail","6":"product_cat-glass-containers","7":"product_cat-glass-bottles","8":"product_cat-wine-bottles","10":"first","11":"instock","12":"shipping-taxable","13":"product-type-simple"},"jetpack_sharing_enabled":true,"_links":{"self":[{"href":"https:\/\/minghanggroup.com\/tr\/wp-json\/wp\/v2\/product\/5701","targetHints":{"allow":["GET"]}}],"collection":[{"href":"https:\/\/minghanggroup.com\/tr\/wp-json\/wp\/v2\/product"}],"about":[{"href":"https:\/\/minghanggroup.com\/tr\/wp-json\/wp\/v2\/types\/product"}],"wp:featuredmedia":[{"embeddable":true,"href":"https:\/\/minghanggroup.com\/tr\/wp-json\/wp\/v2\/media\/5704"}],"wp:attachment":[{"href":"https:\/\/minghanggroup.com\/tr\/wp-json\/wp\/v2\/media?parent=5701"}],"wp:term":[{"taxonomy":"product_brand","embeddable":true,"href":"https:\/\/minghanggroup.com\/tr\/wp-json\/wp\/v2\/product_brand?post=5701"},{"taxonomy":"product_cat","embeddable":true,"href":"https:\/\/minghanggroup.com\/tr\/wp-json\/wp\/v2\/product_cat?post=5701"},{"taxonomy":"product_tag","embeddable":true,"href":"https:\/\/minghanggroup.com\/tr\/wp-json\/wp\/v2\/product_tag?post=5701"}],"curies":[{"name":"wp","href":"https:\/\/api.w.org\/{rel}","templated":true}]}}