{"id":5685,"date":"2026-02-25T15:22:49","date_gmt":"2026-02-25T07:22:49","guid":{"rendered":"https:\/\/minghanggroup.com\/?post_type=product&#038;p=5685"},"modified":"2026-02-25T16:41:04","modified_gmt":"2026-02-25T08:41:04","slug":"blue-wine-bottles-for-brands-wholesale","status":"publish","type":"product","link":"https:\/\/minghanggroup.com\/tr\/urun\/blue-wine-bottles-for-brands-wholesale\/","title":{"rendered":"Markalar i\u00e7in Toptan 375 ml Mavi \u015earap \u015ei\u015feleri"},"content":{"rendered":"<p>\u015earab\u0131n\u0131z\u0131n sadece rafta de\u011fil, m\u00fc\u015fterilerinizin elinde de dikkat \u00e7ekmesini istiyorsunuz. Mavi \u015farap \u015fi\u015felerimiz, canl\u0131 kobalt mavisi rengiyle an\u0131nda &#034;vay be&#034; dedirtecek bir etki yarat\u0131yor. Klasik 375 ml&#039;lik \u015farap \u015fi\u015fesi boyutuyla birle\u015fti\u011finde, k\u00f6p\u00fckl\u00fc \u015farap, bordo \u015farap veya ev yap\u0131m\u0131 \u015farap \u00f6rnekleriniz i\u00e7in gizli silah\u0131n\u0131z oluyor. Bordeaux \u015farap \u015fi\u015fesi \u015fekli gelene\u011fe sad\u0131k kal\u0131rken, mavi \u015farap \u015fi\u015feleri markan\u0131z\u0131n g\u00f6z ard\u0131 edilmesini imkans\u0131z hale getiriyor. Bo\u015f \u015farap \u015fi\u015feleri hat\u0131ra olarak saklan\u0131yor; m\u00fc\u015fterileriniz son yudumdan \u00e7ok sonra bile onlar\u0131 sakl\u0131yor.<\/p>\n<h2>\u00dcr\u00fcn \u00d6zellikleri<\/h2>\n<ul>\n<li><strong>\u0130nce ve uzun profil:<\/strong> Uzun ve dar \u015fekli, rafa daha etkileyici bir g\u00f6r\u00fcn\u00fcm kazand\u0131r\u0131rken, \u015fi\u015fenin de \u00fcst d\u00fczey ve modern bir hava ta\u015f\u0131mas\u0131n\u0131 sa\u011fl\u0131yor.<\/li>\n<li><strong>G\u00f6zl\u00fcklerin \u00e7e\u015fitli renk se\u00e7enekleri:<\/strong> G\u00f6zl\u00fckler kobalt mavisi ve klasik kehribar renklerinde olup, markalara g\u00f6steri\u015fli moda ile geleneksel hafif koruma aras\u0131nda se\u00e7im yapma olana\u011f\u0131 sunuyor.<\/li>\n<li><strong>Hatta etiketleme y\u00fczeyi:<\/strong> D\u00fcz g\u00f6vde, serigrafi bask\u0131, kabartma veya di\u011fer herhangi bir markalama y\u00f6ntemiyle yeterli miktarda etiketleme alan\u0131 sunar.<\/li>\n<\/ul>\n<h2>Temel \u00d6zellikler<\/h2>\n<table style=\"border-collapse: collapse; width: 80%; margin-left: auto; margin-right: auto;\" border=\"0\" width=\"144\" cellspacing=\"0\" cellpadding=\"0\">\n<tbody>\n<tr style=\"height: 13.50pt;\">\n<td style=\"height: 13.5pt; width: 54pt; text-align: center;\" width=\"72\" height=\"18\">\u00d6zellik<\/td>\n<td style=\"width: 54pt; text-align: center;\" width=\"72\">Detay<\/td>\n<\/tr>\n<tr style=\"height: 13.50pt;\">\n<td style=\"height: 13.5pt; text-align: center;\" height=\"18\">Kapasite<\/td>\n<td style=\"text-align: center;\">375 ml<\/td>\n<\/tr>\n<tr style=\"height: 13.50pt;\">\n<td style=\"height: 13.5pt; text-align: center;\" height=\"18\">Boyutlar<\/td>\n<td style=\"text-align: center;\">5,5 \u00d7 32,8 cm<\/td>\n<\/tr>\n<tr style=\"height: 13.50pt;\">\n<td style=\"height: 13.5pt; text-align: center;\" height=\"18\">Renkler<\/td>\n<td style=\"text-align: center;\">Mavi, Kehribar<\/td>\n<\/tr>\n<tr style=\"height: 13.50pt;\">\n<td style=\"height: 13.5pt; text-align: center;\" height=\"18\">Boyun<\/td>\n<td style=\"text-align: center;\">18 mm standart (\u015farap mantarlar\u0131na, kapaklar\u0131na uygundur)<\/td>\n<\/tr>\n<tr style=\"height: 13.50pt;\">\n<td style=\"height: 13.5pt; text-align: center;\" height=\"18\">Kapan\u0131\u015f<\/td>\n<td style=\"text-align: center;\">Do\u011fal \u015earap Mantarlar\u0131, Y\u00fcksek Molek\u00fcler \u0130\u00e7erikli T\u0131pa, Vidal\u0131 Kapak<\/td>\n<\/tr>\n<tr style=\"height: 13.50pt;\">\n<td style=\"height: 13.5pt; text-align: center;\" height=\"18\">En \u0130yisi \u0130\u00e7in<\/td>\n<td style=\"text-align: center;\">K\u00f6p\u00fckl\u00fc \u015earap, K\u0131rm\u0131z\u0131 \u015earap, Burgonya, Ev Yap\u0131m\u0131 \u015earap, Lik\u00f6r \u015ei\u015feleri<\/td>\n<\/tr>\n<\/tbody>\n<\/table>\n<h2>Ba\u015far\u0131 \u00d6rne\u011fi<\/h2>\n<p>G\u00fcney Fransa&#039;da bulunan bir \u015farap \u00fcreticisi, s\u0131n\u0131rl\u0131 say\u0131da \u00fcretilen bir tatl\u0131 \u015farab\u0131 piyasaya s\u00fcrmek i\u00e7in 375 ml&#039;lik mavi cam \u015farap \u015fi\u015felerimizi tercih etti. Daha \u00fcst d\u00fczey bir konumland\u0131rmaya uygun olarak, \u015fi\u015felerin rafta daha g\u00fc\u00e7l\u00fc g\u00f6r\u00fcnmesi i\u00e7in daha koyu bir kobalt tonu kullanarak \u015fi\u015feleri yeniden tasarlad\u0131lar, daha l\u00fcks bir his vermek i\u00e7in \u015fi\u015fenin taban\u0131n\u0131 y\u00fcksek bir \u015fekilde yuvarlakla\u015ft\u0131rd\u0131lar ve \u015fato amblemlerini kobalt \u00fczerine metalik g\u00fcm\u00fc\u015f serigrafi bask\u0131 ile i\u015flediler. Boyun k\u0131sm\u0131n\u0131 da do\u011fal mantar kullanarak kendi zevklerine g\u00f6re \u00fcrettik ve parlak omuz k\u0131sm\u0131yla hafif bir kontrast olu\u015fturmak i\u00e7in alt g\u00f6vdeye mat bir buzlu sprey uygulad\u0131k.<\/p>\n<p>Yeni \u00fcr\u00fcn serisine ge\u00e7tikten sonra, ilk sezonda \u00f6nceki s\u0131radan \u015feffaf \u015fi\u015felere k\u0131yasla sat\u0131\u015flarda &#039;lik bir b\u00fcy\u00fcme ya\u015fand\u0131. M\u00fc\u015fteri, d\u00f6rt aydan k\u0131sa bir s\u00fcre i\u00e7inde tekrar sipari\u015f verdi ve ikinci sat\u0131n alma hacminde &#039;lik bir art\u0131\u015f sa\u011flad\u0131; ayr\u0131ca ayn\u0131 \u015fi\u015fe stiliyle iki sezonluk daha \u00fcr\u00fcn piyasaya s\u00fcrd\u00fc.<\/p>\n<h2>Size \u00d6zel Ki\u015fiselle\u015ftirme \u0130pu\u00e7lar\u0131<\/h2>\n<ol>\n<li><strong>Renk Stratejisi:<\/strong> Modern markalar i\u00e7in mavi \u015farap \u015fi\u015feleri; geleneksel bordo \u015faraplar i\u00e7in kehribar rengi. D\u00fc\u011f\u00fcnlerde giyilecek muhte\u015fem \u015faraplar i\u00e7in \u015fampanya ye\u015fili rengini deneyin.<\/li>\n<li><strong>Kapatma Se\u00e7ene\u011fi:<\/strong> Seyahat numuneleri i\u00e7in vidal\u0131 kapaklar; mantar t\u0131pa gelene\u011fi i\u00e7in \u015farap mantarlar\u0131. \u015earap mantarlar\u0131na \u00fcretim y\u0131l\u0131 damgas\u0131 vurulur \u2013 \u015fi\u015feyi a\u00e7mak bir rit\u00fcel haline gelir.<\/li>\n<li><strong>Toplu Al\u0131m Avantaj\u0131:<\/strong> 375 ml&#039;lik \u015farap \u015fi\u015feleri sipari\u015f edin \u2013 kademeli fiyatland\u0131rma, \u00fccretsiz numuneler ve \u00f6zel destekten yararlan\u0131n. Her t\u00fcrl\u00fc etkinlik i\u00e7in m\u00fckemmel \u015fi\u015feler.<\/li>\n<\/ol>","protected":false},"excerpt":{"rendered":"<p>\u015e\u0131k mavi \u015farap \u015fi\u015feleri, 375 ml&#039;lik \u015farap \u015fi\u015fesi boyutuyla, birinci s\u0131n\u0131f ambalajlar i\u00e7in idealdir. Fabrikadan do\u011frudan tedarik, toplu \u00f6zelle\u015ftirme ve h\u0131zl\u0131 kargo.<\/p>","protected":false},"featured_media":5700,"template":"","meta":{"postBodyCss":"","postBodyMargin":[],"postBodyPadding":[],"postBodyBackground":{"backgroundType":"classic","gradient":""}},"product_brand":[],"product_cat":[15,16,84],"product_tag":[],"class_list":{"0":"post-5685","1":"product","2":"type-product","3":"status-publish","4":"has-post-thumbnail","6":"product_cat-glass-containers","7":"product_cat-glass-bottles","8":"product_cat-wine-bottles","10":"first","11":"instock","12":"shipping-taxable","13":"product-type-simple"},"jetpack_sharing_enabled":true,"_links":{"self":[{"href":"https:\/\/minghanggroup.com\/tr\/wp-json\/wp\/v2\/product\/5685","targetHints":{"allow":["GET"]}}],"collection":[{"href":"https:\/\/minghanggroup.com\/tr\/wp-json\/wp\/v2\/product"}],"about":[{"href":"https:\/\/minghanggroup.com\/tr\/wp-json\/wp\/v2\/types\/product"}],"wp:featuredmedia":[{"embeddable":true,"href":"https:\/\/minghanggroup.com\/tr\/wp-json\/wp\/v2\/media\/5700"}],"wp:attachment":[{"href":"https:\/\/minghanggroup.com\/tr\/wp-json\/wp\/v2\/media?parent=5685"}],"wp:term":[{"taxonomy":"product_brand","embeddable":true,"href":"https:\/\/minghanggroup.com\/tr\/wp-json\/wp\/v2\/product_brand?post=5685"},{"taxonomy":"product_cat","embeddable":true,"href":"https:\/\/minghanggroup.com\/tr\/wp-json\/wp\/v2\/product_cat?post=5685"},{"taxonomy":"product_tag","embeddable":true,"href":"https:\/\/minghanggroup.com\/tr\/wp-json\/wp\/v2\/product_tag?post=5685"}],"curies":[{"name":"wp","href":"https:\/\/api.w.org\/{rel}","templated":true}]}}