{"id":5679,"date":"2026-02-25T13:08:00","date_gmt":"2026-02-25T05:08:00","guid":{"rendered":"https:\/\/minghanggroup.com\/?post_type=product&#038;p=5679"},"modified":"2026-02-25T16:13:13","modified_gmt":"2026-02-25T08:13:13","slug":"750ml-bright-green-wine-bottles-in-bulk","status":"publish","type":"product","link":"https:\/\/minghanggroup.com\/tr\/urun\/750ml-bright-green-wine-bottles-in-bulk\/","title":{"rendered":"750 ml Parlak Ye\u015fil \u015earap \u015ei\u015feleri (Toptan)"},"content":{"rendered":"<p>Bu 750 ml&#039;lik ye\u015fil \u015farap \u015fi\u015fesi, kaliteli g\u0131da s\u0131n\u0131f\u0131 ye\u015fil cam kullan\u0131larak \u00fcretilmi\u015ftir. P\u00fcr\u00fczs\u00fcz ve d\u00fcz g\u00f6vdesi ve uzun, zarif boynu, UV \u0131\u015f\u0131nlar\u0131na kar\u015f\u0131 gerekli korumay\u0131 sa\u011flar; b\u00f6ylece beyaz \u015faraplar\u0131n, k\u00f6p\u00fckl\u00fc \u015faraplar\u0131n ve meyve \u015faraplar\u0131n\u0131n lezzeti ve kalitesi bozulmaz.<\/p>\n<h2>\u00dcr\u00fcn \u00d6zellikleri<\/h2>\n<ul>\n<li><strong>Parlak Ye\u015fil:<\/strong> Ye\u015fil cam parlak ve berrak oldu\u011fu i\u00e7in daha do\u011fal bir g\u00f6r\u00fcn\u00fcm sunuyor ve \u0131\u015f\u0131\u011fa duyarl\u0131 \u015faraplar\u0131 da koruyor.<\/li>\n<li><strong>Standart Boyun:<\/strong> D\u00fcz boyun tasar\u0131m\u0131, farkl\u0131 \u015farap mantarlar\u0131n\u0131 ve kapaklar\u0131n\u0131 tutmak i\u00e7in idealdir.<\/li>\n<li><strong>\u015e\u0131k \u0130\u00e7b\u00fckey Taban Tasar\u0131m\u0131:<\/strong> \u0130\u00e7b\u00fckey taban tasar\u0131m\u0131, \u015fi\u015fenin dengesini art\u0131r\u0131r, tortular\u0131n toplanmas\u0131na yard\u0131mc\u0131 olur ve \u015fi\u015feye geleneksel, \u00fcst d\u00fczey bir g\u00f6r\u00fcn\u00fcm kazand\u0131r\u0131r.<\/li>\n<\/ul>\n<h2 style=\"text-align: left;\">Temel \u00d6zellikler<\/h2>\n<table class=\"aligncenter\" style=\"border-collapse: collapse; width: 506.27pt;\" border=\"0\" width=\"675\" cellspacing=\"0\" cellpadding=\"0\">\n<tbody>\n<tr style=\"height: 13.50pt;\">\n<td style=\"height: 13.50pt; width: 118.50pt;\" width=\"158\" height=\"18\">Ba\u011flanmak<\/td>\n<td style=\"width: 387.75pt;\" width=\"517\">Detaylar<\/td>\n<\/tr>\n<tr style=\"height: 13.50pt;\">\n<td style=\"height: 13.50pt;\" height=\"18\">Kapasite<\/td>\n<td>750 ml<\/td>\n<\/tr>\n<tr style=\"height: 13.50pt;\">\n<td style=\"height: 13.50pt;\" height=\"18\">Malzeme<\/td>\n<td>Parlak Ye\u015fil Cam<\/td>\n<\/tr>\n<tr style=\"height: 13.50pt;\">\n<td style=\"height: 13.50pt;\" height=\"18\">\u015ei\u015fe \u015eekli<\/td>\n<td>D\u00fcz kenarl\u0131, \u00e7\u0131k\u0131nt\u0131l\u0131 taban<\/td>\n<\/tr>\n<tr style=\"height: 13.50pt;\">\n<td style=\"height: 13.50pt;\" height=\"18\">\u00d6zelle\u015ftirme Aral\u0131\u011f\u0131<\/td>\n<td>Renk Yo\u011funlu\u011fu, Kabartma, Sap Kaplamas\u0131<\/td>\n<\/tr>\n<tr style=\"height: 13.50pt;\">\n<td style=\"height: 13.50pt;\" height=\"18\">\u0130\u015f\u00e7ilik<\/td>\n<td>D\u00fczg\u00fcn Renk Da\u011f\u0131l\u0131m\u0131, Hassas Kal\u0131p, Standart D\u00fcz \u00dcst K\u0131s\u0131m<\/td>\n<\/tr>\n<tr style=\"height: 13.50pt;\">\n<td style=\"height: 13.50pt;\" height=\"18\">Birincil Kullan\u0131m<\/td>\n<td>Ye\u015fil \u015earap \u015ei\u015feleri, Toplu \u015earap \u015ei\u015feleri<\/td>\n<\/tr>\n<tr style=\"height: 13.50pt;\">\n<td style=\"height: 13.50pt;\" height=\"18\">Hedef Sekt\u00f6rler<\/td>\n<td>\u015earaphaneler, Butik \u0130\u00e7ecek \u00dcreticileri<\/td>\n<\/tr>\n<\/tbody>\n<\/table>\n<h2>Ba\u015far\u0131 \u00d6rne\u011fi: Kaliforniya&#039;da Bir \u015earaphanede S\u00fcrd\u00fcr\u00fclebilirlik<\/h2>\n<p>Ye\u015fil \u015farap \u015fi\u015femiz, Kaliforniya&#039;da s\u00fcrd\u00fcr\u00fclebilir bir \u015faraphanede yeni bir organik beyaz \u015farap serisinde kullan\u0131lacak. Bu UV korumal\u0131 cam, ikincil ambalaj ve karton kullan\u0131m\u0131n\u0131 oran\u0131nda azaltmalar\u0131n\u0131 sa\u011flad\u0131. Cesur ye\u015fil renk, \u015fi\u015fenin pazarlanabilirli\u011fini art\u0131rd\u0131 ve bu da ilk \u00e7eyrekte sat\u0131\u015flar\u0131n oran\u0131nda artmas\u0131na yol a\u00e7t\u0131. \u015earaphane, \u015fi\u015fenin performans\u0131ndan son derece memnun kald\u0131 ve bunu \u00fc\u00e7 farkl\u0131 \u015farap serisinde daha tekrarlayarak 500.000 \u015fi\u015fe daha sipari\u015f etti.<\/p>\n<h2>Toplu \u015earap \u015ei\u015fesi Tasar\u0131m\u0131<\/h2>\n<ul>\n<li>Ekstra Taban Tasar\u0131m\u0131: \u015ei\u015fenin taban\u0131n\u0131 \u00f6zelle\u015ftirin; derinli\u011fi se\u00e7ilebilir veya hatta markan\u0131n kal\u0131b\u0131 tabana i\u015flenebilir.<\/li>\n<li>Kabartmal\u0131 Logo veya Desen: Kabartmal\u0131 Logolar \u015ei\u015fenin omuz k\u0131sm\u0131na do\u011frudan basit bir \u00fcz\u00fcm salk\u0131m\u0131 motifi veya deseni kabart\u0131lm\u0131\u015ft\u0131r.<\/li>\n<li>Boyut Ayar\u0131: En klasik boyutu, ayn\u0131 ikonik renkler ve \u015fekille 500 ml veya 1 litreye kadar ayarlay\u0131n.<\/li>\n<\/ul>","protected":false},"excerpt":{"rendered":"<p>750 ml standart boyutta y\u00fcksek kaliteli ye\u015fil \u015farap \u015fi\u015fesi setleri. Meyve \u015faraplar\u0131 ve k\u00f6p\u00fckl\u00fc i\u00e7ecekler i\u00e7in ideal olan bu toplu \u015farap \u015fi\u015feleri, \u00fccretsiz tad\u0131m i\u00e7in haz\u0131rd\u0131r.<\/p>","protected":false},"featured_media":5696,"template":"","meta":{"postBodyCss":"","postBodyMargin":[],"postBodyPadding":[],"postBodyBackground":{"backgroundType":"classic","gradient":""}},"product_brand":[],"product_cat":[15,16,84],"product_tag":[],"class_list":{"0":"post-5679","1":"product","2":"type-product","3":"status-publish","4":"has-post-thumbnail","6":"product_cat-glass-containers","7":"product_cat-glass-bottles","8":"product_cat-wine-bottles","10":"first","11":"instock","12":"shipping-taxable","13":"product-type-simple"},"jetpack_sharing_enabled":true,"_links":{"self":[{"href":"https:\/\/minghanggroup.com\/tr\/wp-json\/wp\/v2\/product\/5679","targetHints":{"allow":["GET"]}}],"collection":[{"href":"https:\/\/minghanggroup.com\/tr\/wp-json\/wp\/v2\/product"}],"about":[{"href":"https:\/\/minghanggroup.com\/tr\/wp-json\/wp\/v2\/types\/product"}],"wp:featuredmedia":[{"embeddable":true,"href":"https:\/\/minghanggroup.com\/tr\/wp-json\/wp\/v2\/media\/5696"}],"wp:attachment":[{"href":"https:\/\/minghanggroup.com\/tr\/wp-json\/wp\/v2\/media?parent=5679"}],"wp:term":[{"taxonomy":"product_brand","embeddable":true,"href":"https:\/\/minghanggroup.com\/tr\/wp-json\/wp\/v2\/product_brand?post=5679"},{"taxonomy":"product_cat","embeddable":true,"href":"https:\/\/minghanggroup.com\/tr\/wp-json\/wp\/v2\/product_cat?post=5679"},{"taxonomy":"product_tag","embeddable":true,"href":"https:\/\/minghanggroup.com\/tr\/wp-json\/wp\/v2\/product_tag?post=5679"}],"curies":[{"name":"wp","href":"https:\/\/api.w.org\/{rel}","templated":true}]}}