{"id":5673,"date":"2026-02-11T13:01:50","date_gmt":"2026-02-11T05:01:50","guid":{"rendered":"https:\/\/minghanggroup.com\/?post_type=product&#038;p=5673"},"modified":"2026-02-11T13:01:52","modified_gmt":"2026-02-11T05:01:52","slug":"custom-wine-bottles-empty-for-branding-bulk","status":"publish","type":"product","link":"https:\/\/minghanggroup.com\/tr\/urun\/custom-wine-bottles-empty-for-branding-bulk\/","title":{"rendered":"500 ml&#039;lik \u00d6zel Tasar\u0131ml\u0131 Bo\u015f \u015earap \u015ei\u015feleri (Marka Bask\u0131s\u0131 \u0130\u00e7in)"},"content":{"rendered":"<p>Sadece \u015farap satm\u0131yorsunuz, bir deneyim sat\u0131yorsunuz. 500 ml&#039;lik bo\u015f \u015farap \u015fi\u015felerimiz bunu m\u00fckemmel bir \u015fekilde sunuyor. Bu sadece bir \u015fi\u015fe de\u011fil, markan\u0131z\u0131n sessiz el\u00e7isi. Klasik Bordeaux \u015farap \u015fi\u015fesi sil\u00fcetinde tasarlanan bu \u015fi\u015fe, bordo veya k\u0131rm\u0131z\u0131 \u015faraplar\u0131 \u015f\u0131kl\u0131kla sergiliyor. Rengi vurgulamak i\u00e7in \u015feffaf cam\u0131 veya UV korumas\u0131 i\u00e7in kehribar rengini tercih edin. Mantar t\u0131pa ile birlikte kullanarak \u015f\u0131k bir g\u00f6r\u00fcn\u00fcm elde edin. M\u00fc\u015fterileriniz \u015farab\u0131 bitirdi\u011finde, bo\u015f \u015farap \u015fi\u015felerini de\u011ferli birer hat\u0131ra olarak saklayacaklar.<\/p>\n<h2>\u00dcr\u00fcn \u00d6zellikleri<\/h2>\n<ul>\n<li><strong>\u0130kili, Renkli Hikaye Anlat\u0131m\u0131:<\/strong> \u015eeffaf cam, ev yap\u0131m\u0131 \u015faraplar\u0131n\u0131z\u0131n renginin g\u00f6r\u00fcnmesini sa\u011flar; kehribar rengi (daha zarif bir ye\u015fil Bordeaux kuzeni) ise k\u00f6p\u00fckl\u00fc \u015farab\u0131 \u0131\u015f\u0131k hasar\u0131ndan korur.<\/li>\n<li><strong>Bahis Taban\u0131 \u0130stikrar\u0131:<\/strong> G\u00fc\u00e7lendirilmi\u015f \u00e7akmakta\u015f\u0131 taban, \u015fi\u015felerin nakliyesi s\u0131ras\u0131nda veya bo\u015f \u015farap \u015fi\u015feleri masa d\u00fczenleyici olarak kullan\u0131ld\u0131\u011f\u0131nda sa\u011flam, kaya gibi bir duru\u015f sa\u011flar.<\/li>\n<li><strong>Yeniden Kullan\u0131ma Haz\u0131r:<\/strong> Bo\u015f bir \u015farap \u015fi\u015fesini parf\u00fcm \u015fi\u015fesine, mumlu\u011fa veya hatta d\u00fc\u011f\u00fcn hediyesi olarak kullanmak i\u00e7in m\u00fckemmel bir fikir.<\/li>\n<\/ul>\n<h2>Temel \u00d6zellikler<\/h2>\n<table style=\"border-collapse: collapse; width: 80%; margin-left: auto; margin-right: auto;\" border=\"0\" width=\"144\" cellspacing=\"0\" cellpadding=\"0\">\n<tbody>\n<tr style=\"height: 13.50pt;\">\n<td style=\"height: 13.5pt; width: 54pt; text-align: center;\" width=\"72\" height=\"18\">\u00d6zellik<\/td>\n<td style=\"width: 54pt; text-align: center;\" width=\"72\">Detay<\/td>\n<\/tr>\n<tr style=\"height: 13.50pt;\">\n<td style=\"height: 13.5pt; text-align: center;\" height=\"18\">Kapasite<\/td>\n<td style=\"text-align: center;\">500 ml<\/td>\n<\/tr>\n<tr style=\"height: 13.50pt;\">\n<td style=\"height: 13.5pt; text-align: center;\" height=\"18\">Boyutlar<\/td>\n<td style=\"text-align: center;\">6,1 \u00d7 33 cm<\/td>\n<\/tr>\n<tr style=\"height: 13.50pt;\">\n<td style=\"height: 13.5pt; text-align: center;\" height=\"18\">Renk<\/td>\n<td style=\"text-align: center;\">\u015eeffaf Cam, Kehribar<\/td>\n<\/tr>\n<tr style=\"height: 13.50pt;\">\n<td style=\"height: 13.5pt; text-align: center;\" height=\"18\">Boyun<\/td>\n<td style=\"text-align: center;\">1,8 cm<\/td>\n<\/tr>\n<tr style=\"height: 13.50pt;\">\n<td style=\"height: 13.5pt; text-align: center;\" height=\"18\">Kapan\u0131\u015f<\/td>\n<td style=\"text-align: center;\">Do\u011fal \u015earap Mantarlar\u0131, Y\u00fcksek Molek\u00fcler \u0130\u00e7erikli T\u0131pa<\/td>\n<\/tr>\n<tr style=\"height: 13.50pt;\">\n<td style=\"height: 13.5pt; text-align: center;\" height=\"18\">En \u0130yisi \u0130\u00e7in<\/td>\n<td style=\"text-align: center;\">K\u0131rm\u0131z\u0131 \u015earaplar, K\u0131rm\u0131z\u0131 \u015earap (Claret), Burgonya \u015earaplar\u0131, K\u00f6p\u00fckl\u00fc \u015earaplar, Lik\u00f6r \u015ei\u015feleri<\/td>\n<\/tr>\n<\/tbody>\n<\/table>\n<h2>Ba\u015far\u0131 \u00d6rne\u011fi<\/h2>\n<p>\u0130spanya&#039;n\u0131n Rioja b\u00f6lgesinden butik bir \u015farap \u00fcreticisi, yeni me\u015fe f\u0131\u00e7\u0131da olgunla\u015ft\u0131rma serisinin ana ambalaj\u0131 olarak klasik d\u00fcz, omuzlu k\u0131rm\u0131z\u0131 \u015farap \u015fi\u015femizi tercih etti. Ba\u015flang\u0131\u00e7ta m\u00fc\u015fteri geleneksel bir \u015farap \u00fcreticisi havas\u0131 istiyordu, bu nedenle daha l\u00fcks bir dokunu\u015f vermek i\u00e7in \u015fi\u015fe taban\u0131n\u0131 kal\u0131nla\u015ft\u0131rd\u0131k (i\u00e7b\u00fckey taban\u0131 28 mm&#039;ye kadar derinle\u015ftirdik), omuz k\u0131sm\u0131na \u00f6zel kabartmal\u0131 bir \u015farap \u00fcreticisi armas\u0131 yerle\u015ftirdik ve \u0131\u015f\u0131k korumas\u0131n\u0131 art\u0131rmak i\u00e7in koyu kahverengi, y\u00fcksek \u015feffafl\u0131kta bir cam kulland\u0131k. Ayr\u0131ca etiket konumland\u0131rmas\u0131 i\u00e7in \u015fi\u015feye k\u0131smen buzlu bir y\u00fczey uyguland\u0131, b\u00f6ylece etiket daha iyi yap\u0131\u015facak ve k\u0131r\u0131\u015fma olas\u0131l\u0131\u011f\u0131 azalacak.<\/p>\n<p>Piyasaya s\u00fcr\u00fclmesinden alt\u0131 ay sonra, bu serinin Avrupa&#039;daki \u00fcst d\u00fczey s\u00fcpermarketlerdeki sat\u0131\u015flar\u0131 bir \u00f6nceki y\u0131la g\u00f6re artarken, \u00e7evrimi\u00e7i sat\u0131\u015flardaki b\u00fcy\u00fcme &#039;nin \u00fczerinde ger\u00e7ekle\u015fti.<\/p>\n<h2>\u00d6zelle\u015ftirme Se\u00e7enekleriniz<\/h2>\n<ol>\n<li><strong>Omuz veya g\u00f6vde \u00fczerinde kabartmal\u0131 logo:<\/strong> \u015earaphanenin armas\u0131n\u0131, \u00fcretim y\u0131l\u0131n\u0131 veya \u00f6zel tasar\u0131m\u0131n\u0131 omuz k\u0131sm\u0131na i\u015fleyerek marka bilinirli\u011fini art\u0131r\u0131n ve sahtecili\u011fe kar\u015f\u0131 koruma sa\u011flay\u0131n.<\/li>\n<li><strong>Gradyan veya \u00d6zel, Renkli Cam:<\/strong> Standart \u015feffaf, koyu ye\u015fil ve kahverengi renklerin yan\u0131 s\u0131ra, degrade veya d\u00fc\u015f\u00fck doygunluklu \u00f6zel renkli camlar da serinin kimli\u011fini g\u00f6rsel olarak g\u00fc\u00e7lendirmek i\u00e7in mevcuttur.<\/li>\n<li><strong>K\u0131smen veya Tamamen Buzlu Y\u00fczey:<\/strong> Dokunsal farkl\u0131l\u0131klar yarat\u0131r ve bu farkl\u0131l\u0131klar, alt\u0131n yald\u0131z bask\u0131 veya UV etiketlerle birlikte kullan\u0131ld\u0131\u011f\u0131nda daha g\u00fc\u00e7l\u00fc bir kontrast etkisi sa\u011flar.<\/li>\n<li><strong>Geli\u015ftirilmi\u015f Darbo\u011faz Yap\u0131s\u0131:<\/strong> Piyasadaki \u00e7e\u015fitli ihtiya\u00e7lar\u0131 kar\u015f\u0131lamak i\u00e7in mantar t\u0131palar, vidal\u0131 kapaklar ve sentetik t\u0131palar gibi farkl\u0131 s\u0131zd\u0131rma se\u00e7eneklerini destekleme esnekli\u011fine sahiptir.<\/li>\n<\/ol>","protected":false},"excerpt":{"rendered":"<p>\u00d6zel \u015farap \u015fi\u015fesi projeleriniz i\u00e7in y\u00fcksek kaliteli bo\u015f \u015farap \u015fi\u015feleri. Fabrikadan do\u011frudan tedarik, toplu \u00f6zelle\u015ftirme ve d\u00fcnya \u00e7ap\u0131nda h\u0131zl\u0131 kargo.<\/p>","protected":false},"featured_media":5674,"template":"","meta":{"postBodyCss":"","postBodyMargin":[],"postBodyPadding":[],"postBodyBackground":{"backgroundType":"classic","gradient":""}},"product_brand":[],"product_cat":[15,16,84],"product_tag":[],"class_list":{"0":"post-5673","1":"product","2":"type-product","3":"status-publish","4":"has-post-thumbnail","6":"product_cat-glass-containers","7":"product_cat-glass-bottles","8":"product_cat-wine-bottles","10":"first","11":"instock","12":"shipping-taxable","13":"product-type-simple"},"jetpack_sharing_enabled":true,"_links":{"self":[{"href":"https:\/\/minghanggroup.com\/tr\/wp-json\/wp\/v2\/product\/5673","targetHints":{"allow":["GET"]}}],"collection":[{"href":"https:\/\/minghanggroup.com\/tr\/wp-json\/wp\/v2\/product"}],"about":[{"href":"https:\/\/minghanggroup.com\/tr\/wp-json\/wp\/v2\/types\/product"}],"wp:featuredmedia":[{"embeddable":true,"href":"https:\/\/minghanggroup.com\/tr\/wp-json\/wp\/v2\/media\/5674"}],"wp:attachment":[{"href":"https:\/\/minghanggroup.com\/tr\/wp-json\/wp\/v2\/media?parent=5673"}],"wp:term":[{"taxonomy":"product_brand","embeddable":true,"href":"https:\/\/minghanggroup.com\/tr\/wp-json\/wp\/v2\/product_brand?post=5673"},{"taxonomy":"product_cat","embeddable":true,"href":"https:\/\/minghanggroup.com\/tr\/wp-json\/wp\/v2\/product_cat?post=5673"},{"taxonomy":"product_tag","embeddable":true,"href":"https:\/\/minghanggroup.com\/tr\/wp-json\/wp\/v2\/product_tag?post=5673"}],"curies":[{"name":"wp","href":"https:\/\/api.w.org\/{rel}","templated":true}]}}