{"id":5664,"date":"2026-02-17T13:36:13","date_gmt":"2026-02-17T05:36:13","guid":{"rendered":"https:\/\/minghanggroup.com\/?post_type=product&#038;p=5664"},"modified":"2026-02-10T15:26:37","modified_gmt":"2026-02-10T07:26:37","slug":"clear-custom-mini-wine-bottles-for-wineries","status":"publish","type":"product","link":"https:\/\/minghanggroup.com\/tr\/urun\/clear-custom-mini-wine-bottles-for-wineries\/","title":{"rendered":"\u015earaphaneler i\u00e7in 250 ml \u015eeffaf \u00d6zel Tasar\u0131m Mini \u015earap \u015ei\u015feleri"},"content":{"rendered":"<p>K\u00fc\u00e7\u00fck bir pakette zarafete ihtiyac\u0131n\u0131z var ve biz bunu sa\u011fl\u0131yoruz. Yeni gizli silah\u0131n\u0131zla tan\u0131\u015f\u0131n: m\u00fckemmel 250 ml boyutunda \u00f6zel mini \u015farap \u015fi\u015feleri. Klasik bir Bordeaux \u015farap \u015fi\u015fesinin ruhunu ta\u015f\u0131yan, parlak \u015feffaf camdan \u00fcretilen bu k\u00fc\u00e7\u00fck ama g\u00fc\u00e7l\u00fc \u015fi\u015fe, k\u0131rm\u0131z\u0131 \u015farab\u0131n\u0131z\u0131, Burgonya \u015farab\u0131n\u0131z\u0131 veya ev yap\u0131m\u0131 \u015farab\u0131n\u0131z\u0131 zarafetle sergiliyor. Vidal\u0131 kapak kolayl\u0131\u011f\u0131, zamans\u0131z \u015farap \u015fi\u015fesi \u015fekliyle bulu\u015fuyor. D\u00fc\u011f\u00fcnler, \u00f6rnekler, hediyeler veya tad\u0131m u\u00e7u\u015flar\u0131 i\u00e7in toptan mini \u015farap \u015fi\u015feleri sipari\u015f edin.<\/p>\n<h2>\u00dcr\u00fcn \u00d6zellikleri<\/h2>\n<ul>\n<li><strong>Ger\u00e7ek Mini Sil\u00fcet:<\/strong> \u015earap \u015fi\u015fesi \u015feklinin birebir minyat\u00fcr hali; kusursuzca \u00f6l\u00e7eklendirilmi\u015f, p\u00fcr\u00fczs\u00fcz omuzlar, ince boyun. Ger\u00e7ekten de tan\u0131d\u0131\u011f\u0131n\u0131z bir \u015feye benziyor.<\/li>\n<li><strong>Kristal Berrakl\u0131k Vitrini:<\/strong> \u015eeffafl\u0131\u011f\u0131 y\u00fcksek berrakl\u0131kta cam \u015fi\u015fe kullanmak, k\u0131rm\u0131z\u0131 \u015faraplar\u0131n\u0131z\u0131n veya k\u00f6p\u00fckl\u00fc \u015faraplar\u0131n\u0131z\u0131n t\u00fcm renk tonlar\u0131n\u0131 g\u00fczel bir \u015fekilde sergiler. \u0130nsanlar, i\u00e7eri\u011fini net bir \u015fekilde g\u00f6rebildikleri bir \u00fcr\u00fcn\u00fc sat\u0131n almaya daha yatk\u0131nd\u0131r.<\/li>\n<li><strong>Ak\u0131ll\u0131 Vida, Boyun \u00c7ok Y\u00f6nl\u00fcl\u00fc\u011f\u00fc:<\/strong> 20 mm di\u015fli a\u011f\u0131z, vidal\u0131 kapaklar kullan\u0131ld\u0131\u011f\u0131nda s\u0131k\u0131ca kapan\u0131r; ayr\u0131ca \u015farap mantarlar\u0131 ve sentetik t\u0131palar i\u00e7in de kullan\u0131labilir. Mantar g\u00f6r\u00fcn\u00fcml\u00fc bir kaplama m\u0131 istiyorsunuz? Bunu ger\u00e7ekle\u015ftirecek olan biziz.<\/li>\n<\/ul>\n<h2>Temel \u00d6zellikler<\/h2>\n<table style=\"border-collapse: collapse; width: 80%; margin-left: auto; margin-right: auto;\" border=\"0\" width=\"144\" cellspacing=\"0\" cellpadding=\"0\">\n<tbody>\n<tr style=\"height: 13.50pt;\">\n<td style=\"height: 13.5pt; width: 54pt; text-align: center;\" width=\"72\" height=\"18\">\u00d6zellik<\/td>\n<td style=\"width: 54pt; text-align: center;\" width=\"72\">Detay<\/td>\n<\/tr>\n<tr style=\"height: 13.50pt;\">\n<td style=\"height: 13.5pt; text-align: center;\" height=\"18\">Kapasite<\/td>\n<td style=\"text-align: center;\">250 ml<\/td>\n<\/tr>\n<tr style=\"height: 13.50pt;\">\n<td style=\"height: 13.5pt; text-align: center;\" height=\"18\">Boyutlar<\/td>\n<td style=\"text-align: center;\">4,7 \u00d7 21,2 cm<\/td>\n<\/tr>\n<tr style=\"height: 13.50pt;\">\n<td style=\"height: 13.5pt; text-align: center;\" height=\"18\">Renk<\/td>\n<td style=\"text-align: center;\">\u015eeffaf \u00c7akmakta\u015f\u0131 Cam<\/td>\n<\/tr>\n<tr style=\"height: 13.50pt;\">\n<td style=\"height: 13.5pt; text-align: center;\" height=\"18\">Boyun<\/td>\n<td style=\"text-align: center;\">2 cm<\/td>\n<\/tr>\n<tr style=\"height: 13.50pt;\">\n<td style=\"height: 13.5pt; text-align: center;\" height=\"18\">Kapan\u0131\u015flar<\/td>\n<td style=\"text-align: center;\">Vidal\u0131 Kapak, Do\u011fal \u015earap Mantarlar\u0131, Sentetik T\u0131pa<\/td>\n<\/tr>\n<tr style=\"height: 13.50pt;\">\n<td style=\"height: 13.5pt; text-align: center;\" height=\"18\">M\u00fckemmel<\/td>\n<td style=\"text-align: center;\">Tad\u0131ml\u0131k \u00d6rnekler, D\u00fc\u011f\u00fcn Hediyeleri, Ev Yap\u0131m\u0131 \u015earap Hediyeleri, \u0130\u00e7ki \u015ei\u015feleri, Mini K\u00f6p\u00fckl\u00fc \u015earaplar<\/td>\n<\/tr>\n<\/tbody>\n<\/table>\n<h2>Ba\u015far\u0131 \u00d6rne\u011fi<\/h2>\n<p>G\u00fcney Avrupa&#039;da bulunan butik bir \u015farap \u00fcreticisi, tad\u0131m setleri ve seyahat perakende teklifleri i\u00e7in \u00f6zel olarak tasarlad\u0131\u011f\u0131m\u0131z mini \u015farap \u015fi\u015felerimizi kulland\u0131. Tasar\u0131m ekibimiz, kal\u0131nla\u015ft\u0131r\u0131lm\u0131\u015f camdan ince bir \u015fi\u015fe \u015fekli olu\u015fturdu, daha verimli otomatik dolum i\u00e7in boyun uzunlu\u011funu k\u0131saltt\u0131 ve mevcut kapaklar\u0131yla uyumlu vidal\u0131 kapaklar tasarlad\u0131. Bunun yan\u0131 s\u0131ra, m\u00fc\u015fteri serigrafi bask\u0131l\u0131 etiketler, \u015fi\u015fe taban\u0131nda hassas hacimsel kabartma ve \u015farab\u0131n rengini \u00f6ne \u00e7\u0131karmak i\u00e7in kristal berrakl\u0131\u011f\u0131nda cam form\u00fclasyonu tercih etti.<\/p>\n<p>Yeni ambalaj\u0131n piyasaya s\u00fcr\u00fclmesinin ard\u0131ndan, daha iyi raf \u00e7ekicili\u011fi ve daha verimli lojistik sayesinde tad\u0131m seti sat\u0131\u015flar\u0131 3 ay i\u00e7inde artt\u0131.<\/p>\n<h2>\u00d6zelle\u015ftirme \u00d6nerileriniz<\/h2>\n<ol>\n<li><strong>Temel Tasar\u0131m \u00d6zelle\u015ftirme:<\/strong> \u015ei\u015fe taban\u0131n\u0131n daha iyi tutu\u015f sa\u011flamas\u0131 ve kabartma y\u00f6ntemiyle \u015fi\u015fe taban\u0131n\u0131n \u00fcretim y\u0131l\u0131 veya miktar bilgisi i\u00e7in bir ekran olarak kullan\u0131labilmesi i\u00e7in i\u00e7b\u00fckey veya a\u011f\u0131rl\u0131kl\u0131 \u015fi\u015fe taban\u0131 tasar\u0131mlar\u0131n\u0131 destekler.<\/li>\n<li><strong>Cam Form\u00fcl Se\u00e7imi:<\/strong> \u015earaplar\u0131n renklerindeki farkl\u0131l\u0131klar\u0131 ortaya \u00e7\u0131karmak i\u00e7in son derece \u015feffaf, ultra beyaz veya hafif buzlu cam se\u00e7enekleri sunar; bu da tad\u0131m setleri ve hediye kutular\u0131 i\u00e7in \u00e7ok uygundur.<\/li>\n<li><strong>Dekorasyon Teknikleri:<\/strong> Zarif ve ayn\u0131 zamanda sade bir marka imaj\u0131 yaratmak i\u00e7in serigrafi bask\u0131, k\u0131smi buzlama veya \u015f\u0131k kabartmal\u0131 logolar\u0131 tercih edin.<\/li>\n<\/ol>","protected":false},"excerpt":{"rendered":"<p>Markalar ve \u015farap \u00fcreticileri i\u00e7in toptan \u00f6zel mini \u015farap \u015fi\u015feleri. Fabrikadan do\u011frudan tedarik ve esnek parti \u00f6zelle\u015ftirmesiyle toptan mini \u015farap \u015fi\u015feleri.<\/p>","protected":false},"featured_media":5672,"template":"","meta":{"postBodyCss":"","postBodyMargin":[],"postBodyPadding":[],"postBodyBackground":{"backgroundType":"classic","gradient":""}},"product_brand":[],"product_cat":[15,16,84],"product_tag":[],"class_list":{"0":"post-5664","1":"product","2":"type-product","3":"status-publish","4":"has-post-thumbnail","6":"product_cat-glass-containers","7":"product_cat-glass-bottles","8":"product_cat-wine-bottles","10":"first","11":"instock","12":"shipping-taxable","13":"product-type-simple"},"jetpack_sharing_enabled":true,"_links":{"self":[{"href":"https:\/\/minghanggroup.com\/tr\/wp-json\/wp\/v2\/product\/5664","targetHints":{"allow":["GET"]}}],"collection":[{"href":"https:\/\/minghanggroup.com\/tr\/wp-json\/wp\/v2\/product"}],"about":[{"href":"https:\/\/minghanggroup.com\/tr\/wp-json\/wp\/v2\/types\/product"}],"wp:featuredmedia":[{"embeddable":true,"href":"https:\/\/minghanggroup.com\/tr\/wp-json\/wp\/v2\/media\/5672"}],"wp:attachment":[{"href":"https:\/\/minghanggroup.com\/tr\/wp-json\/wp\/v2\/media?parent=5664"}],"wp:term":[{"taxonomy":"product_brand","embeddable":true,"href":"https:\/\/minghanggroup.com\/tr\/wp-json\/wp\/v2\/product_brand?post=5664"},{"taxonomy":"product_cat","embeddable":true,"href":"https:\/\/minghanggroup.com\/tr\/wp-json\/wp\/v2\/product_cat?post=5664"},{"taxonomy":"product_tag","embeddable":true,"href":"https:\/\/minghanggroup.com\/tr\/wp-json\/wp\/v2\/product_tag?post=5664"}],"curies":[{"name":"wp","href":"https:\/\/api.w.org\/{rel}","templated":true}]}}