{"id":5663,"date":"2026-02-15T12:01:00","date_gmt":"2026-02-15T04:01:00","guid":{"rendered":"https:\/\/minghanggroup.com\/?post_type=product&#038;p=5663"},"modified":"2026-02-10T16:19:04","modified_gmt":"2026-02-10T08:19:04","slug":"clear-empty-good-red-wine-bottles-wholesale","status":"publish","type":"product","link":"https:\/\/minghanggroup.com\/tr\/urun\/clear-empty-good-red-wine-bottles-wholesale\/","title":{"rendered":"750 ml \u015eeffaf Bo\u015f Kaliteli K\u0131rm\u0131z\u0131 \u015earap \u015ei\u015feleri Toptan Sat\u0131\u015f"},"content":{"rendered":"<p>Kaliteli ve d\u00fcr\u00fcst bir \u015farap \u015fi\u015fesine mi ihtiyac\u0131n\u0131z var? Bu tipik iyi k\u0131rm\u0131z\u0131 \u015farap \u015fi\u015fesi, zarif bir \u015fekilde boyuna do\u011fru daralan geni\u015f, konik bir \u015fi\u015feye sahiptir. \u015eeffaf ve a\u00e7\u0131k ye\u015fil olmak \u00fczere iki renk se\u00e7ene\u011fi mevcuttur.<\/p>\n<h2>\u00dcr\u00fcn \u00d6zellikleri<\/h2>\n<ul>\n<li><strong>\u0130ki net se\u00e7enek mevcuttur:<\/strong> Bunlar, \u015farab\u0131n rengini ve berrakl\u0131\u011f\u0131n\u0131 m\u00fckemmel \u015fekilde g\u00f6steren, \u015feffaf veya a\u00e7\u0131k ye\u015fil, y\u00fcksek berrakl\u0131kta cam bardaklard\u0131r.<\/li>\n<li><strong>Klasik i\u00e7b\u00fckey taban:<\/strong> \u0130\u00e7b\u00fckey taban deseni, geleneksel \u015farap \u015fi\u015fesi tasar\u0131m\u0131n\u0131n karakteristik bir \u00f6zelli\u011fidir ve \u015fi\u015fenin dengesini art\u0131r\u0131r.<\/li>\n<li><strong>Ta\u015f\u0131nabilir:<\/strong> Beyaz \u015faraplar, roze \u015faraplar ve di\u011fer a\u00e7\u0131k renkli i\u00e7eceklerle kullan\u0131labilir.<\/li>\n<\/ul>\n<h2>Temel \u00d6zellikler<\/h2>\n<table class=\"aligncenter\" style=\"border-collapse: collapse; width: 447.77pt;\" border=\"0\" width=\"597\" cellspacing=\"0\" cellpadding=\"0\">\n<tbody>\n<tr style=\"height: 13.50pt;\">\n<td style=\"height: 13.50pt; width: 115.50pt;\" width=\"154\" height=\"18\">Ba\u011flanmak<\/td>\n<td style=\"width: 332.25pt;\" width=\"443\">Detaylar<\/td>\n<\/tr>\n<tr style=\"height: 13.50pt;\">\n<td style=\"height: 13.50pt;\" height=\"18\">Kapasite<\/td>\n<td>750 ml<\/td>\n<\/tr>\n<tr style=\"height: 13.50pt;\">\n<td style=\"height: 13.50pt;\" height=\"18\">Boyutlar<\/td>\n<td>71\/72 mm \u00d7 323 mm<\/td>\n<\/tr>\n<tr style=\"height: 13.50pt;\">\n<td style=\"height: 13.50pt;\" height=\"18\">Malzeme<\/td>\n<td>\u015eeffaf veya a\u00e7\u0131k ye\u015fil saydam cam<\/td>\n<\/tr>\n<tr style=\"height: 13.50pt;\">\n<td style=\"height: 13.50pt;\" height=\"18\">\u015ei\u015fe \u015eekli<\/td>\n<td>Klasik Bordeaux (d\u00fcz kenarl\u0131, kavisli tabanl\u0131)<\/td>\n<\/tr>\n<tr style=\"height: 13.50pt;\">\n<td style=\"height: 13.50pt;\" height=\"18\">\u00d6zelle\u015ftirme Aral\u0131\u011f\u0131<\/td>\n<td>Renk, boyut, kapaklar<\/td>\n<\/tr>\n<tr style=\"height: 13.50pt;\">\n<td style=\"height: 13.50pt;\" height=\"18\">\u0130\u015f\u00e7ilik<\/td>\n<td>D\u00fczg\u00fcn duvar kal\u0131nl\u0131\u011f\u0131, p\u00fcr\u00fczs\u00fcz y\u00fczey, geleneksel tekne<\/td>\n<\/tr>\n<tr style=\"height: 13.50pt;\">\n<td style=\"height: 13.50pt;\" height=\"18\">Birincil Kullan\u0131m<\/td>\n<td>Beyaz \u015faraplar, roze \u015faraplar ve meyve \u015faraplar\u0131 i\u00e7in \u015farap \u015fi\u015feleri.<\/td>\n<\/tr>\n<tr style=\"height: 13.50pt;\">\n<td style=\"height: 13.50pt;\" height=\"18\">Hedef Sekt\u00f6rler<\/td>\n<td>\u015earap imalathaneleri, \u00f6zel i\u00e7ecek \u00fcreticileri, da\u011f\u0131t\u0131mc\u0131lar<\/td>\n<\/tr>\n<\/tbody>\n<\/table>\n<h2>Ba\u015far\u0131 Hikayesi<\/h2>\n<p>New York&#039;taki \u015faraphanemiz, \u015faraplar\u0131n do\u011fal alt\u0131n rengini sergilemek i\u00e7in \u015feffaf 750 ml&#039;lik k\u0131rm\u0131z\u0131 \u015farap \u015fi\u015felerimizi se\u00e7ti. \u015eeffaf cam \u015fi\u015fe, sat\u0131\u015f noktalar\u0131ndan biriydi ve olumlu yorumlar\u0131n &#039;\u0131nda bahsedildi. 750 ml kapasite, standart \u00fcr\u00fcnleriyle m\u00fckemmel bir uyum sa\u011fl\u0131yor. \u015ei\u015fe \u00e7ok dayan\u0131kl\u0131, yani ,5 oran\u0131nda hasars\u0131z teslimat oran\u0131na sahip. \u015earaphanemiz b\u00fcy\u00fck bir ba\u015far\u0131 yakalad\u0131 ve sonraki \u00fc\u00e7 hasat d\u00f6nemindeki t\u00fcm beyaz \u015faraplar\u0131n\u0131 dolduracak 1,2 milyon \u015fi\u015felik ek bir sipari\u015f verdi.<\/p>\n<h2>Bo\u015f \u015earap \u015ei\u015feleri Toptan \u00d6zelle\u015ftirme<\/h2>\n<ul>\n<li>Cam rengi ve tonu: \u015eeffaf, ultra \u015feffaf (d\u00fc\u015f\u00fck demir i\u00e7erikli) veya mavi ya da kehribar gibi \u00f6zel a\u00e7\u0131k renk tonlar\u0131nda mevcuttur.<\/li>\n<li>Etiket uyumlulu\u011fu: Cam y\u00fczeyler, belirli etiket malzemelerine uyacak \u015fekilde optimize edilmi\u015ftir, bu nedenle etiket tam olarak yap\u0131\u015fmaz.<\/li>\n<li>\u015ei\u015fe tasar\u0131m\u0131: Kabartma desenler veya imzalar: \u015ei\u015fenin alt k\u0131sm\u0131nda \u00f6zel tasar\u0131mlar bulunur.<\/li>\n<\/ul>","protected":false},"excerpt":{"rendered":"<p>Toptan sat\u0131\u015fta, \u015feffaf 750 ml&#039;lik tasar\u0131ml\u0131 kaliteli k\u0131rm\u0131z\u0131 \u015farap \u015fi\u015feleri. \u015eeffaf ve a\u00e7\u0131k ye\u015fil se\u00e7enekler, beyaz \u015farap, meyve \u015farab\u0131 ve haz\u0131r i\u00e7ecekler i\u00e7in idealdir. \u00dccretsiz numune talep edin.<\/p>","protected":false},"featured_media":5668,"template":"","meta":{"postBodyCss":"","postBodyMargin":[],"postBodyPadding":[],"postBodyBackground":{"backgroundType":"classic","gradient":""}},"product_brand":[],"product_cat":[15,16,84],"product_tag":[],"class_list":{"0":"post-5663","1":"product","2":"type-product","3":"status-publish","4":"has-post-thumbnail","6":"product_cat-glass-containers","7":"product_cat-glass-bottles","8":"product_cat-wine-bottles","10":"first","11":"instock","12":"shipping-taxable","13":"product-type-simple"},"jetpack_sharing_enabled":true,"_links":{"self":[{"href":"https:\/\/minghanggroup.com\/tr\/wp-json\/wp\/v2\/product\/5663","targetHints":{"allow":["GET"]}}],"collection":[{"href":"https:\/\/minghanggroup.com\/tr\/wp-json\/wp\/v2\/product"}],"about":[{"href":"https:\/\/minghanggroup.com\/tr\/wp-json\/wp\/v2\/types\/product"}],"wp:featuredmedia":[{"embeddable":true,"href":"https:\/\/minghanggroup.com\/tr\/wp-json\/wp\/v2\/media\/5668"}],"wp:attachment":[{"href":"https:\/\/minghanggroup.com\/tr\/wp-json\/wp\/v2\/media?parent=5663"}],"wp:term":[{"taxonomy":"product_brand","embeddable":true,"href":"https:\/\/minghanggroup.com\/tr\/wp-json\/wp\/v2\/product_brand?post=5663"},{"taxonomy":"product_cat","embeddable":true,"href":"https:\/\/minghanggroup.com\/tr\/wp-json\/wp\/v2\/product_cat?post=5663"},{"taxonomy":"product_tag","embeddable":true,"href":"https:\/\/minghanggroup.com\/tr\/wp-json\/wp\/v2\/product_tag?post=5663"}],"curies":[{"name":"wp","href":"https:\/\/api.w.org\/{rel}","templated":true}]}}