{"id":5658,"date":"2026-02-10T11:25:38","date_gmt":"2026-02-10T03:25:38","guid":{"rendered":"https:\/\/minghanggroup.com\/?post_type=product&#038;p=5658"},"modified":"2026-02-10T11:59:18","modified_gmt":"2026-02-10T03:59:18","slug":"750ml-frosted-empty-red-wine-bottles-wholesale","status":"publish","type":"product","link":"https:\/\/minghanggroup.com\/tr\/urun\/750ml-frosted-empty-red-wine-bottles-wholesale\/","title":{"rendered":"750 ml Buzlu Bo\u015f K\u0131rm\u0131z\u0131 \u015earap \u015ei\u015feleri Toptan Sat\u0131\u015f\u0131"},"content":{"rendered":"<p>Bu 750 ml&#039;lik bo\u015f k\u0131rm\u0131z\u0131 \u015farap \u015fi\u015feleri, geleneksel Burgonya \u015fekline sahip ancak mat bir g\u00f6r\u00fcn\u00fcme sahip \u00fcst\u00fcn kaliteli camdan \u00fcretilmi\u015ftir. Mat zeytin ye\u015fili, mat koyu zeytin ye\u015fili, mat siyah ve mat beyaz olmak \u00fczere d\u00f6rt renkte mevcuttur.<\/p>\n<h2>\u00dcr\u00fcn \u00d6zellikleri<\/h2>\n<ul>\n<li><strong>\u00c7e\u015fitli Renkler ve Malzemeler:<\/strong> \u015eirketinizin ki\u015fili\u011fini yans\u0131tmak i\u00e7in kullan\u0131labilecek d\u00f6rt farkl\u0131 f\u0131r\u0131nlanm\u0131\u015f y\u00fczey se\u00e7ene\u011fi bulunmaktad\u0131r (zeytin ye\u015fili, koyu ye\u015fil, siyah ve beyaz).<\/li>\n<li><strong>Buzlu Doku:<\/strong> \u015ei\u015fenin y\u00fczeyi buzlu bir g\u00f6r\u00fcn\u00fcme sahip ve bu doku, parmak izlerini etkili bir \u015fekilde azaltarak \u00fcr\u00fcne daha iyi bir doku ve g\u00f6r\u00fcn\u00fcm kazand\u0131r\u0131yor.<\/li>\n<li><strong>750 ml Kapasiteli Standart:<\/strong> 750 ml kapasite, \u015farab\u0131n standart bir \u015fekilde perakende sat\u0131\u015f\u0131nda, da\u011f\u0131t\u0131m\u0131nda ve servisinde idealdir.<\/li>\n<\/ul>\n<h2 style=\"text-align: left;\">Temel \u00d6zellikler<\/h2>\n<table class=\"aligncenter\" style=\"border-collapse: collapse; width: 447.77pt;\" border=\"0\" width=\"597\" cellspacing=\"0\" cellpadding=\"0\">\n<tbody>\n<tr style=\"height: 13.50pt;\">\n<td style=\"height: 13.50pt; width: 115.50pt;\" width=\"154\" height=\"18\">Ba\u011flanmak<\/td>\n<td style=\"width: 332.25pt;\" width=\"443\">Detaylar<\/td>\n<\/tr>\n<tr style=\"height: 13.50pt;\">\n<td style=\"height: 13.50pt;\" height=\"18\">Kapasite<\/td>\n<td>750 ml<\/td>\n<\/tr>\n<tr style=\"height: 13.50pt;\">\n<td style=\"height: 13.50pt;\" height=\"18\">Malzeme<\/td>\n<td>Mat y\u00fczey i\u015flemine sahip cam<\/td>\n<\/tr>\n<tr style=\"height: 13.50pt;\">\n<td style=\"height: 13.50pt;\" height=\"18\">\u015ei\u015fe \u015eekli<\/td>\n<td>Klasik Bordo (geni\u015f g\u00f6vdeli, ince sapl\u0131)<\/td>\n<\/tr>\n<tr style=\"height: 13.50pt;\">\n<td style=\"height: 13.50pt;\" height=\"18\">\u00d6zelle\u015ftirme Aral\u0131\u011f\u0131<\/td>\n<td>Renk se\u00e7ene\u011fi, kabartma, yaka tasar\u0131m\u0131<\/td>\n<\/tr>\n<tr style=\"height: 13.50pt;\">\n<td style=\"height: 13.50pt;\" height=\"18\">\u0130\u015f\u00e7ilik<\/td>\n<td>D\u00fczg\u00fcn duvar kal\u0131nl\u0131\u011f\u0131, tutarl\u0131 buzlu\/mat y\u00fczey<\/td>\n<\/tr>\n<tr style=\"height: 13.50pt;\">\n<td style=\"height: 13.50pt;\" height=\"18\">Birincil Kullan\u0131m<\/td>\n<td>Bo\u015f k\u0131rm\u0131z\u0131 \u015farap \u015fi\u015feleri, beyaz \u015farap \u015fi\u015feleri, k\u00f6p\u00fckl\u00fc \u015farap \u015fi\u015feleri<\/td>\n<\/tr>\n<tr style=\"height: 13.50pt;\">\n<td style=\"height: 13.50pt;\" height=\"18\">Hedef Sekt\u00f6rler<\/td>\n<td>\u015earap imalathaneleri, da\u011f\u0131t\u0131mc\u0131lar, \u00f6zel i\u00e7ecek \u00fcreticileri<\/td>\n<\/tr>\n<\/tbody>\n<\/table>\n<h2>Ba\u015far\u0131 \u00d6rne\u011fi: Pasifik Kuzeybat\u0131s\u0131nda Bir \u015earaphanenin Marka Canland\u0131r\u0131lmas\u0131<\/h2>\n<p>Pasifik Kuzeybat\u0131&#039;daki bir \u015farap \u00fcreticisi, mat zeytin ye\u015fili 750 ml&#039;lik \u015farap \u015fi\u015femizi se\u00e7ti. Yeni \u015fi\u015fe \u015fekli m\u00fc\u015fteriler aras\u0131nda pop\u00fcler oldu ve sat\u0131\u015flarda &#039;luk bir art\u0131\u015fa yol a\u00e7t\u0131. 750 ml&#039;lik boyut, onlar\u0131n al\u0131\u015f\u0131lagelmi\u015f \u00fcr\u00fcn gereksinimlerine en uygun boyuttu ve m\u00fc\u015fteri o kadar etkilendi ki, bir sonraki \u00e7eyrekte 300.000 \u015fi\u015fe daha sipari\u015f verdi.<\/p>\n<h2>750 ml \u015earap \u015ei\u015feleri Toptan \u00d6zelle\u015ftirme<\/h2>\n<ul>\n<li>\u00d6zel Mat Renkler: Zengin bordo, koyu mavi veya koyu gri gibi markaya \u00f6zel mat renkler aras\u0131ndan se\u00e7im yapabilirsiniz.<\/li>\n<li>Boyun Tasar\u0131m\u0131: Belirli bir mantar uzunlu\u011funa veya vidal\u0131 kapak sistemine uygun ve yine de mat bir y\u00fczeye sahip boyunlar tasarlamak m\u00fcmk\u00fcnd\u00fcr.<\/li>\n<li>Geli\u015ftirilmi\u015f Tutu\u015f: Daha iyi bir tutu\u015f hissi i\u00e7in mat y\u00fczeye hafif dokulu desenler eklendi.<\/li>\n<\/ul>","protected":false},"excerpt":{"rendered":"<p>Y\u00fcksek kaliteli, 750 ml&#039;lik bo\u015f k\u0131rm\u0131z\u0131 \u015farap \u015fi\u015feleri, doldurulmaya haz\u0131r. Zeytin ye\u015fili, siyah, beyaz ve buzlu cam se\u00e7enekleriyle stokta ve g\u00f6nderime haz\u0131r. \u00dccretsiz numuneler.<\/p>","protected":false},"featured_media":5660,"template":"","meta":{"postBodyCss":"","postBodyMargin":[],"postBodyPadding":[],"postBodyBackground":{"backgroundType":"classic","gradient":""}},"product_brand":[],"product_cat":[15,16,84],"product_tag":[],"class_list":{"0":"post-5658","1":"product","2":"type-product","3":"status-publish","4":"has-post-thumbnail","6":"product_cat-glass-containers","7":"product_cat-glass-bottles","8":"product_cat-wine-bottles","10":"first","11":"instock","12":"shipping-taxable","13":"product-type-simple"},"jetpack_sharing_enabled":true,"_links":{"self":[{"href":"https:\/\/minghanggroup.com\/tr\/wp-json\/wp\/v2\/product\/5658","targetHints":{"allow":["GET"]}}],"collection":[{"href":"https:\/\/minghanggroup.com\/tr\/wp-json\/wp\/v2\/product"}],"about":[{"href":"https:\/\/minghanggroup.com\/tr\/wp-json\/wp\/v2\/types\/product"}],"wp:featuredmedia":[{"embeddable":true,"href":"https:\/\/minghanggroup.com\/tr\/wp-json\/wp\/v2\/media\/5660"}],"wp:attachment":[{"href":"https:\/\/minghanggroup.com\/tr\/wp-json\/wp\/v2\/media?parent=5658"}],"wp:term":[{"taxonomy":"product_brand","embeddable":true,"href":"https:\/\/minghanggroup.com\/tr\/wp-json\/wp\/v2\/product_brand?post=5658"},{"taxonomy":"product_cat","embeddable":true,"href":"https:\/\/minghanggroup.com\/tr\/wp-json\/wp\/v2\/product_cat?post=5658"},{"taxonomy":"product_tag","embeddable":true,"href":"https:\/\/minghanggroup.com\/tr\/wp-json\/wp\/v2\/product_tag?post=5658"}],"curies":[{"name":"wp","href":"https:\/\/api.w.org\/{rel}","templated":true}]}}