{"id":5649,"date":"2026-02-23T13:57:32","date_gmt":"2026-02-23T05:57:32","guid":{"rendered":"https:\/\/minghanggroup.com\/?post_type=product&#038;p=5649"},"modified":"2026-02-10T15:24:17","modified_gmt":"2026-02-10T07:24:17","slug":"good-standard-size-of-wine-bottles-bulk","status":"publish","type":"product","link":"https:\/\/minghanggroup.com\/tr\/urun\/good-standard-size-of-wine-bottles-bulk\/","title":{"rendered":"750 ml, Standart Boyutta, Toplu \u015earap \u015ei\u015feleri"},"content":{"rendered":"<p>Size uygun, size engel olmayan bir \u015fi\u015feye ihtiyac\u0131n\u0131z var. \u0130\u015fte yeni favoriniz: ger\u00e7ek d\u00fcnya \u015farap yap\u0131m\u0131 i\u00e7in tasarlanm\u0131\u015f standart boy \u015farap \u015fi\u015fesi. Bu 750 ml&#039;lik zeytin ye\u015fili Bordeaux \u015farap \u015fi\u015fesi, k\u0131rm\u0131z\u0131 \u015faraplar\u0131n\u0131z\u0131, claret veya burgonya \u015faraplar\u0131n\u0131z\u0131 \u0131\u015f\u0131k hasar\u0131ndan korurken gelene\u011fe de sayg\u0131 g\u00f6sterir. Y\u0131llar sonra tekrar sipari\u015f verece\u011finiz, \u015farap yap\u0131m\u0131 i\u00e7in g\u00fcvenilir, raflarda \u015f\u0131k ve d\u00fcnya \u00e7ap\u0131ndaki markalar taraf\u0131ndan g\u00fcvenilen iyi bir \u015farap \u015fi\u015fesi. Otantik mantar g\u00f6r\u00fcn\u00fcm\u00fc i\u00e7in do\u011fal \u015farap mantarlar\u0131yla veya kusursuz \u00fcretim i\u00e7in sentetik t\u0131palarla e\u015fle\u015ftirin.<\/p>\n<h2>\u00dcr\u00fcn \u00d6zellikleri<\/h2>\n<ul>\n<li><strong>A\u00e7\u0131k, Kilitli Zeytin Ye\u015fili:<\/strong> Koyu zeytin ye\u015fili (ye\u015fil bordo rengine g\u00f6re daha sofistike bir ton) \u015feffaf cam veya camdan daha etkili bir \u015fekilde UV \u0131\u015f\u0131nlar\u0131n\u0131 engeller. Ev yap\u0131m\u0131 \u015farab\u0131n\u0131z \u00e7ok g\u00fcvenli bir \u015fekilde y\u0131llanabilir.<\/li>\n<li><strong>Evrensel Standart Boyut:<\/strong> Ger\u00e7ek standart \u015farap \u015fi\u015fesi boyutu (750 ml) olmas\u0131 nedeniyle, dolum hatlar\u0131na, paketlemeye ve perakende te\u015fhirlerine m\u00fckemmel \u015fekilde uyar. Kaliteli \u015farap \u015fi\u015fesi lojisti\u011finiz art\u0131k \u00e7ok daha kolay.<\/li>\n<li><strong>\u0130stikrarl\u0131 Bahis Taban\u0131:<\/strong> \u015ei\u015fenin alt\u0131ndaki g\u00fc\u00e7lendirilmi\u015f girinti, nakliye, depolama s\u0131ras\u0131nda veya bo\u015f \u015farap \u015fi\u015feleri zeytinya\u011f\u0131 da\u011f\u0131t\u0131c\u0131s\u0131 veya kurutulmu\u015f \u00e7i\u00e7ek vazosu olarak kullan\u0131ld\u0131\u011f\u0131nda bile size kaya gibi sa\u011flam bir duru\u015f garanti eder.<\/li>\n<\/ul>\n<h2>Temel \u00d6zellikler<\/h2>\n<table style=\"border-collapse: collapse; width: 80%; margin-left: auto; margin-right: auto;\" border=\"0\" width=\"144\" cellspacing=\"0\" cellpadding=\"0\">\n<tbody>\n<tr style=\"height: 13.50pt;\">\n<td style=\"height: 13.5pt; width: 54pt; text-align: center;\" width=\"72\" height=\"18\">\u00d6zellik<\/td>\n<td style=\"width: 54pt; text-align: center;\" width=\"72\">Detay<\/td>\n<\/tr>\n<tr style=\"height: 13.50pt;\">\n<td style=\"height: 13.5pt; text-align: center;\" height=\"18\">Kapasite<\/td>\n<td style=\"text-align: center;\">750 ml<\/td>\n<\/tr>\n<tr style=\"height: 13.50pt;\">\n<td style=\"height: 13.5pt; text-align: center;\" height=\"18\">Boyutlar<\/td>\n<td style=\"text-align: center;\">8,8 \u00d7 29,8 cm<\/td>\n<\/tr>\n<tr style=\"height: 13.50pt;\">\n<td style=\"height: 13.5pt; text-align: center;\" height=\"18\">Renk<\/td>\n<td style=\"text-align: center;\">Zeytin Ye\u015fili<\/td>\n<\/tr>\n<tr style=\"height: 13.50pt;\">\n<td style=\"height: 13.5pt; text-align: center;\" height=\"18\">Boyun<\/td>\n<td style=\"text-align: center;\">1,8 cm d\u00fcz a\u011f\u0131z<\/td>\n<\/tr>\n<tr style=\"height: 13.50pt;\">\n<td style=\"height: 13.5pt; text-align: center;\" height=\"18\">Kapan\u0131\u015f<\/td>\n<td style=\"text-align: center;\">Do\u011fal \u015earap Mantarlar\u0131, Sentetik T\u0131pa<\/td>\n<\/tr>\n<\/tbody>\n<\/table>\n<h2>Ba\u015far\u0131 \u00d6rne\u011fi<\/h2>\n<p>Avrupa&#039;da orta \u00f6l\u00e7ekli bir butik \u015farap \u00fcreticisi, yeni rekolte k\u0131rm\u0131z\u0131 \u015faraplar\u0131 i\u00e7in uzun vadeli ambalaj \u00e7\u00f6z\u00fcm\u00fc olarak standart 750 ml&#039;lik koyu renkli cam \u015farap \u015fi\u015femizi tercih etti. Marka konumland\u0131rmalar\u0131na uygun olarak, \u015fi\u015fenin dokunma hissini ve premium g\u00f6r\u00fcn\u00fcm\u00fcn\u00fc art\u0131rmak i\u00e7in daha kal\u0131n bir taban kullan\u0131ld\u0131 ve \u015fi\u015fe rengi de homojen bir koyu tona ayarland\u0131. \u015ei\u015fenin omuz k\u0131sm\u0131na zarif bir \u015fekilde kabartma yap\u0131lm\u0131\u015f \u015farap \u00fcreticisi logosunun yan\u0131 s\u0131ra, \u00f6zel uzunlukta do\u011fal mantar t\u0131pa ve hassas \u015fi\u015fe boynu tolerans kontrol\u00fc de eklendi.<\/p>\n<p>\u00dcr\u00fcn lansman\u0131ndan sonra, ilk sat\u0131\u015f \u00e7eyre\u011finde genel sat\u0131\u015flar\u0131 yakla\u015f\u0131k oran\u0131nda artt\u0131 ve bu art\u0131\u015f\u0131n ana itici g\u00fcc\u00fc restoran ve otelcilik sekt\u00f6r\u00fc oldu. Piyasa geri bildirimlerine g\u00f6re, m\u00fc\u015fteri alt\u0131 ay i\u00e7inde iki kez tekrar sipari\u015f vererek toplam sipari\u015f hacmini ilk sipari\u015fe k\u0131yasla neredeyse 1,8 kat art\u0131rd\u0131 ve bundan sonra bu \u015fi\u015fe tipini temel k\u0131rm\u0131z\u0131 \u015farap \u00fcr\u00fcnleri i\u00e7in uzun vadeli ambalaj \u00e7\u00f6z\u00fcm\u00fc olarak benimsedi.<\/p>\n<h2>\u00d6zelle\u015ftirme \u0130pu\u00e7lar\u0131n\u0131z<\/h2>\n<ol>\n<li><strong>Logo Kabartma:<\/strong> Logonuzu omuz k\u0131sm\u0131na bast\u0131r\u0131n; m\u00fc\u015fteriler bo\u015f \u015farap \u015fi\u015felerini saklad\u0131\u011f\u0131nda, hikayeniz g\u00f6r\u00fclmeye devam eder.<\/li>\n<li><strong>Kapan\u0131\u015f Esnekli\u011fi:<\/strong> Geleneksel bir tarz istiyorsan\u0131z do\u011fal \u015farap mantarlar\u0131n\u0131 m\u0131 tercih edersiniz? Yoksa tekd\u00fczelik i\u00e7in sentetik olanlar\u0131 m\u0131? Biz size \u00f6zel \u00e7\u00f6z\u00fcmler sunuyoruz.<\/li>\n<li><strong>Renk Stratejisi:<\/strong> Bu zeytin ye\u015fili rengini be\u011fendiniz mi? Hediye setleri i\u00e7in \u015fampanya ye\u015fili veya beyaz \u015faraplar i\u00e7in \u015feffaf bordo \u015farap \u015fi\u015feleri kullanabilirsiniz. Her hikaye i\u00e7in \u015fi\u015fe tasarl\u0131yoruz.<\/li>\n<\/ol>","protected":false},"excerpt":{"rendered":"<p>Kaliteli \u015farap \u015fi\u015fesi, standart boyutlarda, dayan\u0131kl\u0131 camdan \u00fcretilmi\u015f ve dengeli a\u011f\u0131rl\u0131\u011fa sahiptir. Fabrikadan do\u011frudan tedarik ve h\u0131zl\u0131 teslimat.<\/p>","protected":false},"featured_media":5657,"template":"","meta":{"postBodyCss":"","postBodyMargin":[],"postBodyPadding":[],"postBodyBackground":{"backgroundType":"classic","gradient":""}},"product_brand":[],"product_cat":[15,16,84],"product_tag":[],"class_list":{"0":"post-5649","1":"product","2":"type-product","3":"status-publish","4":"has-post-thumbnail","6":"product_cat-glass-containers","7":"product_cat-glass-bottles","8":"product_cat-wine-bottles","10":"first","11":"instock","12":"shipping-taxable","13":"product-type-simple"},"jetpack_sharing_enabled":true,"_links":{"self":[{"href":"https:\/\/minghanggroup.com\/tr\/wp-json\/wp\/v2\/product\/5649","targetHints":{"allow":["GET"]}}],"collection":[{"href":"https:\/\/minghanggroup.com\/tr\/wp-json\/wp\/v2\/product"}],"about":[{"href":"https:\/\/minghanggroup.com\/tr\/wp-json\/wp\/v2\/types\/product"}],"wp:featuredmedia":[{"embeddable":true,"href":"https:\/\/minghanggroup.com\/tr\/wp-json\/wp\/v2\/media\/5657"}],"wp:attachment":[{"href":"https:\/\/minghanggroup.com\/tr\/wp-json\/wp\/v2\/media?parent=5649"}],"wp:term":[{"taxonomy":"product_brand","embeddable":true,"href":"https:\/\/minghanggroup.com\/tr\/wp-json\/wp\/v2\/product_brand?post=5649"},{"taxonomy":"product_cat","embeddable":true,"href":"https:\/\/minghanggroup.com\/tr\/wp-json\/wp\/v2\/product_cat?post=5649"},{"taxonomy":"product_tag","embeddable":true,"href":"https:\/\/minghanggroup.com\/tr\/wp-json\/wp\/v2\/product_tag?post=5649"}],"curies":[{"name":"wp","href":"https:\/\/api.w.org\/{rel}","templated":true}]}}