{"id":5648,"date":"2026-02-24T13:19:45","date_gmt":"2026-02-24T05:19:45","guid":{"rendered":"https:\/\/minghanggroup.com\/?post_type=product&#038;p=5648"},"modified":"2026-02-09T14:04:03","modified_gmt":"2026-02-09T06:04:03","slug":"amber-unique-wine-bottles-with-grip-bulk","status":"publish","type":"product","link":"https:\/\/minghanggroup.com\/tr\/urun\/amber-unique-wine-bottles-with-grip-bulk\/","title":{"rendered":"750 ml Amber Renkli, Sapl\u0131, Benzersiz \u015earap \u015ei\u015feleri (Toptan Sat\u0131\u015f)"},"content":{"rendered":"<p>Bu e\u015fsiz \u015farap \u015fi\u015feleri, koyu kehribar rengi camdan yap\u0131lm\u0131\u015f m\u00fckemmel bir tasar\u0131ma sahiptir ve \u015fi\u015fe \u00fczerindeki kulplar, ele ergonomik olarak oturacak \u015fekilde i\u00e7b\u00fckey olarak tasarlanm\u0131\u015ft\u0131r. Ak\u0131c\u0131 ve ince hatlar\u0131, sanatsal ve i\u015flevselli\u011fi bir araya getiriyor.<\/p>\n<h2>\u00dcr\u00fcn \u00d6zellikleri<\/h2>\n<ul>\n<li><strong>Koyu kehribar rengi cam:<\/strong> Koyu kehribar rengindeki cam, \u015farab\u0131n UV \u0131\u015f\u0131nlar\u0131ndan zarar g\u00f6rmesini engelleyerek onu koruman\u0131n yan\u0131 s\u0131ra, ona antika bir g\u00f6r\u00fcn\u00fcm de kazand\u0131r\u0131r.<\/li>\n<li><strong>\u00c7ift Ergonomik Sap:<\/strong> Birbirinden farkl\u0131 iki y\u00fczey, farkl\u0131 d\u00f6kme stillerine ve el \u015fekillerine olanak tan\u0131r.<\/li>\n<li><strong>G\u00f6z Al\u0131c\u0131 Tasar\u0131m:<\/strong> Sap tasar\u0131m\u0131n\u0131n asimetrik \u015fekli, g\u00f6ze daha ho\u015f gelecek ve daha g\u00fc\u00e7l\u00fc bir marka imaj\u0131 olu\u015fturacakt\u0131r.<\/li>\n<\/ul>\n<h2 style=\"text-align: left;\">Temel \u00d6zellikler<\/h2>\n<table class=\"aligncenter\" style=\"border-collapse: collapse; width: 345.77pt;\" border=\"0\" width=\"461\" cellspacing=\"0\" cellpadding=\"0\">\n<tbody>\n<tr style=\"height: 13.50pt;\">\n<td style=\"height: 13.50pt; width: 98.25pt;\" width=\"131\" height=\"18\">\u015eartname<\/td>\n<td style=\"width: 247.50pt;\" width=\"330\">Detaylar<\/td>\n<\/tr>\n<tr style=\"height: 13.50pt;\">\n<td style=\"height: 13.50pt;\" height=\"18\">Kapasite<\/td>\n<td>750 ml<\/td>\n<\/tr>\n<tr style=\"height: 13.50pt;\">\n<td style=\"height: 13.50pt;\" height=\"18\">Boyutlar<\/td>\n<td>80\u00d7304 mm<\/td>\n<\/tr>\n<tr style=\"height: 13.50pt;\">\n<td style=\"height: 13.50pt;\" height=\"18\">Malzeme<\/td>\n<td>Koyu kehribar cam<\/td>\n<\/tr>\n<tr style=\"height: 13.50pt;\">\n<td style=\"height: 13.50pt;\" height=\"18\">\u00d6zelle\u015ftirme Kapsam\u0131<\/td>\n<td>Renk, Boyut, Kapaklar, Y\u00fczey \u0130\u015flemi<\/td>\n<\/tr>\n<tr style=\"height: 13.50pt;\">\n<td style=\"height: 13.50pt;\" height=\"18\">\u00dcr\u00fcn Amac\u0131<\/td>\n<td>Premium \u015earap \u015ei\u015feleri, L\u00fcks Hediye \u015ei\u015feleri<\/td>\n<\/tr>\n<tr style=\"height: 13.50pt;\">\n<td style=\"height: 13.50pt;\" height=\"18\">Uygun Sekt\u00f6rler<\/td>\n<td>\u015earap imalathaneleri, \u00fcz\u00fcm ba\u011flar\u0131, l\u00fcks restoranlar<\/td>\n<\/tr>\n<\/tbody>\n<\/table>\n<h2>Ba\u015far\u0131 \u00d6yk\u00fcs\u00fc: L\u00fcks Hediye Koleksiyonu, Frans\u0131z \u015earaphanesi<\/h2>\n<p>Frans\u0131z \u015farap \u00fcreticisi, ergonomik tasar\u0131ml\u0131, buzlu g\u00f6r\u00fcn\u00fcml\u00fc ve alt\u0131n logolu 750 ml&#039;lik \u015farap \u015fi\u015felerimizi tercih etti. \u00d6zg\u00fcn sap tasar\u0131m\u0131, hediye seti sat\u0131\u015flar\u0131nda &#039;l\u0131k bir art\u0131\u015fa ve yeni tasar\u0131m\u0131n sosyal medyada payla\u015f\u0131m\u0131nda &#039;lik bir art\u0131\u015fa yol a\u00e7t\u0131. \u015earap \u00fcreticisi, \u015fi\u015fe sat\u0131\u015flar\u0131ndan o kadar memnun kald\u0131 ki, \u00f6n\u00fcm\u00fczdeki \u00fc\u00e7 tatil sezonundaki hediye gereksinimlerini kar\u015f\u0131lamak i\u00e7in 500.000 \u015fi\u015fe daha sipari\u015f verdi.<\/p>\n<h2>Benzersiz \u015earap \u015ei\u015fesi Ki\u015fiselle\u015ftirme Se\u00e7enekleri<\/h2>\n<ul>\n<li>Renk se\u00e7imi: \u00c7e\u015fitli \u0131\u015f\u0131k engelleme gereksinimlerine uygun olarak a\u00e7\u0131k kehribar, ye\u015fil veya koyu gri cam se\u00e7enekleri mevcuttur.<\/li>\n<li>Kabartma: Sap k\u0131sm\u0131na herhangi bir logo, \u00e7e\u015fit deseni veya doku kabartma olarak i\u015flenebilir.<\/li>\n<li>\u00d6zel sap dokusu: \u00c7oklu oluk desenini de\u011fi\u015ftirerek dalga benzeri veya elmas \u015feklinde desenler veya di\u011fer \u00f6zel \u015fekiller olu\u015fturabilirsiniz.<\/li>\n<\/ul>","protected":false},"excerpt":{"rendered":"<p>750 ml&#039;lik \u015farap \u015fi\u015felerimiz, koyu kehribar rengi \u0131\u015f\u0131k ge\u00e7irmez camdan \u00fcretilmi\u015ftir. Bu benzersiz \u015farap \u015fi\u015feleri, g\u00fcvenli bir tutu\u015f i\u00e7in ergonomik girintili bir tutama\u011fa sahiptir. \u00dccretsiz numuneler.<\/p>","protected":false},"featured_media":5650,"template":"","meta":{"postBodyCss":"","postBodyMargin":[],"postBodyPadding":[],"postBodyBackground":{"backgroundType":"classic","gradient":""}},"product_brand":[],"product_cat":[15,16,84],"product_tag":[],"class_list":{"0":"post-5648","1":"product","2":"type-product","3":"status-publish","4":"has-post-thumbnail","6":"product_cat-glass-containers","7":"product_cat-glass-bottles","8":"product_cat-wine-bottles","10":"first","11":"instock","12":"shipping-taxable","13":"product-type-simple"},"jetpack_sharing_enabled":true,"_links":{"self":[{"href":"https:\/\/minghanggroup.com\/tr\/wp-json\/wp\/v2\/product\/5648","targetHints":{"allow":["GET"]}}],"collection":[{"href":"https:\/\/minghanggroup.com\/tr\/wp-json\/wp\/v2\/product"}],"about":[{"href":"https:\/\/minghanggroup.com\/tr\/wp-json\/wp\/v2\/types\/product"}],"wp:featuredmedia":[{"embeddable":true,"href":"https:\/\/minghanggroup.com\/tr\/wp-json\/wp\/v2\/media\/5650"}],"wp:attachment":[{"href":"https:\/\/minghanggroup.com\/tr\/wp-json\/wp\/v2\/media?parent=5648"}],"wp:term":[{"taxonomy":"product_brand","embeddable":true,"href":"https:\/\/minghanggroup.com\/tr\/wp-json\/wp\/v2\/product_brand?post=5648"},{"taxonomy":"product_cat","embeddable":true,"href":"https:\/\/minghanggroup.com\/tr\/wp-json\/wp\/v2\/product_cat?post=5648"},{"taxonomy":"product_tag","embeddable":true,"href":"https:\/\/minghanggroup.com\/tr\/wp-json\/wp\/v2\/product_tag?post=5648"}],"curies":[{"name":"wp","href":"https:\/\/api.w.org\/{rel}","templated":true}]}}