{"id":5641,"date":"2026-02-22T10:19:05","date_gmt":"2026-02-22T02:19:05","guid":{"rendered":"https:\/\/minghanggroup.com\/?post_type=product&#038;p=5641"},"modified":"2026-02-09T11:57:43","modified_gmt":"2026-02-09T03:57:43","slug":"clear-1-liter-wine-bottles-with-slim-neck-wholesale","status":"publish","type":"product","link":"https:\/\/minghanggroup.com\/tr\/urun\/clear-1-liter-wine-bottles-with-slim-neck-wholesale\/","title":{"rendered":"\u015eeffaf 1 Litrelik \u0130nce Boyunlu \u015earap \u015ei\u015feleri Toptan Sat\u0131\u015f"},"content":{"rendered":"<p>Bu, en \u015feffaf g\u0131da s\u0131n\u0131f\u0131 camdan \u00fcretilmi\u015f 1 litrelik bir \u015farap \u015fi\u015fesidir ve y\u00fcksek derecede berrakl\u0131k sa\u011flayarak \u015faraplar\u0131n \u015fi\u015felenmesi, saklanmas\u0131 ve sergilenmesi a\u00e7\u0131s\u0131ndan m\u00fckemmel bir se\u00e7imdir.<\/p>\n<h2>\u00dcr\u00fcn \u00d6zellikleri<\/h2>\n<ul>\n<li><strong>\u015eeffaf \u015ei\u015fe:<\/strong> Bu \u015fi\u015fe, kristal berrakl\u0131\u011f\u0131nda, y\u00fcksek safl\u0131kta \u015feffaf camdan yap\u0131lm\u0131\u015ft\u0131r; bu nedenle \u015farab\u0131n rengi ve dokusu kolayca g\u00f6r\u00fclebilir.<\/li>\n<li><strong>Standart D\u00fcz Yaka Tasar\u0131m\u0131:<\/strong> \u015ei\u015fe boynu tasar\u0131m\u0131, standart mantarlarla kullan\u0131lmak \u00fczere tasarlanm\u0131\u015f en verimli tasar\u0131md\u0131r ve bu nedenle eski \u015faraplarda kullan\u0131m i\u00e7in en uygundur.<\/li>\n<li><strong>1000 ml Standart Kapasite:<\/strong> 1000 ml&#039;lik standart kapasiteli \u015fi\u015fe, ev i\u00e7i t\u00fcketim, ziyafet ve ticari \u015fi\u015feleme ihtiya\u00e7lar\u0131n\u0131 kar\u015f\u0131lar.<\/li>\n<\/ul>\n<h2 style=\"text-align: left;\">Temel \u00d6zellikler<\/h2>\n<table class=\"aligncenter\" style=\"border-collapse: collapse; width: 325.52pt;\" border=\"0\" width=\"434\" cellspacing=\"0\" cellpadding=\"0\">\n<tbody>\n<tr style=\"height: 13.50pt;\">\n<td style=\"height: 13.50pt; width: 98.25pt;\" width=\"131\" height=\"18\">\u015eartname<\/td>\n<td style=\"width: 227.25pt;\" width=\"303\">Detaylar<\/td>\n<\/tr>\n<tr style=\"height: 13.50pt;\">\n<td style=\"height: 13.50pt;\" height=\"18\">Kapasite<\/td>\n<td>1000 ml (1 Litre)<\/td>\n<\/tr>\n<tr style=\"height: 13.50pt;\">\n<td style=\"height: 13.50pt;\" height=\"18\">Boyutlar<\/td>\n<td>85\u00d7325 mm<\/td>\n<\/tr>\n<tr style=\"height: 13.50pt;\">\n<td style=\"height: 13.50pt;\" height=\"18\">Malzeme<\/td>\n<td>\u015eeffaf Cam<\/td>\n<\/tr>\n<tr style=\"height: 13.50pt;\">\n<td style=\"height: 13.50pt;\" height=\"18\">\u015ei\u015fe \u015eekli<\/td>\n<td>D\u00fcz Kenarl\u0131 Silindir<\/td>\n<\/tr>\n<tr style=\"height: 13.50pt;\">\n<td style=\"height: 13.50pt;\" height=\"18\">\u00d6zelle\u015ftirme Kapsam\u0131<\/td>\n<td>Renk, Boyut, \u015eekil, Kapaklar<\/td>\n<\/tr>\n<tr style=\"height: 13.50pt;\">\n<td style=\"height: 13.50pt;\" height=\"18\">\u00dcr\u00fcn Amac\u0131<\/td>\n<td>\u015eeffaf \u015earap \u015ei\u015fesi, Bo\u015f \u015earap \u015ei\u015feleri<\/td>\n<\/tr>\n<tr style=\"height: 13.50pt;\">\n<td style=\"height: 13.50pt;\" height=\"18\">Uygun Sekt\u00f6rler<\/td>\n<td>\u015earap imalathaneleri, Bira fabrikalar\u0131, Dam\u0131tma tesisleri<\/td>\n<\/tr>\n<\/tbody>\n<\/table>\n<h2>Ba\u015far\u0131 \u00d6yk\u00fcs\u00fc: Pasifik Kuzeybat\u0131 \u015earaphanesinin Beyaz \u015earap Ba\u015far\u0131 \u00d6yk\u00fcs\u00fc<\/h2>\n<p>Washington eyaletindeki butik \u015farap \u00fcreticilerinden biri, \u00fcz\u00fcm \u00e7e\u015fidinin ad\u0131yla elle kabart\u0131lm\u0131\u015f 1 litrelik \u015farap \u015fi\u015femizi kullanmaya karar verdi. Sonu\u00e7lar \u015fa\u015f\u0131rt\u0131c\u0131yd\u0131: \u015ei\u015fenin \u015feffafl\u0131\u011f\u0131, olumlu yorumlar\u0131n &#039;\u0131nda belirtildi\u011fi gibi, \u00f6nemli bir sat\u0131\u015f noktas\u0131 haline geldi; beyaz \u015farap sat\u0131\u015flar\u0131 artt\u0131; m\u00fc\u015fterilerin \u015farab\u0131n rengiyle ilgili \u015fa\u015fk\u0131nl\u0131\u011f\u0131 azald\u0131. Bu ba\u015far\u0131n\u0131n ard\u0131ndan 150.000 \u015fi\u015felik ek bir sipari\u015f verdiler.<\/p>\n<h2>\u015eeffaf \u015earap \u015ei\u015fesi Yap\u0131m\u0131 Hakk\u0131ndaki G\u00f6r\u00fc\u015fler<\/h2>\n<ul>\n<li>Cam Rengi ve Tonu: \u015eeffaf veya ultra \u015feffaf (d\u00fc\u015f\u00fck demir i\u00e7erikli) olarak ya da a\u00e7\u0131k mavi veya ye\u015fil gibi \u00f6zel renklerde \u00fcretilebilirler.<\/li>\n<li>Buzlu veya Mat Y\u00fczey: Yumu\u015fak ve modern bir g\u00f6r\u00fcn\u00fcm arzusuna ba\u011fl\u0131 olarak tamamen buzlu veya mat bir y\u00fczey tercih edebilirsiniz.<\/li>\n<li>Kapasite fark\u0131: Standart kapasite 750 ml&#039;ye kadar, b\u00fcy\u00fck kapasite ise 150 ml&#039;ye kadar.<\/li>\n<\/ul>","protected":false},"excerpt":{"rendered":"<p>Fabrikadan do\u011frudan temin edilebilen, birinci s\u0131n\u0131f \u015feffaf camdan yap\u0131lm\u0131\u015f 1 litrelik \u015farap \u015fi\u015fesi. Bu \u015feffaf \u015farap \u015fi\u015fesi beyaz \u015farap, sake, haz\u0131r kokteyller ve modern raf sergisi i\u00e7in uygundur.<\/p>","protected":false},"featured_media":5644,"template":"","meta":{"postBodyCss":"","postBodyMargin":[],"postBodyPadding":[],"postBodyBackground":{"backgroundType":"classic","gradient":""}},"product_brand":[],"product_cat":[15,16,84],"product_tag":[],"class_list":{"0":"post-5641","1":"product","2":"type-product","3":"status-publish","4":"has-post-thumbnail","6":"product_cat-glass-containers","7":"product_cat-glass-bottles","8":"product_cat-wine-bottles","10":"first","11":"instock","12":"shipping-taxable","13":"product-type-simple"},"jetpack_sharing_enabled":true,"_links":{"self":[{"href":"https:\/\/minghanggroup.com\/tr\/wp-json\/wp\/v2\/product\/5641","targetHints":{"allow":["GET"]}}],"collection":[{"href":"https:\/\/minghanggroup.com\/tr\/wp-json\/wp\/v2\/product"}],"about":[{"href":"https:\/\/minghanggroup.com\/tr\/wp-json\/wp\/v2\/types\/product"}],"wp:featuredmedia":[{"embeddable":true,"href":"https:\/\/minghanggroup.com\/tr\/wp-json\/wp\/v2\/media\/5644"}],"wp:attachment":[{"href":"https:\/\/minghanggroup.com\/tr\/wp-json\/wp\/v2\/media?parent=5641"}],"wp:term":[{"taxonomy":"product_brand","embeddable":true,"href":"https:\/\/minghanggroup.com\/tr\/wp-json\/wp\/v2\/product_brand?post=5641"},{"taxonomy":"product_cat","embeddable":true,"href":"https:\/\/minghanggroup.com\/tr\/wp-json\/wp\/v2\/product_cat?post=5641"},{"taxonomy":"product_tag","embeddable":true,"href":"https:\/\/minghanggroup.com\/tr\/wp-json\/wp\/v2\/product_tag?post=5641"}],"curies":[{"name":"wp","href":"https:\/\/api.w.org\/{rel}","templated":true}]}}