{"id":5636,"date":"2026-02-09T08:53:27","date_gmt":"2026-02-09T00:53:27","guid":{"rendered":"https:\/\/minghanggroup.com\/?post_type=product&#038;p=5636"},"modified":"2026-02-09T10:52:39","modified_gmt":"2026-02-09T02:52:39","slug":"1-5-liter-amber-large-wine-bottles-wholesale","status":"publish","type":"product","link":"https:\/\/minghanggroup.com\/tr\/urun\/1-5-liter-amber-large-wine-bottles-wholesale\/","title":{"rendered":"1,5 Litre Amber B\u00fcy\u00fck \u015earap \u015ei\u015feleri Toptan Sat\u0131\u015f"},"content":{"rendered":"<p>Bu, kullan\u0131\u015fl\u0131 ama \u015f\u0131k, bir bu\u00e7uk litrelik b\u00fcy\u00fck bir \u015farap \u015fi\u015fesidir. Koyu kehribar rengi camdan yap\u0131lm\u0131\u015f olup, g\u00f6vdesi dolgun ve yuvarlak, ince ve zarif boynu ise eski moda kaliteli \u015farap ambalajlar\u0131n\u0131n cazibesini yans\u0131tacak \u015fekilde tasarlanm\u0131\u015ft\u0131r.<\/p>\n<h2>\u00dcr\u00fcn \u00d6zellikleri<\/h2>\n<ul>\n<li><strong>Koyu kehribar rengi cam:<\/strong> Y\u00fcksek kaliteli cam, y\u00fcksek UV korumas\u0131 ve \u0131s\u0131 \u015fokuna kar\u015f\u0131 dayan\u0131kl\u0131l\u0131k \u00f6zelli\u011fine sahiptir.<\/li>\n<li><strong>Dayan\u0131kl\u0131 Duvarlar:<\/strong> \u015ei\u015fe, kal\u0131nla\u015ft\u0131r\u0131lm\u0131\u015f camdan yap\u0131lm\u0131\u015ft\u0131r; bu da g\u00fc\u00e7l\u00fc ve gerilmeye dayan\u0131kl\u0131 bir yap\u0131 olu\u015fturarak saklama ve ta\u015f\u0131ma i\u00e7in uygun hale getirir.<\/li>\n<li><strong>Tam 1500 ml kapasite:<\/strong> 1500 ml&#039;lik b\u00fcy\u00fck kapasiteli format, evde \u015farap saklama, b\u00fcy\u00fck \u015farap imalathaneleri ve ziyafet servisleri i\u00e7in kullan\u0131\u015fl\u0131, \u00f6zel bir i\u00e7ecektir.<\/li>\n<\/ul>\n<h2 style=\"text-align: left;\">Temel \u00d6zellikler<\/h2>\n<table class=\"aligncenter\" style=\"border-collapse: collapse; width: 381.02pt;\" border=\"0\" width=\"508\" cellspacing=\"0\" cellpadding=\"0\">\n<tbody>\n<tr style=\"height: 13.50pt;\">\n<td style=\"height: 13.50pt; width: 118.50pt;\" width=\"158\" height=\"18\">Ba\u011flanmak<\/td>\n<td style=\"width: 262.50pt;\" width=\"350\">Detaylar<\/td>\n<\/tr>\n<tr style=\"height: 13.50pt;\">\n<td style=\"height: 13.50pt;\" height=\"18\">Kapasite<\/td>\n<td>1500 ml (1,5 litre)<\/td>\n<\/tr>\n<tr style=\"height: 13.50pt;\">\n<td style=\"height: 13.50pt;\" height=\"18\">Malzeme<\/td>\n<td>Koyu kehribar rengi cam<\/td>\n<\/tr>\n<tr style=\"height: 13.50pt;\">\n<td style=\"height: 13.50pt;\" height=\"18\">\u015ei\u015fe \u015eekli<\/td>\n<td>Klasik geni\u015f g\u00f6vdeli, uzun d\u00fcz boyunlu<\/td>\n<\/tr>\n<tr style=\"height: 13.50pt;\">\n<td style=\"height: 13.50pt;\" height=\"18\">\u00d6zelle\u015ftirme Aral\u0131\u011f\u0131<\/td>\n<td>Boyut, renk, renk tonu, biti\u015f, yaka tasar\u0131m\u0131<\/td>\n<\/tr>\n<tr style=\"height: 13.50pt;\">\n<td style=\"height: 13.50pt;\" height=\"18\">\u0130\u015f\u00e7ilik<\/td>\n<td>Kal\u0131n duvarlar, p\u00fcr\u00fczs\u00fcz y\u00fczey, g\u00fc\u00e7lendirilmi\u015f taban<\/td>\n<\/tr>\n<tr style=\"height: 13.50pt;\">\n<td style=\"height: 13.50pt;\" height=\"18\">Birincil Kullan\u0131m<\/td>\n<td>B\u00fcy\u00fck \u015farap \u015fi\u015feleri, k\u0131rm\u0131z\u0131 \u015farap \u015fi\u015feleri<\/td>\n<\/tr>\n<tr style=\"height: 13.50pt;\">\n<td style=\"height: 13.50pt;\" height=\"18\">Hedef Sekt\u00f6rler<\/td>\n<td>\u015earap imalathaneleri, otelcilik, koleksiyoncular<\/td>\n<\/tr>\n<\/tbody>\n<\/table>\n<h2>Ba\u015far\u0131 \u00d6yk\u00fcs\u00fc: Napa Vadisi \u015earaphanesi Y\u0131ld\u00f6n\u00fcm\u00fc \u00d6zel Bask\u0131s\u0131<\/h2>\n<p>Napa Vadisi&#039;ndeki \u015farap imalathanelerinden biri, b\u00fcy\u00fck kapasiteli, 1,5 litrelik \u015farap \u015fi\u015femizi se\u00e7ti ve \u00fczerine derin bir kabartma rozet ve serigrafi bask\u0131l\u0131 alt\u0131n yald\u0131zl\u0131 etiket yerle\u015ftirdi. Bu y\u00fcksek kapasiteli \u015farap, piyasaya s\u00fcr\u00fcld\u00fc\u011f\u00fc anda koleksiyonluk bir \u00fcr\u00fcn haline geldi ve sadece 48 saat i\u00e7inde t\u00fckendi. Ayr\u0131ca, kehribar rengi cam \u015fi\u015fe sayesinde oksidasyon oran\u0131nda en aza indirildi. \u015earap end\u00fcstrisi a\u00e7\u0131s\u0131ndan, \u015farap imalathanesi \u015fi\u015feden \u00e7ok memnun kald\u0131 ve sonraki be\u015f hasat d\u00f6neminde rezerv \u015faraplar\u0131 i\u00e7in b\u00fcy\u00fck kapasiteli ambalajda 250.000 adet daha sipari\u015f verdi.<\/p>\n<h2>\u00d6zelle\u015ftirme Se\u00e7enekleri<\/h2>\n<ul>\n<li>Renk Se\u00e7imi: I\u015f\u0131k korumas\u0131n\u0131 art\u0131rmak i\u00e7in daha koyu kehribar veya ye\u015fil renkler tercih edilebilir.<\/li>\n<li>Boyun Tasar\u0131m\u0131: Belirli mantar uzunluklar\u0131na veya \u00f6zel s\u0131zd\u0131rma sistemlerine g\u00f6re \u00f6zelle\u015ftirilebilir.<\/li>\n<li>Kabartma: Logonuzu, men\u015fe ad\u0131n\u0131 veya baz\u0131 detaylar\u0131 \u015fi\u015fenin omuz k\u0131sm\u0131na veya alt k\u0131sm\u0131na kabart\u0131n.<\/li>\n<\/ul>","protected":false},"excerpt":{"rendered":"<p>1,5 litrelik b\u00fcy\u00fck boy kehribar renkli \u015farap \u015fi\u015fesi. Kal\u0131n, g\u0131da s\u0131n\u0131f\u0131 camdan \u00fcretilmi\u015f, p\u00fcr\u00fczs\u00fcz mantar t\u0131pal\u0131, \u015farap, meyve \u015farab\u0131 ve k\u00f6p\u00fckl\u00fc \u015farap i\u00e7in ideal. Fabrikadan do\u011frudan sat\u0131\u015f.<\/p>","protected":false},"featured_media":5640,"template":"","meta":{"postBodyCss":"","postBodyMargin":[],"postBodyPadding":[],"postBodyBackground":{"backgroundType":"classic","gradient":""}},"product_brand":[],"product_cat":[15,16,84],"product_tag":[],"class_list":{"0":"post-5636","1":"product","2":"type-product","3":"status-publish","4":"has-post-thumbnail","6":"product_cat-glass-containers","7":"product_cat-glass-bottles","8":"product_cat-wine-bottles","10":"first","11":"instock","12":"shipping-taxable","13":"product-type-simple"},"jetpack_sharing_enabled":true,"_links":{"self":[{"href":"https:\/\/minghanggroup.com\/tr\/wp-json\/wp\/v2\/product\/5636","targetHints":{"allow":["GET"]}}],"collection":[{"href":"https:\/\/minghanggroup.com\/tr\/wp-json\/wp\/v2\/product"}],"about":[{"href":"https:\/\/minghanggroup.com\/tr\/wp-json\/wp\/v2\/types\/product"}],"wp:featuredmedia":[{"embeddable":true,"href":"https:\/\/minghanggroup.com\/tr\/wp-json\/wp\/v2\/media\/5640"}],"wp:attachment":[{"href":"https:\/\/minghanggroup.com\/tr\/wp-json\/wp\/v2\/media?parent=5636"}],"wp:term":[{"taxonomy":"product_brand","embeddable":true,"href":"https:\/\/minghanggroup.com\/tr\/wp-json\/wp\/v2\/product_brand?post=5636"},{"taxonomy":"product_cat","embeddable":true,"href":"https:\/\/minghanggroup.com\/tr\/wp-json\/wp\/v2\/product_cat?post=5636"},{"taxonomy":"product_tag","embeddable":true,"href":"https:\/\/minghanggroup.com\/tr\/wp-json\/wp\/v2\/product_tag?post=5636"}],"curies":[{"name":"wp","href":"https:\/\/api.w.org\/{rel}","templated":true}]}}