{"id":5630,"date":"2026-02-06T16:17:18","date_gmt":"2026-02-06T08:17:18","guid":{"rendered":"https:\/\/minghanggroup.com\/?post_type=product&#038;p=5630"},"modified":"2026-04-14T09:29:24","modified_gmt":"2026-04-14T01:29:24","slug":"frosted-750ml-volume-wine-bottle-for-packaging-bulk","status":"publish","type":"product","link":"https:\/\/minghanggroup.com\/tr\/urun\/frosted-750ml-volume-wine-bottle-for-packaging-bulk\/","title":{"rendered":"Toplu Ambalaj \u0130\u00e7in Buzlu Y\u00fczeyli 750 ml Hacimli \u015earap \u015ei\u015fesi"},"content":{"rendered":"<p>Markan\u0131z\u0131n dokunulabilir bir his vermesini istiyorsunuz. Hacimli \u015farap \u015fi\u015felerimiz tam olarak bunu sunuyor: yumu\u015fak mat doku, s\u0131f\u0131r parlama, s\u0131f\u0131r parmak izi. Zamans\u0131z bordo \u015farap \u015fi\u015fesi sil\u00fcetinde tasarlanan her 750 ml&#039;lik \u015fi\u015fe, buzlu \u015feffaf cam veya zeytin ye\u015fili renkte sunulmaktad\u0131r. Klasik mantar g\u00f6r\u00fcn\u00fcm\u00fc i\u00e7in do\u011fal \u015farap mantarlar\u0131yla veya kusursuz \u015farap yap\u0131m\u0131 i\u00e7in sentetik t\u0131palarla e\u015fle\u015ftirin. Hacimli \u015farap \u015fi\u015fesi sipari\u015flerinizde g\u00fcvenilir orta\u011f\u0131n\u0131z olarak, ister k\u0131rm\u0131z\u0131 \u015farap, ister bordo, ister k\u00f6p\u00fckl\u00fc \u015farap \u00fcretiyor olun, \u00f6l\u00e7eklendirmeyi zahmetsiz hale getiriyoruz. Bu sadece ambalaj de\u011fil. Bu, duyusal bir hikaye anlat\u0131m\u0131.<\/p>\n<h2>\u00dcr\u00fcn \u00d6zellikleri<\/h2>\n<ul>\n<li><strong>Mat L\u00fcks Dokunu\u015f:<\/strong> Yumu\u015fak, buzlu y\u00fczey sadece ele l\u00fcks bir his vermekle kalmaz, ayn\u0131 zamanda lekelenmeyi de \u00f6nler; bu da onu perakende raflar\u0131 veya bo\u015f \u015farap \u015fi\u015felerinin de\u011ferli e\u015fyalara d\u00f6n\u00fc\u015ft\u00fc\u011f\u00fc hediye setleri i\u00e7in ideal hale getirir.<\/li>\n<li><strong>\u0130ki Renk Hikayesi:<\/strong> Buzlu \u015feffaf \u015fi\u015feler, \u015farab\u0131n\u0131z\u0131n renginin \u00f6n plana \u00e7\u0131kmas\u0131n\u0131 sa\u011flar; zeytin ye\u015fili ise hafif bir UV korumas\u0131 sunar. \u015eampanya ye\u015fili rengini mi seviyorsunuz? Sizin i\u00e7in de \u00fcretebiliriz.<\/li>\n<li><strong>\u0130stikrarl\u0131 Bahis Taban\u0131:<\/strong> G\u00fc\u00e7lendirilmi\u015f girintili taban, hem nakliye s\u0131ras\u0131nda, hem te\u015fhirde, hem de bo\u015f \u015farap \u015fi\u015feleri ya\u011f da\u011f\u0131t\u0131c\u0131 veya \u00e7i\u00e7ek vazosu olarak kullan\u0131ld\u0131\u011f\u0131nda son derece sa\u011flam bir duru\u015f sa\u011flamak \u00fczere tasarlanm\u0131\u015ft\u0131r.<\/li>\n<\/ul>\n<h2>Temel \u00d6zellikler<\/h2>\n<table style=\"border-collapse: collapse; width: 80%; margin-left: auto; margin-right: auto;\" border=\"0\" width=\"144\" cellspacing=\"0\" cellpadding=\"0\">\n<tbody>\n<tr style=\"height: 13.50pt;\">\n<td style=\"height: 13.5pt; width: 54pt; text-align: center;\" width=\"72\" height=\"18\">\u00d6zellik<\/td>\n<td style=\"width: 54pt; text-align: center;\" width=\"72\">Detay<\/td>\n<\/tr>\n<tr style=\"height: 13.50pt;\">\n<td style=\"height: 13.5pt; text-align: center;\" height=\"18\">Kapasite<\/td>\n<td style=\"text-align: center;\">750 ml<\/td>\n<\/tr>\n<tr style=\"height: 13.50pt;\">\n<td style=\"height: 13.5pt; text-align: center;\" height=\"18\">Boyutlar<\/td>\n<td style=\"text-align: center;\">8,4 \u00d7 29,2 cm<\/td>\n<\/tr>\n<tr style=\"height: 13.50pt;\">\n<td style=\"height: 13.5pt; text-align: center;\" height=\"18\">Sona ermek<\/td>\n<td style=\"text-align: center;\">Buzlu Mat<\/td>\n<\/tr>\n<tr style=\"height: 13.50pt;\">\n<td style=\"height: 13.5pt; text-align: center;\" height=\"18\">Renkler<\/td>\n<td style=\"text-align: center;\">Buzlu \u015eeffaf \u00c7akmakta\u015f\u0131, Buzlu Zeytin Ye\u015fili<\/td>\n<\/tr>\n<tr style=\"height: 13.50pt;\">\n<td style=\"height: 13.5pt; text-align: center;\" height=\"18\">Boyun<\/td>\n<td style=\"text-align: center;\">1,8 cm<\/td>\n<\/tr>\n<tr style=\"height: 13.50pt;\">\n<td style=\"height: 13.5pt; text-align: center;\" height=\"18\">Kapan\u0131\u015f<\/td>\n<td style=\"text-align: center;\">Do\u011fal \u015earap Mantarlar\u0131, Sentetik T\u0131pa<\/td>\n<\/tr>\n<tr style=\"height: 13.50pt;\">\n<td style=\"height: 13.5pt; text-align: center;\" height=\"18\">\u0130deal \u0130\u00e7in<\/td>\n<td style=\"text-align: center;\">K\u0131rm\u0131z\u0131 \u015earaplar, K\u0131rm\u0131z\u0131 \u015earap (Claret), Burgonya \u015earab\u0131 (Burgonya), Ev Yap\u0131m\u0131 \u015earap, K\u00f6p\u00fckl\u00fc \u015earap*, Lik\u00f6r \u015ei\u015feleri<\/td>\n<\/tr>\n<\/tbody>\n<\/table>\n<h2>Ba\u015far\u0131 \u00d6rne\u011fi<\/h2>\n<p>L\u00fcks bir Avrupa \u015farap markas\u0131, tek seferlik \u00fcretimleri i\u00e7in birincil ambalaj olarak 750 ml&#039;lik buzlu \u015farap \u015fi\u015femizi kullanmaya karar verdi. \u015ei\u015feye yumu\u015fak, buzlu bir y\u00fczey kaplamas\u0131 uygulad\u0131k ve \u015farab\u0131n tarz\u0131na uygun olarak \u015fi\u015fenin boyutlar\u0131n\u0131 hafif\u00e7e de\u011fi\u015ftirdik, b\u00f6ylece daha \u00fcst s\u0131n\u0131f ve zarif bir g\u00f6r\u00fcn\u00fcm kazand\u0131rd\u0131k. Ayr\u0131ca, daha iyi bir tutu\u015f sa\u011flamak ve ta\u015f\u0131ma s\u0131ras\u0131nda g\u00fcvenli\u011fi art\u0131rmak i\u00e7in \u015fi\u015fenin \u00f6n k\u0131sm\u0131na g\u00fc\u00e7lendirilmi\u015f bir taban tasar\u0131m\u0131 uygulad\u0131k. \u015ei\u015fe standart bir kapakla birlikte gelir, bu nedenle mevcut \u015fi\u015feleme hatlar\u0131yla tamamen uyumludur ve de\u011fi\u015fiklik maliyetleri ihmal edilebilir d\u00fczeydedir.<\/p>\n<p>Yeni ambalaj\u0131n piyasaya s\u00fcr\u00fclmesinden sonraki ilk sat\u0131\u015f \u00e7eyre\u011finde, da\u011f\u0131t\u0131m noktalar\u0131ndaki seri sat\u0131\u015flar\u0131 bir \u00f6nceki y\u0131la g\u00f6re yakla\u015f\u0131k artt\u0131. M\u00fc\u015fteri anketleri, raf g\u00f6r\u00fcn\u00fcrl\u00fc\u011f\u00fcn\u00fcn ve marka de\u011ferinin b\u00fcy\u00fck \u00f6l\u00e7\u00fcde artt\u0131\u011f\u0131n\u0131 g\u00f6sterdi. \u00dc\u00e7 ay sonra, m\u00fc\u015fteri ikinci kez sipari\u015f verdi ve b\u00f6ylece uzun vadeli ve istikrarl\u0131 bir ortakl\u0131k kuruldu.<\/p>\n<h2>\u00d6zelle\u015ftirme Se\u00e7enekleriniz<\/h2>\n<ol>\n<li><strong>\u00d6zel Cam Rengi:<\/strong> Standart a\u00e7\u0131k veya koyu ye\u015fil renklerin yan\u0131 s\u0131ra, \u00fcst d\u00fczey veya do\u011fal tarzda \u015faraplarla daha iyi uyum sa\u011flayan a\u00e7\u0131k dumanl\u0131 gri ve \u015fampanya grisi gibi d\u00fc\u015f\u00fck doygunlukta renk se\u00e7enekleri de sunuyoruz.<\/li>\n<li><strong>Kabartmal\u0131 veya Oyma Logolu Marka Logolar\u0131:<\/strong> \u015ei\u015fenin omuz k\u0131sm\u0131na veya ortas\u0131na gizli bir kabartma logo veya tarih yerle\u015ftirilerek, ek etiket kullan\u0131lmadan marka hikayesi anlat\u0131labilir.<\/li>\n<li><strong>\u00d6zel Y\u00fczey Dokusu \u0130\u015flemleri:<\/strong> Standart buzlu kaplaman\u0131n yan\u0131 s\u0131ra, m\u00fc\u015fterilerin \u015fi\u015feyi tutarken ya\u015fad\u0131klar\u0131 dokunsal deneyimi \u00f6nemli \u00f6l\u00e7\u00fcde art\u0131rabilecek ince kum, ipek g\u00f6r\u00fcn\u00fcml\u00fc veya mikro par\u00e7ac\u0131k dokular\u0131 da sa\u011flayabiliyoruz.<\/li>\n<\/ol>","protected":false},"excerpt":{"rendered":"<p>750 ml hacimli, \u015f\u0131k buzlu g\u00f6r\u00fcn\u00fcml\u00fc \u015farap \u015fi\u015fesi. Fabrikadan do\u011frudan tedarik ve \u015farap markalar\u0131 i\u00e7in h\u0131zl\u0131 kargo. \u00dccretsiz numuneler.<\/p>","protected":false},"featured_media":5634,"template":"","meta":{"postBodyCss":"","postBodyMargin":[],"postBodyPadding":[],"postBodyBackground":{"backgroundType":"classic","gradient":""}},"product_brand":[],"product_cat":[15,16,84],"product_tag":[109],"class_list":{"0":"post-5630","1":"product","2":"type-product","3":"status-publish","4":"has-post-thumbnail","6":"product_cat-glass-containers","7":"product_cat-glass-bottles","8":"product_cat-wine-bottles","9":"product_tag-glass-champagne-bottles","11":"first","12":"instock","13":"shipping-taxable","14":"product-type-simple"},"jetpack_sharing_enabled":true,"_links":{"self":[{"href":"https:\/\/minghanggroup.com\/tr\/wp-json\/wp\/v2\/product\/5630","targetHints":{"allow":["GET"]}}],"collection":[{"href":"https:\/\/minghanggroup.com\/tr\/wp-json\/wp\/v2\/product"}],"about":[{"href":"https:\/\/minghanggroup.com\/tr\/wp-json\/wp\/v2\/types\/product"}],"wp:featuredmedia":[{"embeddable":true,"href":"https:\/\/minghanggroup.com\/tr\/wp-json\/wp\/v2\/media\/5634"}],"wp:attachment":[{"href":"https:\/\/minghanggroup.com\/tr\/wp-json\/wp\/v2\/media?parent=5630"}],"wp:term":[{"taxonomy":"product_brand","embeddable":true,"href":"https:\/\/minghanggroup.com\/tr\/wp-json\/wp\/v2\/product_brand?post=5630"},{"taxonomy":"product_cat","embeddable":true,"href":"https:\/\/minghanggroup.com\/tr\/wp-json\/wp\/v2\/product_cat?post=5630"},{"taxonomy":"product_tag","embeddable":true,"href":"https:\/\/minghanggroup.com\/tr\/wp-json\/wp\/v2\/product_tag?post=5630"}],"curies":[{"name":"wp","href":"https:\/\/api.w.org\/{rel}","templated":true}]}}