{"id":5615,"date":"2026-02-06T10:42:20","date_gmt":"2026-02-06T02:42:20","guid":{"rendered":"https:\/\/minghanggroup.com\/?post_type=product&#038;p=5615"},"modified":"2026-02-06T16:32:24","modified_gmt":"2026-02-06T08:32:24","slug":"small-red-wine-bottles-for-favors-wholesale","status":"publish","type":"product","link":"https:\/\/minghanggroup.com\/tr\/urun\/small-red-wine-bottles-for-favors-wholesale\/","title":{"rendered":"190 ml K\u00fc\u00e7\u00fck K\u0131rm\u0131z\u0131 \u015earap \u015ei\u015feleri (Hediyelik E\u015fya Toptan Sat\u0131\u015f\u0131)"},"content":{"rendered":"<p>Zarif ve p\u00fcr\u00fczs\u00fcz hatlara sahip, inceltilerek vidal\u0131 bir boyuna ula\u015fan k\u0131rm\u0131z\u0131 \u015farap \u015fi\u015fesidir. Koyu ve zengin kehribar rengi, i\u00e7indeki \u015farab\u0131 etkili bir \u015fekilde korudu\u011fu bilinen UV \u0131\u015f\u0131nlar\u0131na kar\u015f\u0131 m\u00fckemmel korumas\u0131 nedeniyle de\u011ferli bir \u00f6zelliktir.<\/p>\n<h2>\u00dcr\u00fcn \u00d6zellikleri<\/h2>\n<ul>\n<li><strong>Koyu Amber I\u015f\u0131k Kalkan\u0131 Malzemesi:<\/strong> Koyu kehribar rengindeki cam, UV \u0131\u015f\u0131nlar\u0131n\u0131 engellemede \u00e7ok etkilidir ve bu sayede \u015farab\u0131n oksitlenmesini ve dolay\u0131s\u0131yla lezzetini kaybetmesini \u00f6nler.<\/li>\n<li><strong>Kavisli \u015ei\u015fe Tasar\u0131m\u0131:<\/strong> \u015ei\u015fenin i\u00e7b\u00fckey y\u00fczeyi, incelik ve zarafetin bir i\u015faretidir ve \u00fcst d\u00fczey kaliteyi g\u00f6sterir.<\/li>\n<li><strong>\u0130plik ge\u00e7irme:<\/strong> Vidal\u0131 boyun k\u0131sm\u0131, s\u0131zd\u0131rmaz bir contaya sahip metal kapatma kapa\u011f\u0131n\u0131n etraf\u0131na s\u0131k\u0131ca oturacak \u015fekilde tasarlanm\u0131\u015ft\u0131r ve vidal\u0131 boyun k\u0131sm\u0131, \u015farab\u0131n hava ge\u00e7irmez olmas\u0131n\u0131 ve raf \u00f6mr\u00fcn\u00fcn uzun olmas\u0131n\u0131 sa\u011flar.<\/li>\n<\/ul>\n<h2 style=\"text-align: left;\">Temel \u00d6zellikler<\/h2>\n<table class=\"aligncenter\" style=\"border-collapse: collapse; width: 494.27pt;\" border=\"0\" width=\"659\" cellspacing=\"0\" cellpadding=\"0\">\n<tbody>\n<tr style=\"height: 13.50pt;\">\n<td style=\"height: 13.50pt; width: 115.50pt;\" width=\"154\" height=\"18\">\u015eartname<\/td>\n<td style=\"width: 378.75pt;\" width=\"505\">Detaylar<\/td>\n<\/tr>\n<tr style=\"height: 13.50pt;\">\n<td style=\"height: 13.50pt;\" height=\"18\">Kapasite<\/td>\n<td>190 ml<\/td>\n<\/tr>\n<tr style=\"height: 13.50pt;\">\n<td style=\"height: 13.50pt;\" height=\"18\">Boyutlar<\/td>\n<td>55\u00d7172 mm<\/td>\n<\/tr>\n<tr style=\"height: 13.50pt;\">\n<td style=\"height: 13.50pt;\" height=\"18\">Malzeme<\/td>\n<td>Y\u00fcksek Kaliteli Koyu Amber Cam<\/td>\n<\/tr>\n<tr style=\"height: 13.50pt;\">\n<td style=\"height: 13.50pt;\" height=\"18\">\u015ei\u015fe \u015eekli<\/td>\n<td>Kavisli bel, yuvarlak taban, ince yaka ve diki\u015fli a\u00e7\u0131kl\u0131k.<\/td>\n<\/tr>\n<tr style=\"height: 13.50pt;\">\n<td style=\"height: 13.50pt;\" height=\"18\">\u00d6zelle\u015ftirme Kapsam\u0131<\/td>\n<td>Renk, Boyut, Kapaklar, Y\u00fczey \u0130\u015flemi<\/td>\n<\/tr>\n<tr style=\"height: 13.50pt;\">\n<td style=\"height: 13.50pt;\" height=\"18\">\u00dcr\u00fcn Amac\u0131<\/td>\n<td>Hediyelik E\u015fya Olarak Kullan\u0131labilecek Premium \u015earap \u015ei\u015feleri, K\u00fc\u00e7\u00fck Boy \u015earap \u015ei\u015feleri<\/td>\n<\/tr>\n<tr style=\"height: 13.50pt;\">\n<td style=\"height: 13.50pt;\" height=\"18\">Uygun Sekt\u00f6rler<\/td>\n<td>\u015earap \u00dcreticileri, Etkinlik Planlay\u0131c\u0131lar\u0131, D\u00fc\u011f\u00fcn Tedarik\u00e7ileri<\/td>\n<\/tr>\n<\/tbody>\n<\/table>\n<h2>Ba\u015far\u0131 \u00d6yk\u00fcs\u00fc: Teksas&#039;taki Bir Tepe \u015earaphanesinde D\u00fc\u011f\u00fcn Hediyeleri Paketi<\/h2>\n<p>Teksas&#039;taki bir \u015farap \u00fcreticisi, pahal\u0131 bir d\u00fc\u011f\u00fcn hediyesi paketi haz\u0131rlad\u0131. D\u00fc\u011f\u00fcn hediyesi olarak k\u00fc\u00e7\u00fck k\u0131rm\u0131z\u0131 \u015farap \u015fi\u015felerimizi se\u00e7tiler ve \u00fczerlerine \u00e7iftin ba\u015f harflerini serigrafi bask\u0131 y\u00f6ntemiyle bast\u0131rd\u0131lar. Bu UV korumal\u0131 cam \u015fi\u015feler, \u015farab\u0131 18 aya kadar koruyabiliyor. \u015e\u0131k 190 ml&#039;lik \u015fi\u015feler b\u00fcy\u00fck be\u011feni toplad\u0131 ve \u00e7iftlerin &#039;\u0131 normal mini \u015fi\u015feler yerine bu \u015fi\u015feleri tercih etti. Proje ba\u015far\u0131l\u0131 oldu ve bu nedenle \u015farap \u00fcreticisi, iki y\u0131l i\u00e7inde d\u00fc\u011f\u00fcnlerde ve kurumsal etkinliklerde kullan\u0131lmak \u00fczere 750.000 \u015fi\u015felik bir sipari\u015f daha verdi.<\/p>\n<h2>K\u0131rm\u0131z\u0131 \u015earap \u015ei\u015felerinin Ki\u015fiselle\u015ftirilmesi<\/h2>\n<ul>\n<li>\u00d6zel Amber Tonu: A\u00e7\u0131k kahverengi bal rengi amber tonunu koyu ve neredeyse opak bir kahverengiye d\u00f6n\u00fc\u015ft\u00fcrmek i\u00e7in.<\/li>\n<li>Buzlu veya Mat Y\u00fczey: Buzlu y\u00fczey, p\u00fcr\u00fczs\u00fcz ve l\u00fcks bir g\u00f6r\u00fcn\u00fcme sahip olup \u0131\u015f\u0131\u011f\u0131 ideal \u015fekilde da\u011f\u0131t\u0131r.<\/li>\n<li>\u00d6zel \u015ei\u015fe Taban\u0131 Tasar\u0131m\u0131: \u015ei\u015fenin taban\u0131na \u00f6zel kabartmal\u0131 bir tasar\u0131m veya imza ekleyebilirsiniz.<\/li>\n<\/ul>","protected":false},"excerpt":{"rendered":"<p>UV korumas\u0131 ve \u015f\u0131k bir g\u00f6r\u00fcn\u00fcm i\u00e7in koyu kehribar camdan \u00fcretilmi\u015f, 190 ml&#039;lik birinci s\u0131n\u0131f k\u0131rm\u0131z\u0131 \u015farap \u015fi\u015fesi. Hediyelik olarak verilebilecek m\u00fckemmel k\u00fc\u00e7\u00fck \u015farap \u015fi\u015feleri. Talep \u00fczerine \u00fccretsiz numuneler g\u00f6nderilir.<\/p>","protected":false},"featured_media":5618,"template":"","meta":{"postBodyCss":"","postBodyMargin":[],"postBodyPadding":[],"postBodyBackground":{"backgroundType":"classic","gradient":""}},"product_brand":[],"product_cat":[15,16,84],"product_tag":[],"class_list":{"0":"post-5615","1":"product","2":"type-product","3":"status-publish","4":"has-post-thumbnail","6":"product_cat-glass-containers","7":"product_cat-glass-bottles","8":"product_cat-wine-bottles","10":"first","11":"instock","12":"shipping-taxable","13":"product-type-simple"},"jetpack_sharing_enabled":true,"_links":{"self":[{"href":"https:\/\/minghanggroup.com\/tr\/wp-json\/wp\/v2\/product\/5615","targetHints":{"allow":["GET"]}}],"collection":[{"href":"https:\/\/minghanggroup.com\/tr\/wp-json\/wp\/v2\/product"}],"about":[{"href":"https:\/\/minghanggroup.com\/tr\/wp-json\/wp\/v2\/types\/product"}],"wp:featuredmedia":[{"embeddable":true,"href":"https:\/\/minghanggroup.com\/tr\/wp-json\/wp\/v2\/media\/5618"}],"wp:attachment":[{"href":"https:\/\/minghanggroup.com\/tr\/wp-json\/wp\/v2\/media?parent=5615"}],"wp:term":[{"taxonomy":"product_brand","embeddable":true,"href":"https:\/\/minghanggroup.com\/tr\/wp-json\/wp\/v2\/product_brand?post=5615"},{"taxonomy":"product_cat","embeddable":true,"href":"https:\/\/minghanggroup.com\/tr\/wp-json\/wp\/v2\/product_cat?post=5615"},{"taxonomy":"product_tag","embeddable":true,"href":"https:\/\/minghanggroup.com\/tr\/wp-json\/wp\/v2\/product_tag?post=5615"}],"curies":[{"name":"wp","href":"https:\/\/api.w.org\/{rel}","templated":true}]}}