{"id":5609,"date":"2026-02-06T08:54:57","date_gmt":"2026-02-06T00:54:57","guid":{"rendered":"https:\/\/minghanggroup.com\/?post_type=product&#038;p=5609"},"modified":"2026-02-06T16:35:48","modified_gmt":"2026-02-06T08:35:48","slug":"small-olive-green-wine-bottles-wholesale","status":"publish","type":"product","link":"https:\/\/minghanggroup.com\/tr\/urun\/small-olive-green-wine-bottles-wholesale\/","title":{"rendered":"250 ml K\u00fc\u00e7\u00fck Zeytin Ye\u015fili \u015earap \u015ei\u015feleri Toptan Sat\u0131\u015f"},"content":{"rendered":"<p>Bu, y\u00fcksek kaliteli UV \u0131\u015f\u0131nlar\u0131na dayan\u0131kl\u0131 koyu kehribar camdan yap\u0131lm\u0131\u015f, kompakt 210 ml&#039;lik k\u00fc\u00e7\u00fck bir \u015farap \u015fi\u015fesidir. P\u00fcr\u00fczs\u00fcz d\u00fcz kenarlar\u0131 ve koyu kehribar rengi, \u0131\u015f\u0131\u011fa kar\u015f\u0131 m\u00fckemmel bir koruma sa\u011flayarak \u015farab\u0131n hassas lezzetlerini ve aromalar\u0131n\u0131 korur.<\/p>\n<h2>\u00dcr\u00fcn \u00d6zellikleri<\/h2>\n<ul>\n<li><strong>UV Korumas\u0131:<\/strong> UV Grapes, \u00fcz\u00fcmleri zararl\u0131 UV \u0131\u015f\u0131nlar\u0131ndan koruyarak \u015farab\u0131n kalitesini korur ve raf \u00f6mr\u00fcn\u00fc uzat\u0131r.<\/li>\n<li><strong>Kolay Kullan\u0131m:<\/strong>Kolay doldurulabilmesi ve \u00e7ok s\u0131k\u0131 bir s\u0131zd\u0131rmazl\u0131k sa\u011flamak i\u00e7in her t\u00fcrl\u00fc kapak veya mantarla uyumlu olmas\u0131 amac\u0131yla tasarlanm\u0131\u015ft\u0131r.<\/li>\n<li><strong>Tek Bardakl\u0131k Servis:<\/strong> 250 ml kapasite, tad\u0131m i\u00e7in, sunum setlerinde veya tek ba\u015f\u0131na keyif almak i\u00e7in idealdir.<\/li>\n<\/ul>\n<h2 style=\"text-align: left;\">Temel \u00d6zellikler<\/h2>\n<table class=\"aligncenter\" style=\"border-collapse: collapse; width: 409.52pt;\" border=\"0\" width=\"546\" cellspacing=\"0\" cellpadding=\"0\">\n<tbody>\n<tr style=\"height: 13.50pt;\">\n<td style=\"height: 13.50pt; width: 115.50pt;\" width=\"154\" height=\"18\">Ba\u011flanmak<\/td>\n<td style=\"width: 294.00pt;\" width=\"392\">Detaylar<\/td>\n<\/tr>\n<tr style=\"height: 13.50pt;\">\n<td style=\"height: 13.50pt;\" height=\"18\">Kapasite<\/td>\n<td>250 ml<\/td>\n<\/tr>\n<tr style=\"height: 13.50pt;\">\n<td style=\"height: 13.50pt;\" height=\"18\">Malzeme<\/td>\n<td>Zeytin Ye\u015fili Cam<\/td>\n<\/tr>\n<tr style=\"height: 13.50pt;\">\n<td style=\"height: 13.50pt;\" height=\"18\">\u00d6zelle\u015ftirme Aral\u0131\u011f\u0131<\/td>\n<td>Boyut, Renk, Kapaklar, \u015eekil<\/td>\n<\/tr>\n<tr style=\"height: 13.50pt;\">\n<td style=\"height: 13.50pt;\" height=\"18\">Birincil Kullan\u0131m<\/td>\n<td>K\u00fc\u00e7\u00fck K\u0131rm\u0131z\u0131 \u015earap \u015ei\u015feleri, \u015earap \u015ei\u015fesi Numuneleri<\/td>\n<\/tr>\n<tr style=\"height: 13.50pt;\">\n<td style=\"height: 13.50pt;\" height=\"18\">Hedef Sekt\u00f6rler<\/td>\n<td>\u015earaphaneler, Konaklama Sekt\u00f6r\u00fc (Oteller\/Restoranlar)<\/td>\n<\/tr>\n<\/tbody>\n<\/table>\n<h2>Ba\u015far\u0131 \u00d6yk\u00fcs\u00fc: \u0130talyan \u015earap \u00dcreticisi Hediye Seti \u00d6rnek Olay \u0130ncelemesi<\/h2>\n<p>Ye\u015fil \u015farap \u015fi\u015felerimiz, Toskana&#039;da bir aile \u015faraphanesi taraf\u0131ndan se\u00e7ildi ve \u015fi\u015felerin \u00fczerine kendi logolar\u0131 serigrafi y\u00f6ntemiyle bas\u0131ld\u0131. Bulgular etkileyiciydi: Geleneksel \u015fi\u015fe m\u00fc\u015fteriler aras\u0131nda \u00e7ok pop\u00fclerdi, k\u00fc\u00e7\u00fck \u015fi\u015feli \u00fcr\u00fcnlerin sat\u0131\u015flar\u0131 yar\u0131 yar\u0131ya artt\u0131; ye\u015fil cam, \u0131\u015f\u0131k zararlar\u0131n\u0131 oran\u0131nda azaltmaya yard\u0131mc\u0131 oldu; 250 ml, tek bir tad\u0131m i\u00e7in m\u00fckemmel bir boyuttu. Bu ba\u015far\u0131lar\u0131n ard\u0131ndan, 180.000 \u015fi\u015felik bir parti daha sipari\u015f verdiler.<\/p>\n<h2>K\u00fc\u00e7\u00fck K\u0131rm\u0131z\u0131 \u015earap \u015ei\u015feleri \u0130\u00e7in Ki\u015fiselle\u015ftirme \u00d6nerileri<\/h2>\n<ul>\n<li>\u00d6zel Ye\u015fil Tonu: Zeytin ye\u015filini daha a\u00e7\u0131k ada\u00e7ay\u0131 ye\u015fili veya neredeyse simsiyah orman ye\u015fili gibi daha koyu bir tona d\u00f6n\u00fc\u015ft\u00fcr\u00fcn.<\/li>\n<li>Kabartma Bask\u0131: Logonuzu, men\u015fe ad\u0131n\u0131z\u0131 veya \u00fcretim y\u0131l\u0131 bilgilerinizi \u015fi\u015fenin omuz veya alt k\u0131sm\u0131na kabartma olarak bast\u0131rabilirsiniz.<\/li>\n<li>\u015eekil Ayarlamas\u0131: Belirli \u015farap t\u00fcrleri i\u00e7in daha belirgin bir omuz \u015fekli tasarlay\u0131n.<\/li>\n<\/ul>","protected":false},"excerpt":{"rendered":"<p>Yuvarlak omuzlu ve vidal\u0131 boyunlu, 250 ml zeytin ye\u015fili \u015farap \u015fi\u015feleri. K\u00fc\u00e7\u00fck k\u0131rm\u0131z\u0131 \u015farap \u015fi\u015feleri, meyve \u015faraplar\u0131 ve tad\u0131m setleri i\u00e7in idealdir. \u00dccretsiz numuneler.<\/p>","protected":false},"featured_media":5614,"template":"","meta":{"postBodyCss":"","postBodyMargin":[],"postBodyPadding":[],"postBodyBackground":{"backgroundType":"classic","gradient":""}},"product_brand":[],"product_cat":[15,16,84],"product_tag":[],"class_list":{"0":"post-5609","1":"product","2":"type-product","3":"status-publish","4":"has-post-thumbnail","6":"product_cat-glass-containers","7":"product_cat-glass-bottles","8":"product_cat-wine-bottles","10":"first","11":"instock","12":"shipping-taxable","13":"product-type-simple"},"jetpack_sharing_enabled":true,"_links":{"self":[{"href":"https:\/\/minghanggroup.com\/tr\/wp-json\/wp\/v2\/product\/5609","targetHints":{"allow":["GET"]}}],"collection":[{"href":"https:\/\/minghanggroup.com\/tr\/wp-json\/wp\/v2\/product"}],"about":[{"href":"https:\/\/minghanggroup.com\/tr\/wp-json\/wp\/v2\/types\/product"}],"wp:featuredmedia":[{"embeddable":true,"href":"https:\/\/minghanggroup.com\/tr\/wp-json\/wp\/v2\/media\/5614"}],"wp:attachment":[{"href":"https:\/\/minghanggroup.com\/tr\/wp-json\/wp\/v2\/media?parent=5609"}],"wp:term":[{"taxonomy":"product_brand","embeddable":true,"href":"https:\/\/minghanggroup.com\/tr\/wp-json\/wp\/v2\/product_brand?post=5609"},{"taxonomy":"product_cat","embeddable":true,"href":"https:\/\/minghanggroup.com\/tr\/wp-json\/wp\/v2\/product_cat?post=5609"},{"taxonomy":"product_tag","embeddable":true,"href":"https:\/\/minghanggroup.com\/tr\/wp-json\/wp\/v2\/product_tag?post=5609"}],"curies":[{"name":"wp","href":"https:\/\/api.w.org\/{rel}","templated":true}]}}