{"id":5598,"date":"2026-02-16T16:20:54","date_gmt":"2026-02-16T08:20:54","guid":{"rendered":"https:\/\/minghanggroup.com\/?post_type=product&#038;p=5598"},"modified":"2026-02-06T16:39:19","modified_gmt":"2026-02-06T08:39:19","slug":"amber-glass-mini-wine-bottles-with-screw-neck-bulk","status":"publish","type":"product","link":"https:\/\/minghanggroup.com\/tr\/urun\/amber-glass-mini-wine-bottles-with-screw-neck-bulk\/","title":{"rendered":"100 ml Vidal\u0131 Boyunlu Amber Cam Mini \u015earap \u015ei\u015feleri (Toptan Sat\u0131\u015f)"},"content":{"rendered":"<p>Bu mini \u015farap \u015fi\u015feleri, UV \u0131\u015f\u0131nlar\u0131na kar\u015f\u0131 etkili koruma sa\u011flayan en kaliteli koyu kehribar camdan \u00fcretilmi\u015ftir. \u015ei\u015fenin g\u00f6vdesi k\u0131sa ve silindirik olup, normal metal kapaklarla m\u00fckemmel bir s\u0131zd\u0131rmazl\u0131k sa\u011flamak i\u00e7in vidal\u0131 bir boyun k\u0131sm\u0131na sahiptir.<\/p>\n<h2>\u00dcr\u00fcn \u00d6zellikleri<\/h2>\n<ul>\n<li><strong>UV korumal\u0131 koyu kehribar rengi cam:<\/strong> G\u00f6z al\u0131c\u0131 kehribar rengi, \u0131\u015f\u0131\u011fa kar\u015f\u0131 daha iyi koruma sa\u011flar ve bu da k\u00fc\u00e7\u00fck partiler halinde \u00fcretilen \u015faraplar\u0131n kalitesini korumak i\u00e7in \u00e7ok \u00f6nemlidir.<\/li>\n<li><strong>\u0130plikli boyun:<\/strong> Bu boyun k\u0131sm\u0131na, s\u0131zd\u0131rmazl\u0131k kapa\u011f\u0131n\u0131n boyun k\u0131sm\u0131na s\u0131k\u0131ca oturmas\u0131n\u0131 ve boyun k\u0131sm\u0131n\u0131n kolayca ta\u015f\u0131nmas\u0131n\u0131 ve saklanmas\u0131n\u0131 sa\u011flayan vidal\u0131 bir s\u0131zd\u0131rmazl\u0131k kapa\u011f\u0131 tak\u0131lm\u0131\u015ft\u0131r.<\/li>\n<li><strong>Mini d\u00fcz silindir tasar\u0131m\u0131:<\/strong> Mini d\u00fcz silindir tasar\u0131m\u0131, tad\u0131m etkinlikleri, hediyeler veya tek kullan\u0131ml\u0131k \u00f6rnekler i\u00e7in uygun olan 100 ml&#039;lik boyutlar i\u00e7in idealdir.<\/li>\n<\/ul>\n<h2 style=\"text-align: left;\">Temel \u00d6zellikler<\/h2>\n<table class=\"aligncenter\" style=\"border-collapse: collapse; width: 372.02pt;\" border=\"0\" width=\"496\" cellspacing=\"0\" cellpadding=\"0\">\n<tbody>\n<tr style=\"height: 13.50pt;\">\n<td style=\"height: 13.50pt; width: 115.50pt;\" width=\"154\" height=\"18\">Ba\u011flanmak<\/td>\n<td style=\"width: 256.50pt;\" width=\"342\">Detaylar<\/td>\n<\/tr>\n<tr style=\"height: 13.50pt;\">\n<td style=\"height: 13.50pt;\" height=\"18\">Kapasite<\/td>\n<td>100 ml<\/td>\n<\/tr>\n<tr style=\"height: 13.50pt;\">\n<td style=\"height: 13.50pt;\" height=\"18\">Malzeme<\/td>\n<td>Koyu kehribar cam<\/td>\n<\/tr>\n<tr style=\"height: 13.50pt;\">\n<td style=\"height: 13.50pt;\" height=\"18\">\u015ei\u015fe \u015eekli<\/td>\n<td>D\u00fcz Duvarl\u0131 G\u00f6vdeli Kompakt Silindir<\/td>\n<\/tr>\n<tr style=\"height: 13.50pt;\">\n<td style=\"height: 13.50pt;\" height=\"18\">\u00d6zelle\u015ftirme Aral\u0131\u011f\u0131<\/td>\n<td>Boyut, Renk, Logo, \u015eekil<\/td>\n<\/tr>\n<tr style=\"height: 13.50pt;\">\n<td style=\"height: 13.50pt;\" height=\"18\">Birincil Kullan\u0131m<\/td>\n<td>Mini \u015earap \u015ei\u015feleri (Toptan), \u015earap Tad\u0131m Setleri<\/td>\n<\/tr>\n<tr style=\"height: 13.50pt;\">\n<td style=\"height: 13.50pt;\" height=\"18\">Hedef Sekt\u00f6rler<\/td>\n<td>\u015earap \u00dcreticileri, \u015earap Da\u011f\u0131t\u0131c\u0131lar\u0131<\/td>\n<\/tr>\n<\/tbody>\n<\/table>\n<h2>Ba\u015far\u0131 Hikayesi<\/h2>\n<p>Sonoma&#039;da bulunan bir \u015faraphanenin tad\u0131m odas\u0131ndaki ziyaret deneyimini art\u0131rmak ve paket servis \u00f6rnekleri sunmak istemesi \u00fczerine, \u015faraphanenin logosuyla \u00f6zel olarak serigrafi bask\u0131 yap\u0131lm\u0131\u015f ve alt\u0131n renkli vidal\u0131 kapakl\u0131 100 ml&#039;lik mini \u015farap \u015fi\u015felerimizi tercih ettiler. 100 ml&#039;lik boyut, 2 ons&#039;luk bir tad\u0131m i\u00e7in idealdi ve sonu\u00e7 olarak \u00f6rnek sat\u0131\u015flar\u0131nda &#039;lik bir art\u0131\u015fa yol a\u00e7arken, sevimli k\u00fc\u00e7\u00fck paket sosyal medya payla\u015f\u0131mlar\u0131n\u0131 oran\u0131nda art\u0131rd\u0131. Bu \u00e7\u00f6z\u00fcm b\u00fcy\u00fck bir ba\u015far\u0131yd\u0131 ve \u015faraphane daha sonraki iki y\u0131l i\u00e7inde tad\u0131m odalar\u0131 ve etkinliklerdeki talebi kar\u015f\u0131lamak i\u00e7in 2 milyon \u015fi\u015fe daha sipari\u015f etti.<\/p>\n<h2>Mini \u015earap \u015ei\u015feleri Toplu Sipari\u015f ve \u00d6zelle\u015ftirme \u00c7\u00f6z\u00fcmleri<\/h2>\n<ul>\n<li>Renkler: I\u015f\u0131k yal\u0131t\u0131m ihtiyac\u0131na ba\u011fl\u0131 olarak a\u00e7\u0131k kehribar veya ye\u015fil cam kullan\u0131labilir.<\/li>\n<li>Hacim \u0130\u015faretlemesi: \u015ei\u015fenin yan taraf\u0131nda &#034;100 ml&#034; veya &#034;3,4 oz&#034; yaz\u0131l\u0131 kabartma etiketler.<\/li>\n<li>Serigrafi Bask\u0131: Marka logolar\u0131, vintage ve sade tasar\u0131mlar y\u00fcksek kalitede do\u011frudan bas\u0131labilir.<\/li>\n<li>Boyun Tasar\u0131m\u0131: \u00d6zel di\u015fler, her t\u00fcrl\u00fc kapak, vidal\u0131 kapak veya \u00f6zel mantar t\u0131pa ile uyumlu olacak \u015fekilde tasarlanabilir.<\/li>\n<\/ul>","protected":false},"excerpt":{"rendered":"<p>K\u0131sa, d\u00fcz g\u00f6vdeli ve vidal\u0131 boyunlu, koyu kehribar rengi camdan yap\u0131lm\u0131\u015f mini \u015farap \u015fi\u015feleri. Tad\u0131m ve deneme paketleri i\u00e7in idealdir. Fabrikadan toptan mini \u015farap \u015fi\u015feleri.<\/p>","protected":false},"featured_media":5602,"template":"","meta":{"postBodyCss":"","postBodyMargin":[],"postBodyPadding":[],"postBodyBackground":{"backgroundType":"classic","gradient":""}},"product_brand":[],"product_cat":[15,16,84],"product_tag":[],"class_list":{"0":"post-5598","1":"product","2":"type-product","3":"status-publish","4":"has-post-thumbnail","6":"product_cat-glass-containers","7":"product_cat-glass-bottles","8":"product_cat-wine-bottles","10":"first","11":"instock","12":"shipping-taxable","13":"product-type-simple"},"jetpack_sharing_enabled":true,"_links":{"self":[{"href":"https:\/\/minghanggroup.com\/tr\/wp-json\/wp\/v2\/product\/5598","targetHints":{"allow":["GET"]}}],"collection":[{"href":"https:\/\/minghanggroup.com\/tr\/wp-json\/wp\/v2\/product"}],"about":[{"href":"https:\/\/minghanggroup.com\/tr\/wp-json\/wp\/v2\/types\/product"}],"wp:featuredmedia":[{"embeddable":true,"href":"https:\/\/minghanggroup.com\/tr\/wp-json\/wp\/v2\/media\/5602"}],"wp:attachment":[{"href":"https:\/\/minghanggroup.com\/tr\/wp-json\/wp\/v2\/media?parent=5598"}],"wp:term":[{"taxonomy":"product_brand","embeddable":true,"href":"https:\/\/minghanggroup.com\/tr\/wp-json\/wp\/v2\/product_brand?post=5598"},{"taxonomy":"product_cat","embeddable":true,"href":"https:\/\/minghanggroup.com\/tr\/wp-json\/wp\/v2\/product_cat?post=5598"},{"taxonomy":"product_tag","embeddable":true,"href":"https:\/\/minghanggroup.com\/tr\/wp-json\/wp\/v2\/product_tag?post=5598"}],"curies":[{"name":"wp","href":"https:\/\/api.w.org\/{rel}","templated":true}]}}