{"id":5593,"date":"2026-02-05T16:28:23","date_gmt":"2026-02-05T08:28:23","guid":{"rendered":"https:\/\/minghanggroup.com\/?post_type=product&#038;p=5593"},"modified":"2026-02-05T16:29:37","modified_gmt":"2026-02-05T08:29:37","slug":"customized-clear-wine-bottles-for-brands-bulk","status":"publish","type":"product","link":"https:\/\/minghanggroup.com\/tr\/urun\/customized-clear-wine-bottles-for-brands-bulk\/","title":{"rendered":"Markalar i\u00e7in Toplu Sipari\u015f \u00dczerine \u00dcretilen 750 ml \u015eeffaf \u015earap \u015ei\u015feleri"},"content":{"rendered":"<p>Her bir \u015farab\u0131n\u0131za y\u00fcre\u011finizi koyuyorsunuz\u2014\u015fimdi bunu d\u00fcnyan\u0131n g\u00f6rmesine izin verin. 750 ml&#039;lik \u015feffaf \u015farap \u015fi\u015felerimiz, \u015farab\u0131n\u0131z\u0131n ger\u00e7ek ruhunu sergiliyor: k\u0131rm\u0131z\u0131 \u015farab\u0131n yakut par\u0131lt\u0131s\u0131, bordo \u015farab\u0131n derin kehribar rengi, hatta ev yap\u0131m\u0131 \u015farab\u0131n alt\u0131n rengi f\u0131s\u0131lt\u0131s\u0131. Filtre yok. Saf g\u00fcven. Cam orta\u011f\u0131n\u0131z olarak, hikayenize uyan, \u015fablona ba\u011fl\u0131 kalmayan, ger\u00e7ekten ki\u015fiselle\u015ftirilmi\u015f \u015farap \u015fi\u015feleri \u00fcretiyoruz. \u0130ster k\u0131rm\u0131z\u0131 \u015farap, ister k\u00f6p\u00fckl\u00fc \u015farap, isterse de el yap\u0131m\u0131 i\u00e7ki \u015fi\u015feleri olsun, buras\u0131 sizin tuvaliniz.<\/p>\n<h2>\u00dcr\u00fcn \u00d6zellikleri<\/h2>\n<ul>\n<li><strong>Ger\u00e7ek Renkler, Sade Bir \u015eekilde G\u00f6sterildi:<\/strong> \u015eeffafl\u0131\u011f\u0131 y\u00fcksek flint cam \u015fi\u015fe, m\u00fc\u015fterilerin ilk yudumlar\u0131n\u0131 almadan \u00f6nce bile \u015farab\u0131n\u0131z\u0131n ger\u00e7ek rengini kesin olarak g\u00f6rmelerini ve g\u00fcvenmelerini sa\u011flayan bir pencere gibidir.<\/li>\n<li><strong>Dengeli \u0130\u00e7b\u00fckey Taban Tasar\u0131m\u0131:<\/strong> \u015ei\u015fenin g\u00fc\u00e7lendirilmi\u015f i\u00e7b\u00fckey taban\u0131, \u015fi\u015fenin raflarda, \u015farap kasalar\u0131nda veya bo\u015falt\u0131ld\u0131ktan sonra vazo olarak sabit durmas\u0131n\u0131 sa\u011flayacakt\u0131r. Gelenek ve g\u00fcvenin \u00e7ok g\u00fczel bir kar\u0131\u015f\u0131m\u0131.<\/li>\n<li><strong>Yuvarlak \u015ei\u015fe \u015eekli:<\/strong> M\u00fckemmel yuvarlak \u015fi\u015fe \u015fekli modaya uygun ve \u00e7e\u015fitli \u015faraplar i\u00e7in iyi bir se\u00e7im olabilir.<\/li>\n<\/ul>\n<h2>Temel \u00d6zellikler<\/h2>\n<table style=\"border-collapse: collapse; width: 80%; margin-left: auto; margin-right: auto;\" border=\"0\" width=\"144\" cellspacing=\"0\" cellpadding=\"0\">\n<tbody>\n<tr style=\"height: 13.50pt;\">\n<td style=\"height: 13.5pt; width: 54pt; text-align: center;\" width=\"72\" height=\"18\">\u00d6zellik<\/td>\n<td style=\"width: 54pt; text-align: center;\" width=\"72\">Detay<\/td>\n<\/tr>\n<tr style=\"height: 13.50pt;\">\n<td style=\"height: 13.5pt; text-align: center;\" height=\"18\">Kapasite<\/td>\n<td style=\"text-align: center;\">750 ml<\/td>\n<\/tr>\n<tr style=\"height: 13.50pt;\">\n<td style=\"height: 13.5pt; text-align: center;\" height=\"18\">Boyutlar<\/td>\n<td style=\"text-align: center;\">9,5 \u00d7 30,0 cm<\/td>\n<\/tr>\n<tr style=\"height: 13.50pt;\">\n<td style=\"height: 13.5pt; text-align: center;\" height=\"18\">Boyun Biti\u015fi<\/td>\n<td style=\"text-align: center;\">1,8 cm<\/td>\n<\/tr>\n<tr style=\"height: 13.50pt;\">\n<td style=\"height: 13.5pt; text-align: center;\" height=\"18\">Renk<\/td>\n<td style=\"text-align: center;\">Temizle veya \u00d6zel<\/td>\n<\/tr>\n<\/tbody>\n<\/table>\n<h2>Ba\u015far\u0131 \u00d6rne\u011fi<\/h2>\n<p>Orta ve \u00fcst segment perakende pazar\u0131na sahip \u015farap butiklerinden biri, \u015feffaf 750 ml&#039;lik \u015farap \u015fi\u015felerimizi kullanmay\u0131 tercih etti. M\u00fc\u015fteri, \u015farab\u0131n rengini daha g\u00fczel g\u00f6stermek i\u00e7in y\u00fcksek ve \u015feffaf bir flint cam \u015fi\u015fe se\u00e7ti; \u015fi\u015fenin derinli\u011fi ve boyun uzunlu\u011fu da uygun olup, \u015fi\u015fenin rafta l\u00fcks bir g\u00f6r\u00fcn\u00fcm sergilemesi i\u00e7in ayarland\u0131. Ayr\u0131ca, marka bilinirli\u011fini art\u0131rmak amac\u0131yla \u015fi\u015fenin omuz k\u0131sm\u0131na g\u00fczelce kabart\u0131lm\u0131\u015f bir marka logosu da eklendi.<\/p>\n<p>Yeni \u015fi\u015felerin piyasaya s\u00fcr\u00fclmesinin ard\u0131ndan, \u015faraphanenin sat\u0131\u015flar\u0131 ilk iki \u00e7eyrekte oran\u0131nda artm\u0131\u015f ve yeniden sipari\u015f oran\u0131 &#039;e ula\u015fm\u0131\u015ft\u0131r. Bu durum, \u00f6zel tasar\u0131m ve ki\u015fiye \u00f6zel \u015fi\u015felerin yaln\u0131zca marka imaj\u0131n\u0131 g\u00fc\u00e7lendirmekle kalmay\u0131p, ayn\u0131 zamanda \u00f6nemli bir i\u015f b\u00fcy\u00fcmesine de yol a\u00e7t\u0131\u011f\u0131n\u0131 kan\u0131tlam\u0131\u015ft\u0131r.<\/p>\n<h2>\u00d6zelle\u015ftirme se\u00e7enekleriniz<\/h2>\n<ol>\n<li><strong>Y\u00fcksek berrakl\u0131kta cam form\u00fclasyonu:<\/strong> Parlakl\u0131\u011f\u0131 ve kristal berrakl\u0131\u011f\u0131n\u0131 art\u0131rmak amac\u0131yla, cam \u015fi\u015felerin bile\u015fiminde \u00e7e\u015fitlilik sa\u011flanacak; bu sayede \u015farab\u0131n do\u011fal rengi rafta en belirgin \u00f6zellik haline gelecek.<\/li>\n<li><strong>B\u00fct\u00fcnle\u015fik markala\u015fman\u0131n unsurlar\u0131:<\/strong> \u015ei\u015fenin omuz veya alt k\u0131sm\u0131nda logo, ba\u015f harfler veya \u00fcretim y\u0131l\u0131 gibi unsurlar\u0131 temsil eden k\u00fc\u00e7\u00fck bir kabartma bulunabilir; bu, etiket tasar\u0131m\u0131n\u0131 de\u011fi\u015ftirmeyecektir.<\/li>\n<li><strong>Y\u00fczey dokusu se\u00e7enekleri:<\/strong> \u015earap sergileme alan\u0131n\u0131 engellemeden g\u00fczel bir kontrast olu\u015fturacak k\u0131smi buzlu veya saten y\u00fczeyler tercih edin.<\/li>\n<\/ol>","protected":false},"excerpt":{"rendered":"<p>Markalar i\u00e7in \u00f6zelle\u015ftirilmi\u015f \u015farap \u015fi\u015fesi \u00e7\u00f6z\u00fcmleri sunan, do\u011frudan fabrikadan temin edilebilen \u015feffaf \u015farap \u015fi\u015feleri. Toplu sipari\u015fler desteklenir, h\u0131zl\u0131 teslimat ve \u00fccretsiz numuneler mevcuttur.<\/p>","protected":false},"featured_media":5606,"template":"","meta":{"postBodyCss":"","postBodyMargin":[],"postBodyPadding":[],"postBodyBackground":{"backgroundType":"classic","gradient":""}},"product_brand":[],"product_cat":[15,16,84],"product_tag":[],"class_list":{"0":"post-5593","1":"product","2":"type-product","3":"status-publish","4":"has-post-thumbnail","6":"product_cat-glass-containers","7":"product_cat-glass-bottles","8":"product_cat-wine-bottles","10":"first","11":"instock","12":"shipping-taxable","13":"product-type-simple"},"jetpack_sharing_enabled":true,"_links":{"self":[{"href":"https:\/\/minghanggroup.com\/tr\/wp-json\/wp\/v2\/product\/5593","targetHints":{"allow":["GET"]}}],"collection":[{"href":"https:\/\/minghanggroup.com\/tr\/wp-json\/wp\/v2\/product"}],"about":[{"href":"https:\/\/minghanggroup.com\/tr\/wp-json\/wp\/v2\/types\/product"}],"wp:featuredmedia":[{"embeddable":true,"href":"https:\/\/minghanggroup.com\/tr\/wp-json\/wp\/v2\/media\/5606"}],"wp:attachment":[{"href":"https:\/\/minghanggroup.com\/tr\/wp-json\/wp\/v2\/media?parent=5593"}],"wp:term":[{"taxonomy":"product_brand","embeddable":true,"href":"https:\/\/minghanggroup.com\/tr\/wp-json\/wp\/v2\/product_brand?post=5593"},{"taxonomy":"product_cat","embeddable":true,"href":"https:\/\/minghanggroup.com\/tr\/wp-json\/wp\/v2\/product_cat?post=5593"},{"taxonomy":"product_tag","embeddable":true,"href":"https:\/\/minghanggroup.com\/tr\/wp-json\/wp\/v2\/product_tag?post=5593"}],"curies":[{"name":"wp","href":"https:\/\/api.w.org\/{rel}","templated":true}]}}