{"id":5588,"date":"2026-02-05T15:08:23","date_gmt":"2026-02-05T07:08:23","guid":{"rendered":"https:\/\/minghanggroup.com\/?post_type=product&#038;p=5588"},"modified":"2026-02-06T16:40:19","modified_gmt":"2026-02-06T08:40:19","slug":"amber-small-wine-bottles-wholesale","status":"publish","type":"product","link":"https:\/\/minghanggroup.com\/tr\/urun\/amber-small-wine-bottles-wholesale\/","title":{"rendered":"210 ml Amber K\u00fc\u00e7\u00fck \u015earap \u015ei\u015feleri Toptan Sat\u0131\u015f"},"content":{"rendered":"<p>Bu, y\u00fcksek kaliteli UV \u0131\u015f\u0131nlar\u0131na dayan\u0131kl\u0131 koyu kehribar camdan yap\u0131lm\u0131\u015f, kompakt 210 ml&#039;lik k\u00fc\u00e7\u00fck bir \u015farap \u015fi\u015fesidir. P\u00fcr\u00fczs\u00fcz d\u00fcz kenarlar\u0131 ve koyu kehribar rengi, \u0131\u015f\u0131\u011fa kar\u015f\u0131 m\u00fckemmel bir koruma sa\u011flayarak \u015farab\u0131n hassas lezzetlerini ve aromalar\u0131n\u0131 korur.<\/p>\n<h2>\u00dcr\u00fcn \u00d6zellikleri<\/h2>\n<ul>\n<li><strong>Daha \u0130yi I\u015f\u0131k Korumas\u0131:<\/strong> Koyu kehribar rengi, tatl\u0131 ve hassas \u015faraplar\u0131n korunmas\u0131nda hayati \u00f6nem ta\u015f\u0131yan daha iyi \u0131\u015f\u0131k korumas\u0131 sa\u011flar.<\/li>\n<li><strong>Klasik, \u0130nce Profil:<\/strong> \u0130nce, \u015fi\u015fe \u015feklindeki profil hafif, sofistike ve zariftir; bu da y\u00fcksek de\u011ferli, k\u00fc\u00e7\u00fck partiler halinde \u00fcretilen \u015faraplar i\u00e7in en uygun \u00f6zelliktir.<\/li>\n<li><strong>210 ml kapasite:<\/strong> Bu, bol miktarda tad\u0131ml\u0131k \u015farap, tatl\u0131 \u015farap veya y\u00fcksek kaliteli hediye numunesi i\u00e7in ideal bir boyuttur.<\/li>\n<\/ul>\n<h2 style=\"text-align: left;\">Temel \u00d6zellikler<\/h2>\n<table class=\"aligncenter\" style=\"border-collapse: collapse; width: 398.27pt;\" border=\"0\" width=\"531\" cellspacing=\"0\" cellpadding=\"0\">\n<tbody>\n<tr style=\"height: 13.50pt;\">\n<td style=\"height: 13.50pt; width: 115.50pt;\" width=\"154\" height=\"18\">Ba\u011flanmak<\/td>\n<td style=\"width: 282.75pt;\" width=\"377\">Detaylar<\/td>\n<\/tr>\n<tr style=\"height: 13.50pt;\">\n<td style=\"height: 13.50pt;\" height=\"18\">Kapasite<\/td>\n<td>210 ml<\/td>\n<\/tr>\n<tr style=\"height: 13.50pt;\">\n<td style=\"height: 13.50pt;\" height=\"18\">Malzeme<\/td>\n<td>Koyu kehribar cam<\/td>\n<\/tr>\n<tr style=\"height: 13.50pt;\">\n<td style=\"height: 13.50pt;\" height=\"18\">\u015ei\u015fe \u015eekli<\/td>\n<td>D\u00fcz G\u00f6vdeli Silindir, Hafif\u00e7e \u0130ncelen Boyunlu<\/td>\n<\/tr>\n<tr style=\"height: 13.50pt;\">\n<td style=\"height: 13.50pt;\" height=\"18\">\u00d6zelle\u015ftirme Aral\u0131\u011f\u0131<\/td>\n<td>Boyut, Renk, Y\u00fczey, Logo<\/td>\n<\/tr>\n<tr style=\"height: 13.50pt;\">\n<td style=\"height: 13.50pt;\" height=\"18\">Birincil Kullan\u0131m<\/td>\n<td>Buzlu \u015earap \u015ei\u015feleri, K\u00fc\u00e7\u00fck \u015earap \u015ei\u015feleri<\/td>\n<\/tr>\n<tr style=\"height: 13.50pt;\">\n<td style=\"height: 13.50pt;\" height=\"18\">Hedef Sekt\u00f6rler<\/td>\n<td>\u015earaphaneler, \u00d6zel \u0130\u00e7ecek \u00dcreticileri<\/td>\n<\/tr>\n<\/tbody>\n<\/table>\n<h2>Ba\u015far\u0131 Hikayesi<\/h2>\n<p>Uzun ve kehribar rengi k\u00fc\u00e7\u00fck \u015farap \u015fi\u015femiz, Kanada&#039;daki \u00fcnl\u00fc bir \u015farap \u00fcreticisi taraf\u0131ndan se\u00e7ildi ve \u015fi\u015fenin y\u00fczeyine buzlu bir g\u00f6r\u00fcn\u00fcm kazand\u0131r\u0131l\u0131p alt\u0131na alt\u0131n yald\u0131zl\u0131 logo bask\u0131s\u0131 yap\u0131ld\u0131. Sonu\u00e7 etkileyiciydi: 210 ml&#039;lik kapasitesiyle y\u0131lba\u015f\u0131 hediye setlerinin y\u0131ld\u0131z \u00fcr\u00fcn\u00fc oldu ve sat\u0131\u015flar\u0131 artt\u0131. UV korumal\u0131 cam \u015fi\u015fe, \u015farab\u0131n hassas aromalar\u0131n\u0131 24 ay boyunca koruyor. \u015earap \u00fcreticisi \u015fi\u015feden olduk\u00e7a memnun kald\u0131 ve 150.000 \u015fi\u015felik bir parti daha sipari\u015f verdi.<\/p>\n<h2>Toptan Sat\u0131\u015fta \u015ei\u015fe \u015earap \u00d6zelle\u015ftirme \u00d6nerileri<\/h2>\n<ul>\n<li>Renk Se\u00e7imi: I\u015f\u0131\u011f\u0131 engelleme ihtiya\u00e7lar\u0131n\u0131 kar\u015f\u0131lamak i\u00e7in \u00e7e\u015fitli kehribar renk se\u00e7enekleri mevcuttur.<\/li>\n<li>\u015eekil Ayarlamas\u0131: \u015ei\u015feye daha belirgin bir konik \u015fekil verilerek kendine has bir g\u00f6r\u00fcn\u00fcm kazand\u0131r\u0131lm\u0131\u015ft\u0131r.<\/li>\n<li>Taban Tasar\u0131m\u0131: Dengeyi art\u0131rmak i\u00e7in, \u00fcr\u00fcn\u00fcn y\u00fcksek kalite alg\u0131s\u0131n\u0131 sa\u011flamak amac\u0131yla taban hafif\u00e7e i\u00e7e do\u011fru girintili olmal\u0131d\u0131r.<\/li>\n<\/ul>","protected":false},"excerpt":{"rendered":"<p>Toptan sat\u0131\u015fa sunulan \u015farap \u015fi\u015feleri, UV korumas\u0131 i\u00e7in koyu kehribar renginde k\u00fc\u00e7\u00fck \u015farap \u015fi\u015feleri olarak \u00fcretilmektedir. \u00d6zel logo, y\u00fczey i\u015flemi, \u015fi\u015fe a\u011f\u0131rl\u0131\u011f\u0131 ve karton ambalaj i\u00e7in OEM deste\u011fi sa\u011flanmaktad\u0131r.<\/p>","protected":false},"featured_media":5595,"template":"","meta":{"postBodyCss":"","postBodyMargin":[],"postBodyPadding":[],"postBodyBackground":{"backgroundType":"classic","gradient":""}},"product_brand":[],"product_cat":[15,16,84],"product_tag":[],"class_list":{"0":"post-5588","1":"product","2":"type-product","3":"status-publish","4":"has-post-thumbnail","6":"product_cat-glass-containers","7":"product_cat-glass-bottles","8":"product_cat-wine-bottles","10":"first","11":"instock","12":"shipping-taxable","13":"product-type-simple"},"jetpack_sharing_enabled":true,"_links":{"self":[{"href":"https:\/\/minghanggroup.com\/tr\/wp-json\/wp\/v2\/product\/5588","targetHints":{"allow":["GET"]}}],"collection":[{"href":"https:\/\/minghanggroup.com\/tr\/wp-json\/wp\/v2\/product"}],"about":[{"href":"https:\/\/minghanggroup.com\/tr\/wp-json\/wp\/v2\/types\/product"}],"wp:featuredmedia":[{"embeddable":true,"href":"https:\/\/minghanggroup.com\/tr\/wp-json\/wp\/v2\/media\/5595"}],"wp:attachment":[{"href":"https:\/\/minghanggroup.com\/tr\/wp-json\/wp\/v2\/media?parent=5588"}],"wp:term":[{"taxonomy":"product_brand","embeddable":true,"href":"https:\/\/minghanggroup.com\/tr\/wp-json\/wp\/v2\/product_brand?post=5588"},{"taxonomy":"product_cat","embeddable":true,"href":"https:\/\/minghanggroup.com\/tr\/wp-json\/wp\/v2\/product_cat?post=5588"},{"taxonomy":"product_tag","embeddable":true,"href":"https:\/\/minghanggroup.com\/tr\/wp-json\/wp\/v2\/product_tag?post=5588"}],"curies":[{"name":"wp","href":"https:\/\/api.w.org\/{rel}","templated":true}]}}