{"id":5583,"date":"2026-02-05T15:09:41","date_gmt":"2026-02-05T07:09:41","guid":{"rendered":"https:\/\/minghanggroup.com\/?post_type=product&#038;p=5583"},"modified":"2026-02-05T16:59:18","modified_gmt":"2026-02-05T08:59:18","slug":"clear-glass-bottles-for-wine-wine-bottle-suppliers","status":"publish","type":"product","link":"https:\/\/minghanggroup.com\/tr\/urun\/clear-glass-bottles-for-wine-wine-bottle-suppliers\/","title":{"rendered":"750 ml \u015eeffaf Cam \u015earap \u015ei\u015feleri | \u015earap \u015ei\u015fesi Tedarik\u00e7ileri"},"content":{"rendered":"<p>\u015earab\u0131n\u0131z\u0131n ruhunun parlamas\u0131n\u0131 istiyorsunuz ve kristal berrakl\u0131\u011f\u0131ndaki cam \u015farap \u015fi\u015felerimiz bunu m\u00fcmk\u00fcn k\u0131l\u0131yor. K\u0131rm\u0131z\u0131 \u015farab\u0131n\u0131z\u0131n yakut par\u0131lt\u0131s\u0131n\u0131, bordo \u015farab\u0131n\u0131z\u0131n derin kehribar rengini, hatta ev yap\u0131m\u0131 \u015farab\u0131n\u0131z\u0131n alt\u0131n rengi f\u0131s\u0131lt\u0131s\u0131n\u0131 g\u00f6r\u00fcn. \u015earap \u015fi\u015fesi tedarik\u00e7iniz olarak, geleneklere sayg\u0131 duyarken i\u015f ak\u0131\u015f\u0131n\u0131za da uyum sa\u011flayan \u00e7ok y\u00f6nl\u00fc cam \u015farap \u015fi\u015feleri \u00fcretiyoruz. \u0130ster k\u0131rm\u0131z\u0131 \u015farap, ister k\u00f6p\u00fckl\u00fc \u015farap, isterse de el yap\u0131m\u0131 i\u00e7ki \u015fi\u015feleri olsun, buras\u0131 sizin tuvaliniz.<\/p>\n<h2>\u00dcr\u00fcn \u00d6zellikleri<\/h2>\n<ul>\n<li><strong>Ger\u00e7ek Renk Sergisi:<\/strong> Tamamen \u015feffaf cam kullan\u0131m\u0131, m\u00fc\u015fterinin her rengi g\u00f6rmesini sa\u011flayarak, ilk yudumdan \u00f6nce g\u00f6rd\u00fcklerine tam olarak g\u00fcvenmelerine olanak tan\u0131r.<\/li>\n<li><strong>Klasik Bordeaux Sil\u00fceti:<\/strong> Zamans\u0131z bir \u015farap \u015fi\u015fesi \u015feklini, p\u00fcr\u00fczs\u00fcz omuzlar\u0131 ve ince boynuyla olu\u015fturur. Standart \u015farap raflar\u0131na kolayca s\u0131\u011far. Elde tutuldu\u011funda l\u00fcks bir his verir.<\/li>\n<li><strong>Kapan\u0131\u015f \u00d6zg\u00fcrl\u00fc\u011f\u00fc, Sizin Yolunuzla:<\/strong> Geleneksel, elle a\u00e7\u0131l\u0131p kapanan, al\u00fcminyum ve silikon contal\u0131, s\u0131zd\u0131rmaz ve kapal\u0131 bir \u015fi\u015fe i\u00e7in do\u011fal \u015farap mantarlar\u0131n\u0131, sentetik t\u0131palar\u0131 veya \u015f\u0131k uzun kapaklar\u0131 tercih edin.<\/li>\n<\/ul>\n<h2>Temel \u00d6zellikler<\/h2>\n<table style=\"border-collapse: collapse; width: 80%; margin-left: auto; margin-right: auto;\" border=\"0\" width=\"144\" cellspacing=\"0\" cellpadding=\"0\">\n<tbody>\n<tr style=\"height: 13.50pt;\">\n<td style=\"height: 13.5pt; width: 54pt; text-align: center;\" width=\"72\" height=\"18\">\u00d6zellik<\/td>\n<td style=\"width: 54pt; text-align: center;\" width=\"72\">Detay<\/td>\n<\/tr>\n<tr style=\"height: 13.50pt;\">\n<td style=\"height: 13.5pt; text-align: center;\" height=\"18\">Kapasite<\/td>\n<td style=\"text-align: center;\">750 ml<\/td>\n<\/tr>\n<tr style=\"height: 13.50pt;\">\n<td style=\"height: 13.5pt; text-align: center;\" height=\"18\">Boyutlar(cm)<\/td>\n<td style=\"text-align: center;\">8.0 \u00d7 29.6<\/td>\n<\/tr>\n<tr style=\"height: 13.50pt;\">\n<td style=\"height: 13.5pt; text-align: center;\" height=\"18\">Sap Kaplamas\u0131 (cm)<\/td>\n<td style=\"text-align: center;\" align=\"right\">1.8<\/td>\n<\/tr>\n<tr style=\"height: 13.50pt;\">\n<td style=\"height: 13.5pt; text-align: center;\" height=\"18\">Renk<\/td>\n<td style=\"text-align: center;\">\u015eeffaf \u00c7akmakta\u015f\u0131 Cam<\/td>\n<\/tr>\n<tr style=\"height: 13.50pt;\">\n<td style=\"height: 13.5pt; text-align: center;\" height=\"18\">Kapatma Se\u00e7enekleri<\/td>\n<td style=\"text-align: center;\">Do\u011fal \u015earap Mantarlar\u0131, Sentetik T\u0131pa, Elle B\u00fck\u00fclen Al\u00fcminyum + Silikon Conta, Uzun Kapak<\/td>\n<\/tr>\n<\/tbody>\n<\/table>\n<h2>Ba\u015far\u0131 \u00d6rne\u011fi<\/h2>\n<p>Avrupa&#039;dan butik bir \u015farap \u00fcreticisi, \u00f6zel \u00fcretim kuru k\u0131rm\u0131z\u0131 \u015faraplar\u0131 i\u00e7in ana ambalaj \u00e7\u00f6z\u00fcm\u00fc olarak 750 ml&#039;lik k\u0131rm\u0131z\u0131 \u015farap \u015fi\u015femizi kulland\u0131. \u015ei\u015fe, \u015farab\u0131n renginin \u00e7ekicili\u011fini vurgulayan y\u00fcksek \u015feffafl\u0131kta beyaz cam, daha iyi kullan\u0131m ve sergileme s\u0131ras\u0131nda daha fazla denge sa\u011flayan derin kavisli taban ve daha da zarif bir sil\u00fcet i\u00e7in benzersiz \u015fekilde ayarlanm\u0131\u015f omuz tasar\u0131m\u0131 gibi bir dizi \u00f6zelli\u011fe sahiptir. Y\u00fczey i\u015flemi i\u00e7in m\u00fc\u015fteri, k\u0131smi kum p\u00fcsk\u00fcrtme i\u015flemini, serigrafi bask\u0131l\u0131 \u015farap \u00fcreticisi amblemlerini ve ana \u015farap etiketinin renk \u015femas\u0131na uygun \u00f6zel bir s\u0131zd\u0131rma \u00e7\u00f6z\u00fcm\u00fcn\u00fc bir arada tercih etti.<\/p>\n<p>Piyasaya s\u00fcr\u00fclmesinin ard\u0131ndan ilk sat\u0131\u015f \u00e7eyre\u011finde, bu k\u0131rm\u0131z\u0131 \u015farap serisinin sat\u0131\u015flar\u0131 ana da\u011f\u0131t\u0131m kanallar\u0131nda y\u0131ll\u0131k bazda yakla\u015f\u0131k oran\u0131nda artt\u0131. Pazardan gelen olumlu geri bildirimler ve m\u00fc\u015fterinin g\u00fcvenilir tedarik performans\u0131 sayesinde, m\u00fc\u015fteri ayn\u0131 y\u0131l i\u00e7inde iki ek sipari\u015f daha verdi ve bu da toplam yeniden sat\u0131n alma miktar\u0131n\u0131n ilk sipari\u015fe g\u00f6re yakla\u015f\u0131k daha y\u00fcksek olmas\u0131na yol a\u00e7t\u0131.<\/p>\n<h2>\u00d6zelle\u015ftirme Yollar\u0131n\u0131z<\/h2>\n<ol>\n<li><strong>Kaymaz desen:<\/strong> Daha iyi bir tutu\u015f sa\u011flamak ve \u015fi\u015fenin kaymas\u0131n\u0131 \u00f6nlemek i\u00e7in, \u015fi\u015fe g\u00f6vdesinin baz\u0131 k\u0131s\u0131mlar\u0131na ince dokular veya mikro kabartmalar verilebilir. Bu \u00f6zellik \u00f6zellikle yemek ve tad\u0131m ortamlar\u0131 i\u00e7in uygundur.<\/li>\n<li><strong>Ki\u015fiselle\u015ftirilmi\u015f \u015fi\u015fe, alt k\u0131s\u0131mda kodlama:<\/strong> Bu \u00f6zellik, \u015fi\u015fe altlar\u0131na kal\u0131p numaralar\u0131, parti numaralar\u0131 veya dahili izlenebilirlik kodlar\u0131 eklenmesine olanak tan\u0131yarak \u015farap \u00fcreticilerinin tedarik zinciri ve kalite y\u00f6netimine yard\u0131mc\u0131 olacakt\u0131r.<\/li>\n<li><strong>Geli\u015ftirilmi\u015f y\u00fczey i\u015flemleri:<\/strong> Marka logolar\u0131 veya seri tan\u0131mlay\u0131c\u0131lar\u0131, serigrafi bask\u0131, \u00e7\u0131kartma uygulamas\u0131, buzlu g\u00f6r\u00fcn\u00fcm, p\u00fcsk\u00fcrtme veya se\u00e7ici parlakl\u0131k kaplamas\u0131 gibi \u00f6zelle\u015ftirilebilir se\u00e7eneklerle vurgulanabilir.<\/li>\n<\/ol>","protected":false},"excerpt":{"rendered":"<p>G\u00fcvenilir \u015farap \u015fi\u015fesi tedarik\u00e7ilerinden birinci s\u0131n\u0131f cam \u015farap \u015fi\u015feleri. Fabrikadan do\u011frudan sat\u0131\u015f, h\u0131zl\u0131 teslimat deste\u011fi, \u015farap \u00fcreticileri ve markalar i\u00e7in uygundur.<\/p>","protected":false},"featured_media":5592,"template":"","meta":{"postBodyCss":"","postBodyMargin":[],"postBodyPadding":[],"postBodyBackground":{"backgroundType":"classic","gradient":""}},"product_brand":[],"product_cat":[15,16,84],"product_tag":[],"class_list":{"0":"post-5583","1":"product","2":"type-product","3":"status-publish","4":"has-post-thumbnail","6":"product_cat-glass-containers","7":"product_cat-glass-bottles","8":"product_cat-wine-bottles","10":"first","11":"instock","12":"shipping-taxable","13":"product-type-simple"},"jetpack_sharing_enabled":true,"_links":{"self":[{"href":"https:\/\/minghanggroup.com\/tr\/wp-json\/wp\/v2\/product\/5583","targetHints":{"allow":["GET"]}}],"collection":[{"href":"https:\/\/minghanggroup.com\/tr\/wp-json\/wp\/v2\/product"}],"about":[{"href":"https:\/\/minghanggroup.com\/tr\/wp-json\/wp\/v2\/types\/product"}],"wp:featuredmedia":[{"embeddable":true,"href":"https:\/\/minghanggroup.com\/tr\/wp-json\/wp\/v2\/media\/5592"}],"wp:attachment":[{"href":"https:\/\/minghanggroup.com\/tr\/wp-json\/wp\/v2\/media?parent=5583"}],"wp:term":[{"taxonomy":"product_brand","embeddable":true,"href":"https:\/\/minghanggroup.com\/tr\/wp-json\/wp\/v2\/product_brand?post=5583"},{"taxonomy":"product_cat","embeddable":true,"href":"https:\/\/minghanggroup.com\/tr\/wp-json\/wp\/v2\/product_cat?post=5583"},{"taxonomy":"product_tag","embeddable":true,"href":"https:\/\/minghanggroup.com\/tr\/wp-json\/wp\/v2\/product_tag?post=5583"}],"curies":[{"name":"wp","href":"https:\/\/api.w.org\/{rel}","templated":true}]}}